{"id":73,"date":"2014-09-18T14:01:51","date_gmt":"2014-09-18T13:01:51","guid":{"rendered":"http:\/\/agora.xtec.cat\/ceipsaforcanera\/?page_id=73"},"modified":"2024-02-05T15:30:28","modified_gmt":"2024-02-05T14:30:28","slug":"menjador-escolar","status":"publish","type":"page","link":"https:\/\/agora.xtec.cat\/ceipsaforcanera\/serveis\/menjador-escolar\/","title":{"rendered":"INFORMACIONS MENJADOR"},"content":{"rendered":"<p><span style=\"font-weight: 400;\">El menjador de l\u2019Escola Sa Forcanera est\u00e0 gestionat per l\u2019empresa <\/span><b>Hostesa<\/b><span style=\"font-weight: 400;\">.<\/span><\/p>\n<p><span style=\"font-weight: 400;\">Cada any inicien un projecte en el qual basen les activitats que es realitzen a la seva franja hor\u00e0ria. Enguany el projecte principal es titula <\/span><i><span style=\"font-weight: 400;\">\u201cAnem al mercat\u201d<\/span><\/i><span style=\"font-weight: 400;\">. Al seg\u00fcent <a href=\"https:\/\/docs.google.com\/presentation\/d\/1jgW-LrdksSfZ8RrdKxfi-uHzE5K31oZD\/edit?usp=sharing&amp;ouid=114916242822818566208&amp;rtpof=true&amp;sd=true\">tr\u00edptic<\/a> trobareu informaci\u00f3 m\u00e9s concreta sobre aquesta proposta que intenta promoure el mercat com a lloc de trobada, que proporciona noves experi\u00e8ncies i productes de proximitat amb una oferta m\u00e9s sostenible.<\/span><\/p>\n<p><a href=\"https:\/\/agora.xtec.cat\/ceipsaforcanera\/wp-content\/uploads\/usu1481\/2024\/02\/anem-al-mercat.jpg\"><img loading=\"lazy\" decoding=\"async\" class=\" wp-image-10355 aligncenter\" src=\"https:\/\/agora.xtec.cat\/ceipsaforcanera\/wp-content\/uploads\/usu1481\/2024\/02\/anem-al-mercat.jpg\" alt=\"\" width=\"520\" height=\"294\" srcset=\"https:\/\/agora.xtec.cat\/ceipsaforcanera\/wp-content\/uploads\/usu1481\/2024\/02\/anem-al-mercat.jpg 723w, https:\/\/agora.xtec.cat\/ceipsaforcanera\/wp-content\/uploads\/usu1481\/2024\/02\/anem-al-mercat-300x170.jpg 300w\" sizes=\"auto, (max-width: 520px) 100vw, 520px\" \/><\/a><\/p>\n<p><span style=\"font-weight: 400;\">Els aliments no s\u00f3n transportats d\u2019un c\u00e0tering extern sin\u00f3 que es cuinen al propi centre amb productes de qualitat, proximitat i de temporada. Els men\u00fas s\u2019adapten personalment a aquells usuaris que pateixen intoler\u00e0ncies o al\u00b7l\u00e8rgies aliment\u00e0ries, aix\u00ed com opcions veganes. A m\u00e9s, es fomenta una alimentaci\u00f3 saludable i equilibrada.<\/span><\/p>\n<p><span style=\"font-weight: 400;\">Per poder con\u00e8ixer el men\u00fa, apuntar a l\u2019alumnat a aquest servei di\u00e0riament o saber les activitats que es realitzen aquell dia, el servei de menjador disposa de l\u2019aplicaci\u00f3 ColeChef.<a href=\"https:\/\/agora.xtec.cat\/ceipsaforcanera\/wp-content\/uploads\/usu1481\/2024\/02\/colechef.png\"><img loading=\"lazy\" decoding=\"async\" class=\"size-full wp-image-10351 aligncenter\" src=\"https:\/\/agora.xtec.cat\/ceipsaforcanera\/wp-content\/uploads\/usu1481\/2024\/02\/colechef.png\" alt=\"\" width=\"317\" height=\"104\" srcset=\"https:\/\/agora.xtec.cat\/ceipsaforcanera\/wp-content\/uploads\/usu1481\/2024\/02\/colechef.png 317w, https:\/\/agora.xtec.cat\/ceipsaforcanera\/wp-content\/uploads\/usu1481\/2024\/02\/colechef-300x98.png 300w\" sizes=\"auto, (max-width: 317px) 100vw, 317px\" \/><\/a><\/span><\/p>\n<p>A les estones d&#8217;oci es realitzen activitats programades (joc dirigit, jocs de pilota -esportius i d&#8217;altres m\u00e9s din\u00e0mics-, lectura, jocs de taula, manualitats, etc.) i tamb\u00e9 es deixen espais pel joc lliure.<\/p>\n<p><span style=\"font-weight: 400;\"> <a href=\"https:\/\/agora.xtec.cat\/ceipsaforcanera\/wp-content\/uploads\/usu1481\/2024\/02\/joc-2.jpg\"><img loading=\"lazy\" decoding=\"async\" class=\"alignnone  wp-image-10352\" src=\"https:\/\/agora.xtec.cat\/ceipsaforcanera\/wp-content\/uploads\/usu1481\/2024\/02\/joc-2.jpg\" alt=\"\" width=\"200\" height=\"237\" srcset=\"https:\/\/agora.xtec.cat\/ceipsaforcanera\/wp-content\/uploads\/usu1481\/2024\/02\/joc-2.jpg 361w, https:\/\/agora.xtec.cat\/ceipsaforcanera\/wp-content\/uploads\/usu1481\/2024\/02\/joc-2-254x300.jpg 254w\" sizes=\"auto, (max-width: 200px) 100vw, 200px\" \/><\/a> <a href=\"https:\/\/agora.xtec.cat\/ceipsaforcanera\/wp-content\/uploads\/usu1481\/2024\/02\/joc-3.jpg\"><img loading=\"lazy\" decoding=\"async\" class=\"alignnone wp-image-10353 size-full\" src=\"https:\/\/agora.xtec.cat\/ceipsaforcanera\/wp-content\/uploads\/usu1481\/2024\/02\/joc-3-e1707142905686.jpg\" alt=\"\" width=\"216\" height=\"234\" \/><\/a> <a href=\"https:\/\/agora.xtec.cat\/ceipsaforcanera\/wp-content\/uploads\/usu1481\/2024\/02\/joc-dirigit.jpg\"><img loading=\"lazy\" decoding=\"async\" class=\"alignnone  wp-image-10354\" src=\"https:\/\/agora.xtec.cat\/ceipsaforcanera\/wp-content\/uploads\/usu1481\/2024\/02\/joc-dirigit.jpg\" alt=\"\" width=\"197\" height=\"234\" srcset=\"https:\/\/agora.xtec.cat\/ceipsaforcanera\/wp-content\/uploads\/usu1481\/2024\/02\/joc-dirigit.jpg 379w, https:\/\/agora.xtec.cat\/ceipsaforcanera\/wp-content\/uploads\/usu1481\/2024\/02\/joc-dirigit-252x300.jpg 252w\" sizes=\"auto, (max-width: 197px) 100vw, 197px\" \/><\/a><\/span><\/p>\n<p>No cal oblidar que \u00e9s un bon moment per ensenyar h\u00e0bits d&#8217;higiene i que l&#8217;alumnat els segueix amb ajuda dels monitors\/es del servei.<\/p>\n<p><a href=\"https:\/\/agora.xtec.cat\/ceipsaforcanera\/wp-content\/uploads\/usu1481\/2024\/02\/higiene.jpg\"><img loading=\"lazy\" decoding=\"async\" class=\"wp-image-10356 aligncenter\" src=\"https:\/\/agora.xtec.cat\/ceipsaforcanera\/wp-content\/uploads\/usu1481\/2024\/02\/higiene.jpg\" alt=\"\" width=\"181\" height=\"221\" srcset=\"https:\/\/agora.xtec.cat\/ceipsaforcanera\/wp-content\/uploads\/usu1481\/2024\/02\/higiene.jpg 430w, https:\/\/agora.xtec.cat\/ceipsaforcanera\/wp-content\/uploads\/usu1481\/2024\/02\/higiene-245x300.jpg 245w\" sizes=\"auto, (max-width: 181px) 100vw, 181px\" \/><\/a><\/p>\n<p>A l&#8217;estiu l&#8217;empresa disposa de casal de lleure per l&#8217;alumnat del centre.<\/p>\n<p>&nbsp;<\/p>\n<p>Us deixem a continuaci\u00f3 les dades de <strong>contacte:<\/strong><\/p>\n<p><em><span style=\"font-weight: 400;\">Direcci\u00f3: C\u00f3rcega, 612 entlo, 08025 &#8211; Barcelona<\/span><\/em><\/p>\n<p><em><span style=\"font-weight: 400;\">Tel\u00e8fon: 934551307<\/span><\/em><\/p>\n<p><em><span style=\"font-weight: 400;\">Fax: 934352374<\/span><\/em><\/p>\n<p><em><span style=\"font-weight: 400;\">Correu electr\u00f2nic: <\/span><a href=\"mailto:info@hostesa.com\"><span style=\"font-weight: 400;\">info<span class=\"\">@hostesa.com<\/span><\/span><\/a><\/em><\/p>\n<p><em>P\u00e0gina web: <a href=\"http:\/\/www.hostesa.com\"><span style=\"font-weight: 400;\">www.hostesa.com<\/span><\/a><\/em><\/p>\n<p>&nbsp;<\/p>\n","protected":false},"excerpt":{"rendered":"<p>El menjador de l\u2019Escola Sa Forcanera est\u00e0 gestionat per l\u2019empresa Hostesa. Cada any inicien un projecte en el qual basen les activitats que es realitzen a la seva franja hor\u00e0ria. Enguany el projecte principal es titula \u201cAnem al mercat\u201d. Al seg\u00fcent tr\u00edptic trobareu informaci\u00f3 m\u00e9s concreta sobre aquesta proposta que intenta promoure el mercat com [&hellip;]<\/p>\n","protected":false},"author":1,"featured_media":0,"parent":66,"menu_order":30,"comment_status":"closed","ping_status":"closed","template":"page-templates\/side-menu.php","meta":{"_bbp_topic_count":0,"_bbp_reply_count":0,"_bbp_total_topic_count":0,"_bbp_total_reply_count":0,"_bbp_voice_count":0,"_bbp_anonymous_reply_count":0,"_bbp_topic_count_hidden":0,"_bbp_reply_count_hidden":0,"_bbp_forum_subforum_count":0,"site-sidebar-layout":"default","site-content-layout":"","ast-site-content-layout":"","site-content-style":"default","site-sidebar-style":"default","ast-global-header-display":"","ast-banner-title-visibility":"","ast-main-header-display":"","ast-hfb-above-header-display":"","ast-hfb-below-header-display":"","ast-hfb-mobile-header-display":"","site-post-title":"","ast-breadcrumbs-content":"","ast-featured-img":"","footer-sml-layout":"","theme-transparent-header-meta":"","adv-header-id-meta":"","stick-header-meta":"","header-above-stick-meta":"","header-main-stick-meta":"","header-below-stick-meta":"","astra-migrate-meta-layouts":"default","ast-page-background-enabled":"default","ast-page-background-meta":{"desktop":{"background-color":"var(--ast-global-color-4)","background-image":"","background-repeat":"repeat","background-position":"center center","background-size":"auto","background-attachment":"scroll","background-type":"","background-media":"","overlay-type":"","overlay-color":"","overlay-opacity":"","overlay-gradient":""},"tablet":{"background-color":"","background-image":"","background-repeat":"repeat","background-position":"center center","background-size":"auto","background-attachment":"scroll","background-type":"","background-media":"","overlay-type":"","overlay-color":"","overlay-opacity":"","overlay-gradient":""},"mobile":{"background-color":"","background-image":"","background-repeat":"repeat","background-position":"center center","background-size":"auto","background-attachment":"scroll","background-type":"","background-media":"","overlay-type":"","overlay-color":"","overlay-opacity":"","overlay-gradient":""}},"ast-content-background-meta":{"desktop":{"background-color":"var(--ast-global-color-5)","background-image":"","background-repeat":"repeat","background-position":"center center","background-size":"auto","background-attachment":"scroll","background-type":"","background-media":"","overlay-type":"","overlay-color":"","overlay-opacity":"","overlay-gradient":""},"tablet":{"background-color":"var(--ast-global-color-5)","background-image":"","background-repeat":"repeat","background-position":"center center","background-size":"auto","background-attachment":"scroll","background-type":"","background-media":"","overlay-type":"","overlay-color":"","overlay-opacity":"","overlay-gradient":""},"mobile":{"background-color":"var(--ast-global-color-5)","background-image":"","background-repeat":"repeat","background-position":"center center","background-size":"auto","background-attachment":"scroll","background-type":"","background-media":"","overlay-type":"","overlay-color":"","overlay-opacity":"","overlay-gradient":""}},"footnotes":""},"class_list":["post-73","page","type-page","status-publish","hentry"],"post_mailing_queue_ids":[],"_links":{"self":[{"href":"https:\/\/agora.xtec.cat\/ceipsaforcanera\/wp-json\/wp\/v2\/pages\/73","targetHints":{"allow":["GET"]}}],"collection":[{"href":"https:\/\/agora.xtec.cat\/ceipsaforcanera\/wp-json\/wp\/v2\/pages"}],"about":[{"href":"https:\/\/agora.xtec.cat\/ceipsaforcanera\/wp-json\/wp\/v2\/types\/page"}],"author":[{"embeddable":true,"href":"https:\/\/agora.xtec.cat\/ceipsaforcanera\/wp-json\/wp\/v2\/users\/1"}],"replies":[{"embeddable":true,"href":"https:\/\/agora.xtec.cat\/ceipsaforcanera\/wp-json\/wp\/v2\/comments?post=73"}],"version-history":[{"count":6,"href":"https:\/\/agora.xtec.cat\/ceipsaforcanera\/wp-json\/wp\/v2\/pages\/73\/revisions"}],"predecessor-version":[{"id":10357,"href":"https:\/\/agora.xtec.cat\/ceipsaforcanera\/wp-json\/wp\/v2\/pages\/73\/revisions\/10357"}],"up":[{"embeddable":true,"href":"https:\/\/agora.xtec.cat\/ceipsaforcanera\/wp-json\/wp\/v2\/pages\/66"}],"wp:attachment":[{"href":"https:\/\/agora.xtec.cat\/ceipsaforcanera\/wp-json\/wp\/v2\/media?parent=73"}],"curies":[{"name":"wp","href":"https:\/\/api.w.org\/{rel}","templated":true}]}}