{"id":28,"date":"2014-09-18T12:29:35","date_gmt":"2014-09-18T10:29:35","guid":{"rendered":"http:\/\/agora.xtec.cat\/ceipsaforcanera\/?page_id=28"},"modified":"2025-12-15T09:50:15","modified_gmt":"2025-12-15T08:50:15","slug":"consell-escolar","status":"publish","type":"page","link":"https:\/\/agora.xtec.cat\/ceipsaforcanera\/lescola\/consell-escolar\/","title":{"rendered":"Consell escolar"},"content":{"rendered":"<p><span style=\"color: #444444; font-family: inherit; font-size: 1.4375em; font-weight: bold;\">CONSELL ESCOLAR CURS 2025\/2026<\/span><\/p>\n<p>&nbsp;<\/p>\n<p><strong><span style=\"color: #993366;\">COMPOSICI\u00d3 DEL CONSELL ESCOLAR\u00a0<\/span><\/strong><\/p>\n<p><span style=\"color: #993366;\">Presidenta:<\/span> Silvia Perez Cabrera<\/p>\n<p><span style=\"color: #993366;\">Cap d&#8217;Estudis:<\/span> Ariadna Montilla Pasqual<\/p>\n<p><span style=\"color: #993366;\">Secret\u00e0ria:<\/span> Elisabet Garcia Flores<\/p>\n<p><span style=\"color: #993366;\">Sector professat:\u00a0<span style=\"color: #000000;\">Aida Baltrons Gim\u00e9nez, Alicia Triguero Cristi\u00e0, Ariadna Roura Valls, Isabel P\u00e9rez Utset, M\u00f3nica Calle S\u00e1nchez i M\u00aaDolores Sol\u00eds Fajardo.<\/span><\/span><\/p>\n<p><span style=\"color: #993366;\">Sector fam\u00edlies:\u00a0<span style=\"color: #000000;\">Anna Colomer Luque, Claudia Casta\u00f1\u00e9 Morato, M\u00aa Jose P\u00e9rez Medina, Sandra Gil Barranco i Sandra Marcos Navarro.<\/span><\/span><\/p>\n<p><span style=\"color: #993366;\">Sector Pas:\u00a0<span style=\"color: #000000;\">Yolanda Mayas Sicil\u00eda<\/span><\/span><\/p>\n<p><span style=\"color: #993366;\">Representant AMPA:\u00a0<span style=\"color: #000000;\">Francisco Montero<\/span><\/span><\/p>\n<p><span style=\"color: #993366;\">Representant Ajuntament: <\/span><span style=\"color: #000000;\">Gloria Agudo Roman<\/span><\/p>\n","protected":false},"excerpt":{"rendered":"<p>CONSELL ESCOLAR CURS 2025\/2026 &nbsp; COMPOSICI\u00d3 DEL CONSELL ESCOLAR\u00a0 Presidenta: Silvia Perez Cabrera Cap d&#8217;Estudis: Ariadna Montilla Pasqual Secret\u00e0ria: Elisabet Garcia Flores Sector professat:\u00a0Aida Baltrons Gim\u00e9nez, Alicia Triguero Cristi\u00e0, Ariadna Roura Valls, Isabel P\u00e9rez Utset, M\u00f3nica Calle S\u00e1nchez i M\u00aaDolores Sol\u00eds Fajardo. Sector fam\u00edlies:\u00a0Anna Colomer Luque, Claudia Casta\u00f1\u00e9 Morato, M\u00aa Jose P\u00e9rez Medina, Sandra Gil [&hellip;]<\/p>\n","protected":false},"author":1,"featured_media":0,"parent":22,"menu_order":30,"comment_status":"closed","ping_status":"closed","template":"page-templates\/side-menu.php","meta":{"_bbp_topic_count":0,"_bbp_reply_count":0,"_bbp_total_topic_count":0,"_bbp_total_reply_count":0,"_bbp_voice_count":0,"_bbp_anonymous_reply_count":0,"_bbp_topic_count_hidden":0,"_bbp_reply_count_hidden":0,"_bbp_forum_subforum_count":0,"site-sidebar-layout":"default","site-content-layout":"","ast-site-content-layout":"","site-content-style":"default","site-sidebar-style":"default","ast-global-header-display":"","ast-banner-title-visibility":"","ast-main-header-display":"","ast-hfb-above-header-display":"","ast-hfb-below-header-display":"","ast-hfb-mobile-header-display":"","site-post-title":"","ast-breadcrumbs-content":"","ast-featured-img":"","footer-sml-layout":"","theme-transparent-header-meta":"","adv-header-id-meta":"","stick-header-meta":"","header-above-stick-meta":"","header-main-stick-meta":"","header-below-stick-meta":"","astra-migrate-meta-layouts":"default","ast-page-background-enabled":"default","ast-page-background-meta":{"desktop":{"background-color":"var(--ast-global-color-4)","background-image":"","background-repeat":"repeat","background-position":"center center","background-size":"auto","background-attachment":"scroll","background-type":"","background-media":"","overlay-type":"","overlay-color":"","overlay-opacity":"","overlay-gradient":""},"tablet":{"background-color":"","background-image":"","background-repeat":"repeat","background-position":"center center","background-size":"auto","background-attachment":"scroll","background-type":"","background-media":"","overlay-type":"","overlay-color":"","overlay-opacity":"","overlay-gradient":""},"mobile":{"background-color":"","background-image":"","background-repeat":"repeat","background-position":"center center","background-size":"auto","background-attachment":"scroll","background-type":"","background-media":"","overlay-type":"","overlay-color":"","overlay-opacity":"","overlay-gradient":""}},"ast-content-background-meta":{"desktop":{"background-color":"var(--ast-global-color-5)","background-image":"","background-repeat":"repeat","background-position":"center center","background-size":"auto","background-attachment":"scroll","background-type":"","background-media":"","overlay-type":"","overlay-color":"","overlay-opacity":"","overlay-gradient":""},"tablet":{"background-color":"var(--ast-global-color-5)","background-image":"","background-repeat":"repeat","background-position":"center center","background-size":"auto","background-attachment":"scroll","background-type":"","background-media":"","overlay-type":"","overlay-color":"","overlay-opacity":"","overlay-gradient":""},"mobile":{"background-color":"var(--ast-global-color-5)","background-image":"","background-repeat":"repeat","background-position":"center center","background-size":"auto","background-attachment":"scroll","background-type":"","background-media":"","overlay-type":"","overlay-color":"","overlay-opacity":"","overlay-gradient":""}},"footnotes":""},"class_list":["post-28","page","type-page","status-publish","hentry"],"post_mailing_queue_ids":[],"_links":{"self":[{"href":"https:\/\/agora.xtec.cat\/ceipsaforcanera\/wp-json\/wp\/v2\/pages\/28","targetHints":{"allow":["GET"]}}],"collection":[{"href":"https:\/\/agora.xtec.cat\/ceipsaforcanera\/wp-json\/wp\/v2\/pages"}],"about":[{"href":"https:\/\/agora.xtec.cat\/ceipsaforcanera\/wp-json\/wp\/v2\/types\/page"}],"author":[{"embeddable":true,"href":"https:\/\/agora.xtec.cat\/ceipsaforcanera\/wp-json\/wp\/v2\/users\/1"}],"replies":[{"embeddable":true,"href":"https:\/\/agora.xtec.cat\/ceipsaforcanera\/wp-json\/wp\/v2\/comments?post=28"}],"version-history":[{"count":4,"href":"https:\/\/agora.xtec.cat\/ceipsaforcanera\/wp-json\/wp\/v2\/pages\/28\/revisions"}],"predecessor-version":[{"id":11557,"href":"https:\/\/agora.xtec.cat\/ceipsaforcanera\/wp-json\/wp\/v2\/pages\/28\/revisions\/11557"}],"up":[{"embeddable":true,"href":"https:\/\/agora.xtec.cat\/ceipsaforcanera\/wp-json\/wp\/v2\/pages\/22"}],"wp:attachment":[{"href":"https:\/\/agora.xtec.cat\/ceipsaforcanera\/wp-json\/wp\/v2\/media?parent=28"}],"curies":[{"name":"wp","href":"https:\/\/api.w.org\/{rel}","templated":true}]}}