{"id":26,"date":"2014-09-18T12:24:32","date_gmt":"2014-09-18T11:24:32","guid":{"rendered":"http:\/\/agora.xtec.cat\/ceipsaforcanera\/?page_id=26"},"modified":"2016-10-27T13:26:18","modified_gmt":"2016-10-27T11:26:18","slug":"historia","status":"publish","type":"page","link":"https:\/\/agora.xtec.cat\/ceipsaforcanera\/lescola\/historia\/","title":{"rendered":"Hist\u00f2ria"},"content":{"rendered":"<p>L&#8217;Escola Sa Forcanera \u00e9s una escola p\u00fablica que dep\u00e8n del Departament d&#8217;Ensenyament de la Generalitat de Catalunya.<\/p>\n<p>L&#8217;escola va comen\u00e7ar a funcionar el curs 2005-2006 amb el nom provisional de C.E.I.P. Mas Enlaire-Costa Brava. Al llarg del curs 2005-2006, es va triar el nom definitiu de Sa Forcanera, que va ser aprovat pel Consell Escolar del centre i pel Ple Municipal de l&#8217;Ajuntament de Blanes.<\/p>\n<p>&nbsp;<\/p>\n<p><a href=\"http:\/\/agora.xtec.cat\/ceipsaforcanera\/wp-content\/uploads\/usu1481\/2014\/09\/saforcanera-16.jpg\"><img loading=\"lazy\" decoding=\"async\" class=\" wp-image-764\" src=\"http:\/\/agora.xtec.cat\/ceipsaforcanera\/wp-content\/uploads\/usu1481\/2014\/09\/saforcanera-16-1024x696.jpg\" alt=\"El CEIP Sa Forcanera es una escola de 9 barracons i 440 alumnes.25-05-11.Blanes.Fotos de Celia Atset.Dirari Ara.\" width=\"388\" height=\"263\" srcset=\"https:\/\/agora.xtec.cat\/ceipsaforcanera\/wp-content\/uploads\/usu1481\/2014\/09\/saforcanera-16-1024x696.jpg 1024w, https:\/\/agora.xtec.cat\/ceipsaforcanera\/wp-content\/uploads\/usu1481\/2014\/09\/saforcanera-16-300x204.jpg 300w, https:\/\/agora.xtec.cat\/ceipsaforcanera\/wp-content\/uploads\/usu1481\/2014\/09\/saforcanera-16-768x522.jpg 768w\" sizes=\"auto, (max-width: 388px) 100vw, 388px\" \/><\/a><\/p>\n<p><img loading=\"lazy\" decoding=\"async\" class=\"wp-image-765 alignleft\" src=\"http:\/\/agora.xtec.cat\/ceipsaforcanera\/wp-content\/uploads\/usu1481\/2014\/09\/saforcanera-17-1024x575.jpg\" alt=\"saforcanera-17\" width=\"475\" height=\"267\" srcset=\"https:\/\/agora.xtec.cat\/ceipsaforcanera\/wp-content\/uploads\/usu1481\/2014\/09\/saforcanera-17-1024x575.jpg 1024w, https:\/\/agora.xtec.cat\/ceipsaforcanera\/wp-content\/uploads\/usu1481\/2014\/09\/saforcanera-17-300x169.jpg 300w, https:\/\/agora.xtec.cat\/ceipsaforcanera\/wp-content\/uploads\/usu1481\/2014\/09\/saforcanera-17-768x432.jpg 768w, https:\/\/agora.xtec.cat\/ceipsaforcanera\/wp-content\/uploads\/usu1481\/2014\/09\/saforcanera-17.jpg 1600w\" sizes=\"auto, (max-width: 475px) 100vw, 475px\" \/><\/p>\n<p>&nbsp;<\/p>\n<p>&nbsp;<\/p>\n<p>&nbsp;<\/p>\n<p>&nbsp;<\/p>\n<p>&nbsp;<\/p>\n<p>&nbsp;<\/p>\n<p>&nbsp;<\/p>\n<p>&nbsp;<\/p>\n<p>El nom que es va proposar respon a les seg\u00fcents raons:<\/p>\n<ul>\n<li>La Cala Sa Forcanera \u00e9s un indret emblem\u00e0tic de la n ostra ciutat.<\/li>\n<li>L&#8217;article Sa \u00e9s caracter\u00edstic de l&#8217;antiga parla salada de la Costa Brava que darrerament s&#8217;ha anat perdent en el llenguatge col\u00b7loquial.<\/li>\n<\/ul>\n<p>La nostra escola t\u00e9 el caire mariner t\u00edpic de la nostra vila. Els curs 2005-2006 l&#8217;eix d&#8217;animaci\u00f3 va ser el mariner Peret, un mariner que a l&#8217;agost va arribar amb la seva barca al port de Blanes i que, un cop aqu\u00ed, ens va convidar a tots a venir a l&#8217;escola. Al llarg del curs ens va anar aportant molts coneixements i continguts del curriculum que els infants van aprendre de manera l\u00fadica.<\/p>\n<p>Els noms de les classes segueixen el mateix fil conductor . Els petits de P3 s\u00f3n mariners, els alumnes de P4 s\u00f3n pirates, els de P5 pescadors, els de primer bi\u00f2legs i els de segon de prim\u00e0ria exploradors. A partir de cicle mitj\u00e0 se segueix la mateixa l\u00ednia pedag\u00f2gica per\u00f2 els cursos ja no s\u2019identifiquen per un nom mariner.<\/p>\n<p>El curs 2015-2016, coincidint amb la celebraci\u00f3 del 10\u00e9 aniversari, ens vam traslladar al nou edifici, situat a l&#8217;avinguda de la Pau, n\u00famero 31.<a href=\"http:\/\/agora.xtec.cat\/ceipsaforcanera\/wp-content\/uploads\/usu1481\/2014\/09\/saforcanera-22.jpg\"><img loading=\"lazy\" decoding=\"async\" class=\"alignnone  wp-image-767\" src=\"http:\/\/agora.xtec.cat\/ceipsaforcanera\/wp-content\/uploads\/usu1481\/2014\/09\/saforcanera-22.jpg\" alt=\"saforcanera-22\" width=\"508\" height=\"320\" srcset=\"https:\/\/agora.xtec.cat\/ceipsaforcanera\/wp-content\/uploads\/usu1481\/2014\/09\/saforcanera-22.jpg 740w, https:\/\/agora.xtec.cat\/ceipsaforcanera\/wp-content\/uploads\/usu1481\/2014\/09\/saforcanera-22-300x189.jpg 300w\" sizes=\"auto, (max-width: 508px) 100vw, 508px\" \/><\/a><img loading=\"lazy\" decoding=\"async\" class=\"alignnone  wp-image-768\" src=\"http:\/\/agora.xtec.cat\/ceipsaforcanera\/wp-content\/uploads\/usu1481\/2014\/09\/saforcanera-21.jpg\" alt=\"saforcanera-21\" width=\"512\" height=\"322\" srcset=\"https:\/\/agora.xtec.cat\/ceipsaforcanera\/wp-content\/uploads\/usu1481\/2014\/09\/saforcanera-21.jpg 740w, https:\/\/agora.xtec.cat\/ceipsaforcanera\/wp-content\/uploads\/usu1481\/2014\/09\/saforcanera-21-300x189.jpg 300w\" sizes=\"auto, (max-width: 512px) 100vw, 512px\" \/><\/p>\n","protected":false},"excerpt":{"rendered":"<p>L&#8217;Escola Sa Forcanera \u00e9s una escola p\u00fablica que dep\u00e8n del Departament d&#8217;Ensenyament de la Generalitat de Catalunya. L&#8217;escola va comen\u00e7ar a funcionar el curs 2005-2006 amb el nom provisional de C.E.I.P. Mas Enlaire-Costa Brava. Al llarg del curs 2005-2006, es va triar el nom definitiu de Sa Forcanera, que va ser aprovat pel Consell Escolar [&hellip;]<\/p>\n","protected":false},"author":1,"featured_media":0,"parent":22,"menu_order":20,"comment_status":"closed","ping_status":"closed","template":"page-templates\/side-menu.php","meta":{"_bbp_topic_count":0,"_bbp_reply_count":0,"_bbp_total_topic_count":0,"_bbp_total_reply_count":0,"_bbp_voice_count":0,"_bbp_anonymous_reply_count":0,"_bbp_topic_count_hidden":0,"_bbp_reply_count_hidden":0,"_bbp_forum_subforum_count":0,"site-sidebar-layout":"default","site-content-layout":"","ast-site-content-layout":"","site-content-style":"default","site-sidebar-style":"default","ast-global-header-display":"","ast-banner-title-visibility":"","ast-main-header-display":"","ast-hfb-above-header-display":"","ast-hfb-below-header-display":"","ast-hfb-mobile-header-display":"","site-post-title":"","ast-breadcrumbs-content":"","ast-featured-img":"","footer-sml-layout":"","theme-transparent-header-meta":"","adv-header-id-meta":"","stick-header-meta":"","header-above-stick-meta":"","header-main-stick-meta":"","header-below-stick-meta":"","astra-migrate-meta-layouts":"default","ast-page-background-enabled":"default","ast-page-background-meta":{"desktop":{"background-color":"var(--ast-global-color-4)","background-image":"","background-repeat":"repeat","background-position":"center center","background-size":"auto","background-attachment":"scroll","background-type":"","background-media":"","overlay-type":"","overlay-color":"","overlay-opacity":"","overlay-gradient":""},"tablet":{"background-color":"","background-image":"","background-repeat":"repeat","background-position":"center center","background-size":"auto","background-attachment":"scroll","background-type":"","background-media":"","overlay-type":"","overlay-color":"","overlay-opacity":"","overlay-gradient":""},"mobile":{"background-color":"","background-image":"","background-repeat":"repeat","background-position":"center center","background-size":"auto","background-attachment":"scroll","background-type":"","background-media":"","overlay-type":"","overlay-color":"","overlay-opacity":"","overlay-gradient":""}},"ast-content-background-meta":{"desktop":{"background-color":"var(--ast-global-color-5)","background-image":"","background-repeat":"repeat","background-position":"center center","background-size":"auto","background-attachment":"scroll","background-type":"","background-media":"","overlay-type":"","overlay-color":"","overlay-opacity":"","overlay-gradient":""},"tablet":{"background-color":"var(--ast-global-color-5)","background-image":"","background-repeat":"repeat","background-position":"center center","background-size":"auto","background-attachment":"scroll","background-type":"","background-media":"","overlay-type":"","overlay-color":"","overlay-opacity":"","overlay-gradient":""},"mobile":{"background-color":"var(--ast-global-color-5)","background-image":"","background-repeat":"repeat","background-position":"center center","background-size":"auto","background-attachment":"scroll","background-type":"","background-media":"","overlay-type":"","overlay-color":"","overlay-opacity":"","overlay-gradient":""}},"footnotes":""},"class_list":["post-26","page","type-page","status-publish","hentry"],"post_mailing_queue_ids":[],"_links":{"self":[{"href":"https:\/\/agora.xtec.cat\/ceipsaforcanera\/wp-json\/wp\/v2\/pages\/26","targetHints":{"allow":["GET"]}}],"collection":[{"href":"https:\/\/agora.xtec.cat\/ceipsaforcanera\/wp-json\/wp\/v2\/pages"}],"about":[{"href":"https:\/\/agora.xtec.cat\/ceipsaforcanera\/wp-json\/wp\/v2\/types\/page"}],"author":[{"embeddable":true,"href":"https:\/\/agora.xtec.cat\/ceipsaforcanera\/wp-json\/wp\/v2\/users\/1"}],"replies":[{"embeddable":true,"href":"https:\/\/agora.xtec.cat\/ceipsaforcanera\/wp-json\/wp\/v2\/comments?post=26"}],"version-history":[{"count":3,"href":"https:\/\/agora.xtec.cat\/ceipsaforcanera\/wp-json\/wp\/v2\/pages\/26\/revisions"}],"predecessor-version":[{"id":770,"href":"https:\/\/agora.xtec.cat\/ceipsaforcanera\/wp-json\/wp\/v2\/pages\/26\/revisions\/770"}],"up":[{"embeddable":true,"href":"https:\/\/agora.xtec.cat\/ceipsaforcanera\/wp-json\/wp\/v2\/pages\/22"}],"wp:attachment":[{"href":"https:\/\/agora.xtec.cat\/ceipsaforcanera\/wp-json\/wp\/v2\/media?parent=26"}],"curies":[{"name":"wp","href":"https:\/\/api.w.org\/{rel}","templated":true}]}}