{"id":11772,"date":"2026-04-15T09:28:14","date_gmt":"2026-04-15T07:28:14","guid":{"rendered":"https:\/\/agora.xtec.cat\/ceipsaforcanera\/?page_id=11772"},"modified":"2026-04-15T09:48:43","modified_gmt":"2026-04-15T07:48:43","slug":"projectes-descola","status":"publish","type":"page","link":"https:\/\/agora.xtec.cat\/ceipsaforcanera\/projectes-descola\/","title":{"rendered":"PROJECTES D&#8217;ESCOLA"},"content":{"rendered":"<p>A la nostra escola entenem l\u2019aprenentatge com un proc\u00e9s actiu, significatiu i connectat amb el m\u00f3n real. Per aix\u00f2 desenvolupem diferents projectes que situen l\u2019alumnat al centre, fomenten la curiositat i promouen valors com la cooperaci\u00f3, la creativitat i el pensament cr\u00edtic.<\/p>\n<p>&nbsp;<\/p>\n<p><strong>Projecte FAIG<\/strong><\/p>\n<p>Som escola FAIG (Fer per Aprendre Imaginant Globalment), un programa d\u2019innovaci\u00f3 educativa que promou l\u2019aprenentatge per projectes amb sentit.<br data-start=\"914\" data-end=\"917\" \/>Treballem a partir de reptes reals, fomentant la creativitat, el pensament cr\u00edtic i l\u2019\u00fas de la tecnologia com a eina per transformar l\u2019entorn. L\u2019alumnat \u00e9s protagonista del seu aprenentatge i desenvolupa projectes que connecten amb la realitat i la comunitat.<\/p>\n<p><a href=\"https:\/\/agora.xtec.cat\/ceipsaforcanera\/categoria\/faig\/\">Descobreix el projecte FAIG<\/a><\/p>\n<p>&nbsp;<\/p>\n<p><strong>BiblioSafor<\/strong><\/p>\n<p>La biblioteca \u00e9s un espai clau del centre que promou el gust per la lectura i l\u2019aprenentatge aut\u00f2nom.<br data-start=\"1446\" data-end=\"1449\" \/>\u00c9s un lloc de descoberta, imaginaci\u00f3 i investigaci\u00f3, on l\u2019alumnat pot accedir a diferents recursos i participar en activitats com el pr\u00e9stec de llibres, dinamitzacions lectores o projectes compartits.<\/p>\n<p><a href=\"https:\/\/agora.xtec.cat\/ceipsaforcanera\/categoria\/biblio-safor\/\"><em>Accedeix a la biblioteca<\/em><\/a><\/p>\n<p>&nbsp;<\/p>\n<p><strong>Projecte Apadrinem<\/strong><\/p>\n<p>A trav\u00e9s del projecte Apadrinem, l\u2019alumnat coneix i investiga elements del patrimoni del seu entorn.<br \/>\nEs tracta d\u2019un projecte interdisciplinari que fomenta el comprom\u00eds amb la comunitat, el treball cooperatiu i el coneixement del territori.<\/p>\n<p><a href=\"https:\/\/agora.xtec.cat\/ceipsaforcanera\/categoria\/apadrinem-patrimoni\/\"><em>Coneix el<\/em><\/a><a href=\"https:\/\/agora.xtec.cat\/ceipsaforcanera\/categoria\/apadrinem-patrimoni\/\"><em> projecte Apadrinem\u00a0<\/em><\/a><\/p>\n<p>&nbsp;<\/p>\n<p>A m\u00e9s, al llarg del curs desenvolupem altres projectes que responen als interessos de l\u2019alumnat i a situacions reals, potenciant un aprenentatge globalitzat i significatiu.<\/p>\n","protected":false},"excerpt":{"rendered":"<p>A la nostra escola entenem l\u2019aprenentatge com un proc\u00e9s actiu, significatiu i connectat amb el m\u00f3n real. Per aix\u00f2 desenvolupem diferents projectes que situen l\u2019alumnat al centre, fomenten la curiositat i promouen valors com la cooperaci\u00f3, la creativitat i el pensament cr\u00edtic. &nbsp; Projecte FAIG Som escola FAIG (Fer per Aprendre Imaginant Globalment), un programa [&hellip;]<\/p>\n","protected":false},"author":1,"featured_media":0,"parent":0,"menu_order":0,"comment_status":"closed","ping_status":"closed","template":"","meta":{"_bbp_topic_count":0,"_bbp_reply_count":0,"_bbp_total_topic_count":0,"_bbp_total_reply_count":0,"_bbp_voice_count":0,"_bbp_anonymous_reply_count":0,"_bbp_topic_count_hidden":0,"_bbp_reply_count_hidden":0,"_bbp_forum_subforum_count":0,"site-sidebar-layout":"default","site-content-layout":"","ast-site-content-layout":"default","site-content-style":"default","site-sidebar-style":"default","ast-global-header-display":"","ast-banner-title-visibility":"","ast-main-header-display":"","ast-hfb-above-header-display":"","ast-hfb-below-header-display":"","ast-hfb-mobile-header-display":"","site-post-title":"","ast-breadcrumbs-content":"","ast-featured-img":"","footer-sml-layout":"","theme-transparent-header-meta":"default","adv-header-id-meta":"","stick-header-meta":"","header-above-stick-meta":"","header-main-stick-meta":"","header-below-stick-meta":"","astra-migrate-meta-layouts":"set","ast-page-background-enabled":"default","ast-page-background-meta":{"desktop":{"background-color":"var(--ast-global-color-4)","background-image":"","background-repeat":"repeat","background-position":"center center","background-size":"auto","background-attachment":"scroll","background-type":"","background-media":"","overlay-type":"","overlay-color":"","overlay-opacity":"","overlay-gradient":""},"tablet":{"background-color":"","background-image":"","background-repeat":"repeat","background-position":"center center","background-size":"auto","background-attachment":"scroll","background-type":"","background-media":"","overlay-type":"","overlay-color":"","overlay-opacity":"","overlay-gradient":""},"mobile":{"background-color":"","background-image":"","background-repeat":"repeat","background-position":"center center","background-size":"auto","background-attachment":"scroll","background-type":"","background-media":"","overlay-type":"","overlay-color":"","overlay-opacity":"","overlay-gradient":""}},"ast-content-background-meta":{"desktop":{"background-color":"var(--ast-global-color-5)","background-image":"","background-repeat":"repeat","background-position":"center center","background-size":"auto","background-attachment":"scroll","background-type":"","background-media":"","overlay-type":"","overlay-color":"","overlay-opacity":"","overlay-gradient":""},"tablet":{"background-color":"var(--ast-global-color-5)","background-image":"","background-repeat":"repeat","background-position":"center center","background-size":"auto","background-attachment":"scroll","background-type":"","background-media":"","overlay-type":"","overlay-color":"","overlay-opacity":"","overlay-gradient":""},"mobile":{"background-color":"var(--ast-global-color-5)","background-image":"","background-repeat":"repeat","background-position":"center center","background-size":"auto","background-attachment":"scroll","background-type":"","background-media":"","overlay-type":"","overlay-color":"","overlay-opacity":"","overlay-gradient":""}},"footnotes":""},"class_list":["post-11772","page","type-page","status-publish","hentry"],"post_mailing_queue_ids":[],"_links":{"self":[{"href":"https:\/\/agora.xtec.cat\/ceipsaforcanera\/wp-json\/wp\/v2\/pages\/11772","targetHints":{"allow":["GET"]}}],"collection":[{"href":"https:\/\/agora.xtec.cat\/ceipsaforcanera\/wp-json\/wp\/v2\/pages"}],"about":[{"href":"https:\/\/agora.xtec.cat\/ceipsaforcanera\/wp-json\/wp\/v2\/types\/page"}],"author":[{"embeddable":true,"href":"https:\/\/agora.xtec.cat\/ceipsaforcanera\/wp-json\/wp\/v2\/users\/1"}],"replies":[{"embeddable":true,"href":"https:\/\/agora.xtec.cat\/ceipsaforcanera\/wp-json\/wp\/v2\/comments?post=11772"}],"version-history":[{"count":4,"href":"https:\/\/agora.xtec.cat\/ceipsaforcanera\/wp-json\/wp\/v2\/pages\/11772\/revisions"}],"predecessor-version":[{"id":11779,"href":"https:\/\/agora.xtec.cat\/ceipsaforcanera\/wp-json\/wp\/v2\/pages\/11772\/revisions\/11779"}],"wp:attachment":[{"href":"https:\/\/agora.xtec.cat\/ceipsaforcanera\/wp-json\/wp\/v2\/media?parent=11772"}],"curies":[{"name":"wp","href":"https:\/\/api.w.org\/{rel}","templated":true}]}}