{"id":825,"date":"2023-11-21T12:34:47","date_gmt":"2023-11-21T11:34:47","guid":{"rendered":"https:\/\/agora.xtec.cat\/ceipsafa\/?page_id=825"},"modified":"2026-05-05T13:27:25","modified_gmt":"2026-05-05T11:27:25","slug":"classroom","status":"publish","type":"page","link":"https:\/\/agora.xtec.cat\/ceipsafa\/classroom\/","title":{"rendered":"Classroom"},"content":{"rendered":"<p>Google Classroom \u00e9s un servei web gratu\u00eft, desenvolupat per Google per a escoles, que t\u00e9 com a objectiu simplificar la creaci\u00f3, distribuci\u00f3 i classificaci\u00f3 de les tasques de forma sense paper. El prop\u00f2sit principal de Google Classroom \u00e9s agilitzar el proc\u00e9s per compartir fitxers entre professors i alumnat.<\/p>\n<p>Cadasc\u00fa de vosaltres t\u00e9 un usuari i una contrasenya per entrar a google.<\/p>\n<ul>\n<li>usuari: nom.cognom@escolasagradafam\u00edlia.com<\/li>\n<li>contrasenya: l&#8217;assignada per l&#8217;administrador.<\/li>\n<li>Exemple d\u2019usuari: maria.garcia@escolasagradafamilia.com<\/li>\n<\/ul>\n<p>Un cop hagueu entrat a google, heu d\u2019anar a gmail i despr\u00e9s obrir els correus d\u2019invitaci\u00f3 a participar a classes. Cliqueu unirme i despr\u00e9s ja estareu a google classroom. Si no us redirecciona directament a classroom, aneu als quadradets petits de la pantalla superior dreta de google i all\u00e0 busqueu classroom<\/p>\n<p>.<a href=\"https:\/\/classroom.google.com\/\"><img loading=\"lazy\" decoding=\"async\" class=\"wp-image-840 alignleft\" src=\"https:\/\/agora.xtec.cat\/ceipsafa\/wp-content\/uploads\/usu2193\/2023\/11\/classroom-1024x576.jpg\" alt=\"\" width=\"366\" height=\"206\" srcset=\"https:\/\/agora.xtec.cat\/ceipsafa\/wp-content\/uploads\/usu2193\/2023\/11\/classroom-1024x576.jpg 1024w, https:\/\/agora.xtec.cat\/ceipsafa\/wp-content\/uploads\/usu2193\/2023\/11\/classroom-300x169.jpg 300w, https:\/\/agora.xtec.cat\/ceipsafa\/wp-content\/uploads\/usu2193\/2023\/11\/classroom-768x432.jpg 768w, https:\/\/agora.xtec.cat\/ceipsafa\/wp-content\/uploads\/usu2193\/2023\/11\/classroom.jpg 1280w\" sizes=\"auto, (max-width: 366px) 100vw, 366px\" \/><\/a><a href=\"https:\/\/drive.google.com\/file\/d\/1zSQdPqGp9xYL1nhKOrWmw2zfnyUbxkf0\/view?usp=drive_link\" rel=\"https:\/\/drive.google.com\/file\/d\/1zSQdPqGp9xYL1nhKOrWmw2zfnyUbxkf0\/view?usp=sharing\"><img loading=\"lazy\" decoding=\"async\" class=\"alignleft wp-image-2111\" src=\"https:\/\/agora.xtec.cat\/ceipsafa\/wp-content\/uploads\/usu2193\/2026\/05\/2-1024x724.png\" alt=\"\" width=\"294\" height=\"208\" srcset=\"https:\/\/agora.xtec.cat\/ceipsafa\/wp-content\/uploads\/usu2193\/2026\/05\/2-1024x724.png 1024w, https:\/\/agora.xtec.cat\/ceipsafa\/wp-content\/uploads\/usu2193\/2026\/05\/2-300x212.png 300w, https:\/\/agora.xtec.cat\/ceipsafa\/wp-content\/uploads\/usu2193\/2026\/05\/2-768x543.png 768w, https:\/\/agora.xtec.cat\/ceipsafa\/wp-content\/uploads\/usu2193\/2026\/05\/2-1536x1086.png 1536w, https:\/\/agora.xtec.cat\/ceipsafa\/wp-content\/uploads\/usu2193\/2026\/05\/2.png 2000w\" sizes=\"auto, (max-width: 294px) 100vw, 294px\" \/><\/a><\/p>\n<p>&nbsp;<\/p>\n<p>&nbsp;<\/p>\n<p>&nbsp;<\/p>\n<p>&nbsp;<\/p>\n<p style=\"text-align: center;\">Enlla\u00e7 al Google Classroom\u00a0 \u00a0 \u00a0 \u00a0 \u00a0 \u00a0 \u00a0 \u00a0 \u00a0 \u00a0 \u00a0 \u00a0 \u00a0 \u00a0 \u00a0 \u00a0 \u00a0 \u00a0 \u00a0 \u00a0Tutorial funcionament Google Classroom<\/p>\n","protected":false},"excerpt":{"rendered":"<p>Google Classroom \u00e9s un servei web gratu\u00eft, desenvolupat per Google per a escoles, que t\u00e9 com a objectiu simplificar la creaci\u00f3, distribuci\u00f3 i classificaci\u00f3 de les tasques de forma sense paper. El prop\u00f2sit principal de Google Classroom \u00e9s agilitzar el proc\u00e9s per compartir fitxers entre professors i alumnat. Cadasc\u00fa de vosaltres t\u00e9 un usuari i [&hellip;]<\/p>\n","protected":false},"author":7,"featured_media":0,"parent":0,"menu_order":0,"comment_status":"closed","ping_status":"closed","template":"","meta":{"_bbp_topic_count":0,"_bbp_reply_count":0,"_bbp_total_topic_count":0,"_bbp_total_reply_count":0,"_bbp_voice_count":0,"_bbp_anonymous_reply_count":0,"_bbp_topic_count_hidden":0,"_bbp_reply_count_hidden":0,"_bbp_forum_subforum_count":0,"site-sidebar-layout":"default","site-content-layout":"","ast-site-content-layout":"default","site-content-style":"default","site-sidebar-style":"default","ast-global-header-display":"","ast-banner-title-visibility":"","ast-main-header-display":"","ast-hfb-above-header-display":"","ast-hfb-below-header-display":"","ast-hfb-mobile-header-display":"","site-post-title":"","ast-breadcrumbs-content":"","ast-featured-img":"","footer-sml-layout":"","theme-transparent-header-meta":"default","adv-header-id-meta":"","stick-header-meta":"","header-above-stick-meta":"","header-main-stick-meta":"","header-below-stick-meta":"","astra-migrate-meta-layouts":"set","ast-page-background-enabled":"default","ast-page-background-meta":{"desktop":{"background-color":"var(--ast-global-color-4)","background-image":"","background-repeat":"repeat","background-position":"center center","background-size":"auto","background-attachment":"scroll","background-type":"","background-media":"","overlay-type":"","overlay-color":"","overlay-opacity":"","overlay-gradient":""},"tablet":{"background-color":"","background-image":"","background-repeat":"repeat","background-position":"center center","background-size":"auto","background-attachment":"scroll","background-type":"","background-media":"","overlay-type":"","overlay-color":"","overlay-opacity":"","overlay-gradient":""},"mobile":{"background-color":"","background-image":"","background-repeat":"repeat","background-position":"center center","background-size":"auto","background-attachment":"scroll","background-type":"","background-media":"","overlay-type":"","overlay-color":"","overlay-opacity":"","overlay-gradient":""}},"ast-content-background-meta":{"desktop":{"background-color":"var(--ast-global-color-5)","background-image":"","background-repeat":"repeat","background-position":"center center","background-size":"auto","background-attachment":"scroll","background-type":"","background-media":"","overlay-type":"","overlay-color":"","overlay-opacity":"","overlay-gradient":""},"tablet":{"background-color":"var(--ast-global-color-5)","background-image":"","background-repeat":"repeat","background-position":"center center","background-size":"auto","background-attachment":"scroll","background-type":"","background-media":"","overlay-type":"","overlay-color":"","overlay-opacity":"","overlay-gradient":""},"mobile":{"background-color":"var(--ast-global-color-5)","background-image":"","background-repeat":"repeat","background-position":"center center","background-size":"auto","background-attachment":"scroll","background-type":"","background-media":"","overlay-type":"","overlay-color":"","overlay-opacity":"","overlay-gradient":""}},"footnotes":""},"class_list":["post-825","page","type-page","status-publish","hentry"],"post_mailing_queue_ids":[],"_links":{"self":[{"href":"https:\/\/agora.xtec.cat\/ceipsafa\/wp-json\/wp\/v2\/pages\/825","targetHints":{"allow":["GET"]}}],"collection":[{"href":"https:\/\/agora.xtec.cat\/ceipsafa\/wp-json\/wp\/v2\/pages"}],"about":[{"href":"https:\/\/agora.xtec.cat\/ceipsafa\/wp-json\/wp\/v2\/types\/page"}],"author":[{"embeddable":true,"href":"https:\/\/agora.xtec.cat\/ceipsafa\/wp-json\/wp\/v2\/users\/7"}],"replies":[{"embeddable":true,"href":"https:\/\/agora.xtec.cat\/ceipsafa\/wp-json\/wp\/v2\/comments?post=825"}],"version-history":[{"count":6,"href":"https:\/\/agora.xtec.cat\/ceipsafa\/wp-json\/wp\/v2\/pages\/825\/revisions"}],"predecessor-version":[{"id":2115,"href":"https:\/\/agora.xtec.cat\/ceipsafa\/wp-json\/wp\/v2\/pages\/825\/revisions\/2115"}],"wp:attachment":[{"href":"https:\/\/agora.xtec.cat\/ceipsafa\/wp-json\/wp\/v2\/media?parent=825"}],"curies":[{"name":"wp","href":"https:\/\/api.w.org\/{rel}","templated":true}]}}