{"id":714,"date":"2023-11-19T16:51:32","date_gmt":"2023-11-19T15:51:32","guid":{"rendered":"https:\/\/agora.xtec.cat\/ceipsafa\/?page_id=714"},"modified":"2025-09-18T16:16:32","modified_gmt":"2025-09-18T14:16:32","slug":"autoritzacions-i-documents-per-les-families","status":"publish","type":"page","link":"https:\/\/agora.xtec.cat\/ceipsafa\/autoritzacions-i-documents-per-les-families\/","title":{"rendered":"Autoritzacions i documents per les fam\u00edlies"},"content":{"rendered":"<p><a href=\"https:\/\/agora.xtec.cat\/ceipsafa\/wp-content\/uploads\/usu2193\/2024\/03\/drets-us-serveis-i-recursos-digitals-alumnes.pdf\">DRETS D&#8217;\u00daS DE SERVEIS DIGITALS<\/a><\/p>\n<p><a href=\"https:\/\/agora.xtec.cat\/ceipsafa\/wp-content\/uploads\/usu2193\/2024\/03\/drets-dimatge-alumnes.pdf\">DRETS D&#8217;IMATGE DELS ALUMNES<\/a><\/p>\n<p><a href=\"https:\/\/agora.xtec.cat\/ceipsafa\/wp-content\/uploads\/usu2193\/2025\/09\/AUTORITZACIO-EN-LA-RECOLLIDA-DELS-ALUMNES.pdf\">AUTORITZACI\u00d3 EN LA RECOLLIDA DELS ALUMNES<\/a><\/p>\n<p><a href=\"https:\/\/agora.xtec.cat\/ceipsafa\/wp-content\/uploads\/usu2193\/2025\/09\/Autoritzacio-medicaments-cronics.pdf\">AUTORITZACI\u00d3 DE MEDICACI\u00d3 CR\u00d2NICA<\/a><\/p>\n<p><a href=\"https:\/\/agora.xtec.cat\/ceipsafa\/wp-content\/uploads\/usu2193\/2025\/09\/TELEFONS-DE-CONTACTE-DELS-ALUMNES.pdf\">TEL\u00c8FONS DE CONTACTE DELS ALUMNES<\/a><\/p>\n<p>&nbsp;<\/p>\n<p>&nbsp;<\/p>\n<p>&nbsp;<\/p>\n","protected":false},"excerpt":{"rendered":"<p>DRETS D&#8217;\u00daS DE SERVEIS DIGITALS DRETS D&#8217;IMATGE DELS ALUMNES AUTORITZACI\u00d3 EN LA RECOLLIDA DELS ALUMNES AUTORITZACI\u00d3 DE MEDICACI\u00d3 CR\u00d2NICA TEL\u00c8FONS DE CONTACTE DELS ALUMNES &nbsp; &nbsp; &nbsp;<\/p>\n","protected":false},"author":7,"featured_media":0,"parent":0,"menu_order":0,"comment_status":"closed","ping_status":"closed","template":"","meta":{"_bbp_topic_count":0,"_bbp_reply_count":0,"_bbp_total_topic_count":0,"_bbp_total_reply_count":0,"_bbp_voice_count":0,"_bbp_anonymous_reply_count":0,"_bbp_topic_count_hidden":0,"_bbp_reply_count_hidden":0,"_bbp_forum_subforum_count":0,"site-sidebar-layout":"default","site-content-layout":"","ast-site-content-layout":"","site-content-style":"default","site-sidebar-style":"default","ast-global-header-display":"","ast-banner-title-visibility":"","ast-main-header-display":"","ast-hfb-above-header-display":"","ast-hfb-below-header-display":"","ast-hfb-mobile-header-display":"","site-post-title":"","ast-breadcrumbs-content":"","ast-featured-img":"","footer-sml-layout":"","theme-transparent-header-meta":"","adv-header-id-meta":"","stick-header-meta":"","header-above-stick-meta":"","header-main-stick-meta":"","header-below-stick-meta":"","astra-migrate-meta-layouts":"default","ast-page-background-enabled":"default","ast-page-background-meta":{"desktop":{"background-color":"var(--ast-global-color-4)","background-image":"","background-repeat":"repeat","background-position":"center center","background-size":"auto","background-attachment":"scroll","background-type":"","background-media":"","overlay-type":"","overlay-color":"","overlay-opacity":"","overlay-gradient":""},"tablet":{"background-color":"","background-image":"","background-repeat":"repeat","background-position":"center center","background-size":"auto","background-attachment":"scroll","background-type":"","background-media":"","overlay-type":"","overlay-color":"","overlay-opacity":"","overlay-gradient":""},"mobile":{"background-color":"","background-image":"","background-repeat":"repeat","background-position":"center center","background-size":"auto","background-attachment":"scroll","background-type":"","background-media":"","overlay-type":"","overlay-color":"","overlay-opacity":"","overlay-gradient":""}},"ast-content-background-meta":{"desktop":{"background-color":"var(--ast-global-color-5)","background-image":"","background-repeat":"repeat","background-position":"center center","background-size":"auto","background-attachment":"scroll","background-type":"","background-media":"","overlay-type":"","overlay-color":"","overlay-opacity":"","overlay-gradient":""},"tablet":{"background-color":"var(--ast-global-color-5)","background-image":"","background-repeat":"repeat","background-position":"center center","background-size":"auto","background-attachment":"scroll","background-type":"","background-media":"","overlay-type":"","overlay-color":"","overlay-opacity":"","overlay-gradient":""},"mobile":{"background-color":"var(--ast-global-color-5)","background-image":"","background-repeat":"repeat","background-position":"center center","background-size":"auto","background-attachment":"scroll","background-type":"","background-media":"","overlay-type":"","overlay-color":"","overlay-opacity":"","overlay-gradient":""}},"footnotes":""},"class_list":["post-714","page","type-page","status-publish","hentry"],"post_mailing_queue_ids":[],"_links":{"self":[{"href":"https:\/\/agora.xtec.cat\/ceipsafa\/wp-json\/wp\/v2\/pages\/714","targetHints":{"allow":["GET"]}}],"collection":[{"href":"https:\/\/agora.xtec.cat\/ceipsafa\/wp-json\/wp\/v2\/pages"}],"about":[{"href":"https:\/\/agora.xtec.cat\/ceipsafa\/wp-json\/wp\/v2\/types\/page"}],"author":[{"embeddable":true,"href":"https:\/\/agora.xtec.cat\/ceipsafa\/wp-json\/wp\/v2\/users\/7"}],"replies":[{"embeddable":true,"href":"https:\/\/agora.xtec.cat\/ceipsafa\/wp-json\/wp\/v2\/comments?post=714"}],"version-history":[{"count":4,"href":"https:\/\/agora.xtec.cat\/ceipsafa\/wp-json\/wp\/v2\/pages\/714\/revisions"}],"predecessor-version":[{"id":1762,"href":"https:\/\/agora.xtec.cat\/ceipsafa\/wp-json\/wp\/v2\/pages\/714\/revisions\/1762"}],"wp:attachment":[{"href":"https:\/\/agora.xtec.cat\/ceipsafa\/wp-json\/wp\/v2\/media?parent=714"}],"curies":[{"name":"wp","href":"https:\/\/api.w.org\/{rel}","templated":true}]}}