{"id":663,"date":"2023-11-19T15:17:55","date_gmt":"2023-11-19T14:17:55","guid":{"rendered":"https:\/\/agora.xtec.cat\/ceipsafa\/?page_id=663"},"modified":"2025-03-11T10:52:59","modified_gmt":"2025-03-11T09:52:59","slug":"nofc","status":"publish","type":"page","link":"https:\/\/agora.xtec.cat\/ceipsafa\/nofc\/","title":{"rendered":"NOFC"},"content":{"rendered":"<p data-start=\"62\" data-end=\"217\">Les <strong>Normes d&#8217;Organitzaci\u00f3 i Funcionament del Centre (NOFC)\u00a0<\/strong>estableixen les directrius per garantir un bon funcionament del centre educatiu, promovent un clima de respecte, conviv\u00e8ncia i aprenentatge.<\/p>\n<p data-start=\"219\" data-end=\"548\">\ud83d\udccc <strong data-start=\"222\" data-end=\"246\">Aspectes principals:<\/strong><br data-start=\"246\" data-end=\"249\" \/>\u2714\ufe0f <strong data-start=\"252\" data-end=\"270\">Drets i deures<\/strong> de l\u2019alumnat, fam\u00edlies i personal del centre.<br data-start=\"316\" data-end=\"319\" \/>\u2714\ufe0f <strong data-start=\"322\" data-end=\"347\">Normes de conviv\u00e8ncia<\/strong> i mesures disciplin\u00e0ries per garantir un ambient respectu\u00f3s.<br data-start=\"408\" data-end=\"411\" \/>\u2714\ufe0f <strong data-start=\"414\" data-end=\"441\">Organitzaci\u00f3 del centre<\/strong>, incloent-hi horaris, espais i serveis.<br data-start=\"478\" data-end=\"481\" \/>\u2714\ufe0f <strong data-start=\"484\" data-end=\"526\">Participaci\u00f3 de la comunitat educativa<\/strong> en la vida escolar.<\/p>\n<p data-start=\"550\" data-end=\"654\" data-is-last-node=\"\" data-is-only-node=\"\">Aquests acords s\u00f3n fonamentals per assegurar un entorn d\u2019ensenyament i aprenentatge \u00f2ptim per a tothom.<\/p>\n<p>Les NOFC s\u00f3n el vehicle, on s\u2019apleguen el conjunt d\u2019acords i decisions d\u2019organitzaci\u00f3 i de funcionament que s\u2019hi adopten per fer possible, en el dia a dia, el treball educatiu i de gesti\u00f3 que permet assolir els objectius proposats en el projecte educatiu (PEC) i en la seva programaci\u00f3 anual (PGA). Han de ser coherents amb els principis, valors, objectius i criteris educatius que el centre ha determinat en el projecte educatiu (PEC). \u00c9s un document quecompromet a tots els estaments de la comunitat educativa i tamb\u00e9 afecta totes les actuacions dutes a terme i promogudes des del centre, tant si es realitzen a dins o a fora del recinte escolar.<\/p>\n<p><a href=\"https:\/\/agora.xtec.cat\/ceipsafa\/wp-content\/uploads\/usu2193\/2025\/03\/NOFC-2024.pdf\">DOCUMENT NOFC<\/a><\/p>\n<p>Equip directiu<\/p>\n<p>&nbsp;<\/p>\n","protected":false},"excerpt":{"rendered":"<p>Les Normes d&#8217;Organitzaci\u00f3 i Funcionament del Centre (NOFC)\u00a0estableixen les directrius per garantir un bon funcionament del centre educatiu, promovent un clima de respecte, conviv\u00e8ncia i aprenentatge. \ud83d\udccc Aspectes principals:\u2714\ufe0f Drets i deures de l\u2019alumnat, fam\u00edlies i personal del centre.\u2714\ufe0f Normes de conviv\u00e8ncia i mesures disciplin\u00e0ries per garantir un ambient respectu\u00f3s.\u2714\ufe0f Organitzaci\u00f3 del centre, incloent-hi horaris, [&hellip;]<\/p>\n","protected":false},"author":7,"featured_media":0,"parent":0,"menu_order":0,"comment_status":"closed","ping_status":"closed","template":"","meta":{"_bbp_topic_count":0,"_bbp_reply_count":0,"_bbp_total_topic_count":0,"_bbp_total_reply_count":0,"_bbp_voice_count":0,"_bbp_anonymous_reply_count":0,"_bbp_topic_count_hidden":0,"_bbp_reply_count_hidden":0,"_bbp_forum_subforum_count":0,"site-sidebar-layout":"default","site-content-layout":"","ast-site-content-layout":"","site-content-style":"default","site-sidebar-style":"default","ast-global-header-display":"","ast-banner-title-visibility":"","ast-main-header-display":"","ast-hfb-above-header-display":"","ast-hfb-below-header-display":"","ast-hfb-mobile-header-display":"","site-post-title":"","ast-breadcrumbs-content":"","ast-featured-img":"","footer-sml-layout":"","theme-transparent-header-meta":"","adv-header-id-meta":"","stick-header-meta":"","header-above-stick-meta":"","header-main-stick-meta":"","header-below-stick-meta":"","astra-migrate-meta-layouts":"default","ast-page-background-enabled":"default","ast-page-background-meta":{"desktop":{"background-color":"var(--ast-global-color-4)","background-image":"","background-repeat":"repeat","background-position":"center center","background-size":"auto","background-attachment":"scroll","background-type":"","background-media":"","overlay-type":"","overlay-color":"","overlay-opacity":"","overlay-gradient":""},"tablet":{"background-color":"","background-image":"","background-repeat":"repeat","background-position":"center center","background-size":"auto","background-attachment":"scroll","background-type":"","background-media":"","overlay-type":"","overlay-color":"","overlay-opacity":"","overlay-gradient":""},"mobile":{"background-color":"","background-image":"","background-repeat":"repeat","background-position":"center center","background-size":"auto","background-attachment":"scroll","background-type":"","background-media":"","overlay-type":"","overlay-color":"","overlay-opacity":"","overlay-gradient":""}},"ast-content-background-meta":{"desktop":{"background-color":"var(--ast-global-color-5)","background-image":"","background-repeat":"repeat","background-position":"center center","background-size":"auto","background-attachment":"scroll","background-type":"","background-media":"","overlay-type":"","overlay-color":"","overlay-opacity":"","overlay-gradient":""},"tablet":{"background-color":"var(--ast-global-color-5)","background-image":"","background-repeat":"repeat","background-position":"center center","background-size":"auto","background-attachment":"scroll","background-type":"","background-media":"","overlay-type":"","overlay-color":"","overlay-opacity":"","overlay-gradient":""},"mobile":{"background-color":"var(--ast-global-color-5)","background-image":"","background-repeat":"repeat","background-position":"center center","background-size":"auto","background-attachment":"scroll","background-type":"","background-media":"","overlay-type":"","overlay-color":"","overlay-opacity":"","overlay-gradient":""}},"footnotes":""},"class_list":["post-663","page","type-page","status-publish","hentry"],"post_mailing_queue_ids":[],"_links":{"self":[{"href":"https:\/\/agora.xtec.cat\/ceipsafa\/wp-json\/wp\/v2\/pages\/663","targetHints":{"allow":["GET"]}}],"collection":[{"href":"https:\/\/agora.xtec.cat\/ceipsafa\/wp-json\/wp\/v2\/pages"}],"about":[{"href":"https:\/\/agora.xtec.cat\/ceipsafa\/wp-json\/wp\/v2\/types\/page"}],"author":[{"embeddable":true,"href":"https:\/\/agora.xtec.cat\/ceipsafa\/wp-json\/wp\/v2\/users\/7"}],"replies":[{"embeddable":true,"href":"https:\/\/agora.xtec.cat\/ceipsafa\/wp-json\/wp\/v2\/comments?post=663"}],"version-history":[{"count":5,"href":"https:\/\/agora.xtec.cat\/ceipsafa\/wp-json\/wp\/v2\/pages\/663\/revisions"}],"predecessor-version":[{"id":1618,"href":"https:\/\/agora.xtec.cat\/ceipsafa\/wp-json\/wp\/v2\/pages\/663\/revisions\/1618"}],"wp:attachment":[{"href":"https:\/\/agora.xtec.cat\/ceipsafa\/wp-json\/wp\/v2\/media?parent=663"}],"curies":[{"name":"wp","href":"https:\/\/api.w.org\/{rel}","templated":true}]}}