{"id":638,"date":"2023-11-19T15:12:46","date_gmt":"2023-11-19T14:12:46","guid":{"rendered":"https:\/\/agora.xtec.cat\/ceipsafa\/?page_id=638"},"modified":"2025-09-18T16:04:26","modified_gmt":"2025-09-18T14:04:26","slug":"pla-dacollida","status":"publish","type":"page","link":"https:\/\/agora.xtec.cat\/ceipsafa\/pla-dacollida\/","title":{"rendered":"Pla d&#8217;Acollida"},"content":{"rendered":"<p data-start=\"22\" data-end=\"228\">El <strong data-start=\"25\" data-end=\"43\">Pla d\u2019Acollida<\/strong> estableix les mesures per facilitar la integraci\u00f3 de l\u2019alumnat nouvingut, les seves fam\u00edlies i el personal que s\u2019incorpora al centre, garantint una adaptaci\u00f3 progressiva i inclusiva.<\/p>\n<p data-start=\"230\" data-end=\"603\">\ud83d\udccc <strong data-start=\"233\" data-end=\"251\">Aspectes clau:<\/strong><br data-start=\"251\" data-end=\"254\" \/>\u2714\ufe0f <strong data-start=\"257\" data-end=\"283\">Acollida de l\u2019alumnat:<\/strong> Acompanyament inicial, tutories i suport ling\u00fc\u00edstic.<br data-start=\"336\" data-end=\"339\" \/>\u2714\ufe0f <strong data-start=\"342\" data-end=\"369\">Atenci\u00f3 a les fam\u00edlies:<\/strong> Informaci\u00f3 sobre el centre, serveis i participaci\u00f3.<br data-start=\"421\" data-end=\"424\" \/>\u2714\ufe0f <strong data-start=\"427\" data-end=\"452\">Adaptaci\u00f3 curricular:<\/strong> Estrat\u00e8gies per afavorir l\u2019aprenentatge i la inclusi\u00f3.<br data-start=\"507\" data-end=\"510\" \/>\u2714\ufe0f <strong data-start=\"513\" data-end=\"542\">Foment de la conviv\u00e8ncia:<\/strong> Activitats per promoure la interculturalitat i la cohesi\u00f3.<\/p>\n<p data-start=\"605\" data-end=\"739\" data-is-last-node=\"\" data-is-only-node=\"\">Aquest pla assegura una incorporaci\u00f3 \u00f2ptima a la comunitat educativa, garantint el benestar i la igualtat d\u2019oportunitats per a tothom. En ell es recullen el conjunt d\u2019actuacions que un centre educatiu posa en marxa per tal de facilitar l\u2019adaptaci\u00f3 de l\u2019alumnat que s\u2019incorpora de nou al centre. Entenem el pla d\u2019acollida d\u2019una manera amplia, referit a tots els alumnes, i les seves fam\u00edlies, que inicien l\u2019escolaritzaci\u00f3 al centre en qualsevol circumst\u00e0ncia. Tanmateix, volem incloure en aquest pla, l\u2019acollida als mestres.<\/p>\n<p><a href=\"https:\/\/agora.xtec.cat\/ceipsafa\/wp-content\/uploads\/usu2193\/2025\/09\/Pla-dacollida-al-professorat-25_26.docx.pdf\">Pla d&#8217;acollida al professorat &#8211; 25_26.docx<\/a><\/p>\n<p>Equip directiu<\/p>\n","protected":false},"excerpt":{"rendered":"<p>El Pla d\u2019Acollida estableix les mesures per facilitar la integraci\u00f3 de l\u2019alumnat nouvingut, les seves fam\u00edlies i el personal que s\u2019incorpora al centre, garantint una adaptaci\u00f3 progressiva i inclusiva. \ud83d\udccc Aspectes clau:\u2714\ufe0f Acollida de l\u2019alumnat: Acompanyament inicial, tutories i suport ling\u00fc\u00edstic.\u2714\ufe0f Atenci\u00f3 a les fam\u00edlies: Informaci\u00f3 sobre el centre, serveis i participaci\u00f3.\u2714\ufe0f Adaptaci\u00f3 curricular: Estrat\u00e8gies [&hellip;]<\/p>\n","protected":false},"author":7,"featured_media":0,"parent":0,"menu_order":0,"comment_status":"closed","ping_status":"closed","template":"","meta":{"_bbp_topic_count":0,"_bbp_reply_count":0,"_bbp_total_topic_count":0,"_bbp_total_reply_count":0,"_bbp_voice_count":0,"_bbp_anonymous_reply_count":0,"_bbp_topic_count_hidden":0,"_bbp_reply_count_hidden":0,"_bbp_forum_subforum_count":0,"site-sidebar-layout":"default","site-content-layout":"","ast-site-content-layout":"","site-content-style":"default","site-sidebar-style":"default","ast-global-header-display":"","ast-banner-title-visibility":"","ast-main-header-display":"","ast-hfb-above-header-display":"","ast-hfb-below-header-display":"","ast-hfb-mobile-header-display":"","site-post-title":"","ast-breadcrumbs-content":"","ast-featured-img":"","footer-sml-layout":"","theme-transparent-header-meta":"","adv-header-id-meta":"","stick-header-meta":"","header-above-stick-meta":"","header-main-stick-meta":"","header-below-stick-meta":"","astra-migrate-meta-layouts":"default","ast-page-background-enabled":"default","ast-page-background-meta":{"desktop":{"background-color":"var(--ast-global-color-4)","background-image":"","background-repeat":"repeat","background-position":"center center","background-size":"auto","background-attachment":"scroll","background-type":"","background-media":"","overlay-type":"","overlay-color":"","overlay-opacity":"","overlay-gradient":""},"tablet":{"background-color":"","background-image":"","background-repeat":"repeat","background-position":"center center","background-size":"auto","background-attachment":"scroll","background-type":"","background-media":"","overlay-type":"","overlay-color":"","overlay-opacity":"","overlay-gradient":""},"mobile":{"background-color":"","background-image":"","background-repeat":"repeat","background-position":"center center","background-size":"auto","background-attachment":"scroll","background-type":"","background-media":"","overlay-type":"","overlay-color":"","overlay-opacity":"","overlay-gradient":""}},"ast-content-background-meta":{"desktop":{"background-color":"var(--ast-global-color-5)","background-image":"","background-repeat":"repeat","background-position":"center center","background-size":"auto","background-attachment":"scroll","background-type":"","background-media":"","overlay-type":"","overlay-color":"","overlay-opacity":"","overlay-gradient":""},"tablet":{"background-color":"var(--ast-global-color-5)","background-image":"","background-repeat":"repeat","background-position":"center center","background-size":"auto","background-attachment":"scroll","background-type":"","background-media":"","overlay-type":"","overlay-color":"","overlay-opacity":"","overlay-gradient":""},"mobile":{"background-color":"var(--ast-global-color-5)","background-image":"","background-repeat":"repeat","background-position":"center center","background-size":"auto","background-attachment":"scroll","background-type":"","background-media":"","overlay-type":"","overlay-color":"","overlay-opacity":"","overlay-gradient":""}},"footnotes":""},"class_list":["post-638","page","type-page","status-publish","hentry"],"post_mailing_queue_ids":[],"_links":{"self":[{"href":"https:\/\/agora.xtec.cat\/ceipsafa\/wp-json\/wp\/v2\/pages\/638","targetHints":{"allow":["GET"]}}],"collection":[{"href":"https:\/\/agora.xtec.cat\/ceipsafa\/wp-json\/wp\/v2\/pages"}],"about":[{"href":"https:\/\/agora.xtec.cat\/ceipsafa\/wp-json\/wp\/v2\/types\/page"}],"author":[{"embeddable":true,"href":"https:\/\/agora.xtec.cat\/ceipsafa\/wp-json\/wp\/v2\/users\/7"}],"replies":[{"embeddable":true,"href":"https:\/\/agora.xtec.cat\/ceipsafa\/wp-json\/wp\/v2\/comments?post=638"}],"version-history":[{"count":4,"href":"https:\/\/agora.xtec.cat\/ceipsafa\/wp-json\/wp\/v2\/pages\/638\/revisions"}],"predecessor-version":[{"id":1756,"href":"https:\/\/agora.xtec.cat\/ceipsafa\/wp-json\/wp\/v2\/pages\/638\/revisions\/1756"}],"wp:attachment":[{"href":"https:\/\/agora.xtec.cat\/ceipsafa\/wp-json\/wp\/v2\/media?parent=638"}],"curies":[{"name":"wp","href":"https:\/\/api.w.org\/{rel}","templated":true}]}}