{"id":637,"date":"2023-11-19T15:12:46","date_gmt":"2023-11-19T14:12:46","guid":{"rendered":"https:\/\/agora.xtec.cat\/ceipsafa\/?page_id=637"},"modified":"2025-03-11T11:00:57","modified_gmt":"2025-03-11T10:00:57","slug":"estrategia-digital-de-centre","status":"publish","type":"page","link":"https:\/\/agora.xtec.cat\/ceipsafa\/estrategia-digital-de-centre\/","title":{"rendered":"Estrat\u00e8gia Digital de Centre"},"content":{"rendered":"<p data-start=\"42\" data-end=\"263\">L\u2019<strong data-start=\"44\" data-end=\"82\">Estrat\u00e8gia Digital de Centre (EDC)<\/strong> defineix les l\u00ednies d\u2019actuaci\u00f3 per garantir que l\u2019alumnat, el professorat i el centre assoleixin la <strong data-start=\"183\" data-end=\"206\">compet\u00e8ncia digital<\/strong>, integrant la tecnologia en tots els \u00e0mbits educatius.<\/p>\n<p data-start=\"265\" data-end=\"742\">\ud83d\udccc <strong data-start=\"268\" data-end=\"284\">\u00c0mbits clau:<\/strong><br data-start=\"284\" data-end=\"287\" \/>\u2714\ufe0f <strong data-start=\"290\" data-end=\"314\">Compet\u00e8ncia digital:<\/strong> Desenvolupament de les habilitats digitals en docents i alumnat.<br data-start=\"379\" data-end=\"382\" \/>\u2714\ufe0f <strong data-start=\"385\" data-end=\"417\">Planificaci\u00f3 i organitzaci\u00f3:<\/strong> Gesti\u00f3 eficient dels recursos digitals del centre.<br data-start=\"468\" data-end=\"471\" \/>\u2714\ufe0f <strong data-start=\"474\" data-end=\"503\">Metodologies innovadores:<\/strong> Incorporaci\u00f3 de tecnologies per millorar l\u2019aprenentatge.<br data-start=\"560\" data-end=\"563\" \/>\u2714\ufe0f <strong data-start=\"566\" data-end=\"599\">Inclusi\u00f3 digital i de g\u00e8nere:<\/strong> Igualtat d\u2019oportunitats i accessibilitat tecnol\u00f2gica.<br data-start=\"653\" data-end=\"656\" \/>\u2714\ufe0f <strong data-start=\"659\" data-end=\"694\">Seguretat i protecci\u00f3 de dades:<\/strong> \u00das responsable i segur de les eines digitals.<\/p>\n<p data-start=\"744\" data-end=\"856\" data-is-last-node=\"\" data-is-only-node=\"\">Aquest pla impulsa la <strong data-start=\"766\" data-end=\"802\">transformaci\u00f3 digital del centre<\/strong> des d\u2019una perspectiva d\u2019innovaci\u00f3 i millora cont\u00ednua.<\/p>\n<p><a href=\"https:\/\/agora.xtec.cat\/ceipsafa\/wp-content\/uploads\/usu2193\/2023\/11\/08019711-Escola-Sagrada-Familia-Resum-de-lEDC.pdf\">EDC ESCOLA SAGRADA FAM\u00cdLIA<\/a><\/p>\n<p>Equip directiu<\/p>\n","protected":false},"excerpt":{"rendered":"<p>L\u2019Estrat\u00e8gia Digital de Centre (EDC) defineix les l\u00ednies d\u2019actuaci\u00f3 per garantir que l\u2019alumnat, el professorat i el centre assoleixin la compet\u00e8ncia digital, integrant la tecnologia en tots els \u00e0mbits educatius. \ud83d\udccc \u00c0mbits clau:\u2714\ufe0f Compet\u00e8ncia digital: Desenvolupament de les habilitats digitals en docents i alumnat.\u2714\ufe0f Planificaci\u00f3 i organitzaci\u00f3: Gesti\u00f3 eficient dels recursos digitals del centre.\u2714\ufe0f Metodologies [&hellip;]<\/p>\n","protected":false},"author":7,"featured_media":0,"parent":0,"menu_order":0,"comment_status":"closed","ping_status":"closed","template":"","meta":{"_bbp_topic_count":0,"_bbp_reply_count":0,"_bbp_total_topic_count":0,"_bbp_total_reply_count":0,"_bbp_voice_count":0,"_bbp_anonymous_reply_count":0,"_bbp_topic_count_hidden":0,"_bbp_reply_count_hidden":0,"_bbp_forum_subforum_count":0,"site-sidebar-layout":"default","site-content-layout":"","ast-site-content-layout":"","site-content-style":"default","site-sidebar-style":"default","ast-global-header-display":"","ast-banner-title-visibility":"","ast-main-header-display":"","ast-hfb-above-header-display":"","ast-hfb-below-header-display":"","ast-hfb-mobile-header-display":"","site-post-title":"","ast-breadcrumbs-content":"","ast-featured-img":"","footer-sml-layout":"","theme-transparent-header-meta":"","adv-header-id-meta":"","stick-header-meta":"","header-above-stick-meta":"","header-main-stick-meta":"","header-below-stick-meta":"","astra-migrate-meta-layouts":"default","ast-page-background-enabled":"default","ast-page-background-meta":{"desktop":{"background-color":"var(--ast-global-color-4)","background-image":"","background-repeat":"repeat","background-position":"center center","background-size":"auto","background-attachment":"scroll","background-type":"","background-media":"","overlay-type":"","overlay-color":"","overlay-opacity":"","overlay-gradient":""},"tablet":{"background-color":"","background-image":"","background-repeat":"repeat","background-position":"center center","background-size":"auto","background-attachment":"scroll","background-type":"","background-media":"","overlay-type":"","overlay-color":"","overlay-opacity":"","overlay-gradient":""},"mobile":{"background-color":"","background-image":"","background-repeat":"repeat","background-position":"center center","background-size":"auto","background-attachment":"scroll","background-type":"","background-media":"","overlay-type":"","overlay-color":"","overlay-opacity":"","overlay-gradient":""}},"ast-content-background-meta":{"desktop":{"background-color":"var(--ast-global-color-5)","background-image":"","background-repeat":"repeat","background-position":"center center","background-size":"auto","background-attachment":"scroll","background-type":"","background-media":"","overlay-type":"","overlay-color":"","overlay-opacity":"","overlay-gradient":""},"tablet":{"background-color":"var(--ast-global-color-5)","background-image":"","background-repeat":"repeat","background-position":"center center","background-size":"auto","background-attachment":"scroll","background-type":"","background-media":"","overlay-type":"","overlay-color":"","overlay-opacity":"","overlay-gradient":""},"mobile":{"background-color":"var(--ast-global-color-5)","background-image":"","background-repeat":"repeat","background-position":"center center","background-size":"auto","background-attachment":"scroll","background-type":"","background-media":"","overlay-type":"","overlay-color":"","overlay-opacity":"","overlay-gradient":""}},"footnotes":""},"class_list":["post-637","page","type-page","status-publish","hentry"],"post_mailing_queue_ids":[],"_links":{"self":[{"href":"https:\/\/agora.xtec.cat\/ceipsafa\/wp-json\/wp\/v2\/pages\/637","targetHints":{"allow":["GET"]}}],"collection":[{"href":"https:\/\/agora.xtec.cat\/ceipsafa\/wp-json\/wp\/v2\/pages"}],"about":[{"href":"https:\/\/agora.xtec.cat\/ceipsafa\/wp-json\/wp\/v2\/types\/page"}],"author":[{"embeddable":true,"href":"https:\/\/agora.xtec.cat\/ceipsafa\/wp-json\/wp\/v2\/users\/7"}],"replies":[{"embeddable":true,"href":"https:\/\/agora.xtec.cat\/ceipsafa\/wp-json\/wp\/v2\/comments?post=637"}],"version-history":[{"count":3,"href":"https:\/\/agora.xtec.cat\/ceipsafa\/wp-json\/wp\/v2\/pages\/637\/revisions"}],"predecessor-version":[{"id":1623,"href":"https:\/\/agora.xtec.cat\/ceipsafa\/wp-json\/wp\/v2\/pages\/637\/revisions\/1623"}],"wp:attachment":[{"href":"https:\/\/agora.xtec.cat\/ceipsafa\/wp-json\/wp\/v2\/media?parent=637"}],"curies":[{"name":"wp","href":"https:\/\/api.w.org\/{rel}","templated":true}]}}