{"id":636,"date":"2023-11-19T15:12:46","date_gmt":"2023-11-19T14:12:46","guid":{"rendered":"https:\/\/agora.xtec.cat\/ceipsafa\/?page_id=636"},"modified":"2025-09-18T16:09:31","modified_gmt":"2025-09-18T14:09:31","slug":"pla-linguistic","status":"publish","type":"page","link":"https:\/\/agora.xtec.cat\/ceipsafa\/pla-linguistic\/","title":{"rendered":"Projecte  Ling\u00fc\u00edstic"},"content":{"rendered":"<p data-start=\"38\" data-end=\"187\">El <strong data-start=\"41\" data-end=\"64\">Projecte Ling\u00fc\u00edstic<\/strong> estableix l&#8217;organitzaci\u00f3 i \u00fas de les lleng\u00fces al centre educatiu, garantint l\u2019aprenentatge i la conviv\u00e8ncia ling\u00fc\u00edstica.<\/p>\n<p data-start=\"189\" data-end=\"609\">\ud83d\udccc <strong data-start=\"192\" data-end=\"213\">Eixos principals:<\/strong><br data-start=\"213\" data-end=\"216\" \/>\u2714\ufe0f <strong data-start=\"219\" data-end=\"241\">Llengua vehicular:<\/strong> El catal\u00e0 com a llengua d\u2019ensenyament i comunicaci\u00f3.<br data-start=\"294\" data-end=\"297\" \/>\u2714\ufe0f <strong data-start=\"300\" data-end=\"329\">Aprenentatge de lleng\u00fces:<\/strong> Desenvolupament del catal\u00e0, castell\u00e0 i, progressivament, lleng\u00fces estrangeres.<br data-start=\"408\" data-end=\"411\" \/>\u2714\ufe0f <strong data-start=\"414\" data-end=\"454\">Atenci\u00f3 a la diversitat ling\u00fc\u00edstica:<\/strong> Suport per a l\u2019alumnat nouvingut i foment del respecte per la diversitat.<br data-start=\"528\" data-end=\"531\" \/>\u2714\ufe0f <strong data-start=\"534\" data-end=\"587\">Impuls de la lectura i l\u2019expressi\u00f3 oral i escrita<\/strong> en totes les \u00e0rees.<\/p>\n<p data-start=\"611\" data-end=\"727\" data-is-last-node=\"\" data-is-only-node=\"\">Aquest projecte assegura una educaci\u00f3 pluriling\u00fce i de qualitat, afavorint la compet\u00e8ncia comunicativa de l\u2019alumnat. Als\u00a0centres p\u00fablics i els centres privats concertats elaboren el projecte ling\u00fc\u00edstic, que forma part del projecte educatiu de centre.<\/p>\n<p><a href=\"https:\/\/agora.xtec.cat\/ceipsafa\/wp-content\/uploads\/usu2193\/2025\/09\/PROJECTE-LINGUISTIC-DE-CENTRE-Escola-Sagrada-Familia.pdf\">PROJECTE LING\u00dc\u00cdSTIC DE CENTRE &#8211; Escola Sagrada Fam\u00edlia<\/a><\/p>\n<p>Equip directiu<\/p>\n<p>&nbsp;<\/p>\n","protected":false},"excerpt":{"rendered":"<p>El Projecte Ling\u00fc\u00edstic estableix l&#8217;organitzaci\u00f3 i \u00fas de les lleng\u00fces al centre educatiu, garantint l\u2019aprenentatge i la conviv\u00e8ncia ling\u00fc\u00edstica. \ud83d\udccc Eixos principals:\u2714\ufe0f Llengua vehicular: El catal\u00e0 com a llengua d\u2019ensenyament i comunicaci\u00f3.\u2714\ufe0f Aprenentatge de lleng\u00fces: Desenvolupament del catal\u00e0, castell\u00e0 i, progressivament, lleng\u00fces estrangeres.\u2714\ufe0f Atenci\u00f3 a la diversitat ling\u00fc\u00edstica: Suport per a l\u2019alumnat nouvingut i foment [&hellip;]<\/p>\n","protected":false},"author":7,"featured_media":0,"parent":0,"menu_order":0,"comment_status":"closed","ping_status":"closed","template":"","meta":{"_bbp_topic_count":0,"_bbp_reply_count":0,"_bbp_total_topic_count":0,"_bbp_total_reply_count":0,"_bbp_voice_count":0,"_bbp_anonymous_reply_count":0,"_bbp_topic_count_hidden":0,"_bbp_reply_count_hidden":0,"_bbp_forum_subforum_count":0,"site-sidebar-layout":"default","site-content-layout":"","ast-site-content-layout":"","site-content-style":"default","site-sidebar-style":"default","ast-global-header-display":"","ast-banner-title-visibility":"","ast-main-header-display":"","ast-hfb-above-header-display":"","ast-hfb-below-header-display":"","ast-hfb-mobile-header-display":"","site-post-title":"","ast-breadcrumbs-content":"","ast-featured-img":"","footer-sml-layout":"","theme-transparent-header-meta":"","adv-header-id-meta":"","stick-header-meta":"","header-above-stick-meta":"","header-main-stick-meta":"","header-below-stick-meta":"","astra-migrate-meta-layouts":"default","ast-page-background-enabled":"default","ast-page-background-meta":{"desktop":{"background-color":"var(--ast-global-color-4)","background-image":"","background-repeat":"repeat","background-position":"center center","background-size":"auto","background-attachment":"scroll","background-type":"","background-media":"","overlay-type":"","overlay-color":"","overlay-opacity":"","overlay-gradient":""},"tablet":{"background-color":"","background-image":"","background-repeat":"repeat","background-position":"center center","background-size":"auto","background-attachment":"scroll","background-type":"","background-media":"","overlay-type":"","overlay-color":"","overlay-opacity":"","overlay-gradient":""},"mobile":{"background-color":"","background-image":"","background-repeat":"repeat","background-position":"center center","background-size":"auto","background-attachment":"scroll","background-type":"","background-media":"","overlay-type":"","overlay-color":"","overlay-opacity":"","overlay-gradient":""}},"ast-content-background-meta":{"desktop":{"background-color":"var(--ast-global-color-5)","background-image":"","background-repeat":"repeat","background-position":"center center","background-size":"auto","background-attachment":"scroll","background-type":"","background-media":"","overlay-type":"","overlay-color":"","overlay-opacity":"","overlay-gradient":""},"tablet":{"background-color":"var(--ast-global-color-5)","background-image":"","background-repeat":"repeat","background-position":"center center","background-size":"auto","background-attachment":"scroll","background-type":"","background-media":"","overlay-type":"","overlay-color":"","overlay-opacity":"","overlay-gradient":""},"mobile":{"background-color":"var(--ast-global-color-5)","background-image":"","background-repeat":"repeat","background-position":"center center","background-size":"auto","background-attachment":"scroll","background-type":"","background-media":"","overlay-type":"","overlay-color":"","overlay-opacity":"","overlay-gradient":""}},"footnotes":""},"class_list":["post-636","page","type-page","status-publish","hentry"],"post_mailing_queue_ids":[],"_links":{"self":[{"href":"https:\/\/agora.xtec.cat\/ceipsafa\/wp-json\/wp\/v2\/pages\/636","targetHints":{"allow":["GET"]}}],"collection":[{"href":"https:\/\/agora.xtec.cat\/ceipsafa\/wp-json\/wp\/v2\/pages"}],"about":[{"href":"https:\/\/agora.xtec.cat\/ceipsafa\/wp-json\/wp\/v2\/types\/page"}],"author":[{"embeddable":true,"href":"https:\/\/agora.xtec.cat\/ceipsafa\/wp-json\/wp\/v2\/users\/7"}],"replies":[{"embeddable":true,"href":"https:\/\/agora.xtec.cat\/ceipsafa\/wp-json\/wp\/v2\/comments?post=636"}],"version-history":[{"count":5,"href":"https:\/\/agora.xtec.cat\/ceipsafa\/wp-json\/wp\/v2\/pages\/636\/revisions"}],"predecessor-version":[{"id":1758,"href":"https:\/\/agora.xtec.cat\/ceipsafa\/wp-json\/wp\/v2\/pages\/636\/revisions\/1758"}],"wp:attachment":[{"href":"https:\/\/agora.xtec.cat\/ceipsafa\/wp-json\/wp\/v2\/media?parent=636"}],"curies":[{"name":"wp","href":"https:\/\/api.w.org\/{rel}","templated":true}]}}