{"id":634,"date":"2023-11-19T15:12:46","date_gmt":"2023-11-19T14:12:46","guid":{"rendered":"https:\/\/agora.xtec.cat\/ceipsafa\/?page_id=634"},"modified":"2025-09-23T10:48:23","modified_gmt":"2025-09-23T08:48:23","slug":"projecte-educatiu-de-centre","status":"publish","type":"page","link":"https:\/\/agora.xtec.cat\/ceipsafa\/projecte-educatiu-de-centre\/","title":{"rendered":"Projecte Educatiu de Centre"},"content":{"rendered":"<p data-start=\"41\" data-end=\"173\">El <strong data-start=\"44\" data-end=\"51\">Projecte Educatiu de Centre (PEC)<\/strong> defineix la identitat, els valors i els objectius del centre, marcant les l\u00ednies d\u2019actuaci\u00f3 pedag\u00f2gica i organitzativa.<\/p>\n<p data-start=\"175\" data-end=\"557\">\ud83d\udccc <strong data-start=\"178\" data-end=\"193\">Punts clau:<\/strong><br data-start=\"193\" data-end=\"196\" \/>\u2714\ufe0f <strong data-start=\"199\" data-end=\"222\">Principis i valors:<\/strong> Escola inclusiva, participativa i de qualitat.<br data-start=\"269\" data-end=\"272\" \/>\u2714\ufe0f <strong data-start=\"275\" data-end=\"299\">Objectius educatius:<\/strong> Formaci\u00f3 integral de l\u2019alumnat, foment dels valors i aprenentatges competencials.<br data-start=\"381\" data-end=\"384\" \/>\u2714\ufe0f <strong data-start=\"387\" data-end=\"418\">Metodologies d\u2019ensenyament:<\/strong> Innovaci\u00f3, personalitzaci\u00f3 i treball cooperatiu.<br data-start=\"467\" data-end=\"470\" \/>\u2714\ufe0f <strong data-start=\"473\" data-end=\"502\">Relaci\u00f3 amb la comunitat:<\/strong> Implicaci\u00f3 de les fam\u00edlies i l\u2019entorn en l\u2019educaci\u00f3.<\/p>\n<p data-start=\"559\" data-end=\"692\" data-is-last-node=\"\" data-is-only-node=\"\">Aquest document guia l\u2019acci\u00f3 educativa del centre per garantir un aprenentatge significatiu i adaptat a les necessitats de l\u2019alumnat. Aquest document inclou els trets d&#8217;identitat del centre, els principis pedag\u00f2gics, els principis organitzatius i el projecte ling\u00fc\u00edstic.<\/p>\n<p>A m\u00e9s s&#8217;especifiquen els valors, els objectius i les prioritats d&#8217;actuaci\u00f3 del centre, la concreci\u00f3 dels curr\u00edculums que s&#8217;imparteixen i el tractament transversal en les \u00e0rees, mat\u00e8ries o m\u00f2duls de l&#8217;educaci\u00f3 en valors i altres ensenyaments.<\/p>\n<p>En els centres p\u00fablics, el PEC l&#8217;elabora el claustre, a iniciativa de la direcci\u00f3.<\/p>\n<p>Els centres p\u00fablics i els centres privats concertats han de disposar de projecte educatiu, d&#8217;acord amb el que estableix la Llei 12\/2009, del 10 de juliol, d&#8217;educaci\u00f3.<\/p>\n<p>El Projecte Educatiu de Centre est\u00e0 renovat el curs 2024\/2025 i aqu\u00ed teniu disponible el document.<\/p>\n<p><a href=\"https:\/\/agora.xtec.cat\/ceipsafa\/wp-content\/uploads\/usu2193\/2025\/09\/PEC-Escola-Sagrada-Familia.pdf\">PEC Escola Sagrada Fam\u00edlia<\/a><\/p>\n<p>Equip directiu.<\/p>\n","protected":false},"excerpt":{"rendered":"<p>El Projecte Educatiu de Centre (PEC) defineix la identitat, els valors i els objectius del centre, marcant les l\u00ednies d\u2019actuaci\u00f3 pedag\u00f2gica i organitzativa. \ud83d\udccc Punts clau:\u2714\ufe0f Principis i valors: Escola inclusiva, participativa i de qualitat.\u2714\ufe0f Objectius educatius: Formaci\u00f3 integral de l\u2019alumnat, foment dels valors i aprenentatges competencials.\u2714\ufe0f Metodologies d\u2019ensenyament: Innovaci\u00f3, personalitzaci\u00f3 i treball cooperatiu.\u2714\ufe0f Relaci\u00f3 [&hellip;]<\/p>\n","protected":false},"author":7,"featured_media":0,"parent":0,"menu_order":0,"comment_status":"closed","ping_status":"closed","template":"","meta":{"_bbp_topic_count":0,"_bbp_reply_count":0,"_bbp_total_topic_count":0,"_bbp_total_reply_count":0,"_bbp_voice_count":0,"_bbp_anonymous_reply_count":0,"_bbp_topic_count_hidden":0,"_bbp_reply_count_hidden":0,"_bbp_forum_subforum_count":0,"site-sidebar-layout":"default","site-content-layout":"","ast-site-content-layout":"","site-content-style":"default","site-sidebar-style":"default","ast-global-header-display":"","ast-banner-title-visibility":"","ast-main-header-display":"","ast-hfb-above-header-display":"","ast-hfb-below-header-display":"","ast-hfb-mobile-header-display":"","site-post-title":"","ast-breadcrumbs-content":"","ast-featured-img":"","footer-sml-layout":"","theme-transparent-header-meta":"","adv-header-id-meta":"","stick-header-meta":"","header-above-stick-meta":"","header-main-stick-meta":"","header-below-stick-meta":"","astra-migrate-meta-layouts":"default","ast-page-background-enabled":"default","ast-page-background-meta":{"desktop":{"background-color":"var(--ast-global-color-4)","background-image":"","background-repeat":"repeat","background-position":"center center","background-size":"auto","background-attachment":"scroll","background-type":"","background-media":"","overlay-type":"","overlay-color":"","overlay-opacity":"","overlay-gradient":""},"tablet":{"background-color":"","background-image":"","background-repeat":"repeat","background-position":"center center","background-size":"auto","background-attachment":"scroll","background-type":"","background-media":"","overlay-type":"","overlay-color":"","overlay-opacity":"","overlay-gradient":""},"mobile":{"background-color":"","background-image":"","background-repeat":"repeat","background-position":"center center","background-size":"auto","background-attachment":"scroll","background-type":"","background-media":"","overlay-type":"","overlay-color":"","overlay-opacity":"","overlay-gradient":""}},"ast-content-background-meta":{"desktop":{"background-color":"var(--ast-global-color-5)","background-image":"","background-repeat":"repeat","background-position":"center center","background-size":"auto","background-attachment":"scroll","background-type":"","background-media":"","overlay-type":"","overlay-color":"","overlay-opacity":"","overlay-gradient":""},"tablet":{"background-color":"var(--ast-global-color-5)","background-image":"","background-repeat":"repeat","background-position":"center center","background-size":"auto","background-attachment":"scroll","background-type":"","background-media":"","overlay-type":"","overlay-color":"","overlay-opacity":"","overlay-gradient":""},"mobile":{"background-color":"var(--ast-global-color-5)","background-image":"","background-repeat":"repeat","background-position":"center center","background-size":"auto","background-attachment":"scroll","background-type":"","background-media":"","overlay-type":"","overlay-color":"","overlay-opacity":"","overlay-gradient":""}},"footnotes":""},"class_list":["post-634","page","type-page","status-publish","hentry"],"post_mailing_queue_ids":[],"_links":{"self":[{"href":"https:\/\/agora.xtec.cat\/ceipsafa\/wp-json\/wp\/v2\/pages\/634","targetHints":{"allow":["GET"]}}],"collection":[{"href":"https:\/\/agora.xtec.cat\/ceipsafa\/wp-json\/wp\/v2\/pages"}],"about":[{"href":"https:\/\/agora.xtec.cat\/ceipsafa\/wp-json\/wp\/v2\/types\/page"}],"author":[{"embeddable":true,"href":"https:\/\/agora.xtec.cat\/ceipsafa\/wp-json\/wp\/v2\/users\/7"}],"replies":[{"embeddable":true,"href":"https:\/\/agora.xtec.cat\/ceipsafa\/wp-json\/wp\/v2\/comments?post=634"}],"version-history":[{"count":6,"href":"https:\/\/agora.xtec.cat\/ceipsafa\/wp-json\/wp\/v2\/pages\/634\/revisions"}],"predecessor-version":[{"id":1777,"href":"https:\/\/agora.xtec.cat\/ceipsafa\/wp-json\/wp\/v2\/pages\/634\/revisions\/1777"}],"wp:attachment":[{"href":"https:\/\/agora.xtec.cat\/ceipsafa\/wp-json\/wp\/v2\/media?parent=634"}],"curies":[{"name":"wp","href":"https:\/\/api.w.org\/{rel}","templated":true}]}}