{"id":38,"date":"2014-09-18T12:34:08","date_gmt":"2014-09-18T11:34:08","guid":{"rendered":"http:\/\/agora.xtec.cat\/ceipsafa\/?page_id=38"},"modified":"2025-03-11T11:09:57","modified_gmt":"2025-03-11T10:09:57","slug":"salut","status":"publish","type":"page","link":"https:\/\/agora.xtec.cat\/ceipsafa\/lescola\/salut\/","title":{"rendered":"Comunicaci\u00f3 fam\u00edlies &#8211; escola"},"content":{"rendered":"<p data-start=\"53\" data-end=\"239\">A l\u2019Escola Sagrada Fam\u00edlia, creiem en la import\u00e0ncia de mantenir una <strong data-start=\"122\" data-end=\"155\">comunicaci\u00f3 fluida i efectiva<\/strong> entre les fam\u00edlies i el centre, perqu\u00e8 junts puguem oferir el millor a l\u2019alumnat.<\/p>\n<p data-start=\"241\" data-end=\"463\">\ud83d\udce9 <strong data-start=\"244\" data-end=\"275\">Comunicaci\u00f3 amb el\/la tutor\/a:<\/strong><br data-start=\"275\" data-end=\"278\" \/>Per qualsevol dubte o comentari relacionat amb el vostre fill\/a, utilitzeu <strong data-start=\"353\" data-end=\"381\">el correu de la promoci\u00f3<\/strong> o, en el cas d\u2019Educaci\u00f3 Prim\u00e0ria, tamb\u00e9 podeu escriure una <strong data-start=\"441\" data-end=\"460\">nota a l\u2019agenda<\/strong>.<\/p>\n<p data-start=\"465\" data-end=\"755\">\ud83d\udcf2 <strong data-start=\"468\" data-end=\"492\">Comunicats escolars:<\/strong><br data-start=\"492\" data-end=\"495\" \/>Per rebre tots els comunicats i not\u00edcies importants de l\u2019escola, cal <strong data-start=\"564\" data-end=\"601\">descarregar-se l\u2019aplicaci\u00f3 Dinantia<\/strong>. Aquesta aplicaci\u00f3, activada des de l\u2019<strong data-start=\"640\" data-end=\"658\">Equip Directiu<\/strong> durant la matriculaci\u00f3, \u00e9s el principal canal de comunicaci\u00f3 per enviar les not\u00edcies escolars.<\/p>\n<p data-start=\"757\" data-end=\"976\">\ud83c\udf10 <strong data-start=\"760\" data-end=\"781\">Lloc web i Instagram:<\/strong><br data-start=\"781\" data-end=\"784\" \/>No oblideu consultar <strong data-start=\"805\" data-end=\"844\">el lloc web de l\u2019escola i Instagram<\/strong>. Els utilitzem com a mitj\u00e0 de transmissi\u00f3 d\u2019informaci\u00f3 important i per mantenir-vos al corrent de les activitats i esdeveniments.<\/p>\n<p data-start=\"978\" data-end=\"1181\">\ud83d\udcde <strong data-start=\"981\" data-end=\"1008\">Actualitzaci\u00f3 de dades:<\/strong><br data-start=\"1008\" data-end=\"1011\" \/>\u00c9s fonamental mantenir <strong data-start=\"1034\" data-end=\"1069\">les vostres dades actualitzades<\/strong> a la secretaria de l\u2019escola (tel\u00e8fon, domicili, correu electr\u00f2nic, etc.) per garantir una comunicaci\u00f3 efica\u00e7.<\/p>\n<p data-start=\"1183\" data-end=\"1340\">\ud83d\udce7 <strong data-start=\"1186\" data-end=\"1207\">Contacte general:<\/strong><br data-start=\"1207\" data-end=\"1210\" \/>Per qualsevol consulta o dubte, podeu escriure a l\u2019adre\u00e7a <strong data-start=\"1268\" data-end=\"1289\"><a rel=\"noopener\" data-start=\"1270\" data-end=\"1287\">a8019711@xtec.cat<\/a><\/strong>, i us respondrem amb la major rapidesa possible.<\/p>\n<p data-start=\"1342\" data-end=\"1456\" data-is-last-node=\"\" data-is-only-node=\"\">Aquesta comunicaci\u00f3 constant ens ajuda a treballar junts per al benestar i l\u2019\u00e8xit dels vostres fills i filles!<\/p>\n<p>&nbsp;<\/p>\n<p>&nbsp;<\/p>\n<p>&nbsp;<\/p>\n","protected":false},"excerpt":{"rendered":"<p>A l\u2019Escola Sagrada Fam\u00edlia, creiem en la import\u00e0ncia de mantenir una comunicaci\u00f3 fluida i efectiva entre les fam\u00edlies i el centre, perqu\u00e8 junts puguem oferir el millor a l\u2019alumnat. \ud83d\udce9 Comunicaci\u00f3 amb el\/la tutor\/a:Per qualsevol dubte o comentari relacionat amb el vostre fill\/a, utilitzeu el correu de la promoci\u00f3 o, en el cas d\u2019Educaci\u00f3 Prim\u00e0ria, [&hellip;]<\/p>\n","protected":false},"author":1,"featured_media":0,"parent":22,"menu_order":80,"comment_status":"closed","ping_status":"closed","template":"page-templates\/side-menu.php","meta":{"_bbp_topic_count":0,"_bbp_reply_count":0,"_bbp_total_topic_count":0,"_bbp_total_reply_count":0,"_bbp_voice_count":0,"_bbp_anonymous_reply_count":0,"_bbp_topic_count_hidden":0,"_bbp_reply_count_hidden":0,"_bbp_forum_subforum_count":0,"site-sidebar-layout":"default","site-content-layout":"","ast-site-content-layout":"","site-content-style":"default","site-sidebar-style":"default","ast-global-header-display":"","ast-banner-title-visibility":"","ast-main-header-display":"","ast-hfb-above-header-display":"","ast-hfb-below-header-display":"","ast-hfb-mobile-header-display":"","site-post-title":"","ast-breadcrumbs-content":"","ast-featured-img":"","footer-sml-layout":"","theme-transparent-header-meta":"","adv-header-id-meta":"","stick-header-meta":"","header-above-stick-meta":"","header-main-stick-meta":"","header-below-stick-meta":"","astra-migrate-meta-layouts":"default","ast-page-background-enabled":"default","ast-page-background-meta":{"desktop":{"background-color":"var(--ast-global-color-4)","background-image":"","background-repeat":"repeat","background-position":"center center","background-size":"auto","background-attachment":"scroll","background-type":"","background-media":"","overlay-type":"","overlay-color":"","overlay-opacity":"","overlay-gradient":""},"tablet":{"background-color":"","background-image":"","background-repeat":"repeat","background-position":"center center","background-size":"auto","background-attachment":"scroll","background-type":"","background-media":"","overlay-type":"","overlay-color":"","overlay-opacity":"","overlay-gradient":""},"mobile":{"background-color":"","background-image":"","background-repeat":"repeat","background-position":"center center","background-size":"auto","background-attachment":"scroll","background-type":"","background-media":"","overlay-type":"","overlay-color":"","overlay-opacity":"","overlay-gradient":""}},"ast-content-background-meta":{"desktop":{"background-color":"var(--ast-global-color-5)","background-image":"","background-repeat":"repeat","background-position":"center center","background-size":"auto","background-attachment":"scroll","background-type":"","background-media":"","overlay-type":"","overlay-color":"","overlay-opacity":"","overlay-gradient":""},"tablet":{"background-color":"var(--ast-global-color-5)","background-image":"","background-repeat":"repeat","background-position":"center center","background-size":"auto","background-attachment":"scroll","background-type":"","background-media":"","overlay-type":"","overlay-color":"","overlay-opacity":"","overlay-gradient":""},"mobile":{"background-color":"var(--ast-global-color-5)","background-image":"","background-repeat":"repeat","background-position":"center center","background-size":"auto","background-attachment":"scroll","background-type":"","background-media":"","overlay-type":"","overlay-color":"","overlay-opacity":"","overlay-gradient":""}},"footnotes":""},"class_list":["post-38","page","type-page","status-publish","hentry"],"post_mailing_queue_ids":[],"_links":{"self":[{"href":"https:\/\/agora.xtec.cat\/ceipsafa\/wp-json\/wp\/v2\/pages\/38","targetHints":{"allow":["GET"]}}],"collection":[{"href":"https:\/\/agora.xtec.cat\/ceipsafa\/wp-json\/wp\/v2\/pages"}],"about":[{"href":"https:\/\/agora.xtec.cat\/ceipsafa\/wp-json\/wp\/v2\/types\/page"}],"author":[{"embeddable":true,"href":"https:\/\/agora.xtec.cat\/ceipsafa\/wp-json\/wp\/v2\/users\/1"}],"replies":[{"embeddable":true,"href":"https:\/\/agora.xtec.cat\/ceipsafa\/wp-json\/wp\/v2\/comments?post=38"}],"version-history":[{"count":3,"href":"https:\/\/agora.xtec.cat\/ceipsafa\/wp-json\/wp\/v2\/pages\/38\/revisions"}],"predecessor-version":[{"id":1627,"href":"https:\/\/agora.xtec.cat\/ceipsafa\/wp-json\/wp\/v2\/pages\/38\/revisions\/1627"}],"up":[{"embeddable":true,"href":"https:\/\/agora.xtec.cat\/ceipsafa\/wp-json\/wp\/v2\/pages\/22"}],"wp:attachment":[{"href":"https:\/\/agora.xtec.cat\/ceipsafa\/wp-json\/wp\/v2\/media?parent=38"}],"curies":[{"name":"wp","href":"https:\/\/api.w.org\/{rel}","templated":true}]}}