{"id":26,"date":"2014-09-18T12:24:32","date_gmt":"2014-09-18T11:24:32","guid":{"rendered":"http:\/\/agora.xtec.cat\/ceipsafa\/?page_id=26"},"modified":"2025-03-11T11:02:12","modified_gmt":"2025-03-11T10:02:12","slug":"historia","status":"publish","type":"page","link":"https:\/\/agora.xtec.cat\/ceipsafa\/lescola\/historia\/","title":{"rendered":"La nostra escola"},"content":{"rendered":"<p data-start=\"0\" data-end=\"67\"><strong data-start=\"0\" data-end=\"65\">Escola Sagrada Fam\u00edlia: Un espai per cr\u00e9ixer i aprendre junts<\/strong><\/p>\n<p data-start=\"69\" data-end=\"387\">L\u2019<strong data-start=\"71\" data-end=\"97\">Escola Sagrada Fam\u00edlia<\/strong> \u00e9s molt m\u00e9s que un centre educatiu: som una <strong data-start=\"142\" data-end=\"170\">comunitat d\u2019aprenentatge<\/strong> oberta, inclusiva i compromesa amb el desenvolupament integral dels infants. Som una escola <strong data-start=\"263\" data-end=\"319\">catalana, laica, plural, democr\u00e0tica i participativa<\/strong>, on cada alumne troba el seu espai per cr\u00e9ixer i desenvolupar-se.<\/p>\n<p data-start=\"389\" data-end=\"651\">El nostre projecte educatiu evoluciona constantment per adaptar-se a les necessitats del m\u00f3n actual. Apostem per un ensenyament <strong data-start=\"517\" data-end=\"548\">significatiu i competencial<\/strong>, que prepara els infants per a la vida, fomentant l\u2019autonomia, el pensament cr\u00edtic i la creativitat.<\/p>\n<p data-start=\"653\" data-end=\"1122\">\ud83d\udccc <strong data-start=\"656\" data-end=\"679\">Els nostres pilars:<\/strong><br data-start=\"679\" data-end=\"682\" \/>\u2714\ufe0f Un ambient acollidor on l\u2019alumnat se senti <strong data-start=\"728\" data-end=\"761\">escoltat, valorat i respectat<\/strong>.<br data-start=\"762\" data-end=\"765\" \/>\u2714\ufe0f Una educaci\u00f3 <strong data-start=\"781\" data-end=\"799\">personalitzada<\/strong>, atenent la diversitat i oferint recursos adaptats a cada nen i nena.<br data-start=\"869\" data-end=\"872\" \/>\u2714\ufe0f Un model d\u2019ensenyament innovador que potencia la <strong data-start=\"924\" data-end=\"966\">conviv\u00e8ncia, el benestar i el respecte<\/strong> cap als altres i l\u2019entorn.<br data-start=\"993\" data-end=\"996\" \/>\u2714\ufe0f Una metodologia variada i din\u00e0mica per garantir <strong data-start=\"1047\" data-end=\"1074\">igualtat d\u2019oportunitats<\/strong> i afavorir el creixement de tots els infants.<\/p>\n<p data-start=\"1124\" data-end=\"1355\" data-is-last-node=\"\" data-is-only-node=\"\">A l\u2019Escola Sagrada Fam\u00edlia, preparem el nostre alumnat per afrontar els reptes d\u2019un m\u00f3n en constant canvi, amb una mirada posada en el futur i en l\u2019aprenentatge al llarg de tota la vida. <strong data-start=\"1311\" data-end=\"1349\">Creixem junts, aprenem per sempre!<\/strong><\/p>\n","protected":false},"excerpt":{"rendered":"<p>Escola Sagrada Fam\u00edlia: Un espai per cr\u00e9ixer i aprendre junts L\u2019Escola Sagrada Fam\u00edlia \u00e9s molt m\u00e9s que un centre educatiu: som una comunitat d\u2019aprenentatge oberta, inclusiva i compromesa amb el desenvolupament integral dels infants. Som una escola catalana, laica, plural, democr\u00e0tica i participativa, on cada alumne troba el seu espai per cr\u00e9ixer i desenvolupar-se. El [&hellip;]<\/p>\n","protected":false},"author":1,"featured_media":0,"parent":22,"menu_order":20,"comment_status":"closed","ping_status":"closed","template":"page-templates\/side-menu.php","meta":{"_bbp_topic_count":0,"_bbp_reply_count":0,"_bbp_total_topic_count":0,"_bbp_total_reply_count":0,"_bbp_voice_count":0,"_bbp_anonymous_reply_count":0,"_bbp_topic_count_hidden":0,"_bbp_reply_count_hidden":0,"_bbp_forum_subforum_count":0,"site-sidebar-layout":"default","site-content-layout":"","ast-site-content-layout":"","site-content-style":"default","site-sidebar-style":"default","ast-global-header-display":"","ast-banner-title-visibility":"","ast-main-header-display":"","ast-hfb-above-header-display":"","ast-hfb-below-header-display":"","ast-hfb-mobile-header-display":"","site-post-title":"","ast-breadcrumbs-content":"","ast-featured-img":"","footer-sml-layout":"","theme-transparent-header-meta":"","adv-header-id-meta":"","stick-header-meta":"","header-above-stick-meta":"","header-main-stick-meta":"","header-below-stick-meta":"","astra-migrate-meta-layouts":"default","ast-page-background-enabled":"default","ast-page-background-meta":{"desktop":{"background-color":"var(--ast-global-color-4)","background-image":"","background-repeat":"repeat","background-position":"center center","background-size":"auto","background-attachment":"scroll","background-type":"","background-media":"","overlay-type":"","overlay-color":"","overlay-opacity":"","overlay-gradient":""},"tablet":{"background-color":"","background-image":"","background-repeat":"repeat","background-position":"center center","background-size":"auto","background-attachment":"scroll","background-type":"","background-media":"","overlay-type":"","overlay-color":"","overlay-opacity":"","overlay-gradient":""},"mobile":{"background-color":"","background-image":"","background-repeat":"repeat","background-position":"center center","background-size":"auto","background-attachment":"scroll","background-type":"","background-media":"","overlay-type":"","overlay-color":"","overlay-opacity":"","overlay-gradient":""}},"ast-content-background-meta":{"desktop":{"background-color":"var(--ast-global-color-5)","background-image":"","background-repeat":"repeat","background-position":"center center","background-size":"auto","background-attachment":"scroll","background-type":"","background-media":"","overlay-type":"","overlay-color":"","overlay-opacity":"","overlay-gradient":""},"tablet":{"background-color":"var(--ast-global-color-5)","background-image":"","background-repeat":"repeat","background-position":"center center","background-size":"auto","background-attachment":"scroll","background-type":"","background-media":"","overlay-type":"","overlay-color":"","overlay-opacity":"","overlay-gradient":""},"mobile":{"background-color":"var(--ast-global-color-5)","background-image":"","background-repeat":"repeat","background-position":"center center","background-size":"auto","background-attachment":"scroll","background-type":"","background-media":"","overlay-type":"","overlay-color":"","overlay-opacity":"","overlay-gradient":""}},"footnotes":""},"class_list":["post-26","page","type-page","status-publish","hentry"],"post_mailing_queue_ids":[],"_links":{"self":[{"href":"https:\/\/agora.xtec.cat\/ceipsafa\/wp-json\/wp\/v2\/pages\/26","targetHints":{"allow":["GET"]}}],"collection":[{"href":"https:\/\/agora.xtec.cat\/ceipsafa\/wp-json\/wp\/v2\/pages"}],"about":[{"href":"https:\/\/agora.xtec.cat\/ceipsafa\/wp-json\/wp\/v2\/types\/page"}],"author":[{"embeddable":true,"href":"https:\/\/agora.xtec.cat\/ceipsafa\/wp-json\/wp\/v2\/users\/1"}],"replies":[{"embeddable":true,"href":"https:\/\/agora.xtec.cat\/ceipsafa\/wp-json\/wp\/v2\/comments?post=26"}],"version-history":[{"count":5,"href":"https:\/\/agora.xtec.cat\/ceipsafa\/wp-json\/wp\/v2\/pages\/26\/revisions"}],"predecessor-version":[{"id":1624,"href":"https:\/\/agora.xtec.cat\/ceipsafa\/wp-json\/wp\/v2\/pages\/26\/revisions\/1624"}],"up":[{"embeddable":true,"href":"https:\/\/agora.xtec.cat\/ceipsafa\/wp-json\/wp\/v2\/pages\/22"}],"wp:attachment":[{"href":"https:\/\/agora.xtec.cat\/ceipsafa\/wp-json\/wp\/v2\/media?parent=26"}],"curies":[{"name":"wp","href":"https:\/\/api.w.org\/{rel}","templated":true}]}}