{"id":1806,"date":"2025-10-03T13:11:16","date_gmt":"2025-10-03T11:11:16","guid":{"rendered":"https:\/\/agora.xtec.cat\/ceipsafa\/?page_id=1806"},"modified":"2026-01-16T09:35:20","modified_gmt":"2026-01-16T08:35:20","slug":"consell-escolar","status":"publish","type":"page","link":"https:\/\/agora.xtec.cat\/ceipsafa\/consell-escolar\/","title":{"rendered":"Consell Escolar"},"content":{"rendered":"<p data-start=\"169\" data-end=\"405\">El Consell Escolar \u00e9s l\u2019\u00f2rgan col\u00b7legiat de participaci\u00f3 i govern del nostre centre educatiu. Est\u00e0 format per representants de tota la comunitat educativa: direcci\u00f3, professorat, fam\u00edlies, alumnat i personal d\u2019administraci\u00f3 i serveis. La seva funci\u00f3 principal \u00e9s vetllar pel bon funcionament de l\u2019escola, prendre decisions rellevants en mat\u00e8ria organitzativa i educativa, i fomentar la participaci\u00f3 activa de tots els sectors que en formen part.<\/p>\n<p data-start=\"169\" data-end=\"405\">Entre les seves compet\u00e8ncies destaquen:<\/p>\n<ul data-start=\"663\" data-end=\"915\">\n<li data-start=\"663\" data-end=\"735\">\n<p data-start=\"665\" data-end=\"735\">Aprovar i avaluar els projectes i normes de funcionament del centre.<\/p>\n<\/li>\n<li data-start=\"736\" data-end=\"789\">\n<p data-start=\"738\" data-end=\"789\">Participar en l\u2019elaboraci\u00f3 del projecte educatiu.<\/p>\n<\/li>\n<li data-start=\"790\" data-end=\"860\">\n<p data-start=\"792\" data-end=\"860\">Con\u00e8ixer i valorar la gesti\u00f3 econ\u00f2mica i els recursos disponibles.<\/p>\n<\/li>\n<li data-start=\"861\" data-end=\"915\">\n<p data-start=\"863\" data-end=\"915\">Impulsar la col\u00b7laboraci\u00f3 entre escola i fam\u00edlies.<\/p>\n<\/li>\n<\/ul>\n<p data-start=\"917\" data-end=\"1111\">El Consell Escolar \u00e9s, doncs, un espai de di\u00e0leg, representaci\u00f3 i comprom\u00eds que garanteix que les decisions del centre responguin a les necessitats i interessos de tota la comunitat educativa.<\/p>\n<p data-start=\"917\" data-end=\"1111\"><strong>MEMBRES DEL CONSELL ESCOLAR &#8211; darrera renovaci\u00f3 desembre 2025.<\/strong><\/p>\n<table class=\" aligncenter\" style=\"height: 517px; width: 40.5904%; border-collapse: collapse; border-color: #216349; background-color: #bee6d3;\">\n<tbody>\n<tr style=\"height: 32px;\">\n<td style=\"width: 43.0437%; height: 32px;\"><strong>SECTOR<\/strong><\/td>\n<td style=\"width: 146.167%; height: 32px;\"><\/td>\n<\/tr>\n<tr style=\"height: 32px;\">\n<td style=\"width: 43.0437%; height: 32px;\"><strong>Presidenta<\/strong><\/td>\n<td style=\"width: 146.167%; height: 32px;\">Laura Alcaina Ruiz<\/td>\n<\/tr>\n<tr style=\"height: 32px;\">\n<td style=\"width: 43.0437%; height: 32px;\"><strong>Cap d&#8217;estudis<\/strong><\/td>\n<td style=\"width: 146.167%; height: 32px;\">Yolanda Mel\u00fas Clemente<\/td>\n<\/tr>\n<tr style=\"height: 32px;\">\n<td style=\"width: 43.0437%; height: 32px;\"><strong>Secret\u00e0ria<\/strong><\/td>\n<td style=\"width: 146.167%; height: 32px;\">Ana Palencia Ruiz<\/td>\n<\/tr>\n<tr style=\"height: 32px;\">\n<td style=\"width: 43.0437%; height: 32px;\"><strong>Fam\u00edlies<\/strong><\/td>\n<td style=\"width: 146.167%; height: 32px;\">Judith Lancharro Rom\u00e1n<\/td>\n<\/tr>\n<tr style=\"height: 32px;\">\n<td style=\"width: 43.0437%; height: 32px;\"><\/td>\n<td style=\"width: 146.167%; height: 32px;\">Marta Lorenzo S\u00e1nchez<\/td>\n<\/tr>\n<tr style=\"height: 32px;\">\n<td style=\"width: 43.0437%; height: 32px;\"><\/td>\n<td style=\"width: 146.167%; height: 32px;\">Anna Mu\u00f1oz Puiggr\u00f2s<\/td>\n<\/tr>\n<tr style=\"height: 32px;\">\n<td style=\"width: 43.0437%; height: 32px;\"><\/td>\n<td style=\"width: 146.167%; height: 32px;\">Eloy Pastor Hurtado<\/td>\n<\/tr>\n<tr style=\"height: 32px;\">\n<td style=\"width: 43.0437%; height: 32px;\"><strong>Mestres<\/strong><\/td>\n<td style=\"width: 146.167%; height: 32px;\">Vanessa Hern\u00e1ndez Cotera<\/td>\n<\/tr>\n<tr style=\"height: 32px;\">\n<td style=\"width: 43.0437%; height: 32px;\"><\/td>\n<td style=\"width: 146.167%; height: 32px;\">Esther G\u00f3mez Angl\u00e8s<\/td>\n<\/tr>\n<tr style=\"height: 32px;\">\n<td style=\"width: 43.0437%; height: 32px;\"><\/td>\n<td style=\"width: 146.167%; height: 32px;\">Elisabet Domene Gim\u00e9nez<\/td>\n<\/tr>\n<tr style=\"height: 32px;\">\n<td style=\"width: 43.0437%; height: 32px;\"><\/td>\n<td style=\"width: 146.167%; height: 32px;\">Ainhoa Garc\u00eda Vivas<\/td>\n<\/tr>\n<tr style=\"height: 32px;\">\n<td style=\"width: 43.0437%; height: 32px;\"><\/td>\n<td style=\"width: 146.167%; height: 32px;\">Teresa Molero Creus<\/td>\n<\/tr>\n<tr style=\"height: 32px;\">\n<td style=\"width: 43.0437%; height: 32px;\"><strong>PAS<\/strong><\/td>\n<td style=\"width: 146.167%; height: 32px;\">Javier Casta\u00f1eda Luque<\/td>\n<\/tr>\n<tr style=\"height: 32px;\">\n<td style=\"width: 43.0437%; height: 32px;\"><strong>AFA<\/strong><\/td>\n<td style=\"width: 146.167%; height: 32px;\">Miriam Gallango Mart\u00edn<\/td>\n<\/tr>\n<tr>\n<td style=\"width: 43.0437%;\"><strong>Ajuntament<\/strong><\/td>\n<td style=\"width: 146.167%;\">Francisco Javier Ruiz Escobar<\/td>\n<\/tr>\n<\/tbody>\n<\/table>\n<p>&nbsp;<\/p>\n","protected":false},"excerpt":{"rendered":"<p>El Consell Escolar \u00e9s l\u2019\u00f2rgan col\u00b7legiat de participaci\u00f3 i govern del nostre centre educatiu. Est\u00e0 format per representants de tota la comunitat educativa: direcci\u00f3, professorat, fam\u00edlies, alumnat i personal d\u2019administraci\u00f3 i serveis. La seva funci\u00f3 principal \u00e9s vetllar pel bon funcionament de l\u2019escola, prendre decisions rellevants en mat\u00e8ria organitzativa i educativa, i fomentar la participaci\u00f3 [&hellip;]<\/p>\n","protected":false},"author":7,"featured_media":0,"parent":0,"menu_order":0,"comment_status":"closed","ping_status":"closed","template":"","meta":{"_bbp_topic_count":0,"_bbp_reply_count":0,"_bbp_total_topic_count":0,"_bbp_total_reply_count":0,"_bbp_voice_count":0,"_bbp_anonymous_reply_count":0,"_bbp_topic_count_hidden":0,"_bbp_reply_count_hidden":0,"_bbp_forum_subforum_count":0,"site-sidebar-layout":"default","site-content-layout":"","ast-site-content-layout":"","site-content-style":"default","site-sidebar-style":"default","ast-global-header-display":"","ast-banner-title-visibility":"","ast-main-header-display":"","ast-hfb-above-header-display":"","ast-hfb-below-header-display":"","ast-hfb-mobile-header-display":"","site-post-title":"","ast-breadcrumbs-content":"","ast-featured-img":"","footer-sml-layout":"","theme-transparent-header-meta":"","adv-header-id-meta":"","stick-header-meta":"","header-above-stick-meta":"","header-main-stick-meta":"","header-below-stick-meta":"","astra-migrate-meta-layouts":"default","ast-page-background-enabled":"default","ast-page-background-meta":{"desktop":{"background-color":"var(--ast-global-color-4)","background-image":"","background-repeat":"repeat","background-position":"center center","background-size":"auto","background-attachment":"scroll","background-type":"","background-media":"","overlay-type":"","overlay-color":"","overlay-opacity":"","overlay-gradient":""},"tablet":{"background-color":"","background-image":"","background-repeat":"repeat","background-position":"center center","background-size":"auto","background-attachment":"scroll","background-type":"","background-media":"","overlay-type":"","overlay-color":"","overlay-opacity":"","overlay-gradient":""},"mobile":{"background-color":"","background-image":"","background-repeat":"repeat","background-position":"center center","background-size":"auto","background-attachment":"scroll","background-type":"","background-media":"","overlay-type":"","overlay-color":"","overlay-opacity":"","overlay-gradient":""}},"ast-content-background-meta":{"desktop":{"background-color":"var(--ast-global-color-5)","background-image":"","background-repeat":"repeat","background-position":"center center","background-size":"auto","background-attachment":"scroll","background-type":"","background-media":"","overlay-type":"","overlay-color":"","overlay-opacity":"","overlay-gradient":""},"tablet":{"background-color":"var(--ast-global-color-5)","background-image":"","background-repeat":"repeat","background-position":"center center","background-size":"auto","background-attachment":"scroll","background-type":"","background-media":"","overlay-type":"","overlay-color":"","overlay-opacity":"","overlay-gradient":""},"mobile":{"background-color":"var(--ast-global-color-5)","background-image":"","background-repeat":"repeat","background-position":"center center","background-size":"auto","background-attachment":"scroll","background-type":"","background-media":"","overlay-type":"","overlay-color":"","overlay-opacity":"","overlay-gradient":""}},"footnotes":""},"class_list":["post-1806","page","type-page","status-publish","hentry"],"post_mailing_queue_ids":[],"_links":{"self":[{"href":"https:\/\/agora.xtec.cat\/ceipsafa\/wp-json\/wp\/v2\/pages\/1806","targetHints":{"allow":["GET"]}}],"collection":[{"href":"https:\/\/agora.xtec.cat\/ceipsafa\/wp-json\/wp\/v2\/pages"}],"about":[{"href":"https:\/\/agora.xtec.cat\/ceipsafa\/wp-json\/wp\/v2\/types\/page"}],"author":[{"embeddable":true,"href":"https:\/\/agora.xtec.cat\/ceipsafa\/wp-json\/wp\/v2\/users\/7"}],"replies":[{"embeddable":true,"href":"https:\/\/agora.xtec.cat\/ceipsafa\/wp-json\/wp\/v2\/comments?post=1806"}],"version-history":[{"count":5,"href":"https:\/\/agora.xtec.cat\/ceipsafa\/wp-json\/wp\/v2\/pages\/1806\/revisions"}],"predecessor-version":[{"id":1896,"href":"https:\/\/agora.xtec.cat\/ceipsafa\/wp-json\/wp\/v2\/pages\/1806\/revisions\/1896"}],"wp:attachment":[{"href":"https:\/\/agora.xtec.cat\/ceipsafa\/wp-json\/wp\/v2\/media?parent=1806"}],"curies":[{"name":"wp","href":"https:\/\/api.w.org\/{rel}","templated":true}]}}