{"id":1099,"date":"2024-03-01T15:14:56","date_gmt":"2024-03-01T14:14:56","guid":{"rendered":"https:\/\/agora.xtec.cat\/ceipsafa\/?page_id=1099"},"modified":"2025-03-11T11:13:17","modified_gmt":"2025-03-11T10:13:17","slug":"quotes","status":"publish","type":"page","link":"https:\/\/agora.xtec.cat\/ceipsafa\/quotes\/","title":{"rendered":"Quotes"},"content":{"rendered":"<p data-start=\"37\" data-end=\"237\">Les <strong data-start=\"41\" data-end=\"63\">quotes de material<\/strong> per a cada curs escolar s\u00f3n aprovades pel Consell Escolar de Centre i es cobren de manera anual durant el primer trimestre. Aquestes s\u00f3n les quotes per cada etapa educativa:<\/p>\n<ul data-start=\"239\" data-end=\"355\">\n<li data-start=\"239\" data-end=\"271\"><strong data-start=\"241\" data-end=\"263\">Educaci\u00f3 Infantil:<\/strong> 120 \u20ac<\/li>\n<li data-start=\"272\" data-end=\"300\"><strong data-start=\"274\" data-end=\"292\">Cicle Inicial:<\/strong> 100 \u20ac<\/li>\n<li data-start=\"301\" data-end=\"326\"><strong data-start=\"303\" data-end=\"319\">Cicle Mitj\u00e0:<\/strong> 80 \u20ac<\/li>\n<li data-start=\"327\" data-end=\"355\"><strong data-start=\"329\" data-end=\"348\">Cicle Superior:<\/strong> 80 \u20ac<\/li>\n<\/ul>\n<p data-start=\"357\" data-end=\"545\">Pel que fa a les <strong data-start=\"374\" data-end=\"386\">sortides<\/strong>, aquestes tamb\u00e9 s\u00f3n aprovades pel Consell Escolar de manera anual. El preu de cada sortida \u00e9s variable i es paga de manera independent per a cada activitat.<\/p>\n<p data-start=\"547\" data-end=\"766\" data-is-last-node=\"\" data-is-only-node=\"\">Aquest sistema permet una gesti\u00f3 eficient i transparent de les despeses relacionades amb els materials i activitats extraescolars, garantint que tots els infants tinguin acc\u00e9s a les mateixes oportunitats d&#8217;aprenentatge.<\/p>\n<p>&nbsp;<\/p>\n","protected":false},"excerpt":{"rendered":"<p>Les quotes de material per a cada curs escolar s\u00f3n aprovades pel Consell Escolar de Centre i es cobren de manera anual durant el primer trimestre. Aquestes s\u00f3n les quotes per cada etapa educativa: Educaci\u00f3 Infantil: 120 \u20ac Cicle Inicial: 100 \u20ac Cicle Mitj\u00e0: 80 \u20ac Cicle Superior: 80 \u20ac Pel que fa a les [&hellip;]<\/p>\n","protected":false},"author":7,"featured_media":0,"parent":0,"menu_order":0,"comment_status":"closed","ping_status":"closed","template":"","meta":{"_bbp_topic_count":0,"_bbp_reply_count":0,"_bbp_total_topic_count":0,"_bbp_total_reply_count":0,"_bbp_voice_count":0,"_bbp_anonymous_reply_count":0,"_bbp_topic_count_hidden":0,"_bbp_reply_count_hidden":0,"_bbp_forum_subforum_count":0,"site-sidebar-layout":"default","site-content-layout":"","ast-site-content-layout":"","site-content-style":"default","site-sidebar-style":"default","ast-global-header-display":"","ast-banner-title-visibility":"","ast-main-header-display":"","ast-hfb-above-header-display":"","ast-hfb-below-header-display":"","ast-hfb-mobile-header-display":"","site-post-title":"","ast-breadcrumbs-content":"","ast-featured-img":"","footer-sml-layout":"","theme-transparent-header-meta":"","adv-header-id-meta":"","stick-header-meta":"","header-above-stick-meta":"","header-main-stick-meta":"","header-below-stick-meta":"","astra-migrate-meta-layouts":"default","ast-page-background-enabled":"default","ast-page-background-meta":{"desktop":{"background-color":"var(--ast-global-color-4)","background-image":"","background-repeat":"repeat","background-position":"center center","background-size":"auto","background-attachment":"scroll","background-type":"","background-media":"","overlay-type":"","overlay-color":"","overlay-opacity":"","overlay-gradient":""},"tablet":{"background-color":"","background-image":"","background-repeat":"repeat","background-position":"center center","background-size":"auto","background-attachment":"scroll","background-type":"","background-media":"","overlay-type":"","overlay-color":"","overlay-opacity":"","overlay-gradient":""},"mobile":{"background-color":"","background-image":"","background-repeat":"repeat","background-position":"center center","background-size":"auto","background-attachment":"scroll","background-type":"","background-media":"","overlay-type":"","overlay-color":"","overlay-opacity":"","overlay-gradient":""}},"ast-content-background-meta":{"desktop":{"background-color":"var(--ast-global-color-5)","background-image":"","background-repeat":"repeat","background-position":"center center","background-size":"auto","background-attachment":"scroll","background-type":"","background-media":"","overlay-type":"","overlay-color":"","overlay-opacity":"","overlay-gradient":""},"tablet":{"background-color":"var(--ast-global-color-5)","background-image":"","background-repeat":"repeat","background-position":"center center","background-size":"auto","background-attachment":"scroll","background-type":"","background-media":"","overlay-type":"","overlay-color":"","overlay-opacity":"","overlay-gradient":""},"mobile":{"background-color":"var(--ast-global-color-5)","background-image":"","background-repeat":"repeat","background-position":"center center","background-size":"auto","background-attachment":"scroll","background-type":"","background-media":"","overlay-type":"","overlay-color":"","overlay-opacity":"","overlay-gradient":""}},"footnotes":""},"class_list":["post-1099","page","type-page","status-publish","hentry"],"post_mailing_queue_ids":[],"_links":{"self":[{"href":"https:\/\/agora.xtec.cat\/ceipsafa\/wp-json\/wp\/v2\/pages\/1099","targetHints":{"allow":["GET"]}}],"collection":[{"href":"https:\/\/agora.xtec.cat\/ceipsafa\/wp-json\/wp\/v2\/pages"}],"about":[{"href":"https:\/\/agora.xtec.cat\/ceipsafa\/wp-json\/wp\/v2\/types\/page"}],"author":[{"embeddable":true,"href":"https:\/\/agora.xtec.cat\/ceipsafa\/wp-json\/wp\/v2\/users\/7"}],"replies":[{"embeddable":true,"href":"https:\/\/agora.xtec.cat\/ceipsafa\/wp-json\/wp\/v2\/comments?post=1099"}],"version-history":[{"count":4,"href":"https:\/\/agora.xtec.cat\/ceipsafa\/wp-json\/wp\/v2\/pages\/1099\/revisions"}],"predecessor-version":[{"id":1629,"href":"https:\/\/agora.xtec.cat\/ceipsafa\/wp-json\/wp\/v2\/pages\/1099\/revisions\/1629"}],"wp:attachment":[{"href":"https:\/\/agora.xtec.cat\/ceipsafa\/wp-json\/wp\/v2\/media?parent=1099"}],"curies":[{"name":"wp","href":"https:\/\/api.w.org\/{rel}","templated":true}]}}