{"id":66,"date":"2014-09-18T12:40:47","date_gmt":"2014-09-18T11:40:47","guid":{"rendered":"http:\/\/agora.xtec.cat\/ceipsab\/?page_id=66"},"modified":"2020-09-28T10:52:54","modified_gmt":"2020-09-28T08:52:54","slug":"serveis","status":"publish","type":"page","link":"https:\/\/agora.xtec.cat\/ceipsab\/serveis\/","title":{"rendered":"Menjador escolar COM A CASA"},"content":{"rendered":"<p>&nbsp;<\/p>\n<p><img loading=\"lazy\" decoding=\"async\" class=\"aligncenter  wp-image-6605\" src=\"https:\/\/agora.xtec.cat\/ceipsab\/wp-content\/uploads\/usu1011\/2020\/09\/COM-A-CASA.jpg\" alt=\"\" width=\"643\" height=\"148\" srcset=\"https:\/\/agora.xtec.cat\/ceipsab\/wp-content\/uploads\/usu1011\/2020\/09\/COM-A-CASA.jpg 960w, https:\/\/agora.xtec.cat\/ceipsab\/wp-content\/uploads\/usu1011\/2020\/09\/COM-A-CASA-300x69.jpg 300w, https:\/\/agora.xtec.cat\/ceipsab\/wp-content\/uploads\/usu1011\/2020\/09\/COM-A-CASA-768x177.jpg 768w\" sizes=\"auto, (max-width: 643px) 100vw, 643px\" \/><\/p>\n<p>Com a Casa Menjador Escolars \u00e9s una empresa de caire familiar, on les persones s\u00f3n el nostre actiu m\u00e9s valu\u00f3s, dedicada al servei de restauraci\u00f3 de col\u00b7lectivitats, especialment en l\u2019\u00e0mbit escolar.<\/p>\n<p>Donar un servei de qualitat, tant al menjador com a l\u2019estona de lleure, i respectar el medi ambient amb un plantejament sostenible i de proximitat, s\u00f3n dos dels punts m\u00e9s rellevants del nostre ideari.<\/p>\n<p>&nbsp;<\/p>\n<p>&nbsp;<\/p>\n","protected":false},"excerpt":{"rendered":"<p>&nbsp;<\/p>\n<p>Com a Casa Menjador Escolars \u00e9s una empresa de caire familiar, on les persones s\u00f3n el nostre actiu m\u00e9s valu\u00f3s, dedicada al servei de restauraci\u00f3 de col\u00b7lectivitats, especialment en l\u2019\u00e0mbit escolar.<br \/>\nDonar un servei de qualitat, tant al menjador com a l\u2019estona de lleure, i respectar&hellip;  <a href=\"https:\/\/agora.xtec.cat\/ceipsab\/serveis\/\" title=\"Read Menjador escolar COM A CASA\">Llegeix m\u00e9s\u00bb<\/a><\/p>\n","protected":false},"author":1,"featured_media":0,"parent":0,"menu_order":0,"comment_status":"closed","ping_status":"closed","template":"page-templates\/side-menu.php","meta":{"_bbp_topic_count":0,"_bbp_reply_count":0,"_bbp_total_topic_count":0,"_bbp_total_reply_count":0,"_bbp_voice_count":0,"_bbp_anonymous_reply_count":0,"_bbp_topic_count_hidden":0,"_bbp_reply_count_hidden":0,"_bbp_forum_subforum_count":0,"footnotes":""},"class_list":["post-66","page","type-page","status-publish","hentry"],"post_mailing_queue_ids":[],"_links":{"self":[{"href":"https:\/\/agora.xtec.cat\/ceipsab\/wp-json\/wp\/v2\/pages\/66","targetHints":{"allow":["GET"]}}],"collection":[{"href":"https:\/\/agora.xtec.cat\/ceipsab\/wp-json\/wp\/v2\/pages"}],"about":[{"href":"https:\/\/agora.xtec.cat\/ceipsab\/wp-json\/wp\/v2\/types\/page"}],"author":[{"embeddable":true,"href":"https:\/\/agora.xtec.cat\/ceipsab\/wp-json\/wp\/v2\/users\/1"}],"replies":[{"embeddable":true,"href":"https:\/\/agora.xtec.cat\/ceipsab\/wp-json\/wp\/v2\/comments?post=66"}],"version-history":[{"count":3,"href":"https:\/\/agora.xtec.cat\/ceipsab\/wp-json\/wp\/v2\/pages\/66\/revisions"}],"predecessor-version":[{"id":6606,"href":"https:\/\/agora.xtec.cat\/ceipsab\/wp-json\/wp\/v2\/pages\/66\/revisions\/6606"}],"wp:attachment":[{"href":"https:\/\/agora.xtec.cat\/ceipsab\/wp-json\/wp\/v2\/media?parent=66"}],"curies":[{"name":"wp","href":"https:\/\/api.w.org\/{rel}","templated":true}]}}