{"id":1064,"date":"2016-11-09T13:42:47","date_gmt":"2016-11-09T12:42:47","guid":{"rendered":"http:\/\/agora.xtec.cat\/ceipsab\/?page_id=1064"},"modified":"2019-11-20T09:33:09","modified_gmt":"2019-11-20T08:33:09","slug":"junta-directiva","status":"publish","type":"page","link":"https:\/\/agora.xtec.cat\/ceipsab\/ampa\/junta-directiva\/","title":{"rendered":"Presentaci\u00f3"},"content":{"rendered":"<p><b>Benvolgudes fam\u00edlies.<\/b><\/p>\n<p><b>En aquesta presentaci\u00f3n ens agradar\u00eda explira-vos les persones que formen la Junta de l\u2019Ampa, les seves funcions i les finalitats de l\u2019AMPA dintre de la comunitat educativa de l\u2019escola.<\/b><\/p>\n<p><b>Ens agradar\u00eda us anim\u00e9ssiu a formar part de la nostra fam\u00edlia i poder aix\u00ed col.laborar en les activitats que es preparen durant tot el curs pels nostres fills. La vostra col.laboraci\u00f3 es molt important per la nostra escola!<\/b><\/p>\n<p><b>Gr\u00e0cies per la vostra atenci\u00f3!\u00a0<\/b><\/p>\n<p>&nbsp;<\/p>\n<p>https:\/\/youtu.be\/zr1xseFoJvg<\/p>\n","protected":false},"excerpt":{"rendered":"<p>Benvolgudes fam\u00edlies.<br \/>\nEn aquesta presentaci\u00f3n ens agradar\u00eda explira-vos les persones que formen la Junta de l\u2019Ampa, les seves funcions i les finalitats de l\u2019AMPA dintre de la comunitat educativa de l\u2019escola.<br \/>\nEns agradar\u00eda us anim\u00e9ssiu a formar part de la nostra fam\u00edlia i poder aix\u00ed col.laborar en&hellip;  <a href=\"https:\/\/agora.xtec.cat\/ceipsab\/ampa\/junta-directiva\/\" title=\"Read Presentaci\u00f3\">Llegeix m\u00e9s\u00bb<\/a><\/p>\n","protected":false},"author":3,"featured_media":0,"parent":1062,"menu_order":1,"comment_status":"closed","ping_status":"closed","template":"","meta":{"_bbp_topic_count":0,"_bbp_reply_count":0,"_bbp_total_topic_count":0,"_bbp_total_reply_count":0,"_bbp_voice_count":0,"_bbp_anonymous_reply_count":0,"_bbp_topic_count_hidden":0,"_bbp_reply_count_hidden":0,"_bbp_forum_subforum_count":0,"footnotes":""},"class_list":["post-1064","page","type-page","status-publish","hentry"],"post_mailing_queue_ids":[],"_links":{"self":[{"href":"https:\/\/agora.xtec.cat\/ceipsab\/wp-json\/wp\/v2\/pages\/1064","targetHints":{"allow":["GET"]}}],"collection":[{"href":"https:\/\/agora.xtec.cat\/ceipsab\/wp-json\/wp\/v2\/pages"}],"about":[{"href":"https:\/\/agora.xtec.cat\/ceipsab\/wp-json\/wp\/v2\/types\/page"}],"author":[{"embeddable":true,"href":"https:\/\/agora.xtec.cat\/ceipsab\/wp-json\/wp\/v2\/users\/3"}],"replies":[{"embeddable":true,"href":"https:\/\/agora.xtec.cat\/ceipsab\/wp-json\/wp\/v2\/comments?post=1064"}],"version-history":[{"count":2,"href":"https:\/\/agora.xtec.cat\/ceipsab\/wp-json\/wp\/v2\/pages\/1064\/revisions"}],"predecessor-version":[{"id":4822,"href":"https:\/\/agora.xtec.cat\/ceipsab\/wp-json\/wp\/v2\/pages\/1064\/revisions\/4822"}],"up":[{"embeddable":true,"href":"https:\/\/agora.xtec.cat\/ceipsab\/wp-json\/wp\/v2\/pages\/1062"}],"wp:attachment":[{"href":"https:\/\/agora.xtec.cat\/ceipsab\/wp-json\/wp\/v2\/media?parent=1064"}],"curies":[{"name":"wp","href":"https:\/\/api.w.org\/{rel}","templated":true}]}}