{"id":588,"date":"2023-06-12T11:41:46","date_gmt":"2023-06-12T09:41:46","guid":{"rendered":"https:\/\/agora.xtec.cat\/ceiprossendmontane\/?page_id=588"},"modified":"2023-11-01T10:30:48","modified_gmt":"2023-11-01T09:30:48","slug":"steam","status":"publish","type":"page","link":"https:\/\/agora.xtec.cat\/ceiprossendmontane\/pagina-dinici-buida\/steam\/","title":{"rendered":"STE(a)M"},"content":{"rendered":"<p>La metodologia <strong>STE(a)M<\/strong> consisteix a resoldre un repte aplicant les \u00e0rees de ci\u00e8ncia (<strong>S<\/strong>cience), tecnologia (<strong>T<\/strong>echnology), enginyeria (<strong>E<\/strong>ngineering), art (<strong>A<\/strong>rt) i matem\u00e0tiques (<strong>M<\/strong>athematics).<\/p>\n<p>A partir d&#8217;una situaci\u00f3 real es busca que l&#8217;alumnat sigui capa\u00e7 de realitzar hip\u00f2tesis i prengui un rol actiu a l&#8217;hora de buscar possibles solucions i fomentar aix\u00ed el pensament cr\u00edtic. Aquesta metodologia permet treballar les diferents \u00e0rees de forma interdisciplin\u00e0ria i aix\u00ed poder aprendre d&#8217;una manera globalitzada i significativa.<\/p>\n<p><a href=\"https:\/\/drive.google.com\/file\/d\/1PkNq8e_3MYEmrWnvSs-4kmC7_ldSHOSs\/view?usp=drive_link\">\u00a0 \u00a0 \u00a0 \u00a0 \u00a0<img loading=\"lazy\" decoding=\"async\" class=\"alignnone wp-image-642\" src=\"https:\/\/agora.xtec.cat\/ceiprossendmontane\/wp-content\/uploads\/usu2330\/2023\/06\/Copia-de-Private-Learning-Logo-1.jpg\" alt=\"\" width=\"269\" height=\"269\" srcset=\"https:\/\/agora.xtec.cat\/ceiprossendmontane\/wp-content\/uploads\/usu2330\/2023\/06\/Copia-de-Private-Learning-Logo-1.jpg 500w, https:\/\/agora.xtec.cat\/ceiprossendmontane\/wp-content\/uploads\/usu2330\/2023\/06\/Copia-de-Private-Learning-Logo-1-300x300.jpg 300w, https:\/\/agora.xtec.cat\/ceiprossendmontane\/wp-content\/uploads\/usu2330\/2023\/06\/Copia-de-Private-Learning-Logo-1-150x150.jpg 150w\" sizes=\"auto, (max-width: 269px) 100vw, 269px\" \/><\/a> <a href=\"https:\/\/drive.google.com\/file\/d\/13hVDWk5laTPjf1fdY_bPDwTH29yv_lAS\/view?usp=drive_link\"><img loading=\"lazy\" decoding=\"async\" class=\"alignnone wp-image-660\" src=\"https:\/\/agora.xtec.cat\/ceiprossendmontane\/wp-content\/uploads\/usu2330\/2023\/06\/Copia-de-Private-Learning-Logo-4.jpg\" alt=\"\" width=\"276\" height=\"276\" srcset=\"https:\/\/agora.xtec.cat\/ceiprossendmontane\/wp-content\/uploads\/usu2330\/2023\/06\/Copia-de-Private-Learning-Logo-4.jpg 500w, https:\/\/agora.xtec.cat\/ceiprossendmontane\/wp-content\/uploads\/usu2330\/2023\/06\/Copia-de-Private-Learning-Logo-4-300x300.jpg 300w, https:\/\/agora.xtec.cat\/ceiprossendmontane\/wp-content\/uploads\/usu2330\/2023\/06\/Copia-de-Private-Learning-Logo-4-150x150.jpg 150w\" sizes=\"auto, (max-width: 276px) 100vw, 276px\" \/><\/a><a href=\"https:\/\/drive.google.com\/file\/d\/1PvKOqhlyzbF-YhEG01_ANCTGaFtDmGdl\/view?usp=drive_link\"><img loading=\"lazy\" decoding=\"async\" class=\"alignnone wp-image-795\" src=\"https:\/\/agora.xtec.cat\/ceiprossendmontane\/wp-content\/uploads\/usu2330\/2023\/06\/Copia-de-Private-Learning-Logo-7.jpg\" alt=\"\" width=\"272\" height=\"272\" srcset=\"https:\/\/agora.xtec.cat\/ceiprossendmontane\/wp-content\/uploads\/usu2330\/2023\/06\/Copia-de-Private-Learning-Logo-7.jpg 500w, https:\/\/agora.xtec.cat\/ceiprossendmontane\/wp-content\/uploads\/usu2330\/2023\/06\/Copia-de-Private-Learning-Logo-7-300x300.jpg 300w, https:\/\/agora.xtec.cat\/ceiprossendmontane\/wp-content\/uploads\/usu2330\/2023\/06\/Copia-de-Private-Learning-Logo-7-150x150.jpg 150w\" sizes=\"auto, (max-width: 272px) 100vw, 272px\" \/><\/a><\/p>\n","protected":false},"excerpt":{"rendered":"<p>La metodologia STE(a)M consisteix a resoldre un repte aplicant les \u00e0rees de ci\u00e8ncia (Science), tecnologia (Technology), enginyeria (Engineering), art (Art) i matem\u00e0tiques (Mathematics).<br \/>\nA partir d&#8217;una situaci\u00f3 real es busca que l&#8217;alumnat sigui capa\u00e7 de realitzar hip\u00f2tesis i prengui un rol actiu a l&#8217;hora de buscar&hellip;  <a href=\"https:\/\/agora.xtec.cat\/ceiprossendmontane\/pagina-dinici-buida\/steam\/\" title=\"Read STE(a)M\">Llegeix m\u00e9s\u00bb<\/a><\/p>\n","protected":false},"author":1,"featured_media":0,"parent":9,"menu_order":20,"comment_status":"closed","ping_status":"closed","template":"page-templates\/side-menu.php","meta":{"_bbp_topic_count":0,"_bbp_reply_count":0,"_bbp_total_topic_count":0,"_bbp_total_reply_count":0,"_bbp_voice_count":0,"_bbp_anonymous_reply_count":0,"_bbp_topic_count_hidden":0,"_bbp_reply_count_hidden":0,"_bbp_forum_subforum_count":0,"footnotes":""},"class_list":["post-588","page","type-page","status-publish","hentry"],"post_mailing_queue_ids":[],"_links":{"self":[{"href":"https:\/\/agora.xtec.cat\/ceiprossendmontane\/wp-json\/wp\/v2\/pages\/588","targetHints":{"allow":["GET"]}}],"collection":[{"href":"https:\/\/agora.xtec.cat\/ceiprossendmontane\/wp-json\/wp\/v2\/pages"}],"about":[{"href":"https:\/\/agora.xtec.cat\/ceiprossendmontane\/wp-json\/wp\/v2\/types\/page"}],"author":[{"embeddable":true,"href":"https:\/\/agora.xtec.cat\/ceiprossendmontane\/wp-json\/wp\/v2\/users\/1"}],"replies":[{"embeddable":true,"href":"https:\/\/agora.xtec.cat\/ceiprossendmontane\/wp-json\/wp\/v2\/comments?post=588"}],"version-history":[{"count":5,"href":"https:\/\/agora.xtec.cat\/ceiprossendmontane\/wp-json\/wp\/v2\/pages\/588\/revisions"}],"predecessor-version":[{"id":1055,"href":"https:\/\/agora.xtec.cat\/ceiprossendmontane\/wp-json\/wp\/v2\/pages\/588\/revisions\/1055"}],"up":[{"embeddable":true,"href":"https:\/\/agora.xtec.cat\/ceiprossendmontane\/wp-json\/wp\/v2\/pages\/9"}],"wp:attachment":[{"href":"https:\/\/agora.xtec.cat\/ceiprossendmontane\/wp-json\/wp\/v2\/media?parent=588"}],"curies":[{"name":"wp","href":"https:\/\/api.w.org\/{rel}","templated":true}]}}