{"id":582,"date":"2023-06-05T13:26:07","date_gmt":"2023-06-05T11:26:07","guid":{"rendered":"https:\/\/agora.xtec.cat\/ceiprossendmontane\/?page_id=582"},"modified":"2026-02-06T14:56:41","modified_gmt":"2026-02-06T13:56:41","slug":"informat","status":"publish","type":"page","link":"https:\/\/agora.xtec.cat\/ceiprossendmontane\/lescola\/informat\/","title":{"rendered":"Informa&#8217;t"},"content":{"rendered":"<p><em>L&#8217;Informa&#8217;t<\/em> \u00e9s un dels canals de comunicaci\u00f3 escola-fam\u00edlia. L&#8217;utilitzem per a donar a con\u00e8ixer not\u00edcies relacionades amb el funcionament del centre, activitats i altres informacions rellevants.<\/p>\n<ul>\n<li><a href=\"https:\/\/agora.xtec.cat\/ceiprossendmontane\/wp-content\/uploads\/usu2330\/2026\/01\/1.-1-7-25-Inform@t-1.pdf\">1. Inform<span class=\"\"><span class=\"\">@<\/span>&#8216;t 1-7-25<\/span><\/a><\/li>\n<li><a href=\"https:\/\/agora.xtec.cat\/ceiprossendmontane\/wp-content\/uploads\/usu2330\/2026\/01\/2.-9-9-25-Inform@t-1.pdf\">2. Inform<span class=\"\">@<\/span>&#8216;t 9-9-25<\/a><\/li>\n<li><a href=\"https:\/\/agora.xtec.cat\/ceiprossendmontane\/wp-content\/uploads\/usu2330\/2026\/01\/3.-Inform@t-26-9-25.pdf\">3. Inform@&#8217;t 26-9-25<\/a><\/li>\n<li><a href=\"https:\/\/agora.xtec.cat\/ceiprossendmontane\/wp-content\/uploads\/usu2330\/2026\/01\/4.-Inform@t-23-10-25-1.pdf\">4. Inform@&#8217;t 23-10-25<\/a><\/li>\n<li><a href=\"https:\/\/agora.xtec.cat\/ceiprossendmontane\/wp-content\/uploads\/usu2330\/2026\/01\/5.-Inform@t-18-11-25.pdf\">5. Inform@&#8217;t 18-11-25<\/a><\/li>\n<li><a href=\"https:\/\/agora.xtec.cat\/ceiprossendmontane\/wp-content\/uploads\/usu2330\/2026\/01\/6.-Inform@t-9-12-25-1.pdf\">6. Inform@&#8217;t 9-12-25<\/a><\/li>\n<li><a href=\"https:\/\/agora.xtec.cat\/ceiprossendmontane\/wp-content\/uploads\/usu2330\/2026\/01\/7.-Inform@T.-19-12-25-1.pdf\">7. Inform@&#8217;t\u00a019-12-25<\/a><\/li>\n<li><a href=\"https:\/\/agora.xtec.cat\/ceiprossendmontane\/wp-content\/uploads\/usu2330\/2026\/01\/Inform@t-8-1.pdf\">8. Inform<span class=\"\">@&#8217;<\/span>t\u00a0 15-1-26<\/a><\/li>\n<li><a href=\"https:\/\/agora.xtec.cat\/ceiprossendmontane\/wp-content\/uploads\/usu2330\/2026\/02\/Inform@t-9-6-2-26-1.pdf\">9. Inform@&#8217;t 6-2-26<\/a><\/li>\n<\/ul>\n","protected":false},"excerpt":{"rendered":"<p>L&#8217;Informa&#8217;t \u00e9s un dels canals de comunicaci\u00f3 escola-fam\u00edlia. L&#8217;utilitzem per a donar a con\u00e8ixer not\u00edcies relacionades amb el funcionament del centre, activitats i altres informacions rellevants.<\/p>\n<ul>\n<li><a href=\"https:\/\/agora.xtec.cat\/ceiprossendmontane\/wp-content\/uploads\/usu2330\/2026\/01\/1.-1-7-25-Inform@t-1.pdf\">1. Inform@&#8216;t 1-7-25<\/a><\/li>\n<li><a href=\"https:\/\/agora.xtec.cat\/ceiprossendmontane\/wp-content\/uploads\/usu2330\/2026\/01\/2.-9-9-25-Inform@t-1.pdf\">2. Inform@&#8216;t 9-9-25<\/a><\/li>\n<li><a href=\"https:\/\/agora.xtec.cat\/ceiprossendmontane\/wp-content\/uploads\/usu2330\/2026\/01\/3.-Inform@t-26-9-25.pdf\">3. Inform@&#8217;t 26-9-25<\/a><\/li>\n<li><a href=\"https:\/\/agora.xtec.cat\/ceiprossendmontane\/wp-content\/uploads\/usu2330\/2026\/01\/4.-Inform@t-23-10-25-1.pdf\">4. Inform@&#8217;t 23-10-25<\/a><\/li>\n<li><a href=\"https:\/\/agora.xtec.cat\/ceiprossendmontane\/wp-content\/uploads\/usu2330\/2026\/01\/5.-Inform@t-18-11-25.pdf\">5. Inform@&#8217;t 18-11-25<\/a><\/li>\n<li><a href=\"https:\/\/agora.xtec.cat\/ceiprossendmontane\/wp-content\/uploads\/usu2330\/2026\/01\/6.-Inform@t-9-12-25-1.pdf\">6. Inform@&#8217;t 9-12-25<\/a><\/li>\n<li><a href=\"https:\/\/agora.xtec.cat\/ceiprossendmontane\/wp-content\/uploads\/usu2330\/2026\/01\/7.-Inform@T.-19-12-25-1.pdf\">7.&hellip;  <a href=\"https:\/\/agora.xtec.cat\/ceiprossendmontane\/lescola\/informat\/\" title=\"Read Informa&#8217;t\">Llegeix m\u00e9s\u00bb<\/a><br \/>\n","protected":false},"author":1,"featured_media":0,"parent":22,"menu_order":60,"comment_status":"closed","ping_status":"closed","template":"page-templates\/side-menu.php","meta":{"_bbp_topic_count":0,"_bbp_reply_count":0,"_bbp_total_topic_count":0,"_bbp_total_reply_count":0,"_bbp_voice_count":0,"_bbp_anonymous_reply_count":0,"_bbp_topic_count_hidden":0,"_bbp_reply_count_hidden":0,"_bbp_forum_subforum_count":0,"footnotes":""},"class_list":["post-582","page","type-page","status-publish","hentry"],"post_mailing_queue_ids":[],"_links":{"self":[{"href":"https:\/\/agora.xtec.cat\/ceiprossendmontane\/wp-json\/wp\/v2\/pages\/582","targetHints":{"allow":["GET"]}}],"collection":[{"href":"https:\/\/agora.xtec.cat\/ceiprossendmontane\/wp-json\/wp\/v2\/pages"}],"about":[{"href":"https:\/\/agora.xtec.cat\/ceiprossendmontane\/wp-json\/wp\/v2\/types\/page"}],"author":[{"embeddable":true,"href":"https:\/\/agora.xtec.cat\/ceiprossendmontane\/wp-json\/wp\/v2\/users\/1"}],"replies":[{"embeddable":true,"href":"https:\/\/agora.xtec.cat\/ceiprossendmontane\/wp-json\/wp\/v2\/comments?post=582"}],"version-history":[{"count":6,"href":"https:\/\/agora.xtec.cat\/ceiprossendmontane\/wp-json\/wp\/v2\/pages\/582\/revisions"}],"predecessor-version":[{"id":2027,"href":"https:\/\/agora.xtec.cat\/ceiprossendmontane\/wp-json\/wp\/v2\/pages\/582\/revisions\/2027"}],"up":[{"embeddable":true,"href":"https:\/\/agora.xtec.cat\/ceiprossendmontane\/wp-json\/wp\/v2\/pages\/22"}],"wp:attachment":[{"href":"https:\/\/agora.xtec.cat\/ceiprossendmontane\/wp-json\/wp\/v2\/media?parent=582"}],"curies":[{"name":"wp","href":"https:\/\/api.w.org\/{rel}","templated":true}]}}