{"id":1245,"date":"2024-01-22T11:34:40","date_gmt":"2024-01-22T10:34:40","guid":{"rendered":"https:\/\/agora.xtec.cat\/ceiprossendmontane\/?page_id=1245"},"modified":"2024-01-22T12:35:08","modified_gmt":"2024-01-22T11:35:08","slug":"projecte-rossend-montane","status":"publish","type":"page","link":"https:\/\/agora.xtec.cat\/ceiprossendmontane\/pagina-dinici-buida\/projecte-rossend-montane\/","title":{"rendered":"Projecte Rossend Montan\u00e9"},"content":{"rendered":"<p><a href=\"https:\/\/agora.xtec.cat\/ceiprossendmontane\/wp-content\/uploads\/usu2330\/2024\/01\/Captura11.jpg\"><img loading=\"lazy\" decoding=\"async\" class=\"size-medium wp-image-1259 alignright\" src=\"https:\/\/agora.xtec.cat\/ceiprossendmontane\/wp-content\/uploads\/usu2330\/2024\/01\/Captura11-272x300.jpg\" alt=\"\" width=\"272\" height=\"300\" srcset=\"https:\/\/agora.xtec.cat\/ceiprossendmontane\/wp-content\/uploads\/usu2330\/2024\/01\/Captura11-272x300.jpg 272w, https:\/\/agora.xtec.cat\/ceiprossendmontane\/wp-content\/uploads\/usu2330\/2024\/01\/Captura11.jpg 589w\" sizes=\"auto, (max-width: 272px) 100vw, 272px\" \/><\/a><\/p>\n<p>&nbsp;<\/p>\n<p style=\"text-align: left;\">El Rossend Montan\u00e9 va ser una figura molt rellevant dintre del nostre municipi: va ser alcalde i tamb\u00e9 ADF d&#8217;Ol\u00e8rdola. Des de l&#8217;escola treballem alguns dels valors que promovia com la solidaritat, el treball en equip i l&#8217;estima per l&#8217;entorn.<\/p>\n<p style=\"text-align: left;\">Si voleu saber m\u00e9s informaci\u00f3 sobre el projecte Rossend Montan\u00e9 podeu clicar <a href=\"https:\/\/drive.google.com\/file\/d\/1_BXN04idk42Lm6FkshoPF7JtAh8nqgEi\/view?usp=drive_link\">aqu\u00ed<\/a>.<\/p>\n<p>&nbsp;<\/p>\n<p>&nbsp;<\/p>\n","protected":false},"excerpt":{"rendered":"<p><a href=\"https:\/\/agora.xtec.cat\/ceiprossendmontane\/wp-content\/uploads\/usu2330\/2024\/01\/Captura11.jpg\"><\/a><br \/>\n&nbsp;<br \/>\nEl Rossend Montan\u00e9 va ser una figura molt rellevant dintre del nostre municipi: va ser alcalde i tamb\u00e9 ADF d&#8217;Ol\u00e8rdola. Des de l&#8217;escola treballem alguns dels valors que promovia com la solidaritat, el treball en equip i l&#8217;estima per l&#8217;entorn.<br \/>\nSi voleu saber m\u00e9s informaci\u00f3&hellip;  <a href=\"https:\/\/agora.xtec.cat\/ceiprossendmontane\/pagina-dinici-buida\/projecte-rossend-montane\/\" title=\"Read Projecte Rossend Montan\u00e9\">Llegeix m\u00e9s\u00bb<\/a><\/p>\n","protected":false},"author":1,"featured_media":0,"parent":9,"menu_order":40,"comment_status":"closed","ping_status":"closed","template":"page-templates\/side-menu.php","meta":{"_bbp_topic_count":0,"_bbp_reply_count":0,"_bbp_total_topic_count":0,"_bbp_total_reply_count":0,"_bbp_voice_count":0,"_bbp_anonymous_reply_count":0,"_bbp_topic_count_hidden":0,"_bbp_reply_count_hidden":0,"_bbp_forum_subforum_count":0,"footnotes":""},"class_list":["post-1245","page","type-page","status-publish","hentry"],"post_mailing_queue_ids":[],"_links":{"self":[{"href":"https:\/\/agora.xtec.cat\/ceiprossendmontane\/wp-json\/wp\/v2\/pages\/1245","targetHints":{"allow":["GET"]}}],"collection":[{"href":"https:\/\/agora.xtec.cat\/ceiprossendmontane\/wp-json\/wp\/v2\/pages"}],"about":[{"href":"https:\/\/agora.xtec.cat\/ceiprossendmontane\/wp-json\/wp\/v2\/types\/page"}],"author":[{"embeddable":true,"href":"https:\/\/agora.xtec.cat\/ceiprossendmontane\/wp-json\/wp\/v2\/users\/1"}],"replies":[{"embeddable":true,"href":"https:\/\/agora.xtec.cat\/ceiprossendmontane\/wp-json\/wp\/v2\/comments?post=1245"}],"version-history":[{"count":7,"href":"https:\/\/agora.xtec.cat\/ceiprossendmontane\/wp-json\/wp\/v2\/pages\/1245\/revisions"}],"predecessor-version":[{"id":1274,"href":"https:\/\/agora.xtec.cat\/ceiprossendmontane\/wp-json\/wp\/v2\/pages\/1245\/revisions\/1274"}],"up":[{"embeddable":true,"href":"https:\/\/agora.xtec.cat\/ceiprossendmontane\/wp-json\/wp\/v2\/pages\/9"}],"wp:attachment":[{"href":"https:\/\/agora.xtec.cat\/ceiprossendmontane\/wp-json\/wp\/v2\/media?parent=1245"}],"curies":[{"name":"wp","href":"https:\/\/api.w.org\/{rel}","templated":true}]}}