{"id":73,"date":"2014-09-18T14:01:51","date_gmt":"2014-09-18T13:01:51","guid":{"rendered":"http:\/\/agora.xtec.cat\/ceiprosasensat-reus\/?page_id=73"},"modified":"2024-02-29T13:45:16","modified_gmt":"2024-02-29T12:45:16","slug":"menjador-escolar","status":"publish","type":"page","link":"https:\/\/agora.xtec.cat\/ceiprosasensat-reus\/serveis\/menjador-escolar\/","title":{"rendered":"Menjador escolar"},"content":{"rendered":"<h4 class=\"text\"><a href=\"https:\/\/drive.google.com\/drive\/u\/1\/folders\/1xILWwWDNB6RDYkl6ve3HQCzTYiIAMEGS\" target=\"_blank\" rel=\"noopener\"><em><strong>CONSULTA EL MEN\u00da D&#8217;AQUEST MES<\/strong><\/em><\/a><\/h4>\n<p class=\"text\">El servei de menjador que ofereix l&#8217;Escola Rosa Sensat, est\u00e0 gestionat pel Consell Comarcal. Si queden una mitja de 80 nens cada dia. El menjador compta amb les beques que ofereix Serveis Socials a les fam\u00edlies que ho sol\u00b7liciten.<\/p>\n<p class=\"text\">L&#8217;horari de menjador \u00e9s de 14h a 15:30h i actualment compta amb tres monitores. Els nens i les nenes aprenen h\u00e0bits de menjar saludable, compartir taula, h\u00e0bits de conducta, etc.<\/p>\n<p class=\"text\">El Catering que s&#8217;encarrega d&#8217;elaborar el menjar \u00e9s l \u2019empresa:<\/p>\n<p class=\"text Estilo2\" align=\"center\">GRUP CUINA I GESTI\u00d3<br \/>\nPassatge de Gratallops, 22<br \/>\n43206 Reus<br \/>\nTel. 977 31 03 71<\/p>\n<p class=\"titols\" style=\"text-align: left;\" align=\"center\"><em><strong><u>Objectius<\/u><\/strong><\/em><\/p>\n<p class=\"text1\">-Aprendre a seure correctament a taula.<\/p>\n<p>-Adquirir autonomia a l&#8217;hora de menjar.<\/p>\n<p>-Fer servir els coberts correctament (cullera, ganivet i forquilla).<\/p>\n<p>-Treballar els h\u00e0bits de neteja.<\/p>\n<p>-Rentar-se les mans abans i despr\u00e9s de dinar.<\/p>\n<p>-Utilitzar el tovall\u00f3.<\/p>\n<p>-Desar els coberts al recipient adequat.<\/p>\n<p>-No tirar menjar a terra ni als companys.<\/p>\n<p>-Responsabilitzar-se de les tasques t\u00edpiques d&#8217;un menjador: parar, desparar la taula, etc.<\/p>\n<p>-Motivar la participaci\u00f3 activa en les activitats proposades pels monitors o per altres companys.<\/p>\n<p>-Educar en la diversitat i respecte a la difer\u00e8ncia.<\/p>\n","protected":false},"excerpt":{"rendered":"<p><a href=\"https:\/\/drive.google.com\/drive\/u\/1\/folders\/1xILWwWDNB6RDYkl6ve3HQCzTYiIAMEGS\" target=\"_blank\" rel=\"noopener\">CONSULTA EL MEN\u00da D&#8217;AQUEST MES<\/a><br \/>\nEl servei de menjador que ofereix l&#8217;Escola Rosa Sensat, est\u00e0 gestionat pel Consell Comarcal. Si queden una mitja de 80 nens cada dia. El menjador compta amb les beques que ofereix Serveis Socials a les fam\u00edlies que ho&hellip;  <a href=\"https:\/\/agora.xtec.cat\/ceiprosasensat-reus\/serveis\/menjador-escolar\/\" title=\"Read Menjador escolar\">Llegeix m\u00e9s\u00bb<\/a><\/p>\n","protected":false},"author":1,"featured_media":0,"parent":66,"menu_order":30,"comment_status":"closed","ping_status":"closed","template":"page-templates\/side-menu.php","meta":{"_bbp_topic_count":0,"_bbp_reply_count":0,"_bbp_total_topic_count":0,"_bbp_total_reply_count":0,"_bbp_voice_count":0,"_bbp_anonymous_reply_count":0,"_bbp_topic_count_hidden":0,"_bbp_reply_count_hidden":0,"_bbp_forum_subforum_count":0,"footnotes":""},"class_list":["post-73","page","type-page","status-publish","hentry"],"post_mailing_queue_ids":[],"_links":{"self":[{"href":"https:\/\/agora.xtec.cat\/ceiprosasensat-reus\/wp-json\/wp\/v2\/pages\/73","targetHints":{"allow":["GET"]}}],"collection":[{"href":"https:\/\/agora.xtec.cat\/ceiprosasensat-reus\/wp-json\/wp\/v2\/pages"}],"about":[{"href":"https:\/\/agora.xtec.cat\/ceiprosasensat-reus\/wp-json\/wp\/v2\/types\/page"}],"author":[{"embeddable":true,"href":"https:\/\/agora.xtec.cat\/ceiprosasensat-reus\/wp-json\/wp\/v2\/users\/1"}],"replies":[{"embeddable":true,"href":"https:\/\/agora.xtec.cat\/ceiprosasensat-reus\/wp-json\/wp\/v2\/comments?post=73"}],"version-history":[{"count":5,"href":"https:\/\/agora.xtec.cat\/ceiprosasensat-reus\/wp-json\/wp\/v2\/pages\/73\/revisions"}],"predecessor-version":[{"id":4409,"href":"https:\/\/agora.xtec.cat\/ceiprosasensat-reus\/wp-json\/wp\/v2\/pages\/73\/revisions\/4409"}],"up":[{"embeddable":true,"href":"https:\/\/agora.xtec.cat\/ceiprosasensat-reus\/wp-json\/wp\/v2\/pages\/66"}],"wp:attachment":[{"href":"https:\/\/agora.xtec.cat\/ceiprosasensat-reus\/wp-json\/wp\/v2\/media?parent=73"}],"curies":[{"name":"wp","href":"https:\/\/api.w.org\/{rel}","templated":true}]}}