{"id":71,"date":"2014-09-18T12:44:56","date_gmt":"2014-09-18T11:44:56","guid":{"rendered":"http:\/\/agora.xtec.cat\/ceiprosasensat-reus\/?page_id=71"},"modified":"2020-06-26T10:15:59","modified_gmt":"2020-06-26T08:15:59","slug":"serveis-digitals","status":"publish","type":"page","link":"https:\/\/agora.xtec.cat\/ceiprosasensat-reus\/serveis\/serveis-digitals\/","title":{"rendered":"Serveis digitals"},"content":{"rendered":"<p>L&#8217;oferta de <strong>serveis\u00a0digitals<\/strong>\u00a0constitueix un element\u00a0molt important de l&#8217;engranatge d&#8217;un centre educatiu.<\/p>\n<p>En aquesta p\u00e0gina es poden referenciar altres serveis en l\u00ednia\u00a0que ofereix l&#8217;escola com ara Moodle, blogs externs, aplicacions de tutoria o gesti\u00f3 acad\u00e8mica, aplicacions m\u00f2bils, etc.<\/p>\n<p>&nbsp;<\/p>\n<p style=\"text-align: center;\"><a href=\"http:\/\/www.xtec.cat\/ceiprosasensat-reus\/enllacos.html\" target=\"_blank\" rel=\"noopener noreferrer\">ACC\u00c8S ALS RECURSOS TAC DE L&#8217;ESCOLA <\/a><a href=\"http:\/\/agora.xtec.cat\/ceiprosasensat-reus\/wp-content\/uploads\/usu1718\/2014\/09\/recursos_tac.jpg\"><img loading=\"lazy\" decoding=\"async\" class=\"alignnone size-full wp-image-587 aligncenter\" src=\"http:\/\/agora.xtec.cat\/ceiprosasensat-reus\/wp-content\/uploads\/usu1718\/2014\/09\/recursos_tac.jpg\" alt=\"\" width=\"181\" height=\"190\" \/><\/a><\/p>\n<p style=\"text-align: center;\">&#8212;&#8212;&#8212;&#8212;&#8212;&#8212;&#8212;&#8212;&#8212;&#8212;&#8212;&#8212;&#8212;&#8212;&#8212;&#8212;&#8212;&#8212;&#8212;&#8212;&#8212;&#8212;&#8212;&#8212;&#8212;&#8212;&#8212;&#8212;&#8212;&#8212;&#8212;&#8212;&#8212;&#8212;&#8212;&#8212;&#8212;&#8212;&#8212;&#8212;&#8212;&#8212;&#8212;&#8212;&#8211;<\/p>\n<p class=\"titols Estilo7\" align=\"center\"><em><strong><u>BLOG MUSICAL<\/u><\/strong><\/em><\/p>\n<p class=\"Estilo4\" align=\"center\">Aquest blog musical tracta sobre els instruments musicals de vent metall que els alumnes de l&#8217;escola hem anat confeccionant.<\/p>\n<p class=\"Estilo4\" align=\"center\"><a class=\"Estilo8\" href=\"http:\/\/blocs.xtec.cat\/lletresisons\/2013\/12\/26\/projecte-els-instruments-de-vent-metall\/\" target=\"_blank\" rel=\"noopener noreferrer\">ELS INSTRUMENTS DE VENT METALL <\/a><\/p>\n<hr \/>\n<p style=\"text-align: center;\"><span style=\"text-decoration: underline;\">EINES 2.0 QUE UTILITZEM PER A LA NOSTRA COMPET\u00c8NCIA DIGITAL<\/span><\/p>\n<p><iframe loading=\"lazy\" src=\"https:\/\/www.symbaloo.com\/embed\/eines2066?desktopId=1000007010948375\" width=\"920px\" height=\"600px\" name=\"_symFrame\" frameborder=\"0\"><\/iframe><\/p>\n","protected":false},"excerpt":{"rendered":"<p>L&#8217;oferta de serveis\u00a0digitals\u00a0constitueix un element\u00a0molt important de l&#8217;engranatge d&#8217;un centre educatiu.<br \/>\nEn aquesta p\u00e0gina es poden referenciar altres serveis en l\u00ednia\u00a0que ofereix l&#8217;escola com ara Moodle, blogs externs, aplicacions de tutoria o gesti\u00f3 acad\u00e8mica, aplicacions m\u00f2bils, etc.<br \/>\n&nbsp;<br \/>\n<a href=\"http:\/\/www.xtec.cat\/ceiprosasensat-reus\/enllacos.html\" target=\"_blank\" rel=\"noopener noreferrer\">ACC\u00c8S ALS RECURSOS TAC DE L&#8217;ESCOLA&hellip;  <a href=\"https:\/\/agora.xtec.cat\/ceiprosasensat-reus\/serveis\/serveis-digitals\/\" title=\"Read Serveis digitals\">Llegeix m\u00e9s\u00bb<\/a><\/p>\n","protected":false},"author":1,"featured_media":0,"parent":66,"menu_order":10,"comment_status":"closed","ping_status":"closed","template":"page-templates\/side-menu.php","meta":{"_bbp_topic_count":0,"_bbp_reply_count":0,"_bbp_total_topic_count":0,"_bbp_total_reply_count":0,"_bbp_voice_count":0,"_bbp_anonymous_reply_count":0,"_bbp_topic_count_hidden":0,"_bbp_reply_count_hidden":0,"_bbp_forum_subforum_count":0,"footnotes":""},"class_list":["post-71","page","type-page","status-publish","hentry"],"post_mailing_queue_ids":[],"_links":{"self":[{"href":"https:\/\/agora.xtec.cat\/ceiprosasensat-reus\/wp-json\/wp\/v2\/pages\/71","targetHints":{"allow":["GET"]}}],"collection":[{"href":"https:\/\/agora.xtec.cat\/ceiprosasensat-reus\/wp-json\/wp\/v2\/pages"}],"about":[{"href":"https:\/\/agora.xtec.cat\/ceiprosasensat-reus\/wp-json\/wp\/v2\/types\/page"}],"author":[{"embeddable":true,"href":"https:\/\/agora.xtec.cat\/ceiprosasensat-reus\/wp-json\/wp\/v2\/users\/1"}],"replies":[{"embeddable":true,"href":"https:\/\/agora.xtec.cat\/ceiprosasensat-reus\/wp-json\/wp\/v2\/comments?post=71"}],"version-history":[{"count":3,"href":"https:\/\/agora.xtec.cat\/ceiprosasensat-reus\/wp-json\/wp\/v2\/pages\/71\/revisions"}],"predecessor-version":[{"id":2123,"href":"https:\/\/agora.xtec.cat\/ceiprosasensat-reus\/wp-json\/wp\/v2\/pages\/71\/revisions\/2123"}],"up":[{"embeddable":true,"href":"https:\/\/agora.xtec.cat\/ceiprosasensat-reus\/wp-json\/wp\/v2\/pages\/66"}],"wp:attachment":[{"href":"https:\/\/agora.xtec.cat\/ceiprosasensat-reus\/wp-json\/wp\/v2\/media?parent=71"}],"curies":[{"name":"wp","href":"https:\/\/api.w.org\/{rel}","templated":true}]}}