{"id":576,"date":"2018-08-28T10:10:15","date_gmt":"2018-08-28T08:10:15","guid":{"rendered":"http:\/\/agora.xtec.cat\/ceiprosasensat-reus\/?page_id=576"},"modified":"2020-06-26T10:12:14","modified_gmt":"2020-06-26T08:12:14","slug":"activitats-anuals","status":"publish","type":"page","link":"https:\/\/agora.xtec.cat\/ceiprosasensat-reus\/projecte-educatiu\/activitats-anuals\/","title":{"rendered":"Activitats anuals"},"content":{"rendered":"<p><strong><u>ACTIVITATS DINTRE I FORA DEL CENTRE<\/u><\/strong><\/p>\n<p><em><u>TOTA L\u2019ESCOLA:<\/u><\/em><\/p>\n<p><strong>-Pla de Fruites, hortalisses i llet. <\/strong><\/p>\n<p>Amb la intenci\u00f3 fomentar entre l\u2019alumnat una dieta saludable ens vam adherir a aquest programa.<\/p>\n<p><em><u>EDUCACI\u00d3 INFANTIL:<\/u><\/em><\/p>\n<p><strong>-Compra i exposici\u00f3 dels fruits de la Tardor<\/strong><\/p>\n<p>Els alumnes d\u2019Educaci\u00f3 Infantil compren els fruits de la tardor a les botigues del barri, posteriorment fan l\u2019exposici\u00f3 dels fruits.<\/p>\n<p>&#8211;<strong>Visita a les botigues del barri<\/strong><\/p>\n<p>Els alumnes d\u2019Educaci\u00f3 Infantil visiten les botigues del barri per veure quin aliments es v\u00e9nen.<\/p>\n<p><strong>-Visita a la Gu\u00e0rdia Urbana <\/strong><\/p>\n<p>Els alumnes de P4 visiten les depend\u00e8ncies de la Gu\u00e0rdia Urbana per con\u00e8ixer les seves funcions.<\/p>\n<p><strong>-Vella Quaresma i Corpus<\/strong><\/p>\n<p>Els alumnes d\u2019Educaci\u00f3 Infantil, per tal de participar de forma activa a les festes tradicionals de la ciutat, assisteixen a aquestes activitats a les places de la ciutat.<\/p>\n<p><em><u>CICLE INICIAL: <\/u><\/em><\/p>\n<p>&#8211;<strong>Visita al Museu per veure \u201cAra toca festa\u201d i el Parc de Sant Jordi<\/strong><\/p>\n<p>Els alumnes de Cicle Inicial visiten l\u2019exposici\u00f3 per con\u00e8ixer tots els elements de la Festa Major i aprofiten per visitar un dels parcs de la ciutat.<\/p>\n<p><strong>-Visita al Mercat Carrilet<\/strong><\/p>\n<p>Els alumnes de Cicle Inicial realitzen la visita guiada al mercat per con\u00e8ixer les diferents parades de menjars.<\/p>\n<p><strong>-Visita a la Gu\u00e0rdia Urbana <\/strong><\/p>\n<p>\u00c9s bianual i t\u00e9 la finalitat d\u2019iniciar-se en la seguretat vial.<\/p>\n<p><strong>-Visita al parc de bombers<\/strong><\/p>\n<p>\u00c9s bianual i t\u00e9 la finalitat de con\u00e8ixer la tasca dels bombers.<\/p>\n<p><strong>-\u201cCap nen sense saber nedar\u201d <\/strong><\/p>\n<p>Els alumnes de 2n de prim\u00e0ria van a la piscina del Club de Nataci\u00f3 dels Ploms a\u00a0 aprendre a nedar. Aquesta activitat ser\u00e0 avaluada dintre de l\u2019\u00e0rea d\u2019Educaci\u00f3 F\u00edsica i est\u00e0 subvencionada per l\u2019Ajuntament.<\/p>\n<p><strong>\u00a0<\/strong>&#8211;<strong>Taller de salut dental <\/strong><\/p>\n<p>Tot el cicle participa en aprendre a tenir una bona salut bucodental a trav\u00e9s del raspallat i consells pr\u00e0ctics.<\/p>\n<p><em><u>CICLE MITJ\u00c0: <\/u><\/em><\/p>\n<p>&#8211;<strong>Visita guiada i activitats a la Biblioteca Pere Anguera.<\/strong><\/p>\n<p>Els alumnes de 4t fan una visita guiada i una activitat per con\u00e8ixer la Biblioteca i el seu funcionament.<\/p>\n<p><strong>-Contes gitanos<\/strong><\/p>\n<p>\u00c9s bianual. T\u00e9 la finalitat de con\u00e8ixer a trav\u00e9s del conte la cultura gitana<strong>. <\/strong><\/p>\n<p><strong>\u00a0<\/strong><strong>-Visita al Teatre Fortuny, centre de lectura, Prioral i campanar<\/strong><\/p>\n<p>\u00c9s bianual i tocar\u00e0 el curs 2019-20. T\u00e9 la finalitat de con\u00e8ixer el patrimoni cultural de Reus<strong>.<\/strong><\/p>\n<p><strong>\u00a0<\/strong><strong>-Educaci\u00f3 Vi\u00e0ria: <\/strong><\/p>\n<p>Els alumnes de 3r realitzen un taller per la conscienciaci\u00f3 de civisme al carrer. Realitzat per un agent de mobilitat.<\/p>\n<p>&#8211;<strong>Deixalleria M\u00f2bil<\/strong>:<\/p>\n<p>Durant el tercer trimestre la deixalleria fa una visita a l\u2019escola per con\u00e8ixer el tema del reciclatge.<\/p>\n<p>&#8211;<strong>Taller Salud Dental<\/strong><\/p>\n<p>Tot el cicle participa en aprendre a tenir una bona salut bucodental a trav\u00e9s del raspallat i consells pr\u00e0ctics.<\/p>\n<p>&#8211;<strong>Taller \u201cEns asseiem b\u00e9?\u201d<\/strong><\/p>\n<p>Tot el cicle participa en aprendre a tenir una bona cura de la postura del cos.<\/p>\n<p>&#8211;<strong>Taller \u201cSabem el que mengem\u201d<\/strong><\/p>\n<p>Tot el cicle participa en aprendre a recon\u00e8ixer els tipus d\u2019aliments i els nutrients i vitamines que ens aporten.<\/p>\n<p>&#8211;<strong>Taller \u201cL\u2019hora de l\u2019alimentaci\u00f3\u201d<\/strong><\/p>\n<p><strong>\u00a0<\/strong>Tot el cicle participa en aprendre a tenir bons h\u00e0bits alimentaris.<\/p>\n<p><em><u>CICLE SUPERIOR: <\/u>\u00a0<\/em><\/p>\n<p>&#8211;<strong>Gran Nadala a la Pla\u00e7a Mercadal<\/strong><\/p>\n<p>Els alumnes de cicle superior participen en la Gran Nadala preparats pel mestre de m\u00fasica.<\/p>\n<p><strong>-Visita al Museu de Ci\u00e8ncies de l\u2019 Institut Gaud\u00ed <\/strong><\/p>\n<p>Els alumnes de 5\u00e8 realitzen la visita per ampliar coneixements de l\u2019\u00e0rea de Medi Natural.<\/p>\n<p><strong>-Gaud\u00ed Centre<\/strong><\/p>\n<p>\u00c9s bianual. T\u00e9 la finalitat de con\u00e8ixer la figura de Gaud\u00ed, m\u00e0xim representant del Modernisme i nascut a Reus.<\/p>\n<p><strong>\u00a0<\/strong><strong>-Visita a Reus Hist\u00f2ric<\/strong><\/p>\n<p>\u00c9s bianual. T\u00e9 la finalitat de con\u00e8ixer el patrimoni de Reus.<\/p>\n<p><strong>-Palau Bofarull i Ajuntament<\/strong><\/p>\n<p>\u00c9s bianual. T\u00e9 la finalitat de con\u00e8ixer aquests dos edificis, la seva hist\u00f2ria i funcionament.<\/p>\n<p><strong>-Teatre Fortuny i Centre de Lectura<\/strong><\/p>\n<p>\u00c9s bianual. T\u00e9 la finalitat de con\u00e8ixer aquestes entitats dins el patrimoni Cultural de Reus.<\/p>\n<p><strong>\u00a0<\/strong><strong>-Espai Agua<\/strong><\/p>\n<p>\u00c9s bianual. La visita t\u00e9 la finalitat de recon\u00e8ixer el valor de l\u2019aigua i la import\u00e0ncia del seu aprofitament i estalvi.<\/p>\n<p><strong>\u00a0<\/strong><strong>-Camp d\u2019aprenentatge de la Tarragona Romana <\/strong><\/p>\n<p>Activitat bianual de l\u2019\u00e0rea de medi social aprofundint de forma te\u00f2rico-pr\u00e0ctica de la civilitzaci\u00f3 romana.<\/p>\n<p>&#8211;<strong>Educaci\u00f3 Vi\u00e0ria<\/strong><\/p>\n<p>Els alumnes de 5\u00e8 realitzen l\u2019activitat te\u00f2rico-pr\u00e0ctica al parc Infantil de Tr\u00e0nsit.<\/p>\n<p><strong>-Visita a la Gu\u00e0rdia Urbana <\/strong><\/p>\n<p>Els alumnes de 6\u00e8 visiten les depend\u00e8ncies de la Gu\u00e0rdia Urbana per con\u00e8ixer les seves funcions.<\/p>\n<p><strong>-Gimcana d\u2019alimentaci\u00f3 saludable al Mercat del Carrilet<\/strong><\/p>\n<p>Els alumnes de 6\u00e8 desenvolupen una gimcana relacionada amb l\u2019alimentaci\u00f3.<\/p>\n<p><strong>-Fem Coral<\/strong><\/p>\n<p>L\u2019especialista de m\u00fasica prepara els alumnes de 5\u00e8 per participar en l\u2019activitat que aplega diferents escoles cantant una mateixa can\u00e7\u00f3.<\/p>\n<p><em><strong>\u00a0<\/strong><strong><u>UN CURS DE L\u2019ESCOLA:<\/u><\/strong><\/em><\/p>\n<p><strong>-Participaci\u00f3 en la Mostra de Teatre: <\/strong><\/p>\n<p>Els alumnes de EI, CI o 3r de prim\u00e0ria participen en aquest activitat.<\/p>\n<p><strong>&#8211; Nadales a TV Reus<\/strong><\/p>\n<p>El curs que l\u2019especialista de m\u00fasica considera m\u00e9s adient cantar\u00e0 una nadala a les instal\u00b7lacions de TV Reus.<\/p>\n<p>&#8211;<strong>Banc de Sang i Teixits (Activitat Aprenentatge-servei)<\/strong><\/p>\n<p>Els alumnes de 4t participen en la campanya per promoure la donaci\u00f3 de sang. Des del coneixement te\u00f2ric envers la import\u00e0ncia de la sang en el nostre cos a la generositat de la donaci\u00f3 tot creant\u00a0 l\u2019eslogan de la campanya.<\/p>\n<p><strong>-Infants Ciutadans<\/strong><\/p>\n<p>La tutora de 5\u00e8 junt amb els t\u00e8cnics d\u2019Ensenyament de l\u2019Ajuntament treballen amb els alumnes un tema, compartit amb altres escoles fent l\u2019an\u00e0lisi i propostes de millora.<\/p>\n<p><strong>-Banc d\u2019Aliments (Activitat Aprenentatge-servei)<\/strong><\/p>\n<p>Els alumnes de 6\u00e8 participen com a voluntaris en el treball que desenvolupa el Banc d\u2019Aliments amb el Gran Recapte d\u2019Aliments. Pr\u00e8viament reben una xerrada explicativa per part d\u2019algun fundador del Banc o cerquen d\u2019informaci\u00f3 per saber quina \u00e9s la tasca que desenvolupa el Banc d\u2019Aliments, recollida d\u2019aliments i organitzaci\u00f3 de la recollida al magatzem.<\/p>\n<p><em><strong><u>TOTA LA PRIM\u00c0RIA:<\/u><\/strong><\/em><\/p>\n<p><strong>-Recitaci\u00f3 de poemes a la biblioteca Pere Anguera i al Socio Sanitari Ciutat de Reus.<\/strong><\/p>\n<p>Amb la voluntat de col\u00b7laborar amb la comunitat, els alumnes de prim\u00e0ria surten de l\u2019escola i van a recitar els poemes de Nadal a la biblioteca i al socio sanitari.<\/p>\n<p><strong>\u00a0<\/strong><strong>-Visita guiada a l\u2019exposici\u00f3 de l\u2019Obra Social de la Caixa (Pl. Llibertat)<\/strong><\/p>\n<p>Segons el tema i el nivell \u00a0tota la prim\u00e0ria fa la visita.<\/p>\n<p><strong>-Participaci\u00f3 en el Certamen i Mostra de Lectura en Veu Alta<\/strong><\/p>\n<p>A partir de 1r de Prim\u00e0ria i fins a 6\u00e8, els mestres motiven als alumnes a treballar la lectura i a millorar el seu nivell per poder participar en el Certamen. Es presenta un grup redu\u00eft d\u2019alumnes.<\/p>\n<p>Els alumnes d\u2019EE i els de CI participen de forma no competitiva. Els alumnes de CM i CS ho fan de forma competitiva a nivell de tota Catalunya.<\/p>\n<p><strong>-Activitats per a escoles de m\u00e0xima complexitat <\/strong><\/p>\n<p>En funci\u00f3 de l\u2019oferta.<\/p>\n","protected":false},"excerpt":{"rendered":"<p>ACTIVITATS DINTRE I FORA DEL CENTRE<br \/>\nTOTA L\u2019ESCOLA:<br \/>\n-Pla de Fruites, hortalisses i llet.<br \/>\nAmb la intenci\u00f3 fomentar entre l\u2019alumnat una dieta saludable ens vam adherir a aquest programa.<br \/>\nEDUCACI\u00d3 INFANTIL:<br \/>\n-Compra i exposici\u00f3 dels fruits de la Tardor<br \/>\nEls alumnes d\u2019Educaci\u00f3 Infantil compren els fruits de la tardor a&hellip;  <a href=\"https:\/\/agora.xtec.cat\/ceiprosasensat-reus\/projecte-educatiu\/activitats-anuals\/\" title=\"Read Activitats anuals\">Llegeix m\u00e9s\u00bb<\/a><\/p>\n","protected":false},"author":1,"featured_media":0,"parent":64,"menu_order":6,"comment_status":"closed","ping_status":"closed","template":"page-templates\/side-menu.php","meta":{"_bbp_topic_count":0,"_bbp_reply_count":0,"_bbp_total_topic_count":0,"_bbp_total_reply_count":0,"_bbp_voice_count":0,"_bbp_anonymous_reply_count":0,"_bbp_topic_count_hidden":0,"_bbp_reply_count_hidden":0,"_bbp_forum_subforum_count":0,"footnotes":""},"class_list":["post-576","page","type-page","status-publish","hentry"],"post_mailing_queue_ids":[],"_links":{"self":[{"href":"https:\/\/agora.xtec.cat\/ceiprosasensat-reus\/wp-json\/wp\/v2\/pages\/576","targetHints":{"allow":["GET"]}}],"collection":[{"href":"https:\/\/agora.xtec.cat\/ceiprosasensat-reus\/wp-json\/wp\/v2\/pages"}],"about":[{"href":"https:\/\/agora.xtec.cat\/ceiprosasensat-reus\/wp-json\/wp\/v2\/types\/page"}],"author":[{"embeddable":true,"href":"https:\/\/agora.xtec.cat\/ceiprosasensat-reus\/wp-json\/wp\/v2\/users\/1"}],"replies":[{"embeddable":true,"href":"https:\/\/agora.xtec.cat\/ceiprosasensat-reus\/wp-json\/wp\/v2\/comments?post=576"}],"version-history":[{"count":4,"href":"https:\/\/agora.xtec.cat\/ceiprosasensat-reus\/wp-json\/wp\/v2\/pages\/576\/revisions"}],"predecessor-version":[{"id":743,"href":"https:\/\/agora.xtec.cat\/ceiprosasensat-reus\/wp-json\/wp\/v2\/pages\/576\/revisions\/743"}],"up":[{"embeddable":true,"href":"https:\/\/agora.xtec.cat\/ceiprosasensat-reus\/wp-json\/wp\/v2\/pages\/64"}],"wp:attachment":[{"href":"https:\/\/agora.xtec.cat\/ceiprosasensat-reus\/wp-json\/wp\/v2\/media?parent=576"}],"curies":[{"name":"wp","href":"https:\/\/api.w.org\/{rel}","templated":true}]}}