{"id":38,"date":"2014-09-18T12:34:08","date_gmt":"2014-09-18T11:34:08","guid":{"rendered":"http:\/\/agora.xtec.cat\/ceiprosasensat-reus\/?page_id=38"},"modified":"2020-06-26T10:11:26","modified_gmt":"2020-06-26T08:11:26","slug":"salut","status":"publish","type":"page","link":"https:\/\/agora.xtec.cat\/ceiprosasensat-reus\/projecte-educatiu\/salut\/","title":{"rendered":"Normes generals"},"content":{"rendered":"<p><span style=\"text-decoration: underline;\"><em><strong>NORMES GENERALS DE CONVIV\u00c8NCIA RECOLLIDES EN EL NORFC<\/strong><\/em><\/span><\/p>\n<p>(DONADES ALS PARES A LA REUNI\u00d3 D\u2019INICI DE CURS)<\/p>\n<p>Per aconseguir que l\u2019escola funcioni el millor possible \u00e9s necessari que tots hi col\u00b7laborem respectant aquestes normes b\u00e0siques de funcionament.<\/p>\n<ul>\n<li>\u00c9s obligatori fer front al pagament de llibres i material (l\u2019escola d\u00f3na for\u00e7a facilitats: pagament fraccionat , anticipat&#8230;).<\/li>\n<li>A l\u2019inici de curs cal portar el material complementari que s\u2019ha sol.licitat per a cada curs.<\/li>\n<li>Venir a classe cada dia, esmorzats, endre\u00e7ats i amb el material necessari (agenda en prim\u00e0ria, necesser EF i esmorzars pel pati, entre altres).<\/li>\n<li>Si els nens han d\u2019anar al metge o es troben malament, han de venir a buscar-los un adult, no poden sortir sols de l\u2019escola en horari escolar, de menjador o extraescolars.<\/li>\n<li>Revisar agenda di\u00e0riament (vehicle de comunicaci\u00f3 de l\u2019escola) per si hi ha alguna informaci\u00f3 que cal<strong> llegir o signar <\/strong>(els pares tamb\u00e9 podeu escriure per comunicar-nos qualsevol informaci\u00f3).<\/li>\n<li>Cal tenir les autoritzacions signades a principi de curs (qui el recull, si pot marxar sol&#8230;).<\/li>\n<li>\u00c9s obligatori assistir com a m\u00ednim a una reuni\u00f3 amb el tutor. A m\u00e9s a m\u00e9s, cal venir sempre que se\u2019ls citi o se\u2019ls truqui.<\/li>\n<li>Aportar justificant m\u00e8dic o informar verbalment sempre que un alumne no pugui assistir a l\u2019escola. Les faltes d\u2019assist\u00e8ncia es comuniquen mensualment a serveis socials. No es justificaran les faltes d\u2019assist\u00e8ncia reiterades que no tenen cap justificaci\u00f3.<\/li>\n<li>Arribar puntual cada dia a\u00a0 les 9 del mat\u00ed. A partir de les 9,10h s\u2019hauran de quedar a secretaria fins la propera hora de classe (Adormir-se no \u00e9s\u00a0 justificaci\u00f3). M\u00e9s tard d\u2019aquesta hora, l\u2019alumne ha de venir acompanyat SEMPRE per un adult i s\u2019aplicar\u00e0 la mesura correctiva m\u00e9s adient.<\/li>\n<li>Una vegada es tanqui la porta de Mas Iglesias\u00a0 tots els alumnes i pares hauran d\u2019entrar per la porta de Mas Pellicer per motius de seguretat.<\/li>\n<li>Els pares han de deixar els nens a les fileres, mai es pot entrar a les classes en horari escolar. Si cal donar algun enc\u00e0rrec informar als conserges o a direcci\u00f3.<\/li>\n<li>Cal recollir puntualment als nens i esperar-se fora dels edificis. De vegades, un grup pot sortir amb retard si el mestre ho considera oport\u00fa. Els nens que no siguin recollits puntualment estaran a l\u2019edifici principal.<\/li>\n<li>FALTES GREUS: baralles, agressions f\u00edsiques o verbals i amenaces. S\u2019aplicaran mesures correctives immediates.<\/li>\n<li>Cal respectar el material de l\u2019escola, sobretot si \u00e9s d\u2019\u00fas com\u00fa. En cas de fer-lo malb\u00e9, caldr\u00e0 reposar-lo.<\/li>\n<li>Est\u00e0 prohibit portar m\u00f2bil a l\u2019escola. Si no es compleix aquesta norma, es requisar\u00e0 i es guardar\u00e0 a direcci\u00f3 fins a final a del trimestre que s\u2019entregar\u00e0 a la fam\u00edlia.<\/li>\n<li>No portar objectes de valor ja que si es perden l\u2019escola no es fa responsable<\/li>\n<li>Els alumnes que no venen a l\u2019escola per les tardes, no podran gaudir de l\u2019assist\u00e8ncia activitats extraescolars.<\/li>\n<li>Si la fam\u00edlia marxa uns dies de l\u2019escola cal que passin per secretaria i signin un document.<\/li>\n<\/ul>\n","protected":false},"excerpt":{"rendered":"<p>NORMES GENERALS DE CONVIV\u00c8NCIA RECOLLIDES EN EL NORFC<br \/>\n(DONADES ALS PARES A LA REUNI\u00d3 D\u2019INICI DE CURS)<br \/>\nPer aconseguir que l\u2019escola funcioni el millor possible \u00e9s necessari que tots hi col\u00b7laborem respectant aquestes normes b\u00e0siques de funcionament.<\/p>\n<ul>\n<li>\u00c9s obligatori fer front al pagament de llibres i material (l\u2019escola&hellip;  <a href=\"https:\/\/agora.xtec.cat\/ceiprosasensat-reus\/projecte-educatiu\/salut\/\" title=\"Read Normes generals\">Llegeix m\u00e9s\u00bb<\/a><br \/>\n","protected":false},"author":1,"featured_media":0,"parent":64,"menu_order":4,"comment_status":"closed","ping_status":"closed","template":"page-templates\/side-menu.php","meta":{"_bbp_topic_count":0,"_bbp_reply_count":0,"_bbp_total_topic_count":0,"_bbp_total_reply_count":0,"_bbp_voice_count":0,"_bbp_anonymous_reply_count":0,"_bbp_topic_count_hidden":0,"_bbp_reply_count_hidden":0,"_bbp_forum_subforum_count":0,"footnotes":""},"class_list":["post-38","page","type-page","status-publish","hentry"],"post_mailing_queue_ids":[],"_links":{"self":[{"href":"https:\/\/agora.xtec.cat\/ceiprosasensat-reus\/wp-json\/wp\/v2\/pages\/38","targetHints":{"allow":["GET"]}}],"collection":[{"href":"https:\/\/agora.xtec.cat\/ceiprosasensat-reus\/wp-json\/wp\/v2\/pages"}],"about":[{"href":"https:\/\/agora.xtec.cat\/ceiprosasensat-reus\/wp-json\/wp\/v2\/types\/page"}],"author":[{"embeddable":true,"href":"https:\/\/agora.xtec.cat\/ceiprosasensat-reus\/wp-json\/wp\/v2\/users\/1"}],"replies":[{"embeddable":true,"href":"https:\/\/agora.xtec.cat\/ceiprosasensat-reus\/wp-json\/wp\/v2\/comments?post=38"}],"version-history":[{"count":2,"href":"https:\/\/agora.xtec.cat\/ceiprosasensat-reus\/wp-json\/wp\/v2\/pages\/38\/revisions"}],"predecessor-version":[{"id":713,"href":"https:\/\/agora.xtec.cat\/ceiprosasensat-reus\/wp-json\/wp\/v2\/pages\/38\/revisions\/713"}],"up":[{"embeddable":true,"href":"https:\/\/agora.xtec.cat\/ceiprosasensat-reus\/wp-json\/wp\/v2\/pages\/64"}],"wp:attachment":[{"href":"https:\/\/agora.xtec.cat\/ceiprosasensat-reus\/wp-json\/wp\/v2\/media?parent=38"}],"curies":[{"name":"wp","href":"https:\/\/api.w.org\/{rel}","templated":true}]}}