{"id":34,"date":"2014-09-18T12:32:18","date_gmt":"2014-09-18T11:32:18","guid":{"rendered":"http:\/\/agora.xtec.cat\/ceiprosasensat-reus\/?page_id=34"},"modified":"2020-06-26T10:11:51","modified_gmt":"2020-06-26T08:11:51","slug":"oferta-educativa","status":"publish","type":"page","link":"https:\/\/agora.xtec.cat\/ceiprosasensat-reus\/projecte-educatiu\/oferta-educativa\/","title":{"rendered":"Trets d&#8217;identitat"},"content":{"rendered":"<p class=\"text\" align=\"left\">Tenim un ideari d\u2019escola fomentat en els seg\u00fcents trets:<\/p>\n<div align=\"left\">\n<ul type=\"disc\">\n<li class=\"text\">La participaci\u00f3 i el di\u00e0leg:<br \/>\n&#8211; Ens proposem que els pares,\u00a0 com a membres\u00a0 de la comunitat educativa, poc a poc participin i se sentin implicats en l\u2019educaci\u00f3 dels seus fills.<br \/>\n&#8211; Fomentem que els alumnes participin de la vida escolar a trav\u00e9s del di\u00e0leg. Que expressin i busquin propostes per millorar l\u2019escola, aprenguin a valorar les coses positives i a buscar alternatives per acabar amb les negatives.- Propiciem que els alumnes formin part de la vida cultural de la ciutat i se sentin integrats.<\/li>\n<\/ul>\n<ul type=\"disc\">\n<li class=\"text\">La inclusi\u00f3:<br \/>\n&#8211; Treballem perqu\u00e8 els alumnes assisteixin regularment a l\u2019escola.<br \/>\n&#8211; Volem que tots els nostres alumnes se sentim integrants de l\u2019escola on s\u00f3n tractats com a iguals, amb afecte i respecte.<br \/>\n&#8211; Afavorim que a trav\u00e9s del coneixement de la nostra cultura els alumnes nouvinguts s\u2019integrin a la societat que els acull.<br \/>\n&#8211; Fomentem que la cultura gitana s\u2019adoni de la import\u00e0ncia que t\u00e9 la formaci\u00f3 per integrar-se de ple dret a la societat.<br \/>\n&#8211; Treballem perqu\u00e8 els alumnes interioritzin els valors de respecte i solidaritat, es formin com a persones i ciutadans d\u2019una societat m\u00e9s justa.<\/li>\n<\/ul>\n<ul type=\"disc\">\n<li class=\"text\">La igualtat d\u2019oportunitats:<br \/>\n&#8211; Volem que esdevinguin persones amb criteri propi, cr\u00edtiques, solid\u00e0ries, integrades i compromeses amb la millora de la societat.<br \/>\n&#8211; Treballem per respectar les diferents cultures des de les tutories i a trav\u00e9s de les Jornades Culturals i per la continu\u00eftat de la formaci\u00f3 de les nenes gitanes, ajudats pel Promotor Gitano.<br \/>\n&#8211; Afavorim que tots els nostres alumnes tinguin acc\u00e9s a la formaci\u00f3 facilitant-los hi l\u2019acc\u00e9s a beques i proporcionant-los-hi el material necessari pel treball escolar de forma m\u00e9s econ\u00f2mica.<\/li>\n<\/ul>\n<ul type=\"disc\">\n<li class=\"text\">La conviv\u00e8ncia:<br \/>\n&#8211; Millorar la conviv\u00e8ncia fomentant el di\u00e0leg, la comunicaci\u00f3, el respecte, la participaci\u00f3\u00a0 i la resoluci\u00f3 de conflictes. A trav\u00e9s de les tutories i de les reunions dels delegats amb la direcci\u00f3 per posar\u00a0 en com\u00fa les inquietuds dels alumnes i portar noves propostes o temes a tractar.<br \/>\n&#8211; Treballem a favor de potenciar l\u2019adquisici\u00f3 de valors positius.<\/li>\n<\/ul>\n<ul type=\"disc\">\n<li class=\"text\">La qualitat:<br \/>\n&#8211; Oferirem als alumnes els recursos i estrat\u00e8gies necessaris per a aconseguir els millors resultats amb el seu propi esfor\u00e7\u00a0 i const\u00e0ncia.<\/li>\n<\/ul>\n<ul type=\"disc\">\n<li class=\"text\">Aconfessional:<br \/>\n&#8211; Respectem la ideologia de cada fam\u00edlia. Hi ha moltes cultures convivint a l\u2019escola que tenen religions, creences i costums diferents. Respectem aquesta diversitat d\u2019alumnat i ens interessem per con\u00e8ixer i entendre les diferents maneres de pensar.<\/li>\n<\/ul>\n<ul type=\"disc\">\n<li class=\"text\">Atenci\u00f3 a la diversitat:<br \/>\n&#8211; Cada alumne progressa al seu ritme. Tots els nens i nenes tenen unes capacitats diferents i des de l\u2019escola hem de potenciar aquestes capacitats i proporcionar-los eines i estrat\u00e8gies perqu\u00e8 vagin enriquint els seus aprenentatges en totes les \u00e0rees de desenvolupament.<\/li>\n<\/ul>\n<ul type=\"disc\">\n<li class=\"text\">El catal\u00e0 com a llengua\u00a0 vehicular:<br \/>\n&#8211; Consolidar l\u2019\u00fas de la llengua catalana com a llengua vehicular i d\u2019aprenentatge del centre<br \/>\n&#8211; Potenciar l\u2019\u00fas de la llengua catalana com a element b\u00e0sic per a la cohesi\u00f3 social<br \/>\n&#8211; Ser conscients de la import\u00e0ncia que t\u00e9 el coneixement i l\u2019\u00fas de la llengua catalana en la integraci\u00f3 social i cultural dels alumnes en el nostre pa\u00eds.<br \/>\n&#8211; Donar a con\u00e8ixer la\u00a0 cultura catalana, fomentant-ne el respecte i la integraci\u00f3 amb la finalitat de possibilitar una col.laboraci\u00f3 efica\u00e7 sense que ning\u00fa hagi d\u2019abandonar l\u2019originalitat que li \u00e9s pr\u00f2pia.<\/li>\n<li class=\"text\">Escola activa:<br \/>\n&#8211; La nostra base de treball \u00e9s partir dels coneixements previs dels alumnes perqu\u00e8 vagin fent connexions amb els nous aprenentatges.<br \/>\n&#8211; Apostem per l\u2019aprenentatge significatiu, \u00e9s a dir, que els alumnes donin significat i entenguin all\u00f2 que estan fent. I per l\u2019aprenentatge funcional<strong>, <\/strong>\u00e9s a dir, que un cop adquirit els coneixements siguin capa\u00e7os de portar-lo i utilitzar-lo en altres situacions de la vida quotidiana.<br \/>\n&#8211; Fomentem l\u2019observaci\u00f3 directa, la manipulaci\u00f3 i l\u2019experimentaci\u00f3 com a base de l\u2019aprenentatge a trav\u00e9s de l\u2019hort ecol\u00f2gic que tenim a l\u2019escola.<br \/>\n&#8211; Realitzem sortides i visites pel municipi o fora d\u2019ell per potenciar el treball de camp.<br \/>\n&#8211; Participem la\u00a0 cantada de Nadales de TV Reus, la Mostra de Teatre, Certamen de lectura en veu alta i en el Fem Coral de totes les escoles de Reus.<br \/>\n&#8211; Treballem per centre d\u2019inter\u00e8s, projectes, \u00a0racons i tallers.<\/li>\n<\/ul>\n<\/div>\n","protected":false},"excerpt":{"rendered":"<p>Tenim un ideari d\u2019escola fomentat en els seg\u00fcents trets:<\/p>\n<ul type=\"disc\">\n<li class=\"text\">La participaci\u00f3 i el di\u00e0leg:<br \/>\n&#8211; Ens proposem que els pares,\u00a0 com a membres\u00a0 de la comunitat educativa, poc a poc participin i se sentin implicats en l\u2019educaci\u00f3 dels seus fills.<br \/>\n&#8211; Fomentem que els alumnes participin&hellip;  <a href=\"https:\/\/agora.xtec.cat\/ceiprosasensat-reus\/projecte-educatiu\/oferta-educativa\/\" title=\"Read Trets d&#8217;identitat\">Llegeix m\u00e9s\u00bb<\/a><\/p>\n","protected":false},"author":1,"featured_media":0,"parent":64,"menu_order":5,"comment_status":"closed","ping_status":"closed","template":"page-templates\/side-menu.php","meta":{"_bbp_topic_count":0,"_bbp_reply_count":0,"_bbp_total_topic_count":0,"_bbp_total_reply_count":0,"_bbp_voice_count":0,"_bbp_anonymous_reply_count":0,"_bbp_topic_count_hidden":0,"_bbp_reply_count_hidden":0,"_bbp_forum_subforum_count":0,"footnotes":""},"class_list":["post-34","page","type-page","status-publish","hentry"],"post_mailing_queue_ids":[],"_links":{"self":[{"href":"https:\/\/agora.xtec.cat\/ceiprosasensat-reus\/wp-json\/wp\/v2\/pages\/34","targetHints":{"allow":["GET"]}}],"collection":[{"href":"https:\/\/agora.xtec.cat\/ceiprosasensat-reus\/wp-json\/wp\/v2\/pages"}],"about":[{"href":"https:\/\/agora.xtec.cat\/ceiprosasensat-reus\/wp-json\/wp\/v2\/types\/page"}],"author":[{"embeddable":true,"href":"https:\/\/agora.xtec.cat\/ceiprosasensat-reus\/wp-json\/wp\/v2\/users\/1"}],"replies":[{"embeddable":true,"href":"https:\/\/agora.xtec.cat\/ceiprosasensat-reus\/wp-json\/wp\/v2\/comments?post=34"}],"version-history":[{"count":2,"href":"https:\/\/agora.xtec.cat\/ceiprosasensat-reus\/wp-json\/wp\/v2\/pages\/34\/revisions"}],"predecessor-version":[{"id":518,"href":"https:\/\/agora.xtec.cat\/ceiprosasensat-reus\/wp-json\/wp\/v2\/pages\/34\/revisions\/518"}],"up":[{"embeddable":true,"href":"https:\/\/agora.xtec.cat\/ceiprosasensat-reus\/wp-json\/wp\/v2\/pages\/64"}],"wp:attachment":[{"href":"https:\/\/agora.xtec.cat\/ceiprosasensat-reus\/wp-json\/wp\/v2\/media?parent=34"}],"curies":[{"name":"wp","href":"https:\/\/api.w.org\/{rel}","templated":true}]}}