{"id":26,"date":"2014-09-18T12:24:32","date_gmt":"2014-09-18T11:24:32","guid":{"rendered":"http:\/\/agora.xtec.cat\/ceiprosasensat-reus\/?page_id=26"},"modified":"2025-10-09T15:46:54","modified_gmt":"2025-10-09T13:46:54","slug":"historia","status":"publish","type":"page","link":"https:\/\/agora.xtec.cat\/ceiprosasensat-reus\/lescola\/historia\/","title":{"rendered":"Hist\u00f2ria"},"content":{"rendered":"<p>L\u2019escola Rosa Sensat est\u00e0 situada al barri Sant Josep Obrer de la ciutat de Reus. El curs 1981-82 va comen\u00e7ar a funcionar, per tant, t\u00e9 una antiguitat de m\u00e9s de 30 anys.<br \/>\nP\u00fablica i d\u2019una sola l\u00ednia, l&#8217;Escola Rosa Sensat, \u00e9s un centre d\u2019Educaci\u00f3 Infantil i Prim\u00e0ria que dep\u00e8n de la Generalitat de Catalunya i regit per les lleis, disposicions i reglaments que aquesta determina.<br \/>\nL\u2019escola est\u00e0 integrada en el Pla Comunitari del Barri i hi col\u00b7labora en tot all\u00f2 que se li proposa.<br \/>\nL\u2019any 2004 \u00a0l\u2019escola va presentar un projecte per intentar reduir l\u2019absentisme escolar. A partir d\u2019aquell any es treballa en jornada compactada de 9 a 14\u202fh\u00a0 i la sisena hora es fa de 15.30 h a 16.30 h.<br \/>\nActualment, t\u00e9 227 alumnes repartits en quatre cursos d\u2019EI i en sis d\u2019EP.<br \/>\nEl claustre est\u00e0 format per 20 mestres, una T\u00e8cnica en Educaci\u00f3 Infantil, una Auxiliar d\u2019EE i una TIS. Tamb\u00e9, comptem amb el treball d\u2019un conserge i un secretari administratiu a mitja jornada<br \/>\nSetmanalment, la Psicopedagoga de l\u2019EAP ve a l\u2019escola per valorar i derivar casos de NEE derivades de discapacitat intel\u00b7lectual. Un cop al mes la Treballadora Social de l\u2019EAP valora els casos de NEE vinculats a situacions socioecon\u00f2miques i socioculturals desfavorides.<br \/>\nTamb\u00e9, setmanalment, tenim reunions amb l\u2019Educadora Social del barri que forma part d\u2019un equip que treballa des de l\u2019Ajuntament per fer el seguiment de casos que presenten problem\u00e0tica de car\u00e0cter social, familiar i econ\u00f2mica.<br \/>\nQuan ens \u00e9s necessari l\u2019Oficina d\u2019Escolaritzaci\u00f3 Municipal ens facilita la tasca d\u2019una Mediadora Magribina per afavorir l\u2019entesa i superar els problemes idiom\u00e0tics i culturals.<br \/>\nLa nostra escola \u00e9s molt diversa des de l\u2019origen \u00e8tnic, la llengua materna i els ritmes d\u2019aprenentatge.<\/p>\n<p><a href=\"http:\/\/agora.xtec.cat\/ceiprosasensat-reus\/wp-content\/uploads\/usu1718\/2014\/09\/foto2.jpg\"><img loading=\"lazy\" decoding=\"async\" class=\"size-full wp-image-488 aligncenter\" src=\"http:\/\/agora.xtec.cat\/ceiprosasensat-reus\/wp-content\/uploads\/usu1718\/2014\/09\/foto2.jpg\" alt=\"\" width=\"587\" height=\"284\" srcset=\"https:\/\/agora.xtec.cat\/ceiprosasensat-reus\/wp-content\/uploads\/usu1718\/2014\/09\/foto2.jpg 587w, https:\/\/agora.xtec.cat\/ceiprosasensat-reus\/wp-content\/uploads\/usu1718\/2014\/09\/foto2-300x145.jpg 300w\" sizes=\"auto, (max-width: 587px) 100vw, 587px\" \/><\/a><\/p>\n<p><!--a=1--><\/p>\n","protected":false},"excerpt":{"rendered":"<p>L\u2019escola Rosa Sensat est\u00e0 situada al barri Sant Josep Obrer de la ciutat de Reus. El curs 1981-82 va comen\u00e7ar a funcionar, per tant, t\u00e9 una antiguitat de m\u00e9s de 30 anys.<br \/>\nP\u00fablica i d\u2019una sola l\u00ednia, l&#8217;Escola Rosa Sensat, \u00e9s un centre d\u2019Educaci\u00f3 Infantil i&hellip;  <a href=\"https:\/\/agora.xtec.cat\/ceiprosasensat-reus\/lescola\/historia\/\" title=\"Read Hist\u00f2ria\">Llegeix m\u00e9s\u00bb<\/a><\/p>\n","protected":false},"author":1,"featured_media":0,"parent":22,"menu_order":2,"comment_status":"closed","ping_status":"closed","template":"page-templates\/side-menu.php","meta":{"_bbp_topic_count":0,"_bbp_reply_count":0,"_bbp_total_topic_count":0,"_bbp_total_reply_count":0,"_bbp_voice_count":0,"_bbp_anonymous_reply_count":0,"_bbp_topic_count_hidden":0,"_bbp_reply_count_hidden":0,"_bbp_forum_subforum_count":0,"footnotes":""},"class_list":["post-26","page","type-page","status-publish","hentry"],"post_mailing_queue_ids":[],"_links":{"self":[{"href":"https:\/\/agora.xtec.cat\/ceiprosasensat-reus\/wp-json\/wp\/v2\/pages\/26","targetHints":{"allow":["GET"]}}],"collection":[{"href":"https:\/\/agora.xtec.cat\/ceiprosasensat-reus\/wp-json\/wp\/v2\/pages"}],"about":[{"href":"https:\/\/agora.xtec.cat\/ceiprosasensat-reus\/wp-json\/wp\/v2\/types\/page"}],"author":[{"embeddable":true,"href":"https:\/\/agora.xtec.cat\/ceiprosasensat-reus\/wp-json\/wp\/v2\/users\/1"}],"replies":[{"embeddable":true,"href":"https:\/\/agora.xtec.cat\/ceiprosasensat-reus\/wp-json\/wp\/v2\/comments?post=26"}],"version-history":[{"count":3,"href":"https:\/\/agora.xtec.cat\/ceiprosasensat-reus\/wp-json\/wp\/v2\/pages\/26\/revisions"}],"predecessor-version":[{"id":5223,"href":"https:\/\/agora.xtec.cat\/ceiprosasensat-reus\/wp-json\/wp\/v2\/pages\/26\/revisions\/5223"}],"up":[{"embeddable":true,"href":"https:\/\/agora.xtec.cat\/ceiprosasensat-reus\/wp-json\/wp\/v2\/pages\/22"}],"wp:attachment":[{"href":"https:\/\/agora.xtec.cat\/ceiprosasensat-reus\/wp-json\/wp\/v2\/media?parent=26"}],"curies":[{"name":"wp","href":"https:\/\/api.w.org\/{rel}","templated":true}]}}