{"id":77,"date":"2014-09-18T14:05:08","date_gmt":"2014-09-18T13:05:08","guid":{"rendered":"http:\/\/agora.xtec.cat\/ceiprodoredag\/?page_id=77"},"modified":"2025-09-09T13:17:07","modified_gmt":"2025-09-09T11:17:07","slug":"acollida","status":"publish","type":"page","link":"https:\/\/agora.xtec.cat\/ceiprodoredag\/serveis\/acollida\/","title":{"rendered":"Acollida"},"content":{"rendered":"<p>L&#8217;escola ofereix servei d&#8217;acollida gratu\u00efta a tots els alumnes d&#8217;infantil que tinguin germans a prim\u00e0ria.<\/p>\n<p>Si no tenen germans a prim\u00e0ria tamb\u00e9 poden utilitzar aquest servei per\u00f2 \u00e9s de pagament.<\/p>\n<p>30 minuts durant tot el mes &#8211; 25 euros<\/p>\n<p>1 hora durant tot el mes &#8211; 40 euros<\/p>\n<p>Ho gestiona la coordinadora de menjador (Loida)<\/p>\n<p>&nbsp;<\/p>\n","protected":false},"excerpt":{"rendered":"<p>L&#8217;escola ofereix servei d&#8217;acollida gratu\u00efta a tots els alumnes d&#8217;infantil que tinguin germans a prim\u00e0ria.<br \/>\nSi no tenen germans a prim\u00e0ria tamb\u00e9 poden utilitzar aquest servei per\u00f2 \u00e9s de pagament.<br \/>\n30 minuts durant tot el mes &#8211; 25 euros<br \/>\n1 hora durant tot el mes &#8211; 40 euros<br \/>\nHo&hellip;  <a href=\"https:\/\/agora.xtec.cat\/ceiprodoredag\/serveis\/acollida\/\" title=\"Read Acollida\">Llegeix m\u00e9s\u00bb<\/a><\/p>\n","protected":false},"author":1,"featured_media":0,"parent":66,"menu_order":20,"comment_status":"closed","ping_status":"closed","template":"page-templates\/side-menu.php","meta":{"_bbp_topic_count":0,"_bbp_reply_count":0,"_bbp_total_topic_count":0,"_bbp_total_reply_count":0,"_bbp_voice_count":0,"_bbp_anonymous_reply_count":0,"_bbp_topic_count_hidden":0,"_bbp_reply_count_hidden":0,"_bbp_forum_subforum_count":0,"footnotes":""},"class_list":["post-77","page","type-page","status-publish","hentry"],"post_mailing_queue_ids":[],"_links":{"self":[{"href":"https:\/\/agora.xtec.cat\/ceiprodoredag\/wp-json\/wp\/v2\/pages\/77","targetHints":{"allow":["GET"]}}],"collection":[{"href":"https:\/\/agora.xtec.cat\/ceiprodoredag\/wp-json\/wp\/v2\/pages"}],"about":[{"href":"https:\/\/agora.xtec.cat\/ceiprodoredag\/wp-json\/wp\/v2\/types\/page"}],"author":[{"embeddable":true,"href":"https:\/\/agora.xtec.cat\/ceiprodoredag\/wp-json\/wp\/v2\/users\/1"}],"replies":[{"embeddable":true,"href":"https:\/\/agora.xtec.cat\/ceiprodoredag\/wp-json\/wp\/v2\/comments?post=77"}],"version-history":[{"count":2,"href":"https:\/\/agora.xtec.cat\/ceiprodoredag\/wp-json\/wp\/v2\/pages\/77\/revisions"}],"predecessor-version":[{"id":13134,"href":"https:\/\/agora.xtec.cat\/ceiprodoredag\/wp-json\/wp\/v2\/pages\/77\/revisions\/13134"}],"up":[{"embeddable":true,"href":"https:\/\/agora.xtec.cat\/ceiprodoredag\/wp-json\/wp\/v2\/pages\/66"}],"wp:attachment":[{"href":"https:\/\/agora.xtec.cat\/ceiprodoredag\/wp-json\/wp\/v2\/media?parent=77"}],"curies":[{"name":"wp","href":"https:\/\/api.w.org\/{rel}","templated":true}]}}