{"id":7412,"date":"2021-10-04T10:14:23","date_gmt":"2021-10-04T08:14:23","guid":{"rendered":"https:\/\/agora.xtec.cat\/ceiprodoredag\/?page_id=7412"},"modified":"2021-10-04T10:14:23","modified_gmt":"2021-10-04T08:14:23","slug":"educador-social","status":"publish","type":"page","link":"https:\/\/agora.xtec.cat\/ceiprodoredag\/educador-social\/","title":{"rendered":"Educador social"},"content":{"rendered":"<p>&nbsp;<\/p>\n<p><a href=\"https:\/\/agora.xtec.cat\/ceiprodoredag\/wp-content\/uploads\/usu845\/2021\/10\/IMG-20200829-WA0000_3-1.jpg\"><img loading=\"lazy\" decoding=\"async\" class=\" wp-image-7413 aligncenter\" src=\"https:\/\/agora.xtec.cat\/ceiprodoredag\/wp-content\/uploads\/usu845\/2021\/10\/IMG-20200829-WA0000_3-1-1024x682.jpg\" alt=\"\" width=\"494\" height=\"329\" srcset=\"https:\/\/agora.xtec.cat\/ceiprodoredag\/wp-content\/uploads\/usu845\/2021\/10\/IMG-20200829-WA0000_3-1-1024x682.jpg 1024w, https:\/\/agora.xtec.cat\/ceiprodoredag\/wp-content\/uploads\/usu845\/2021\/10\/IMG-20200829-WA0000_3-1-300x200.jpg 300w, https:\/\/agora.xtec.cat\/ceiprodoredag\/wp-content\/uploads\/usu845\/2021\/10\/IMG-20200829-WA0000_3-1-768x512.jpg 768w, https:\/\/agora.xtec.cat\/ceiprodoredag\/wp-content\/uploads\/usu845\/2021\/10\/IMG-20200829-WA0000_3-1-1536x1023.jpg 1536w, https:\/\/agora.xtec.cat\/ceiprodoredag\/wp-content\/uploads\/usu845\/2021\/10\/IMG-20200829-WA0000_3-1.jpg 1600w\" sizes=\"auto, (max-width: 494px) 100vw, 494px\" \/><\/a><\/p>\n<p>Hola, soc en Rafa l\u2019educador social de l\u2019escola. La meva\u00a0 figura professional \u00e9s assegurar l\u2019atenci\u00f3 global dels nens i nenes i les seves fam\u00edlies. Tamb\u00e9, treballem en conjunt amb tots els professionals de l\u2019\u00e0mbit educatiu, social i de la salut del nostre centre i de la ciutat. Sumant forces i experi\u00e8ncies per construir una escola transformadora.<\/p>\n<p>En qu\u00e8\u00a0 puc ajudar?<\/p>\n<ul>\n<li>En la detecci\u00f3 i acompanyament de l\u2019alumnat i les fam\u00edlies en situacions de vulnerabilitat.<\/li>\n<li>Afavorir i potenciar la conviv\u00e8ncia en el centre educatiu.<\/li>\n<li>Col\u00b7laborar amb el professorat en l\u2019acompanyament dels infants en el seu proc\u00e9s d\u2019adaptaci\u00f3 escolar i social.<\/li>\n<li>Facilitar als nens i nenes i a les seves fam\u00edlies la derivaci\u00f3 i l\u2019acc\u00e9s als Serveis Socials de Base i els recursos del territori.<\/li>\n<li>Donar suport a les fam\u00edlies en el proc\u00e9s d\u2019integraci\u00f3 social.<\/li>\n<li>Impulsar i gestionar la mediaci\u00f3 social, cultural i educativa.<\/li>\n<li>Fomentar el di\u00e0leg i la percepci\u00f3 positiva de la diversitat social, cultural, econ\u00f2mica, de g\u00e8nere, funcionals en el territori, generant una xarxa entre professionals treballant amb contextos, processos i recursos socioeducatius.<\/li>\n<li>Impulsar, motivar i coordinar amb el centre educatiu i els diferents agents educatius del territori la participaci\u00f3 de l\u2019alumnat i de les seves fam\u00edlies en les xarxes del territori.<\/li>\n<li>Establir estrat\u00e8gies conjuntament amb l&#8217;equip educatiu, per treballar habilitats, valors, autonomia, mitjan\u00e7ant activitats conjuntes amb els infants i les seves fam\u00edlies.<\/li>\n<\/ul>\n<p>Em podeu trobar a la entrada i sortida de l\u2019escola o al tel\u00e8fon del centre 933929975.<\/p>\n","protected":false},"excerpt":{"rendered":"<p>&nbsp;<br \/>\n<a href=\"https:\/\/agora.xtec.cat\/ceiprodoredag\/wp-content\/uploads\/usu845\/2021\/10\/IMG-20200829-WA0000_3-1.jpg\"><\/a><br \/>\nHola, soc en Rafa l\u2019educador social de l\u2019escola. La meva\u00a0 figura professional \u00e9s assegurar l\u2019atenci\u00f3 global dels nens i nenes i les seves fam\u00edlies. Tamb\u00e9, treballem en conjunt amb tots els professionals de l\u2019\u00e0mbit educatiu, social i de la salut del nostre centre i&hellip;  <a href=\"https:\/\/agora.xtec.cat\/ceiprodoredag\/educador-social\/\" title=\"Read Educador social\">Llegeix m\u00e9s\u00bb<\/a><\/p>\n","protected":false},"author":1,"featured_media":0,"parent":0,"menu_order":0,"comment_status":"closed","ping_status":"closed","template":"","meta":{"_bbp_topic_count":0,"_bbp_reply_count":0,"_bbp_total_topic_count":0,"_bbp_total_reply_count":0,"_bbp_voice_count":0,"_bbp_anonymous_reply_count":0,"_bbp_topic_count_hidden":0,"_bbp_reply_count_hidden":0,"_bbp_forum_subforum_count":0,"footnotes":""},"class_list":["post-7412","page","type-page","status-publish","hentry"],"post_mailing_queue_ids":[],"_links":{"self":[{"href":"https:\/\/agora.xtec.cat\/ceiprodoredag\/wp-json\/wp\/v2\/pages\/7412","targetHints":{"allow":["GET"]}}],"collection":[{"href":"https:\/\/agora.xtec.cat\/ceiprodoredag\/wp-json\/wp\/v2\/pages"}],"about":[{"href":"https:\/\/agora.xtec.cat\/ceiprodoredag\/wp-json\/wp\/v2\/types\/page"}],"author":[{"embeddable":true,"href":"https:\/\/agora.xtec.cat\/ceiprodoredag\/wp-json\/wp\/v2\/users\/1"}],"replies":[{"embeddable":true,"href":"https:\/\/agora.xtec.cat\/ceiprodoredag\/wp-json\/wp\/v2\/comments?post=7412"}],"version-history":[{"count":2,"href":"https:\/\/agora.xtec.cat\/ceiprodoredag\/wp-json\/wp\/v2\/pages\/7412\/revisions"}],"predecessor-version":[{"id":7415,"href":"https:\/\/agora.xtec.cat\/ceiprodoredag\/wp-json\/wp\/v2\/pages\/7412\/revisions\/7415"}],"wp:attachment":[{"href":"https:\/\/agora.xtec.cat\/ceiprodoredag\/wp-json\/wp\/v2\/media?parent=7412"}],"curies":[{"name":"wp","href":"https:\/\/api.w.org\/{rel}","templated":true}]}}