{"id":73,"date":"2014-09-18T14:01:51","date_gmt":"2014-09-18T13:01:51","guid":{"rendered":"http:\/\/agora.xtec.cat\/ceiprodoredag\/?page_id=73"},"modified":"2025-11-14T16:10:03","modified_gmt":"2025-11-14T15:10:03","slug":"menjador-escolar","status":"publish","type":"page","link":"https:\/\/agora.xtec.cat\/ceiprodoredag\/serveis\/menjador-escolar\/","title":{"rendered":"Menjador escolar"},"content":{"rendered":"<h2 style=\"text-align: center;\"><\/h2>\n<p>&nbsp;<\/p>\n<h1 style=\"text-align: center;\"><a href=\"https:\/\/agora.xtec.cat\/ceiprodoredag\/serveis\/menjador-escolar\/menus-mensuals\/\"><span style=\"color: #ff9900;\">Men\u00fa mensual<\/span><\/a><\/h1>\n<p>&nbsp;<\/p>\n<p>&nbsp;<\/p>\n<p style=\"text-align: center;\"><a href=\"https:\/\/agora.xtec.cat\/ceiprodoredag\/wp-content\/uploads\/usu845\/2022\/03\/logo.jpg\"><img loading=\"lazy\" decoding=\"async\" class=\"alignnone size-large wp-image-9297\" src=\"https:\/\/agora.xtec.cat\/ceiprodoredag\/wp-content\/uploads\/usu845\/2022\/03\/logo-1024x212.jpg\" alt=\"\" width=\"1024\" height=\"212\" srcset=\"https:\/\/agora.xtec.cat\/ceiprodoredag\/wp-content\/uploads\/usu845\/2022\/03\/logo-1024x212.jpg 1024w, https:\/\/agora.xtec.cat\/ceiprodoredag\/wp-content\/uploads\/usu845\/2022\/03\/logo-300x62.jpg 300w, https:\/\/agora.xtec.cat\/ceiprodoredag\/wp-content\/uploads\/usu845\/2022\/03\/logo-768x159.jpg 768w, https:\/\/agora.xtec.cat\/ceiprodoredag\/wp-content\/uploads\/usu845\/2022\/03\/logo.jpg 1280w\" sizes=\"auto, (max-width: 1024px) 100vw, 1024px\" \/><\/a><\/p>\n<p>&nbsp;<\/p>\n<p style=\"text-align: center;\"><a href=\"https:\/\/agora.xtec.cat\/ceiprodoredag\/wp-content\/uploads\/usu845\/2022\/03\/Homepage_Mobile_V2.gif\"><img loading=\"lazy\" decoding=\"async\" class=\"alignnone size-full wp-image-9296\" src=\"https:\/\/agora.xtec.cat\/ceiprodoredag\/wp-content\/uploads\/usu845\/2022\/03\/Homepage_Mobile_V2.gif\" alt=\"\" width=\"412\" height=\"567\" \/><\/a><\/p>\n<p>L\u2019objectiu m\u00e9s important \u00e9s aconseguir una dieta senzilla, completa i adequada als usuaris, aconseguint l\u2019energia necess\u00e0ria i els nutrients suficients pel seu desenvolupament tant a nivell f\u00edsic com mental.<br \/>\nCal recordar que d\u2019una alimentaci\u00f3 adequada depenen: el rendiment f\u00edsic i intel\u00b7lectual, les defenses de l\u2019organisme, la salut i la qualitat de vida.<br \/>\nA RECREA treballem per l\u2019educaci\u00f3 de l\u2019estudiant davant el menjar; per promoure h\u00e0bits saludables, per la qualitat nutricional i els criteris higi\u00e8nics i sensorials.<br \/>\nPer assolir aquests reptes treballem molt estretament amb els criteris i requeriments plantejats per l\u2019AFA i la Direcci\u00f3 del Centre.<\/p>\n<p>&nbsp;<\/p>\n<p><strong><span style=\"color: #ff6600;\">CONDICIONS DEL SERVEI DE MENJADOR<\/span><\/strong><\/p>\n<p><strong>USUARI\/A FIX I ESPOR\u00c0DIC<\/strong><br \/>\n&#8211; USUARI\/A FIX: S\u2019entendr\u00e0 com a usuaris\/es fixos els que fan \u00fas del servei de menjador com a m\u00ednim 3 dies a la<br \/>\nsetmana durant tot el mes.<br \/>\n&#8211; USUARI\/A ESPOR\u00c0DIC: Es considera comensal espor\u00e0dic l&#8217;alumne que faci \u00fas del servei menys de 3 dies a la<br \/>\nsetmana. Per tal de fer \u00fas del servei hauran de notificar-ho abans de les 9:30 hores.<br \/>\n&#8211; Els usuaris\/es fixos del menjador escolar que avisin que NO es queden a dinar abans de les 9:30 hores NO se\u2019ls hi<br \/>\ncobrar\u00e0 l&#8217;import del men\u00fa.<br \/>\n&#8211; Els usuaris\/es fixos del menjador escolar que NO avisin que no es queden a dinar abans de les 9:30 hores se&#8217;ls hi<br \/>\ncobrar\u00e0 l&#8217;import \u00edntegre del men\u00fa.<\/p>\n<p><strong>FORMA DE PAGAMENT<\/strong><br \/>\nMitjan\u00e7ant domiciliaci\u00f3 banc\u00e0ria, que es tramitar\u00e0 durant els cinc primers dies h\u00e0bils de cada mes. El cobrament per<br \/>\ndomiciliaci\u00f3 ser\u00e0 a mes ven\u00e7ut. Tamb\u00e9 es podr\u00e0 realitzar per transfer\u00e8ncia banc\u00e0ria o ingr\u00e9s al compte corrent indicant<br \/>\nel nom de l&#8217;alumne.<br \/>\n&#8211; N\u00famero de compte corrent: ES32 2100 7730 6113 0033 1333<br \/>\n&#8211; Els alumnes que sol\u00b7licitin el servei de menjador escolar del curs 2025-2026 han d\u2019estar al corrent de pagament per<br \/>\nfer \u00fas del mateix.<br \/>\n&#8211; L\u2019impagament d\u2019una mensualitat impossibilita l\u2019\u00fas del servei de menjador escolar al mes seg\u00fcent.<br \/>\n&#8211; Es carregaran els rebuts tornats, amb les despeses que es generin, en la seg\u00fcent emissi\u00f3.<\/p>\n<p>PREU DEL SERVEI DEL MENJADORPREU MEN\u00da USUARI\/A FIX: 7,13 EUROS (IVA INCL\u00d2S)<br \/>\nPREU MEN\u00da USUARI\/A ESPOR\u00c0DIC: 7,85 EUROS (IVA INCL\u00d2S)<\/p>\n<p><strong>CANVIS CONDICIONS SERVEI DE MENJADOR<\/strong><br \/>\nTots els canvis que es vulguin realitzar en les condicions del servei del menjador (canvi de compte corrent, baixes, dies,<br \/>\netc.), s\u2019han de notificar al coordinador\/a del servei de menjador per correu electr\u00f2nic abans del dia 20 de cada mes i<br \/>\ns\u2019aplicaran a partir del dia 1 del mes seg\u00fcent.<\/p>\n<p><strong>ATENCI\u00d3 A LES FAM\u00cdLIES<\/strong><br \/>\nL\u2019horari d\u2019atenci\u00f3 a les fam\u00edlies ser\u00e0 de 8:30 a 10:30 hores de dilluns a divendres i ser\u00e0 per tel\u00e8fon, WhatsApp o per<br \/>\ncorreu electr\u00f2nic.<br \/>\nTel\u00e8fon de contacte: 635 095 527<br \/>\nE-mail: rodoreda@recreagastronomia.com<\/p>\n<p>&nbsp;<\/p>\n","protected":false},"excerpt":{"rendered":"<p>&nbsp;<br \/>\n<a href=\"https:\/\/agora.xtec.cat\/ceiprodoredag\/serveis\/menjador-escolar\/menus-mensuals\/\">Men\u00fa mensual<\/a><br \/>\n&nbsp;<br \/>\n&nbsp;<br \/>\n<a href=\"https:\/\/agora.xtec.cat\/ceiprodoredag\/wp-content\/uploads\/usu845\/2022\/03\/logo.jpg\"><\/a><br \/>\n&nbsp;<br \/>\n<a href=\"https:\/\/agora.xtec.cat\/ceiprodoredag\/wp-content\/uploads\/usu845\/2022\/03\/Homepage_Mobile_V2.gif\"><\/a><br \/>\nL\u2019objectiu m\u00e9s important \u00e9s aconseguir una dieta senzilla, completa i adequada als usuaris, aconseguint l\u2019energia necess\u00e0ria i els nutrients suficients pel seu desenvolupament tant a nivell f\u00edsic com mental.<br \/>\nCal recordar que d\u2019una alimentaci\u00f3 adequada depenen: el rendiment f\u00edsic i intel\u00b7lectual, les&hellip;  <a href=\"https:\/\/agora.xtec.cat\/ceiprodoredag\/serveis\/menjador-escolar\/\" title=\"Read Menjador escolar\">Llegeix m\u00e9s\u00bb<\/a><\/p>\n","protected":false},"author":1,"featured_media":0,"parent":66,"menu_order":30,"comment_status":"closed","ping_status":"closed","template":"page-templates\/side-menu.php","meta":{"_bbp_topic_count":0,"_bbp_reply_count":0,"_bbp_total_topic_count":0,"_bbp_total_reply_count":0,"_bbp_voice_count":0,"_bbp_anonymous_reply_count":0,"_bbp_topic_count_hidden":0,"_bbp_reply_count_hidden":0,"_bbp_forum_subforum_count":0,"footnotes":""},"class_list":["post-73","page","type-page","status-publish","hentry"],"post_mailing_queue_ids":[],"_links":{"self":[{"href":"https:\/\/agora.xtec.cat\/ceiprodoredag\/wp-json\/wp\/v2\/pages\/73","targetHints":{"allow":["GET"]}}],"collection":[{"href":"https:\/\/agora.xtec.cat\/ceiprodoredag\/wp-json\/wp\/v2\/pages"}],"about":[{"href":"https:\/\/agora.xtec.cat\/ceiprodoredag\/wp-json\/wp\/v2\/types\/page"}],"author":[{"embeddable":true,"href":"https:\/\/agora.xtec.cat\/ceiprodoredag\/wp-json\/wp\/v2\/users\/1"}],"replies":[{"embeddable":true,"href":"https:\/\/agora.xtec.cat\/ceiprodoredag\/wp-json\/wp\/v2\/comments?post=73"}],"version-history":[{"count":7,"href":"https:\/\/agora.xtec.cat\/ceiprodoredag\/wp-json\/wp\/v2\/pages\/73\/revisions"}],"predecessor-version":[{"id":13221,"href":"https:\/\/agora.xtec.cat\/ceiprodoredag\/wp-json\/wp\/v2\/pages\/73\/revisions\/13221"}],"up":[{"embeddable":true,"href":"https:\/\/agora.xtec.cat\/ceiprodoredag\/wp-json\/wp\/v2\/pages\/66"}],"wp:attachment":[{"href":"https:\/\/agora.xtec.cat\/ceiprodoredag\/wp-json\/wp\/v2\/media?parent=73"}],"curies":[{"name":"wp","href":"https:\/\/api.w.org\/{rel}","templated":true}]}}