{"id":607,"date":"2019-07-29T00:39:40","date_gmt":"2019-07-28T22:39:40","guid":{"rendered":"https:\/\/agora.xtec.cat\/ceiprodoredag\/?page_id=607"},"modified":"2019-07-29T00:39:40","modified_gmt":"2019-07-28T22:39:40","slug":"treball-per-projectes","status":"publish","type":"page","link":"https:\/\/agora.xtec.cat\/ceiprodoredag\/projecte-educatiu\/treball-per-projectes\/","title":{"rendered":"Treball per projectes"},"content":{"rendered":"<p>El treball per projectes \u00e9s una metodologia que es basa a oferir canals\u00a0que puguin ajudar als nens i les nenes a pensar per ells mateixos, a investigar, a aprendre dels seus errors i dels seus encerts i d\u2019aquesta manera tamb\u00e9 a aprendre a ser cr\u00edtics.<\/p>\n<p>Aquests projectes tenen aplicaci\u00f3 en el m\u00f3n real m\u00e9s enll\u00e0 de l\u2019aula i busquen crear una educaci\u00f3 interdisciplin\u00e0ria amb un significat, en comptes de lli\u00e7ons curtes i a\u00efllades com s\u2019ha fet sempre a l\u2019escola tradicional.<\/p>\n<p><a href=\"https:\/\/agora.xtec.cat\/ceiprodoredag\/wp-content\/uploads\/usu845\/2019\/07\/PROJECTES.png\"><img loading=\"lazy\" decoding=\"async\" class=\"size-large wp-image-608 aligncenter\" src=\"https:\/\/agora.xtec.cat\/ceiprodoredag\/wp-content\/uploads\/usu845\/2019\/07\/PROJECTES-341x1024.png\" alt=\"\" width=\"341\" height=\"1024\" srcset=\"https:\/\/agora.xtec.cat\/ceiprodoredag\/wp-content\/uploads\/usu845\/2019\/07\/PROJECTES-341x1024.png 341w, https:\/\/agora.xtec.cat\/ceiprodoredag\/wp-content\/uploads\/usu845\/2019\/07\/PROJECTES-100x300.png 100w, https:\/\/agora.xtec.cat\/ceiprodoredag\/wp-content\/uploads\/usu845\/2019\/07\/PROJECTES-768x2304.png 768w, https:\/\/agora.xtec.cat\/ceiprodoredag\/wp-content\/uploads\/usu845\/2019\/07\/PROJECTES.png 800w\" sizes=\"auto, (max-width: 341px) 100vw, 341px\" \/><\/a><\/p>\n<p>&nbsp;<\/p>\n","protected":false},"excerpt":{"rendered":"<p>El treball per projectes \u00e9s una metodologia que es basa a oferir canals\u00a0que puguin ajudar als nens i les nenes a pensar per ells mateixos, a investigar, a aprendre dels seus errors i dels seus encerts i d\u2019aquesta manera tamb\u00e9 a aprendre a ser cr\u00edtics.<br \/>\nAquests&hellip;  <a href=\"https:\/\/agora.xtec.cat\/ceiprodoredag\/projecte-educatiu\/treball-per-projectes\/\" title=\"Read Treball per projectes\">Llegeix m\u00e9s\u00bb<\/a><\/p>\n","protected":false},"author":1,"featured_media":0,"parent":64,"menu_order":70,"comment_status":"closed","ping_status":"closed","template":"page-templates\/side-menu.php","meta":{"_bbp_topic_count":0,"_bbp_reply_count":0,"_bbp_total_topic_count":0,"_bbp_total_reply_count":0,"_bbp_voice_count":0,"_bbp_anonymous_reply_count":0,"_bbp_topic_count_hidden":0,"_bbp_reply_count_hidden":0,"_bbp_forum_subforum_count":0,"footnotes":""},"class_list":["post-607","page","type-page","status-publish","hentry"],"post_mailing_queue_ids":[],"_links":{"self":[{"href":"https:\/\/agora.xtec.cat\/ceiprodoredag\/wp-json\/wp\/v2\/pages\/607","targetHints":{"allow":["GET"]}}],"collection":[{"href":"https:\/\/agora.xtec.cat\/ceiprodoredag\/wp-json\/wp\/v2\/pages"}],"about":[{"href":"https:\/\/agora.xtec.cat\/ceiprodoredag\/wp-json\/wp\/v2\/types\/page"}],"author":[{"embeddable":true,"href":"https:\/\/agora.xtec.cat\/ceiprodoredag\/wp-json\/wp\/v2\/users\/1"}],"replies":[{"embeddable":true,"href":"https:\/\/agora.xtec.cat\/ceiprodoredag\/wp-json\/wp\/v2\/comments?post=607"}],"version-history":[{"count":1,"href":"https:\/\/agora.xtec.cat\/ceiprodoredag\/wp-json\/wp\/v2\/pages\/607\/revisions"}],"predecessor-version":[{"id":609,"href":"https:\/\/agora.xtec.cat\/ceiprodoredag\/wp-json\/wp\/v2\/pages\/607\/revisions\/609"}],"up":[{"embeddable":true,"href":"https:\/\/agora.xtec.cat\/ceiprodoredag\/wp-json\/wp\/v2\/pages\/64"}],"wp:attachment":[{"href":"https:\/\/agora.xtec.cat\/ceiprodoredag\/wp-json\/wp\/v2\/media?parent=607"}],"curies":[{"name":"wp","href":"https:\/\/api.w.org\/{rel}","templated":true}]}}