{"id":602,"date":"2019-07-29T00:31:16","date_gmt":"2019-07-28T22:31:16","guid":{"rendered":"https:\/\/agora.xtec.cat\/ceiprodoredag\/?page_id=602"},"modified":"2019-07-29T00:31:16","modified_gmt":"2019-07-28T22:31:16","slug":"racons","status":"publish","type":"page","link":"https:\/\/agora.xtec.cat\/ceiprodoredag\/projecte-educatiu\/racons\/","title":{"rendered":"Racons"},"content":{"rendered":"<p>El treball per racons a l&#8217;escola ens permet organitzar les classes en petits grups. L&#8217;equip de gesti\u00f3 possa molt enf\u00e0si en aquest tipus de treball ja que hi dedica molt professorat per poder-lo portar a terme.<\/p>\n<p>Aquests racons, s&#8217;intenta que de dues classes surtin sis grups diferents i cada grup t\u00e9 un mestre diferent.<\/p>\n<p>Creiem que en petit grup \u00e9s m\u00e9s f\u00e0cil que arribin els coneixements b\u00e0sics per assolir unes bones compet\u00e8ncies de les diverses \u00e0rees.<\/p>\n<p>Racons Llengua<\/p>\n<p>Racons Matem\u00e0tiques<\/p>\n<p>&nbsp;<\/p>\n","protected":false},"excerpt":{"rendered":"<p>El treball per racons a l&#8217;escola ens permet organitzar les classes en petits grups. L&#8217;equip de gesti\u00f3 possa molt enf\u00e0si en aquest tipus de treball ja que hi dedica molt professorat per poder-lo portar a terme.<br \/>\nAquests racons, s&#8217;intenta que de dues classes surtin sis grups&hellip;  <a href=\"https:\/\/agora.xtec.cat\/ceiprodoredag\/projecte-educatiu\/racons\/\" title=\"Read Racons\">Llegeix m\u00e9s\u00bb<\/a><\/p>\n","protected":false},"author":1,"featured_media":0,"parent":64,"menu_order":60,"comment_status":"closed","ping_status":"closed","template":"page-templates\/side-menu.php","meta":{"_bbp_topic_count":0,"_bbp_reply_count":0,"_bbp_total_topic_count":0,"_bbp_total_reply_count":0,"_bbp_voice_count":0,"_bbp_anonymous_reply_count":0,"_bbp_topic_count_hidden":0,"_bbp_reply_count_hidden":0,"_bbp_forum_subforum_count":0,"footnotes":""},"class_list":["post-602","page","type-page","status-publish","hentry"],"post_mailing_queue_ids":[],"_links":{"self":[{"href":"https:\/\/agora.xtec.cat\/ceiprodoredag\/wp-json\/wp\/v2\/pages\/602","targetHints":{"allow":["GET"]}}],"collection":[{"href":"https:\/\/agora.xtec.cat\/ceiprodoredag\/wp-json\/wp\/v2\/pages"}],"about":[{"href":"https:\/\/agora.xtec.cat\/ceiprodoredag\/wp-json\/wp\/v2\/types\/page"}],"author":[{"embeddable":true,"href":"https:\/\/agora.xtec.cat\/ceiprodoredag\/wp-json\/wp\/v2\/users\/1"}],"replies":[{"embeddable":true,"href":"https:\/\/agora.xtec.cat\/ceiprodoredag\/wp-json\/wp\/v2\/comments?post=602"}],"version-history":[{"count":1,"href":"https:\/\/agora.xtec.cat\/ceiprodoredag\/wp-json\/wp\/v2\/pages\/602\/revisions"}],"predecessor-version":[{"id":603,"href":"https:\/\/agora.xtec.cat\/ceiprodoredag\/wp-json\/wp\/v2\/pages\/602\/revisions\/603"}],"up":[{"embeddable":true,"href":"https:\/\/agora.xtec.cat\/ceiprodoredag\/wp-json\/wp\/v2\/pages\/64"}],"wp:attachment":[{"href":"https:\/\/agora.xtec.cat\/ceiprodoredag\/wp-json\/wp\/v2\/media?parent=602"}],"curies":[{"name":"wp","href":"https:\/\/api.w.org\/{rel}","templated":true}]}}