{"id":582,"date":"2019-07-27T20:53:40","date_gmt":"2019-07-27T18:53:40","guid":{"rendered":"https:\/\/agora.xtec.cat\/ceiprodoredag\/?page_id=582"},"modified":"2026-03-30T10:30:07","modified_gmt":"2026-03-30T08:30:07","slug":"menus-mensuals","status":"publish","type":"page","link":"https:\/\/agora.xtec.cat\/ceiprodoredag\/serveis\/menjador-escolar\/menus-mensuals\/","title":{"rendered":"Men\u00fas mensuals"},"content":{"rendered":"<p>&nbsp;<\/p>\n<p style=\"text-align: center;\"><a href=\"https:\/\/agora.xtec.cat\/ceiprodoredag\/wp-content\/uploads\/usu845\/2020\/09\/Blackboard-Menu_Castellano-02.png\"><img loading=\"lazy\" decoding=\"async\" class=\"alignnone wp-image-4412\" src=\"https:\/\/agora.xtec.cat\/ceiprodoredag\/wp-content\/uploads\/usu845\/2020\/09\/Blackboard-Menu_Castellano-02.png\" alt=\"\" width=\"371\" height=\"270\" srcset=\"https:\/\/agora.xtec.cat\/ceiprodoredag\/wp-content\/uploads\/usu845\/2020\/09\/Blackboard-Menu_Castellano-02.png 500w, https:\/\/agora.xtec.cat\/ceiprodoredag\/wp-content\/uploads\/usu845\/2020\/09\/Blackboard-Menu_Castellano-02-300x218.png 300w\" sizes=\"auto, (max-width: 371px) 100vw, 371px\" \/><\/a><\/p>\n<p>&nbsp;<\/p>\n<p>***Cuidem el que mengen. Si hi ha al\u00b7l\u00e8rgies o intoler\u00e0ncies, preparem un men\u00fa adaptat a les necessitats de cada nen o nena.<\/p>\n<p>&nbsp;<\/p>\n<p>&nbsp;<\/p>\n<p><a href=\"https:\/\/agora.xtec.cat\/ceiprodoredag\/wp-content\/uploads\/usu845\/2026\/03\/MN-BASAL-Abril-26-ReCrea-MERCE-RODOREDA_page-0001.jpg\"><img loading=\"lazy\" decoding=\"async\" class=\"alignnone size-large wp-image-13501\" src=\"https:\/\/agora.xtec.cat\/ceiprodoredag\/wp-content\/uploads\/usu845\/2026\/03\/MN-BASAL-Abril-26-ReCrea-MERCE-RODOREDA_page-0001-1024x724.jpg\" alt=\"\" width=\"1024\" height=\"724\" srcset=\"https:\/\/agora.xtec.cat\/ceiprodoredag\/wp-content\/uploads\/usu845\/2026\/03\/MN-BASAL-Abril-26-ReCrea-MERCE-RODOREDA_page-0001-1024x724.jpg 1024w, https:\/\/agora.xtec.cat\/ceiprodoredag\/wp-content\/uploads\/usu845\/2026\/03\/MN-BASAL-Abril-26-ReCrea-MERCE-RODOREDA_page-0001-300x212.jpg 300w, https:\/\/agora.xtec.cat\/ceiprodoredag\/wp-content\/uploads\/usu845\/2026\/03\/MN-BASAL-Abril-26-ReCrea-MERCE-RODOREDA_page-0001-768x543.jpg 768w, https:\/\/agora.xtec.cat\/ceiprodoredag\/wp-content\/uploads\/usu845\/2026\/03\/MN-BASAL-Abril-26-ReCrea-MERCE-RODOREDA_page-0001-1536x1086.jpg 1536w, https:\/\/agora.xtec.cat\/ceiprodoredag\/wp-content\/uploads\/usu845\/2026\/03\/MN-BASAL-Abril-26-ReCrea-MERCE-RODOREDA_page-0001.jpg 1755w\" sizes=\"auto, (max-width: 1024px) 100vw, 1024px\" \/><\/a> <a href=\"https:\/\/agora.xtec.cat\/ceiprodoredag\/wp-content\/uploads\/usu845\/2026\/03\/MN-HALAL-Abril-26-ReCrea-MERCE-RODOREDA_page-0001.jpg\"><img loading=\"lazy\" decoding=\"async\" class=\"alignnone size-large wp-image-13502\" src=\"https:\/\/agora.xtec.cat\/ceiprodoredag\/wp-content\/uploads\/usu845\/2026\/03\/MN-HALAL-Abril-26-ReCrea-MERCE-RODOREDA_page-0001-1024x724.jpg\" alt=\"\" width=\"1024\" height=\"724\" srcset=\"https:\/\/agora.xtec.cat\/ceiprodoredag\/wp-content\/uploads\/usu845\/2026\/03\/MN-HALAL-Abril-26-ReCrea-MERCE-RODOREDA_page-0001-1024x724.jpg 1024w, https:\/\/agora.xtec.cat\/ceiprodoredag\/wp-content\/uploads\/usu845\/2026\/03\/MN-HALAL-Abril-26-ReCrea-MERCE-RODOREDA_page-0001-300x212.jpg 300w, https:\/\/agora.xtec.cat\/ceiprodoredag\/wp-content\/uploads\/usu845\/2026\/03\/MN-HALAL-Abril-26-ReCrea-MERCE-RODOREDA_page-0001-768x543.jpg 768w, https:\/\/agora.xtec.cat\/ceiprodoredag\/wp-content\/uploads\/usu845\/2026\/03\/MN-HALAL-Abril-26-ReCrea-MERCE-RODOREDA_page-0001-1536x1086.jpg 1536w, https:\/\/agora.xtec.cat\/ceiprodoredag\/wp-content\/uploads\/usu845\/2026\/03\/MN-HALAL-Abril-26-ReCrea-MERCE-RODOREDA_page-0001.jpg 1755w\" sizes=\"auto, (max-width: 1024px) 100vw, 1024px\" \/><\/a><\/p>\n<p>&nbsp;<\/p>\n<p>&nbsp;<\/p>\n<p>&nbsp;<\/p>\n<p>&nbsp;<\/p>\n<p>&nbsp;<\/p>\n<p style=\"text-align: center;\">\n","protected":false},"excerpt":{"rendered":"<p>&nbsp;<br \/>\n<a href=\"https:\/\/agora.xtec.cat\/ceiprodoredag\/wp-content\/uploads\/usu845\/2020\/09\/Blackboard-Menu_Castellano-02.png\"><\/a><br \/>\n&nbsp;<br \/>\n***Cuidem el que mengen. Si hi ha al\u00b7l\u00e8rgies o intoler\u00e0ncies, preparem un men\u00fa adaptat a les necessitats de cada nen o nena.<br \/>\n&nbsp;<br \/>\n&nbsp;<br \/>\n<a href=\"https:\/\/agora.xtec.cat\/ceiprodoredag\/wp-content\/uploads\/usu845\/2026\/03\/MN-BASAL-Abril-26-ReCrea-MERCE-RODOREDA_page-0001.jpg\"><\/a> <a href=\"https:\/\/agora.xtec.cat\/ceiprodoredag\/wp-content\/uploads\/usu845\/2026\/03\/MN-HALAL-Abril-26-ReCrea-MERCE-RODOREDA_page-0001.jpg\"><\/a><br \/>\n&nbsp;<br \/>\n&nbsp;<br \/>\n&nbsp;<br \/>\n&nbsp;<br \/>\n&nbsp;<\/p>\n","protected":false},"author":1,"featured_media":0,"parent":73,"menu_order":0,"comment_status":"closed","ping_status":"closed","template":"page-templates\/side-menu.php","meta":{"_bbp_topic_count":0,"_bbp_reply_count":0,"_bbp_total_topic_count":0,"_bbp_total_reply_count":0,"_bbp_voice_count":0,"_bbp_anonymous_reply_count":0,"_bbp_topic_count_hidden":0,"_bbp_reply_count_hidden":0,"_bbp_forum_subforum_count":0,"footnotes":""},"class_list":["post-582","page","type-page","status-publish","hentry"],"post_mailing_queue_ids":[],"_links":{"self":[{"href":"https:\/\/agora.xtec.cat\/ceiprodoredag\/wp-json\/wp\/v2\/pages\/582","targetHints":{"allow":["GET"]}}],"collection":[{"href":"https:\/\/agora.xtec.cat\/ceiprodoredag\/wp-json\/wp\/v2\/pages"}],"about":[{"href":"https:\/\/agora.xtec.cat\/ceiprodoredag\/wp-json\/wp\/v2\/types\/page"}],"author":[{"embeddable":true,"href":"https:\/\/agora.xtec.cat\/ceiprodoredag\/wp-json\/wp\/v2\/users\/1"}],"replies":[{"embeddable":true,"href":"https:\/\/agora.xtec.cat\/ceiprodoredag\/wp-json\/wp\/v2\/comments?post=582"}],"version-history":[{"count":7,"href":"https:\/\/agora.xtec.cat\/ceiprodoredag\/wp-json\/wp\/v2\/pages\/582\/revisions"}],"predecessor-version":[{"id":13503,"href":"https:\/\/agora.xtec.cat\/ceiprodoredag\/wp-json\/wp\/v2\/pages\/582\/revisions\/13503"}],"up":[{"embeddable":true,"href":"https:\/\/agora.xtec.cat\/ceiprodoredag\/wp-json\/wp\/v2\/pages\/73"}],"wp:attachment":[{"href":"https:\/\/agora.xtec.cat\/ceiprodoredag\/wp-json\/wp\/v2\/media?parent=582"}],"curies":[{"name":"wp","href":"https:\/\/api.w.org\/{rel}","templated":true}]}}