{"id":540,"date":"2019-07-27T08:41:06","date_gmt":"2019-07-27T06:41:06","guid":{"rendered":"https:\/\/agora.xtec.cat\/ceiprodoredag\/?page_id=540"},"modified":"2019-07-27T17:19:40","modified_gmt":"2019-07-27T15:19:40","slug":"importancia-de-la-comunitat-educativa","status":"publish","type":"page","link":"https:\/\/agora.xtec.cat\/ceiprodoredag\/lescola\/importancia-de-la-comunitat-educativa\/","title":{"rendered":"Import\u00e0ncia de la Comunitat Educativa"},"content":{"rendered":"<p>&nbsp;<\/p>\n<p><a href=\"https:\/\/agora.xtec.cat\/ceiprodoredag\/wp-content\/uploads\/usu845\/2019\/07\/compatir-\u00e9s-construir.jpg\"><img loading=\"lazy\" decoding=\"async\" class=\"alignnone size-full wp-image-543\" src=\"https:\/\/agora.xtec.cat\/ceiprodoredag\/wp-content\/uploads\/usu845\/2019\/07\/compatir-\u00e9s-construir.jpg\" alt=\"\" width=\"1000\" height=\"587\" srcset=\"https:\/\/agora.xtec.cat\/ceiprodoredag\/wp-content\/uploads\/usu845\/2019\/07\/compatir-\u00e9s-construir.jpg 1000w, https:\/\/agora.xtec.cat\/ceiprodoredag\/wp-content\/uploads\/usu845\/2019\/07\/compatir-\u00e9s-construir-300x176.jpg 300w, https:\/\/agora.xtec.cat\/ceiprodoredag\/wp-content\/uploads\/usu845\/2019\/07\/compatir-\u00e9s-construir-768x451.jpg 768w\" sizes=\"auto, (max-width: 1000px) 100vw, 1000px\" \/><\/a><\/p>\n<p>El nou equip directiu creu fonamental la relaci\u00f3 de les fam\u00edlies en el centre aix\u00ed com la seva participaci\u00f3.<\/p>\n<p>Totes les fam\u00edlies segur que poden aportar riquesa al centre.<\/p>\n<p>Es comen\u00e7aran a introduir canvis i activitats participatives per crear una escola de totes i per a totes.<\/p>\n<p>S&#8217;intentar\u00e0 incentivar la participaci\u00f3 dels comer\u00e7os de l&#8217;entorn per poder realitzar aprenentatges m\u00e9s significatius.<\/p>\n<p>Propostes a realitzar:<\/p>\n<ul>\n<li>Adhesi\u00f3 a l&#8217;AFA de l&#8217;escola<\/li>\n<li>Consell dels infants<\/li>\n<li>Consell de les fam\u00edlies<\/li>\n<li>Creaci\u00f3 de les fam\u00edlies delegades<\/li>\n<li>Obrir l&#8217;escola a la participaci\u00f3 familiar<\/li>\n<li>Activitats obertes a fam\u00edlies.<\/li>\n<\/ul>\n<p>&nbsp;<\/p>\n","protected":false},"excerpt":{"rendered":"<p>&nbsp;<br \/>\n<a href=\"https:\/\/agora.xtec.cat\/ceiprodoredag\/wp-content\/uploads\/usu845\/2019\/07\/compatir-\u00e9s-construir.jpg\"><\/a><br \/>\nEl nou equip directiu creu fonamental la relaci\u00f3 de les fam\u00edlies en el centre aix\u00ed com la seva participaci\u00f3.<br \/>\nTotes les fam\u00edlies segur que poden aportar riquesa al centre.<br \/>\nEs comen\u00e7aran a introduir canvis i activitats participatives per crear una escola de totes i per a&hellip;  <a href=\"https:\/\/agora.xtec.cat\/ceiprodoredag\/lescola\/importancia-de-la-comunitat-educativa\/\" title=\"Read Import\u00e0ncia de la Comunitat Educativa\">Llegeix m\u00e9s\u00bb<\/a><\/p>\n","protected":false},"author":1,"featured_media":0,"parent":22,"menu_order":90,"comment_status":"closed","ping_status":"closed","template":"page-templates\/side-menu.php","meta":{"_bbp_topic_count":0,"_bbp_reply_count":0,"_bbp_total_topic_count":0,"_bbp_total_reply_count":0,"_bbp_voice_count":0,"_bbp_anonymous_reply_count":0,"_bbp_topic_count_hidden":0,"_bbp_reply_count_hidden":0,"_bbp_forum_subforum_count":0,"footnotes":""},"class_list":["post-540","page","type-page","status-publish","hentry"],"post_mailing_queue_ids":[],"_links":{"self":[{"href":"https:\/\/agora.xtec.cat\/ceiprodoredag\/wp-json\/wp\/v2\/pages\/540","targetHints":{"allow":["GET"]}}],"collection":[{"href":"https:\/\/agora.xtec.cat\/ceiprodoredag\/wp-json\/wp\/v2\/pages"}],"about":[{"href":"https:\/\/agora.xtec.cat\/ceiprodoredag\/wp-json\/wp\/v2\/types\/page"}],"author":[{"embeddable":true,"href":"https:\/\/agora.xtec.cat\/ceiprodoredag\/wp-json\/wp\/v2\/users\/1"}],"replies":[{"embeddable":true,"href":"https:\/\/agora.xtec.cat\/ceiprodoredag\/wp-json\/wp\/v2\/comments?post=540"}],"version-history":[{"count":3,"href":"https:\/\/agora.xtec.cat\/ceiprodoredag\/wp-json\/wp\/v2\/pages\/540\/revisions"}],"predecessor-version":[{"id":544,"href":"https:\/\/agora.xtec.cat\/ceiprodoredag\/wp-json\/wp\/v2\/pages\/540\/revisions\/544"}],"up":[{"embeddable":true,"href":"https:\/\/agora.xtec.cat\/ceiprodoredag\/wp-json\/wp\/v2\/pages\/22"}],"wp:attachment":[{"href":"https:\/\/agora.xtec.cat\/ceiprodoredag\/wp-json\/wp\/v2\/media?parent=540"}],"curies":[{"name":"wp","href":"https:\/\/api.w.org\/{rel}","templated":true}]}}