{"id":38,"date":"2014-09-18T12:34:08","date_gmt":"2014-09-18T11:34:08","guid":{"rendered":"http:\/\/agora.xtec.cat\/ceiprodoredag\/?page_id=38"},"modified":"2020-04-13T11:32:00","modified_gmt":"2020-04-13T09:32:00","slug":"escola-verda","status":"publish","type":"page","link":"https:\/\/agora.xtec.cat\/ceiprodoredag\/lescola\/escola-verda\/","title":{"rendered":"Escola verda"},"content":{"rendered":"<p>.<a href=\"https:\/\/agora.xtec.cat\/ceiprodoredag\/wp-content\/uploads\/usu845\/2019\/07\/Icona_escoles_verdes.jpg\"><img loading=\"lazy\" decoding=\"async\" class=\"size-full wp-image-538 aligncenter\" src=\"https:\/\/agora.xtec.cat\/ceiprodoredag\/wp-content\/uploads\/usu845\/2019\/07\/Icona_escoles_verdes.jpg\" alt=\"\" width=\"340\" height=\"340\" srcset=\"https:\/\/agora.xtec.cat\/ceiprodoredag\/wp-content\/uploads\/usu845\/2019\/07\/Icona_escoles_verdes.jpg 340w, https:\/\/agora.xtec.cat\/ceiprodoredag\/wp-content\/uploads\/usu845\/2019\/07\/Icona_escoles_verdes-150x150.jpg 150w, https:\/\/agora.xtec.cat\/ceiprodoredag\/wp-content\/uploads\/usu845\/2019\/07\/Icona_escoles_verdes-300x300.jpg 300w\" sizes=\"auto, (max-width: 340px) 100vw, 340px\" \/><\/a><\/p>\n<p style=\"text-align: justify;\">L&#8217;escola Merc\u00e8 Rodoreda est\u00e0 dins del programa d&#8217;escoles verdes,aquest sorgeix com un comprom\u00eds per donar suport a tots els centres educatius de Catalunya que volen innovar, incloure, avan\u00e7ar, sistematitzar i organitzar accions educatives que tinguin la finalitat d&#8217;afrontar, des de l&#8217;educaci\u00f3, els nous reptes i valors de la sostenibilitat.<\/p>\n<p style=\"text-align: justify;\">I, per tant, es plantegen tres grans objectius:<\/p>\n<ul style=\"text-align: justify;\">\n<li>Ajudar els centres a incorporar els valors de l&#8217;educaci\u00f3 per a la sostenibilitat en tots els \u00e0mbits de la vida del centre (curr\u00edculum, gesti\u00f3, relacions amb l&#8217;entorn, etc.).<\/li>\n<li>Promoure la participaci\u00f3 i la implicaci\u00f3 activa de la comunitat educativa en la millora del seu entorn.<\/li>\n<li>Afavorir l&#8217;intercanvi entre els centres que comparteixen uns mateixos objectius.<\/li>\n<\/ul>\n<p style=\"text-align: justify;\">\n<h2 style=\"text-align: justify;\"><span id=\"Contextos_d'acci\u00f3[6]\" class=\"mw-headline\">Contextos d&#8217;acci\u00f3<\/span><\/h2>\n<p style=\"text-align: justify;\">El programa Escoles Verdes t\u00e9 la voluntat de millorar l&#8217;escola d&#8217;acord amb els nous reptes de l&#8217;educaci\u00f3\u00a0i ho fa a trav\u00e9s de l&#8217;objectiu de sensibilitzar, dinamitzar i donar suport a la comunitat educativa per tal que incorpori els principis i els valors de la sostenibilitat en tots els \u00e0mbits de la vida escolar.<sup id=\"cite_ref-7\" class=\"reference\"><\/sup><\/p>\n<p style=\"text-align: justify;\">El programa vol promoure un canvi en la\u00a0cultura\u00a0de centre a trav\u00e9s de quatre contextos d&#8217;acci\u00f3: el curr\u00edculum, l&#8217;organitzaci\u00f3 i la participaci\u00f3, la gesti\u00f3 sostenible de recursos i materials i la implicaci\u00f3 en l&#8217;entorn. Aix\u00ed doncs, ent\u00e9n que el proc\u00e9s educatiu que ha de provocar aquest canvi no nom\u00e9s es d\u00f3na a l&#8217;aula, sin\u00f3 tamb\u00e9 en tots els moments i espais de la vida escolar.<\/p>\n<ol style=\"text-align: justify;\">\n<li>L&#8217;<b>ambientalitzaci\u00f3 curricular<\/b>: Integrar l&#8217;educaci\u00f3 per a la sostenibilitat en el projecte educatiu de centre i en totes les \u00e0rees que s&#8217;imparteixen, potenciant els equips de treball interdisciplinaris i la realitzaci\u00f3 de projectes compartits i contextualitzats.<\/li>\n<li>Una\u00a0<b>escola participativa<\/b>\u00a0i disposada a canviar: Un canvi en l&#8217;\u00e0mbit de la vida al centre i el clima escolar, que facilita la implicaci\u00f3 de tota la comunitat educativa (professorat, alumnat, fam\u00edlies, personal no docent, etc.) en la presa de decisions i en l&#8217;acci\u00f3.<\/li>\n<li>Un\u00a0<b>equipament sostenible<\/b>: L&#8217;\u00fas de recursos i la gesti\u00f3 del centre en general ha de ser coherent amb el projecte educatiu, que el centre mateix sigui un exemple de com s&#8217;ha d&#8217;actuar per a la sostenibilitat, de corresponsabilitat amb la millora de l&#8217;entorn.<\/li>\n<li>Una\u00a0<b>escola oberta<\/b>\u00a0i\u00a0<b>activa<\/b>: Un centre integrat en el seu entorn proper, que realitza accions de millora i de dinamitzaci\u00f3 local que impliquen altres agents externs al centre, i que fa de l&#8217;entorn immediat un element facilitador d&#8217;aprenentatges, de capacitaci\u00f3 per a l&#8217;acci\u00f3 responsable.<\/li>\n<\/ol>\n<p style=\"text-align: justify;\">\n<p>&nbsp;<\/p>\n","protected":false},"excerpt":{"rendered":"<p>.<a href=\"https:\/\/agora.xtec.cat\/ceiprodoredag\/wp-content\/uploads\/usu845\/2019\/07\/Icona_escoles_verdes.jpg\"><\/a><br \/>\nL&#8217;escola Merc\u00e8 Rodoreda est\u00e0 dins del programa d&#8217;escoles verdes,aquest sorgeix com un comprom\u00eds per donar suport a tots els centres educatius de Catalunya que volen innovar, incloure, avan\u00e7ar, sistematitzar i organitzar accions educatives que tinguin la finalitat d&#8217;afrontar, des de l&#8217;educaci\u00f3, els nous reptes&hellip;  <a href=\"https:\/\/agora.xtec.cat\/ceiprodoredag\/lescola\/escola-verda\/\" title=\"Read Escola verda\">Llegeix m\u00e9s\u00bb<\/a><\/p>\n","protected":false},"author":1,"featured_media":0,"parent":22,"menu_order":80,"comment_status":"closed","ping_status":"closed","template":"page-templates\/side-menu.php","meta":{"_bbp_topic_count":0,"_bbp_reply_count":0,"_bbp_total_topic_count":0,"_bbp_total_reply_count":0,"_bbp_voice_count":0,"_bbp_anonymous_reply_count":0,"_bbp_topic_count_hidden":0,"_bbp_reply_count_hidden":0,"_bbp_forum_subforum_count":0,"footnotes":""},"class_list":["post-38","page","type-page","status-publish","hentry"],"post_mailing_queue_ids":[],"_links":{"self":[{"href":"https:\/\/agora.xtec.cat\/ceiprodoredag\/wp-json\/wp\/v2\/pages\/38","targetHints":{"allow":["GET"]}}],"collection":[{"href":"https:\/\/agora.xtec.cat\/ceiprodoredag\/wp-json\/wp\/v2\/pages"}],"about":[{"href":"https:\/\/agora.xtec.cat\/ceiprodoredag\/wp-json\/wp\/v2\/types\/page"}],"author":[{"embeddable":true,"href":"https:\/\/agora.xtec.cat\/ceiprodoredag\/wp-json\/wp\/v2\/users\/1"}],"replies":[{"embeddable":true,"href":"https:\/\/agora.xtec.cat\/ceiprodoredag\/wp-json\/wp\/v2\/comments?post=38"}],"version-history":[{"count":3,"href":"https:\/\/agora.xtec.cat\/ceiprodoredag\/wp-json\/wp\/v2\/pages\/38\/revisions"}],"predecessor-version":[{"id":2594,"href":"https:\/\/agora.xtec.cat\/ceiprodoredag\/wp-json\/wp\/v2\/pages\/38\/revisions\/2594"}],"up":[{"embeddable":true,"href":"https:\/\/agora.xtec.cat\/ceiprodoredag\/wp-json\/wp\/v2\/pages\/22"}],"wp:attachment":[{"href":"https:\/\/agora.xtec.cat\/ceiprodoredag\/wp-json\/wp\/v2\/media?parent=38"}],"curies":[{"name":"wp","href":"https:\/\/api.w.org\/{rel}","templated":true}]}}