{"id":26,"date":"2014-09-18T12:24:32","date_gmt":"2014-09-18T11:24:32","guid":{"rendered":"http:\/\/agora.xtec.cat\/ceiprodoredag\/?page_id=26"},"modified":"2024-10-22T13:53:59","modified_gmt":"2024-10-22T11:53:59","slug":"historia","status":"publish","type":"page","link":"https:\/\/agora.xtec.cat\/ceiprodoredag\/lescola\/historia\/","title":{"rendered":"Secretaria"},"content":{"rendered":"<p><strong>Horari de secretaria:<\/strong><\/p>\n<p><strong>Administrativa:<\/strong> Vanessa Perni<\/p>\n<p>Horari d&#8217;atenci\u00f3: De dilluns a divendres de 8:30 a 10:30 hores \/\/ 11:00 a 13.30 hores \/\/ 15:00 a 16:00 hores<\/p>\n<p><strong>Cap de Gesti\u00f3:<\/strong> Ra\u00fal Godino<\/p>\n<p>Horari d&#8217;atenci\u00f3 amb cita pr\u00e8via.<\/p>\n<p><strong>Cap d&#8217;estudis:<\/strong> Elena Ram\u00edrez<\/p>\n<p>Horari d&#8217;atenci\u00f3 amb cita pr\u00e8via.<\/p>\n<p><strong>Secret\u00e0ria:<\/strong> Sof\u00eda Jim\u00e9nez<\/p>\n<p>Horari d&#8217;atenci\u00f3 amb cita pr\u00e8via.<\/p>\n<p>&nbsp;<\/p>\n<p>S\u2019HAUR\u00c0 DE DEMANAR CITA PR\u00c8VIA. TLF: 93 392 99 75<\/p>\n","protected":false},"excerpt":{"rendered":"<p>Horari de secretaria:<br \/>\nAdministrativa: Vanessa Perni<br \/>\nHorari d&#8217;atenci\u00f3: De dilluns a divendres de 8:30 a 10:30 hores \/\/ 11:00 a 13.30 hores \/\/ 15:00 a 16:00 hores<br \/>\nCap de Gesti\u00f3: Ra\u00fal Godino<br \/>\nHorari d&#8217;atenci\u00f3 amb cita pr\u00e8via.<br \/>\nCap d&#8217;estudis: Elena Ram\u00edrez<br \/>\nHorari d&#8217;atenci\u00f3 amb cita pr\u00e8via.<br \/>\nSecret\u00e0ria: Sof\u00eda Jim\u00e9nez<br \/>\nHorari d&#8217;atenci\u00f3 amb cita&hellip;  <a href=\"https:\/\/agora.xtec.cat\/ceiprodoredag\/lescola\/historia\/\" title=\"Read Secretaria\">Llegeix m\u00e9s\u00bb<\/a><\/p>\n","protected":false},"author":1,"featured_media":0,"parent":22,"menu_order":20,"comment_status":"closed","ping_status":"closed","template":"page-templates\/side-menu.php","meta":{"_bbp_topic_count":0,"_bbp_reply_count":0,"_bbp_total_topic_count":0,"_bbp_total_reply_count":0,"_bbp_voice_count":0,"_bbp_anonymous_reply_count":0,"_bbp_topic_count_hidden":0,"_bbp_reply_count_hidden":0,"_bbp_forum_subforum_count":0,"footnotes":""},"class_list":["post-26","page","type-page","status-publish","hentry"],"post_mailing_queue_ids":[],"_links":{"self":[{"href":"https:\/\/agora.xtec.cat\/ceiprodoredag\/wp-json\/wp\/v2\/pages\/26","targetHints":{"allow":["GET"]}}],"collection":[{"href":"https:\/\/agora.xtec.cat\/ceiprodoredag\/wp-json\/wp\/v2\/pages"}],"about":[{"href":"https:\/\/agora.xtec.cat\/ceiprodoredag\/wp-json\/wp\/v2\/types\/page"}],"author":[{"embeddable":true,"href":"https:\/\/agora.xtec.cat\/ceiprodoredag\/wp-json\/wp\/v2\/users\/1"}],"replies":[{"embeddable":true,"href":"https:\/\/agora.xtec.cat\/ceiprodoredag\/wp-json\/wp\/v2\/comments?post=26"}],"version-history":[{"count":5,"href":"https:\/\/agora.xtec.cat\/ceiprodoredag\/wp-json\/wp\/v2\/pages\/26\/revisions"}],"predecessor-version":[{"id":12347,"href":"https:\/\/agora.xtec.cat\/ceiprodoredag\/wp-json\/wp\/v2\/pages\/26\/revisions\/12347"}],"up":[{"embeddable":true,"href":"https:\/\/agora.xtec.cat\/ceiprodoredag\/wp-json\/wp\/v2\/pages\/22"}],"wp:attachment":[{"href":"https:\/\/agora.xtec.cat\/ceiprodoredag\/wp-json\/wp\/v2\/media?parent=26"}],"curies":[{"name":"wp","href":"https:\/\/api.w.org\/{rel}","templated":true}]}}