{"id":11831,"date":"2024-01-19T16:21:27","date_gmt":"2024-01-19T15:21:27","guid":{"rendered":"https:\/\/agora.xtec.cat\/ceiprodoredag\/?page_id=11831"},"modified":"2025-03-18T10:04:22","modified_gmt":"2025-03-18T09:04:22","slug":"tv","status":"publish","type":"page","link":"https:\/\/agora.xtec.cat\/ceiprodoredag\/tv\/","title":{"rendered":"TV"},"content":{"rendered":"<p>&nbsp;<\/p>\n<h3>Una m\u00e0 de contes. Guanyadors jocs florals de Catalunya 2024. TV3<\/h3>\n<p>Aquest conte \u00e9s molt interessant. A m\u00e9s d&#8217;inspirar-se en un dels motius m\u00e9s evocadors de la hist\u00f2ria de la literatura i de les arts, com ara la Lluna, fa servir una de les t\u00e8cniques de dibuix m\u00e9s antigues del m\u00f3n: dibuixar\u00a0amb el dit sobre el terra o sabre la sorra. I per arrodonir la feina combina aquest motiu i aquesta t\u00e8cnica &#8211; la Lluna i el dibuix amb el dit- amb un objecte ben modern: el coet. Passat i futur es donen la m\u00e0 gr\u00e0cies a aquests bons amics: el Miquel, la Sofia, la Patti i en Lennon. Un nen, una nena, una poetessa i un poeta. Ah no! Volien dir: un nen, una nena, una gata i un gos. Esperem que us agradi!<\/p>\n<p style=\"text-align: center;\"><iframe loading=\"lazy\" src=\"https:\/\/www.3cat.cat\/video\/embed\/sx3\/6328850\/\" width=\"500px\" height=\"281px\" frameborder=\"0\" scrolling=\"no\" allowfullscreen=\"allowfullscreen\"><\/iframe><\/p>\n<h3>Una m\u00e0 de contes. Guanyadors jocs florals de Catalunya 2023.TV3<\/h3>\n<p>A tothom li agrada viure a la seva terra, per\u00f2, a vegades, no hi ha prou menjar i cal marxar lluny per buscar-ne. El nostre protagonista \u00e9s un ocellet que, juntament amb la seva fam\u00edlia, va haver de volar fins a un altre indret m\u00e9s verd i frond\u00f3s. Durant el viatge, l&#8217;ocellet aprendr\u00e0 a superar les seves pors i els seus pensaments negatius.<\/p>\n<p style=\"text-align: center;\"><iframe loading=\"lazy\" src=\"https:\/\/www.3cat.cat\/video\/embed\/sx3\/6285845\/\" width=\"500px\" height=\"281px\" frameborder=\"0\" scrolling=\"no\" allowfullscreen=\"allowfullscreen\"><\/iframe><\/p>\n<h3 class=\"LC20lb MBeuO DKV0Md\">InfoK &#8211; SX3<\/h3>\n<p>ENVERDIM SANTA COLOMA!<\/p>\n<p>Els alumnes de 5\u00e8 de l&#8217;Escola Merc\u00e8 Rodoreda de Santa Coloma de Gramenet han estat els encarregats d&#8217;impulsar el projecte Enverdim Santa Coloma a la seva ciutat. Un projecte que els ha perm\u00e8s aprendre a fer n\u00e9ixer i cr\u00e9ixer les plantes, per\u00f2 tamb\u00e9 saber per qu\u00e8 \u00e9s important que n&#8217;hi hagi a les ciutats, i, a m\u00e9s a m\u00e9s, fer m\u00e9s bonic el lloc on viuen. Ens ho expliquen!<\/p>\n<p style=\"text-align: center;\"><iframe loading=\"lazy\" src=\"https:\/\/www.ccma.cat\/video\/embed\/sx3\/6100173\/\" width=\"500px\" height=\"281px\" frameborder=\"0\" scrolling=\"no\" allowfullscreen=\"allowfullscreen\"><\/iframe><\/p>\n<p>&nbsp;<\/p>\n<h3 class=\"LC20lb MBeuO DKV0Md\">InfoK &#8211; SX3<\/h3>\n<p>Dracs, bous, fanalets i banderoles decoren aquests dies l&#8217;Escola Merc\u00e8 Rodoreda de Santa Coloma de Gramenet per celebrar l&#8217;any nou xin\u00e8s. Dos de cada deu alumnes d&#8217;aquesta escola s\u00f3n de fam\u00edlies xineses i celebrar a l&#8217;escola aquesta festa tan important els fa sentir molt b\u00e9 i m\u00e9s a prop dels seus companys. A la ciutat, tamb\u00e9 es fan activitats sobre l&#8217;any nou xin\u00e8s.<\/p>\n<p style=\"text-align: center;\"><iframe loading=\"lazy\" src=\"https:\/\/www.ccma.cat\/video\/embed\/sx3\/6086489\/\" width=\"500px\" height=\"281px\" frameborder=\"0\" scrolling=\"no\" allowfullscreen=\"allowfullscreen\"><\/iframe><\/p>\n","protected":false},"excerpt":{"rendered":"<p>&nbsp;<br \/>\nUna m\u00e0 de contes. Guanyadors jocs florals de Catalunya 2024. TV3<br \/>\nAquest conte \u00e9s molt interessant. A m\u00e9s d&#8217;inspirar-se en un dels motius m\u00e9s evocadors de la hist\u00f2ria de la literatura i de les arts, com ara la Lluna, fa servir una de les t\u00e8cniques de&hellip;  <a href=\"https:\/\/agora.xtec.cat\/ceiprodoredag\/tv\/\" title=\"Read TV\">Llegeix m\u00e9s\u00bb<\/a><\/p>\n","protected":false},"author":1,"featured_media":0,"parent":0,"menu_order":0,"comment_status":"closed","ping_status":"closed","template":"","meta":{"_bbp_topic_count":0,"_bbp_reply_count":0,"_bbp_total_topic_count":0,"_bbp_total_reply_count":0,"_bbp_voice_count":0,"_bbp_anonymous_reply_count":0,"_bbp_topic_count_hidden":0,"_bbp_reply_count_hidden":0,"_bbp_forum_subforum_count":0,"footnotes":""},"class_list":["post-11831","page","type-page","status-publish","hentry"],"post_mailing_queue_ids":[],"_links":{"self":[{"href":"https:\/\/agora.xtec.cat\/ceiprodoredag\/wp-json\/wp\/v2\/pages\/11831","targetHints":{"allow":["GET"]}}],"collection":[{"href":"https:\/\/agora.xtec.cat\/ceiprodoredag\/wp-json\/wp\/v2\/pages"}],"about":[{"href":"https:\/\/agora.xtec.cat\/ceiprodoredag\/wp-json\/wp\/v2\/types\/page"}],"author":[{"embeddable":true,"href":"https:\/\/agora.xtec.cat\/ceiprodoredag\/wp-json\/wp\/v2\/users\/1"}],"replies":[{"embeddable":true,"href":"https:\/\/agora.xtec.cat\/ceiprodoredag\/wp-json\/wp\/v2\/comments?post=11831"}],"version-history":[{"count":6,"href":"https:\/\/agora.xtec.cat\/ceiprodoredag\/wp-json\/wp\/v2\/pages\/11831\/revisions"}],"predecessor-version":[{"id":12641,"href":"https:\/\/agora.xtec.cat\/ceiprodoredag\/wp-json\/wp\/v2\/pages\/11831\/revisions\/12641"}],"wp:attachment":[{"href":"https:\/\/agora.xtec.cat\/ceiprodoredag\/wp-json\/wp\/v2\/media?parent=11831"}],"curies":[{"name":"wp","href":"https:\/\/api.w.org\/{rel}","templated":true}]}}