{"id":695,"date":"2019-02-04T15:34:32","date_gmt":"2019-02-04T14:34:32","guid":{"rendered":"http:\/\/agora.xtec.cat\/ceiprocalba\/?page_id=695"},"modified":"2026-01-11T17:10:00","modified_gmt":"2026-01-11T16:10:00","slug":"documents-escola","status":"publish","type":"page","link":"https:\/\/agora.xtec.cat\/ceiprocalba\/lescola\/documents-escola\/","title":{"rendered":"Autoritzacions \/ Documents de centre"},"content":{"rendered":"<p>Benvolgudes fam\u00edlies:<\/p>\n<p>en aquest apartat us podreu descarregar tots els documents referents a l&#8217;activitat escolar.<\/p>\n<p><strong>AUTORITZACIONS<\/strong><\/p>\n<p><a href=\"https:\/\/agora.xtec.cat\/ceiprocalba\/wp-content\/uploads\/usu1913\/2024\/11\/Autoritzacions-recollida-germans-grans.pdf\">AUTORITZACI\u00d3 RECOLLIDA GERMANS GRANS<\/a><\/p>\n<p><a href=\"https:\/\/agora.xtec.cat\/ceiprocalba\/wp-content\/uploads\/usu1913\/2024\/11\/MODEL-AUTORITZACIO-MARXAR-SOLS.pdf\">MODEL AUTORITZACIO MARXAR SOLS<\/a><\/p>\n<p><a href=\"https:\/\/agora.xtec.cat\/ceiprocalba\/wp-content\/uploads\/usu1913\/2024\/11\/MODEL-AUTORITZACIO-RECOLLIDA-NO-TUTORS.pdf\">MODEL AUTORITZACIO RECOLLIDA NO TUTORS<\/a><\/p>\n<p><a href=\"https:\/\/agora.xtec.cat\/ceiprocalba\/wp-content\/uploads\/usu1913\/2024\/11\/model_Notificacio_absencies_alumnat.pdf\">NOTIFICACI\u00d3 ABSENCIES\u00a0<\/a><\/p>\n<p><a href=\"https:\/\/agora.xtec.cat\/ceiprocalba\/wp-content\/uploads\/usu1913\/2024\/11\/Sollicitud-dadministracio-de-medicacio.pdf\">ADMINISTRACI\u00d3 DE MEDICACI\u00d3<\/a><\/p>\n<p><strong>DOCUMENTS DE CENTRE<\/strong><\/p>\n<p><a href=\"https:\/\/agora.xtec.cat\/ceiprocalba\/wp-content\/uploads\/usu1913\/2024\/09\/NORMES-DISCIPLINARIES.pdf\">NORMES DISCIPLIN\u00c0RIES<\/a><\/p>\n<p><a href=\"https:\/\/agora.xtec.cat\/ceiprocalba\/wp-content\/uploads\/usu1913\/2025\/09\/PEC-24-25.pdf\">PEC 24-25<\/a><\/p>\n<p>NORMES D&#8217;ORGANITACI\u00d3 I FUNCIONAMENT DE CENTRE <a href=\"https:\/\/drive.google.com\/file\/d\/1SA9cRZP4uYPggeSGxYdMkHqkv9PZeM7r\/view?usp=sharing\">(NOFC)<\/a><\/p>\n<p><a href=\"https:\/\/agora.xtec.cat\/ceiprocalba\/wp-content\/uploads\/usu1913\/2025\/09\/PLA-DACOLLIDA-.docx.pdf\">PLA D&#8217;ACOLLIDA<\/a><\/p>\n<p><a href=\"https:\/\/agora.xtec.cat\/ceiprocalba\/wp-content\/uploads\/usu1913\/2025\/09\/PLA-DATENCIO-A-LA-DIVERSITAT.pdf\">PLA D&#8217;ATENCI\u00d3 A LA DIVERSITAT<\/a><\/p>\n<p><a href=\"https:\/\/agora.xtec.cat\/ceiprocalba\/wp-content\/uploads\/usu1913\/2025\/09\/PROJECTE-DE-CONVIVENCIA-2020.pdf\">PROJECTE DE CONVIV\u00c8NCIA 2020<\/a><\/p>\n<p><a href=\"https:\/\/agora.xtec.cat\/ceiprocalba\/wp-content\/uploads\/usu1913\/2025\/09\/PROJECTE-LINGUISTIC_JUNY2022.pdf\">PROJECTE LING\u00dc\u00cdSTIC_JUNY2022<\/a><\/p>\n<p><a href=\"https:\/\/drive.google.com\/file\/d\/1RNAgfcaZqaPVymLCp0oX3BdW48U95XYV\/view?usp=drive_link\">PARES I\u00a0 MARES DELEGATS D&#8217;AULA_Orientacions<\/a><\/p>\n<p><a href=\"https:\/\/sites.google.com\/xtec.cat\/edcescolarocalba\/inici\" target=\"_blank\" rel=\"noopener\">ESTRAT\u00c8GIA DIGITAL DE CENTRE<\/a><\/p>\n\n\n<p><a href=\"https:\/\/drive.google.com\/file\/d\/14a9dz-nmhycqc9e-tzADT72Yghvwc8YQ\/view?usp=sharing\">CARTA DE COMPROM\u00cdS EDUCATIU<\/a><\/p>\n\n\n\n<p><a href=\"https:\/\/drive.google.com\/file\/d\/1ReSSIn2taaY2dhGP1l4KV94WAkF5Nff_\/view?usp=sharing\">CRITERIS NO ASSIST\u00c8NCIA DE L&#8217;ALUMNAT EN CAS DE MALATIA<\/a><\/p>\n","protected":false},"excerpt":{"rendered":"<p>Benvolgudes fam\u00edlies: en aquest apartat us podreu descarregar tots els documents referents a l&#8217;activitat escolar. AUTORITZACIONS AUTORITZACI\u00d3 RECOLLIDA GERMANS GRANS MODEL AUTORITZACIO MARXAR SOLS MODEL AUTORITZACIO RECOLLIDA NO TUTORS NOTIFICACI\u00d3 ABSENCIES\u00a0 ADMINISTRACI\u00d3 DE MEDICACI\u00d3 DOCUMENTS DE CENTRE NORMES DISCIPLIN\u00c0RIES PEC 24-25 NORMES D&#8217;ORGANITACI\u00d3 I FUNCIONAMENT DE CENTRE (NOFC) PLA D&#8217;ACOLLIDA PLA D&#8217;ATENCI\u00d3 A LA DIVERSITAT [&hellip;]<\/p>\n","protected":false},"author":3,"featured_media":0,"parent":22,"menu_order":0,"comment_status":"closed","ping_status":"closed","template":"","meta":{"_bbp_topic_count":0,"_bbp_reply_count":0,"_bbp_total_topic_count":0,"_bbp_total_reply_count":0,"_bbp_voice_count":0,"_bbp_anonymous_reply_count":0,"_bbp_topic_count_hidden":0,"_bbp_reply_count_hidden":0,"_bbp_forum_subforum_count":0,"site-sidebar-layout":"default","site-content-layout":"","ast-site-content-layout":"default","site-content-style":"default","site-sidebar-style":"default","ast-global-header-display":"","ast-banner-title-visibility":"","ast-main-header-display":"","ast-hfb-above-header-display":"","ast-hfb-below-header-display":"","ast-hfb-mobile-header-display":"","site-post-title":"","ast-breadcrumbs-content":"","ast-featured-img":"","footer-sml-layout":"","theme-transparent-header-meta":"","adv-header-id-meta":"","stick-header-meta":"","header-above-stick-meta":"","header-main-stick-meta":"","header-below-stick-meta":"","astra-migrate-meta-layouts":"set","ast-page-background-enabled":"default","ast-page-background-meta":{"desktop":{"background-color":"var(--ast-global-color-4)","background-image":"","background-repeat":"repeat","background-position":"center center","background-size":"auto","background-attachment":"scroll","background-type":"","background-media":"","overlay-type":"","overlay-color":"","overlay-opacity":"","overlay-gradient":""},"tablet":{"background-color":"","background-image":"","background-repeat":"repeat","background-position":"center center","background-size":"auto","background-attachment":"scroll","background-type":"","background-media":"","overlay-type":"","overlay-color":"","overlay-opacity":"","overlay-gradient":""},"mobile":{"background-color":"","background-image":"","background-repeat":"repeat","background-position":"center center","background-size":"auto","background-attachment":"scroll","background-type":"","background-media":"","overlay-type":"","overlay-color":"","overlay-opacity":"","overlay-gradient":""}},"ast-content-background-meta":{"desktop":{"background-color":"var(--ast-global-color-5)","background-image":"","background-repeat":"repeat","background-position":"center center","background-size":"auto","background-attachment":"scroll","background-type":"","background-media":"","overlay-type":"","overlay-color":"","overlay-opacity":"","overlay-gradient":""},"tablet":{"background-color":"var(--ast-global-color-5)","background-image":"","background-repeat":"repeat","background-position":"center center","background-size":"auto","background-attachment":"scroll","background-type":"","background-media":"","overlay-type":"","overlay-color":"","overlay-opacity":"","overlay-gradient":""},"mobile":{"background-color":"var(--ast-global-color-5)","background-image":"","background-repeat":"repeat","background-position":"center center","background-size":"auto","background-attachment":"scroll","background-type":"","background-media":"","overlay-type":"","overlay-color":"","overlay-opacity":"","overlay-gradient":""}},"footnotes":""},"class_list":["post-695","page","type-page","status-publish","hentry"],"post_mailing_queue_ids":[],"_links":{"self":[{"href":"https:\/\/agora.xtec.cat\/ceiprocalba\/wp-json\/wp\/v2\/pages\/695","targetHints":{"allow":["GET"]}}],"collection":[{"href":"https:\/\/agora.xtec.cat\/ceiprocalba\/wp-json\/wp\/v2\/pages"}],"about":[{"href":"https:\/\/agora.xtec.cat\/ceiprocalba\/wp-json\/wp\/v2\/types\/page"}],"author":[{"embeddable":true,"href":"https:\/\/agora.xtec.cat\/ceiprocalba\/wp-json\/wp\/v2\/users\/3"}],"replies":[{"embeddable":true,"href":"https:\/\/agora.xtec.cat\/ceiprocalba\/wp-json\/wp\/v2\/comments?post=695"}],"version-history":[{"count":6,"href":"https:\/\/agora.xtec.cat\/ceiprocalba\/wp-json\/wp\/v2\/pages\/695\/revisions"}],"predecessor-version":[{"id":5064,"href":"https:\/\/agora.xtec.cat\/ceiprocalba\/wp-json\/wp\/v2\/pages\/695\/revisions\/5064"}],"up":[{"embeddable":true,"href":"https:\/\/agora.xtec.cat\/ceiprocalba\/wp-json\/wp\/v2\/pages\/22"}],"wp:attachment":[{"href":"https:\/\/agora.xtec.cat\/ceiprocalba\/wp-json\/wp\/v2\/media?parent=695"}],"curies":[{"name":"wp","href":"https:\/\/api.w.org\/{rel}","templated":true}]}}