{"id":32,"date":"2014-09-18T12:31:33","date_gmt":"2014-09-18T11:31:33","guid":{"rendered":"http:\/\/agora.xtec.cat\/ceiprocalba\/?page_id=32"},"modified":"2025-10-29T16:06:02","modified_gmt":"2025-10-29T15:06:02","slug":"calendari-del-curs","status":"publish","type":"page","link":"https:\/\/agora.xtec.cat\/ceiprocalba\/lescola\/calendari-del-curs\/","title":{"rendered":"Calendari del curs 2025-2026"},"content":{"rendered":"<p>Pots consultar el calendari del curs 2025-2026 al seg\u00fcent enlla\u00e7:<\/p>\n<p><a href=\"https:\/\/agora.xtec.cat\/ceiprocalba\/wp-content\/uploads\/usu1913\/2025\/07\/Families_Calendari-escolar-25-26.xlsx-Full1.pdf\">Calendari escolar 25-26<\/a><\/p>\n<p><a href=\"https:\/\/agora.xtec.cat\/ceiprocalba\/wp-content\/uploads\/usu1913\/2025\/10\/Circular-inici-de-curs-2025-2026docx-1.pdf\">Circular inici de curs 2025-2026<\/a><\/p>\n<p><strong><em>FESTES ESCOLARS OBERTES A LES FAM\u00cdLIES:<\/em><\/strong><\/p>\n<p><strong>Festa de Nadal: <\/strong><span style=\"font-weight: 400;\">divendres 19 de desembre de 2025 a les 15:15h<\/span><\/p>\n<p><strong>Festa de final de curs: <\/strong>divendres 12 de juny de 2026 a les 19h<\/p>\n<p><strong><em>FESTES ESCOLARS INTERNES:<\/em><\/strong><\/p>\n<p><strong>La Castanyada: <\/strong>dijous 30 d&#8217;octubre de 2025<\/p>\n<p><strong>Sant Jordi:\u00a0<\/strong>dimecres 23 d&#8217;abril de 2026<\/p>\n<p><strong>Fi de curs: <\/strong>divendres 19 de juny de 2026<\/p>\n<p><strong><em>JORNADA DE PORTES OBERTES<\/em><\/strong><\/p>\n<p><b>Tema del curs:\u00a0 El bosc que cura<\/b><\/p>\n<table>\n<tbody>\n<tr>\n<td><\/td>\n<td><span style=\"font-weight: 400;\">Portes Obertes Fam\u00edlies<\/span><b>MAIG<\/b><\/td>\n<\/tr>\n<tr>\n<td><span style=\"font-weight: 400;\">EI<\/span><\/td>\n<td><span style=\"font-weight: 400;\">14\/05\/2026, 15:30 h<\/span><\/td>\n<\/tr>\n<tr>\n<td><span style=\"font-weight: 400;\">1r i 6\u00e8<\/span><\/td>\n<td><span style=\"font-weight: 400;\">26\/05\/2026, 15:15 h<\/span><\/td>\n<\/tr>\n<tr>\n<td><span style=\"font-weight: 400;\">2n i 3r<\/span><\/td>\n<td><span style=\"font-weight: 400;\">28\/05\/2026, 15:15 h<\/span><\/td>\n<\/tr>\n<tr>\n<td><span style=\"font-weight: 400;\">4t i 5\u00e8<\/span><\/td>\n<td><span style=\"font-weight: 400;\">18\/05\/2026, 15:15 h<\/span><\/td>\n<\/tr>\n<\/tbody>\n<\/table>\n<p><em><strong>LLIURAMENT D&#8217;INFORMES<\/strong><\/em> <span style=\"font-weight: 400;\">\u00a0 \u00a0<\/span><\/p>\n<table style=\"width: 87.323%;\">\n<tbody>\n<tr>\n<td style=\"width: 35.6928%;\" colspan=\"2\"><span style=\"font-weight: 400;\">Lliurament informes a les fam\u00edlies<\/span><\/td>\n<td style=\"width: 13.7984%;\">18\/12\/2025<span style=\"font-weight: 400;\">(prim\u00e0ria)<\/span><\/td>\n<td style=\"width: 13.7984%;\">06\/02\/2026<span style=\"font-weight: 400;\">(infantil)<\/span><\/td>\n<td style=\"width: 13.7984%;\">26\/03\/2026<span style=\"font-weight: 400;\">(prim\u00e0ria)<\/span><\/td>\n<td style=\"width: 21.0853%;\">18\/06\/2026<span style=\"font-weight: 400;\">(infantil + prim\u00e0ria)<\/span><\/td>\n<\/tr>\n<\/tbody>\n<\/table>\n<p><span style=\"font-weight: 400;\">\u00a0 \u00a0 \u00a0 \u00a0 \u00a0 \u00a0 \u00a0 \u00a0 \u00a0 \u00a0 \u00a0 \u00a0 \u00a0 \u00a0<\/span><strong><em>\u00a0<\/em><\/strong><\/p>\n","protected":false},"excerpt":{"rendered":"<p>Pots consultar el calendari del curs 2025-2026 al seg\u00fcent enlla\u00e7: Calendari escolar 25-26 Circular inici de curs 2025-2026 FESTES ESCOLARS OBERTES A LES FAM\u00cdLIES: Festa de Nadal: divendres 19 de desembre de 2025 a les 15:15h Festa de final de curs: divendres 12 de juny de 2026 a les 19h FESTES ESCOLARS INTERNES: La Castanyada: [&hellip;]<\/p>\n","protected":false},"author":1,"featured_media":0,"parent":22,"menu_order":50,"comment_status":"closed","ping_status":"closed","template":"","meta":{"_bbp_topic_count":0,"_bbp_reply_count":0,"_bbp_total_topic_count":0,"_bbp_total_reply_count":0,"_bbp_voice_count":0,"_bbp_anonymous_reply_count":0,"_bbp_topic_count_hidden":0,"_bbp_reply_count_hidden":0,"_bbp_forum_subforum_count":0,"site-sidebar-layout":"default","site-content-layout":"","ast-site-content-layout":"default","site-content-style":"default","site-sidebar-style":"default","ast-global-header-display":"","ast-banner-title-visibility":"","ast-main-header-display":"","ast-hfb-above-header-display":"","ast-hfb-below-header-display":"","ast-hfb-mobile-header-display":"","site-post-title":"","ast-breadcrumbs-content":"","ast-featured-img":"","footer-sml-layout":"","theme-transparent-header-meta":"","adv-header-id-meta":"","stick-header-meta":"","header-above-stick-meta":"","header-main-stick-meta":"","header-below-stick-meta":"","astra-migrate-meta-layouts":"set","ast-page-background-enabled":"default","ast-page-background-meta":{"desktop":{"background-color":"var(--ast-global-color-4)","background-image":"","background-repeat":"repeat","background-position":"center center","background-size":"auto","background-attachment":"scroll","background-type":"","background-media":"","overlay-type":"","overlay-color":"","overlay-opacity":"","overlay-gradient":""},"tablet":{"background-color":"","background-image":"","background-repeat":"repeat","background-position":"center center","background-size":"auto","background-attachment":"scroll","background-type":"","background-media":"","overlay-type":"","overlay-color":"","overlay-opacity":"","overlay-gradient":""},"mobile":{"background-color":"","background-image":"","background-repeat":"repeat","background-position":"center center","background-size":"auto","background-attachment":"scroll","background-type":"","background-media":"","overlay-type":"","overlay-color":"","overlay-opacity":"","overlay-gradient":""}},"ast-content-background-meta":{"desktop":{"background-color":"var(--ast-global-color-5)","background-image":"","background-repeat":"repeat","background-position":"center center","background-size":"auto","background-attachment":"scroll","background-type":"","background-media":"","overlay-type":"","overlay-color":"","overlay-opacity":"","overlay-gradient":""},"tablet":{"background-color":"var(--ast-global-color-5)","background-image":"","background-repeat":"repeat","background-position":"center center","background-size":"auto","background-attachment":"scroll","background-type":"","background-media":"","overlay-type":"","overlay-color":"","overlay-opacity":"","overlay-gradient":""},"mobile":{"background-color":"var(--ast-global-color-5)","background-image":"","background-repeat":"repeat","background-position":"center center","background-size":"auto","background-attachment":"scroll","background-type":"","background-media":"","overlay-type":"","overlay-color":"","overlay-opacity":"","overlay-gradient":""}},"footnotes":""},"class_list":["post-32","page","type-page","status-publish","hentry"],"post_mailing_queue_ids":[],"_links":{"self":[{"href":"https:\/\/agora.xtec.cat\/ceiprocalba\/wp-json\/wp\/v2\/pages\/32","targetHints":{"allow":["GET"]}}],"collection":[{"href":"https:\/\/agora.xtec.cat\/ceiprocalba\/wp-json\/wp\/v2\/pages"}],"about":[{"href":"https:\/\/agora.xtec.cat\/ceiprocalba\/wp-json\/wp\/v2\/types\/page"}],"author":[{"embeddable":true,"href":"https:\/\/agora.xtec.cat\/ceiprocalba\/wp-json\/wp\/v2\/users\/1"}],"replies":[{"embeddable":true,"href":"https:\/\/agora.xtec.cat\/ceiprocalba\/wp-json\/wp\/v2\/comments?post=32"}],"version-history":[{"count":6,"href":"https:\/\/agora.xtec.cat\/ceiprocalba\/wp-json\/wp\/v2\/pages\/32\/revisions"}],"predecessor-version":[{"id":4954,"href":"https:\/\/agora.xtec.cat\/ceiprocalba\/wp-json\/wp\/v2\/pages\/32\/revisions\/4954"}],"up":[{"embeddable":true,"href":"https:\/\/agora.xtec.cat\/ceiprocalba\/wp-json\/wp\/v2\/pages\/22"}],"wp:attachment":[{"href":"https:\/\/agora.xtec.cat\/ceiprocalba\/wp-json\/wp\/v2\/media?parent=32"}],"curies":[{"name":"wp","href":"https:\/\/api.w.org\/{rel}","templated":true}]}}