{"id":26,"date":"2014-09-18T12:24:32","date_gmt":"2014-09-18T11:24:32","guid":{"rendered":"http:\/\/agora.xtec.cat\/ceiprocalba\/?page_id=26"},"modified":"2020-10-19T10:28:24","modified_gmt":"2020-10-19T08:28:24","slug":"historia","status":"publish","type":"page","link":"https:\/\/agora.xtec.cat\/ceiprocalba\/lescola\/historia\/","title":{"rendered":"Hist\u00f2ria"},"content":{"rendered":"<p>La consellera d\u2019Ensenyament, Irene Rigau, va inaugurar el diumenge 19 d\u2019octubre de 2014 l\u2019ampliaci\u00f3 de l\u2019escola Rocalba.<\/p>\n<p>L\u2019actuaci\u00f3 d&#8217;ampliaci\u00f3 va suposar una inversi\u00f3 de 3.632.779,74\u20ac, consistint en una ampliaci\u00f3 de 1.577 metres quadrats i una adequaci\u00f3 de 1.021 metres quadrats.<\/p>\n<p>L\u2019ampliaci\u00f3 ha perm\u00e8s disposar al centre de 3 aules d\u2019infantil, psicomotricitat, aula de petits grups, aula de tutoria, gimn\u00e0s i vestidors, sala de professors, 3 aules de prim\u00e0ria i aula de pl\u00e0stica. Pel que fa a l\u2019adequaci\u00f3, s\u2019han millorat 3 aules de prim\u00e0ria, l\u2019aula d\u2019inform\u00e0tica, de m\u00fasica, l\u2019aula de petits grups, la cuina-menjador, la zona d\u2019administraci\u00f3 i la biblioteca.<\/p>\n<p><a href=\"https:\/\/agora.xtec.cat\/ceiprocalba\/wp-content\/uploads\/usu1913\/2020\/10\/EDE2D99F-83E6-4C4A-8C74-3ED0A4E75C6C.jpeg\"><img loading=\"lazy\" decoding=\"async\" class=\"size-full wp-image-1698 aligncenter\" src=\"https:\/\/agora.xtec.cat\/ceiprocalba\/wp-content\/uploads\/usu1913\/2020\/10\/EDE2D99F-83E6-4C4A-8C74-3ED0A4E75C6C.jpeg\" alt=\"\" width=\"450\" height=\"327\" srcset=\"https:\/\/agora.xtec.cat\/ceiprocalba\/wp-content\/uploads\/usu1913\/2020\/10\/EDE2D99F-83E6-4C4A-8C74-3ED0A4E75C6C.jpeg 450w, https:\/\/agora.xtec.cat\/ceiprocalba\/wp-content\/uploads\/usu1913\/2020\/10\/EDE2D99F-83E6-4C4A-8C74-3ED0A4E75C6C-300x218.jpeg 300w\" sizes=\"auto, (max-width: 450px) 100vw, 450px\" \/><\/a><\/p>\n<p><a href=\"https:\/\/agora.xtec.cat\/ceiprocalba\/wp-content\/uploads\/usu1913\/2020\/10\/BDAB1323-CDAB-437F-B8C0-D07AD35C6741.jpeg\"><img loading=\"lazy\" decoding=\"async\" class=\"size-full wp-image-1697 aligncenter\" src=\"https:\/\/agora.xtec.cat\/ceiprocalba\/wp-content\/uploads\/usu1913\/2020\/10\/BDAB1323-CDAB-437F-B8C0-D07AD35C6741.jpeg\" alt=\"\" width=\"512\" height=\"384\" srcset=\"https:\/\/agora.xtec.cat\/ceiprocalba\/wp-content\/uploads\/usu1913\/2020\/10\/BDAB1323-CDAB-437F-B8C0-D07AD35C6741.jpeg 512w, https:\/\/agora.xtec.cat\/ceiprocalba\/wp-content\/uploads\/usu1913\/2020\/10\/BDAB1323-CDAB-437F-B8C0-D07AD35C6741-300x225.jpeg 300w, https:\/\/agora.xtec.cat\/ceiprocalba\/wp-content\/uploads\/usu1913\/2020\/10\/BDAB1323-CDAB-437F-B8C0-D07AD35C6741-200x150.jpeg 200w\" sizes=\"auto, (max-width: 512px) 100vw, 512px\" \/><\/a><\/p>\n","protected":false},"excerpt":{"rendered":"<p>La consellera d\u2019Ensenyament, Irene Rigau, va inaugurar el diumenge 19 d\u2019octubre de 2014 l\u2019ampliaci\u00f3 de l\u2019escola Rocalba. L\u2019actuaci\u00f3 d&#8217;ampliaci\u00f3 va suposar una inversi\u00f3 de 3.632.779,74\u20ac, consistint en una ampliaci\u00f3 de 1.577 metres quadrats i una adequaci\u00f3 de 1.021 metres quadrats. L\u2019ampliaci\u00f3 ha perm\u00e8s disposar al centre de 3 aules d\u2019infantil, psicomotricitat, aula de petits grups, [&hellip;]<\/p>\n","protected":false},"author":1,"featured_media":0,"parent":22,"menu_order":20,"comment_status":"closed","ping_status":"closed","template":"page-templates\/side-menu.php","meta":{"_bbp_topic_count":0,"_bbp_reply_count":0,"_bbp_total_topic_count":0,"_bbp_total_reply_count":0,"_bbp_voice_count":0,"_bbp_anonymous_reply_count":0,"_bbp_topic_count_hidden":0,"_bbp_reply_count_hidden":0,"_bbp_forum_subforum_count":0,"site-sidebar-layout":"default","site-content-layout":"","ast-site-content-layout":"","site-content-style":"default","site-sidebar-style":"default","ast-global-header-display":"","ast-banner-title-visibility":"","ast-main-header-display":"","ast-hfb-above-header-display":"","ast-hfb-below-header-display":"","ast-hfb-mobile-header-display":"","site-post-title":"","ast-breadcrumbs-content":"","ast-featured-img":"","footer-sml-layout":"","theme-transparent-header-meta":"","adv-header-id-meta":"","stick-header-meta":"","header-above-stick-meta":"","header-main-stick-meta":"","header-below-stick-meta":"","astra-migrate-meta-layouts":"default","ast-page-background-enabled":"default","ast-page-background-meta":{"desktop":{"background-color":"var(--ast-global-color-4)","background-image":"","background-repeat":"repeat","background-position":"center center","background-size":"auto","background-attachment":"scroll","background-type":"","background-media":"","overlay-type":"","overlay-color":"","overlay-opacity":"","overlay-gradient":""},"tablet":{"background-color":"","background-image":"","background-repeat":"repeat","background-position":"center center","background-size":"auto","background-attachment":"scroll","background-type":"","background-media":"","overlay-type":"","overlay-color":"","overlay-opacity":"","overlay-gradient":""},"mobile":{"background-color":"","background-image":"","background-repeat":"repeat","background-position":"center center","background-size":"auto","background-attachment":"scroll","background-type":"","background-media":"","overlay-type":"","overlay-color":"","overlay-opacity":"","overlay-gradient":""}},"ast-content-background-meta":{"desktop":{"background-color":"var(--ast-global-color-5)","background-image":"","background-repeat":"repeat","background-position":"center center","background-size":"auto","background-attachment":"scroll","background-type":"","background-media":"","overlay-type":"","overlay-color":"","overlay-opacity":"","overlay-gradient":""},"tablet":{"background-color":"var(--ast-global-color-5)","background-image":"","background-repeat":"repeat","background-position":"center center","background-size":"auto","background-attachment":"scroll","background-type":"","background-media":"","overlay-type":"","overlay-color":"","overlay-opacity":"","overlay-gradient":""},"mobile":{"background-color":"var(--ast-global-color-5)","background-image":"","background-repeat":"repeat","background-position":"center center","background-size":"auto","background-attachment":"scroll","background-type":"","background-media":"","overlay-type":"","overlay-color":"","overlay-opacity":"","overlay-gradient":""}},"footnotes":""},"class_list":["post-26","page","type-page","status-publish","hentry"],"post_mailing_queue_ids":[],"_links":{"self":[{"href":"https:\/\/agora.xtec.cat\/ceiprocalba\/wp-json\/wp\/v2\/pages\/26","targetHints":{"allow":["GET"]}}],"collection":[{"href":"https:\/\/agora.xtec.cat\/ceiprocalba\/wp-json\/wp\/v2\/pages"}],"about":[{"href":"https:\/\/agora.xtec.cat\/ceiprocalba\/wp-json\/wp\/v2\/types\/page"}],"author":[{"embeddable":true,"href":"https:\/\/agora.xtec.cat\/ceiprocalba\/wp-json\/wp\/v2\/users\/1"}],"replies":[{"embeddable":true,"href":"https:\/\/agora.xtec.cat\/ceiprocalba\/wp-json\/wp\/v2\/comments?post=26"}],"version-history":[{"count":4,"href":"https:\/\/agora.xtec.cat\/ceiprocalba\/wp-json\/wp\/v2\/pages\/26\/revisions"}],"predecessor-version":[{"id":1699,"href":"https:\/\/agora.xtec.cat\/ceiprocalba\/wp-json\/wp\/v2\/pages\/26\/revisions\/1699"}],"up":[{"embeddable":true,"href":"https:\/\/agora.xtec.cat\/ceiprocalba\/wp-json\/wp\/v2\/pages\/22"}],"wp:attachment":[{"href":"https:\/\/agora.xtec.cat\/ceiprocalba\/wp-json\/wp\/v2\/media?parent=26"}],"curies":[{"name":"wp","href":"https:\/\/api.w.org\/{rel}","templated":true}]}}