{"id":951,"date":"2020-04-08T07:57:25","date_gmt":"2020-04-08T05:57:25","guid":{"rendered":"https:\/\/agora.xtec.cat\/ceiprocafonda\/?page_id=951"},"modified":"2020-04-13T13:30:46","modified_gmt":"2020-04-13T11:30:46","slug":"organitzacio-del-menjador","status":"publish","type":"page","link":"https:\/\/agora.xtec.cat\/ceiprocafonda\/serveis\/menjador-escolar\/organitzacio-del-menjador\/","title":{"rendered":"Organitzaci\u00f3 del menjador"},"content":{"rendered":"<p>A Educaci\u00f3 Infantil, \u00a0l\u2019equip de monitors recollir\u00e0 els nens a les aules a les 12h i els retornar\u00e0 a les 15h. Els alumnes de P3, despr\u00e8s de dinar, fan la migdiada (cal portar cada setmana un llen\u00e7ol de llit individual marcat amb el nom) durant el primer i segon trimestre de curs.<\/p>\n<p>\u200bA Prim\u00e0ria, l\u2019equip de monitors recollir\u00e0 els alumnes a les 13 h. a l\u2019aula. Els nens i nenes es renten les mans i entren al menjador acompanyats d\u2019un monitor, que s\u2019encarrega del seu grup d\u2019edat. Despr\u00e9s de dinar, es renten les mans i les dents (les fam\u00edlies que ho vulguin), i \u00a0baixen al pati on els monitors organitzen diferents activitats fins l\u2019hora de comen\u00e7ar les classes.<\/p>\n<p>Tots els nens i nenes des de\u00a0P3 fins a 2n de Prim\u00e0ria han de dur una bata pel menjador amb el nom posat i una veta per penjar-la.<\/p>\n<p>Tots els alumnes que mengin a l\u2019escola, hauran de seguir les normes del menjador, de respecte a totes les persones, d\u2019h\u00e0bits alimentaris, de perman\u00e8ncia i aquelles que es derivin al llarg del curs. Recordem que el temps de menjar a l\u2019escola tamb\u00e9 \u00e9s temps educatiu, per tant, es regeix tamb\u00e9 per les normes generals del centre.<a href=\"https:\/\/agora.xtec.cat\/ceiprocafonda\/wp-content\/uploads\/usu416\/2020\/04\/Beques_menjador-5.jpg\"><img loading=\"lazy\" decoding=\"async\" class=\"size-full wp-image-1255 alignright\" src=\"https:\/\/agora.xtec.cat\/ceiprocafonda\/wp-content\/uploads\/usu416\/2020\/04\/Beques_menjador-5.jpg\" alt=\"\" width=\"400\" height=\"319\" srcset=\"https:\/\/agora.xtec.cat\/ceiprocafonda\/wp-content\/uploads\/usu416\/2020\/04\/Beques_menjador-5.jpg 400w, https:\/\/agora.xtec.cat\/ceiprocafonda\/wp-content\/uploads\/usu416\/2020\/04\/Beques_menjador-5-300x239.jpg 300w\" sizes=\"auto, (max-width: 400px) 100vw, 400px\" \/><\/a><\/p>\n<p>Les fam\u00edlies dels nens i nenes que es queden al menjador seran informades rebent un informe: a P3 un informe diari; a P4 i P5 informe mensual i a Prim\u00e0ria (de 1r a 6\u00e8) un informe trimestral.<\/p>\n<p>El control del menjador \u00e9s responsabilitat del Consell Escolar del centre, i est\u00e0 seguit i vetllat per la comissi\u00f3 mixta espec\u00edfica de menjador, que en far\u00e0 el seguiment, tant de monitors, d\u2019alumnes i de men\u00fas.<\/p>\n","protected":false},"excerpt":{"rendered":"<p>A Educaci\u00f3 Infantil, \u00a0l\u2019equip de monitors recollir\u00e0 els nens a les aules a les 12h i els retornar\u00e0 a les 15h. Els alumnes de P3, despr\u00e8s de dinar, fan la migdiada (cal portar cada setmana un llen\u00e7ol de llit individual marcat amb el nom) durant el primer i segon trimestre de curs. \u200bA Prim\u00e0ria, l\u2019equip [&hellip;]<\/p>\n","protected":false},"author":1,"featured_media":0,"parent":73,"menu_order":0,"comment_status":"closed","ping_status":"closed","template":"page-templates\/side-menu.php","meta":{"_bbp_topic_count":0,"_bbp_reply_count":0,"_bbp_total_topic_count":0,"_bbp_total_reply_count":0,"_bbp_voice_count":0,"_bbp_anonymous_reply_count":0,"_bbp_topic_count_hidden":0,"_bbp_reply_count_hidden":0,"_bbp_forum_subforum_count":0,"site-sidebar-layout":"default","site-content-layout":"","ast-site-content-layout":"","site-content-style":"default","site-sidebar-style":"default","ast-global-header-display":"","ast-banner-title-visibility":"","ast-main-header-display":"","ast-hfb-above-header-display":"","ast-hfb-below-header-display":"","ast-hfb-mobile-header-display":"","site-post-title":"","ast-breadcrumbs-content":"","ast-featured-img":"","footer-sml-layout":"","theme-transparent-header-meta":"","adv-header-id-meta":"","stick-header-meta":"","header-above-stick-meta":"","header-main-stick-meta":"","header-below-stick-meta":"","astra-migrate-meta-layouts":"default","ast-page-background-enabled":"default","ast-page-background-meta":{"desktop":{"background-color":"var(--ast-global-color-4)","background-image":"","background-repeat":"repeat","background-position":"center center","background-size":"auto","background-attachment":"scroll","background-type":"","background-media":"","overlay-type":"","overlay-color":"","overlay-opacity":"","overlay-gradient":""},"tablet":{"background-color":"","background-image":"","background-repeat":"repeat","background-position":"center center","background-size":"auto","background-attachment":"scroll","background-type":"","background-media":"","overlay-type":"","overlay-color":"","overlay-opacity":"","overlay-gradient":""},"mobile":{"background-color":"","background-image":"","background-repeat":"repeat","background-position":"center center","background-size":"auto","background-attachment":"scroll","background-type":"","background-media":"","overlay-type":"","overlay-color":"","overlay-opacity":"","overlay-gradient":""}},"ast-content-background-meta":{"desktop":{"background-color":"var(--ast-global-color-5)","background-image":"","background-repeat":"repeat","background-position":"center center","background-size":"auto","background-attachment":"scroll","background-type":"","background-media":"","overlay-type":"","overlay-color":"","overlay-opacity":"","overlay-gradient":""},"tablet":{"background-color":"var(--ast-global-color-5)","background-image":"","background-repeat":"repeat","background-position":"center center","background-size":"auto","background-attachment":"scroll","background-type":"","background-media":"","overlay-type":"","overlay-color":"","overlay-opacity":"","overlay-gradient":""},"mobile":{"background-color":"var(--ast-global-color-5)","background-image":"","background-repeat":"repeat","background-position":"center center","background-size":"auto","background-attachment":"scroll","background-type":"","background-media":"","overlay-type":"","overlay-color":"","overlay-opacity":"","overlay-gradient":""}},"footnotes":""},"class_list":["post-951","page","type-page","status-publish","hentry"],"post_mailing_queue_ids":[],"_links":{"self":[{"href":"https:\/\/agora.xtec.cat\/ceiprocafonda\/wp-json\/wp\/v2\/pages\/951","targetHints":{"allow":["GET"]}}],"collection":[{"href":"https:\/\/agora.xtec.cat\/ceiprocafonda\/wp-json\/wp\/v2\/pages"}],"about":[{"href":"https:\/\/agora.xtec.cat\/ceiprocafonda\/wp-json\/wp\/v2\/types\/page"}],"author":[{"embeddable":true,"href":"https:\/\/agora.xtec.cat\/ceiprocafonda\/wp-json\/wp\/v2\/users\/1"}],"replies":[{"embeddable":true,"href":"https:\/\/agora.xtec.cat\/ceiprocafonda\/wp-json\/wp\/v2\/comments?post=951"}],"version-history":[{"count":2,"href":"https:\/\/agora.xtec.cat\/ceiprocafonda\/wp-json\/wp\/v2\/pages\/951\/revisions"}],"predecessor-version":[{"id":1256,"href":"https:\/\/agora.xtec.cat\/ceiprocafonda\/wp-json\/wp\/v2\/pages\/951\/revisions\/1256"}],"up":[{"embeddable":true,"href":"https:\/\/agora.xtec.cat\/ceiprocafonda\/wp-json\/wp\/v2\/pages\/73"}],"wp:attachment":[{"href":"https:\/\/agora.xtec.cat\/ceiprocafonda\/wp-json\/wp\/v2\/media?parent=951"}],"curies":[{"name":"wp","href":"https:\/\/api.w.org\/{rel}","templated":true}]}}