{"id":944,"date":"2020-04-07T20:53:55","date_gmt":"2020-04-07T18:53:55","guid":{"rendered":"https:\/\/agora.xtec.cat\/ceiprocafonda\/?page_id=944"},"modified":"2020-04-12T13:08:33","modified_gmt":"2020-04-12T11:08:33","slug":"infantil","status":"publish","type":"page","link":"https:\/\/agora.xtec.cat\/ceiprocafonda\/nivells\/infantil\/","title":{"rendered":"Educaci\u00f3 Infantil"},"content":{"rendered":"<p><strong>\u200b3 a 6 anys &#8211; Educaci\u00f3 Infantil<\/strong><\/p>\n<p>\u200bConsiderem que\u00a0l\u2019infant \u00e9s lliure\u00a0per decidir en cada moment qu\u00e8 vol fer i que t\u00e9 la capacitat per desenvolupar i superar els seus reptes. Amb suficient\u00a0autonomia\u00a0per resoldre situacions del dia a dia i amb\u00a0multitud de\u00a0 llenguatges\u00a0per expressar-se. Els infants troben a l\u2019escola, diverses situacions de relaci\u00f3 tant amb altres infants, amb els adults, els espais i els materials.<\/p>\n<p>\u200bL\u2019infant \u00e9s competent, experimenta el m\u00f3n, se sent part d\u2019ell des que neix,\u00a0ple de curiositat i amb habilitat de comunicar-se\u00a0des de l\u2019inici de la seva vida.\u00a0\u00c9s protagonista del seu propi aprenentatge.\u00a0Per aix\u00f2, l\u2019escola li ofereix situacions educatives i de relaci\u00f3 que afavoreixen el desenvolupament de tot el seu potencial.<\/p>\n<p>La nostra escola \u00e9s un lloc obert\u00a0on els protagonistes: infants , mestres i fam\u00edlies comparteixen les seves viv\u00e8ncies. \u00c9s un\u00a0espai que permet potenciar el desenvolupament cognitiu, emocional, psicomotor i expressiu dels infants a trav\u00e9s dels seus sentits. Promou els drets i les potencialitats de relaci\u00f3, autonomia, creativitat i aprenentatge dels infants.<\/p>\n<p>\u200bTreballem a partir de l\u2019experimentaci\u00f3 i la manipulaci\u00f3, ja que a partir de les viv\u00e8ncies \u00e9s com millor adquireixen el coneixement. Apostem per un aprenentatge significatiu i funcional adaptat a la diversitat de l\u2019alumnat. Tot aix\u00f2 ho aconseguim mitjan\u00e7ant racons, desdoblaments de grups i grups flexibles, respectant la individualitat de cada infant i el seu proc\u00e9s maduratiu.<\/p>\n<p>\u200b\u00a0Al mateix temps potenciem la conviv\u00e8ncia entre infants de diferents edats a partir de tallers intercicles, celebraci\u00f3 de festes, sortides, col\u00f2nies, etc.<\/p>\n<p>Creiem en el treball com\u00fa entre la fam\u00edlia i l\u2019escola, per la qual cosa vetllem per \u00a0la col\u00b7laboraci\u00f3 i participaci\u00f3 de les fam\u00edlies, tot compartint diferents moments de la vida escolar.<\/p>\n","protected":false},"excerpt":{"rendered":"<p>\u200b3 a 6 anys &#8211; Educaci\u00f3 Infantil \u200bConsiderem que\u00a0l\u2019infant \u00e9s lliure\u00a0per decidir en cada moment qu\u00e8 vol fer i que t\u00e9 la capacitat per desenvolupar i superar els seus reptes. Amb suficient\u00a0autonomia\u00a0per resoldre situacions del dia a dia i amb\u00a0multitud de\u00a0 llenguatges\u00a0per expressar-se. Els infants troben a l\u2019escola, diverses situacions de relaci\u00f3 tant amb altres [&hellip;]<\/p>\n","protected":false},"author":1,"featured_media":0,"parent":87,"menu_order":0,"comment_status":"closed","ping_status":"closed","template":"page-templates\/side-menu.php","meta":{"_bbp_topic_count":0,"_bbp_reply_count":0,"_bbp_total_topic_count":0,"_bbp_total_reply_count":0,"_bbp_voice_count":0,"_bbp_anonymous_reply_count":0,"_bbp_topic_count_hidden":0,"_bbp_reply_count_hidden":0,"_bbp_forum_subforum_count":0,"site-sidebar-layout":"default","site-content-layout":"","ast-site-content-layout":"","site-content-style":"default","site-sidebar-style":"default","ast-global-header-display":"","ast-banner-title-visibility":"","ast-main-header-display":"","ast-hfb-above-header-display":"","ast-hfb-below-header-display":"","ast-hfb-mobile-header-display":"","site-post-title":"","ast-breadcrumbs-content":"","ast-featured-img":"","footer-sml-layout":"","theme-transparent-header-meta":"","adv-header-id-meta":"","stick-header-meta":"","header-above-stick-meta":"","header-main-stick-meta":"","header-below-stick-meta":"","astra-migrate-meta-layouts":"default","ast-page-background-enabled":"default","ast-page-background-meta":{"desktop":{"background-color":"var(--ast-global-color-4)","background-image":"","background-repeat":"repeat","background-position":"center center","background-size":"auto","background-attachment":"scroll","background-type":"","background-media":"","overlay-type":"","overlay-color":"","overlay-opacity":"","overlay-gradient":""},"tablet":{"background-color":"","background-image":"","background-repeat":"repeat","background-position":"center center","background-size":"auto","background-attachment":"scroll","background-type":"","background-media":"","overlay-type":"","overlay-color":"","overlay-opacity":"","overlay-gradient":""},"mobile":{"background-color":"","background-image":"","background-repeat":"repeat","background-position":"center center","background-size":"auto","background-attachment":"scroll","background-type":"","background-media":"","overlay-type":"","overlay-color":"","overlay-opacity":"","overlay-gradient":""}},"ast-content-background-meta":{"desktop":{"background-color":"var(--ast-global-color-5)","background-image":"","background-repeat":"repeat","background-position":"center center","background-size":"auto","background-attachment":"scroll","background-type":"","background-media":"","overlay-type":"","overlay-color":"","overlay-opacity":"","overlay-gradient":""},"tablet":{"background-color":"var(--ast-global-color-5)","background-image":"","background-repeat":"repeat","background-position":"center center","background-size":"auto","background-attachment":"scroll","background-type":"","background-media":"","overlay-type":"","overlay-color":"","overlay-opacity":"","overlay-gradient":""},"mobile":{"background-color":"var(--ast-global-color-5)","background-image":"","background-repeat":"repeat","background-position":"center center","background-size":"auto","background-attachment":"scroll","background-type":"","background-media":"","overlay-type":"","overlay-color":"","overlay-opacity":"","overlay-gradient":""}},"footnotes":""},"class_list":["post-944","page","type-page","status-publish","hentry"],"post_mailing_queue_ids":[],"_links":{"self":[{"href":"https:\/\/agora.xtec.cat\/ceiprocafonda\/wp-json\/wp\/v2\/pages\/944","targetHints":{"allow":["GET"]}}],"collection":[{"href":"https:\/\/agora.xtec.cat\/ceiprocafonda\/wp-json\/wp\/v2\/pages"}],"about":[{"href":"https:\/\/agora.xtec.cat\/ceiprocafonda\/wp-json\/wp\/v2\/types\/page"}],"author":[{"embeddable":true,"href":"https:\/\/agora.xtec.cat\/ceiprocafonda\/wp-json\/wp\/v2\/users\/1"}],"replies":[{"embeddable":true,"href":"https:\/\/agora.xtec.cat\/ceiprocafonda\/wp-json\/wp\/v2\/comments?post=944"}],"version-history":[{"count":3,"href":"https:\/\/agora.xtec.cat\/ceiprocafonda\/wp-json\/wp\/v2\/pages\/944\/revisions"}],"predecessor-version":[{"id":968,"href":"https:\/\/agora.xtec.cat\/ceiprocafonda\/wp-json\/wp\/v2\/pages\/944\/revisions\/968"}],"up":[{"embeddable":true,"href":"https:\/\/agora.xtec.cat\/ceiprocafonda\/wp-json\/wp\/v2\/pages\/87"}],"wp:attachment":[{"href":"https:\/\/agora.xtec.cat\/ceiprocafonda\/wp-json\/wp\/v2\/media?parent=944"}],"curies":[{"name":"wp","href":"https:\/\/api.w.org\/{rel}","templated":true}]}}