{"id":905,"date":"2020-04-07T10:24:58","date_gmt":"2020-04-07T08:24:58","guid":{"rendered":"https:\/\/agora.xtec.cat\/ceiprocafonda\/?page_id=905"},"modified":"2025-12-16T12:34:25","modified_gmt":"2025-12-16T11:34:25","slug":"pla-educatiu-dentorn","status":"publish","type":"page","link":"https:\/\/agora.xtec.cat\/ceiprocafonda\/projectes-de-lescola\/pla-educatiu-dentorn\/","title":{"rendered":"Pla Educatiu d&#8217;entorn"},"content":{"rendered":"<p>El <a href=\"https:\/\/www.mataro.cat\/ca\/temes\/educacio\/16\/pla-educatiu\"><strong>Pla Educatiu d&#8217;Entorn <\/strong><\/a>\u00e9s un pla impulsat des del Departament d\u2019Educaci\u00f3 de la Generalitat de Catalunya en col\u00b7laboraci\u00f3 amb l\u2019Institut Municipal d\u2019Ensenyament de Matar\u00f3 per a potenciar totes aquelles iniciatives i facilitar l\u2019emerg\u00e8ncia de nous projectes que donin una resposta integrada i comunit\u00e0ria a les necessitats educatives dels membres m\u00e9s joves de la nostra societat.<\/p>\n<p>Com a escola arrelada al nostre entorn i implicats amb la nostra ciutat, procurem participar de tot el gran ventall d\u2019activitats que promociona el Pla Educatiu d\u2019Entorn i les diferents entitats, com s\u00f3n: Consell d\u2019infants, Taller de consum responsable, Marat\u00f3 escolar, anades al teatre Monumental, jornades esportives, Cantania, Eurokids, activitats d\u2019educaci\u00f3 viaria,\u00a0 Fem dansa,\u00a0 concurs aual\u00e9, i un llarg etc.<\/p>\n","protected":false},"excerpt":{"rendered":"<p>El Pla Educatiu d&#8217;Entorn \u00e9s un pla impulsat des del Departament d\u2019Educaci\u00f3 de la Generalitat de Catalunya en col\u00b7laboraci\u00f3 amb l\u2019Institut Municipal d\u2019Ensenyament de Matar\u00f3 per a potenciar totes aquelles iniciatives i facilitar l\u2019emerg\u00e8ncia de nous projectes que donin una resposta integrada i comunit\u00e0ria a les necessitats educatives dels membres m\u00e9s joves de la nostra [&hellip;]<\/p>\n","protected":false},"author":1,"featured_media":0,"parent":64,"menu_order":15,"comment_status":"closed","ping_status":"closed","template":"","meta":{"_bbp_topic_count":0,"_bbp_reply_count":0,"_bbp_total_topic_count":0,"_bbp_total_reply_count":0,"_bbp_voice_count":0,"_bbp_anonymous_reply_count":0,"_bbp_topic_count_hidden":0,"_bbp_reply_count_hidden":0,"_bbp_forum_subforum_count":0,"site-sidebar-layout":"default","site-content-layout":"","ast-site-content-layout":"default","site-content-style":"default","site-sidebar-style":"default","ast-global-header-display":"","ast-banner-title-visibility":"","ast-main-header-display":"","ast-hfb-above-header-display":"","ast-hfb-below-header-display":"","ast-hfb-mobile-header-display":"","site-post-title":"","ast-breadcrumbs-content":"","ast-featured-img":"","footer-sml-layout":"","theme-transparent-header-meta":"default","adv-header-id-meta":"","stick-header-meta":"","header-above-stick-meta":"","header-main-stick-meta":"","header-below-stick-meta":"","astra-migrate-meta-layouts":"set","ast-page-background-enabled":"default","ast-page-background-meta":{"desktop":{"background-color":"var(--ast-global-color-4)","background-image":"","background-repeat":"repeat","background-position":"center center","background-size":"auto","background-attachment":"scroll","background-type":"","background-media":"","overlay-type":"","overlay-color":"","overlay-opacity":"","overlay-gradient":""},"tablet":{"background-color":"","background-image":"","background-repeat":"repeat","background-position":"center center","background-size":"auto","background-attachment":"scroll","background-type":"","background-media":"","overlay-type":"","overlay-color":"","overlay-opacity":"","overlay-gradient":""},"mobile":{"background-color":"","background-image":"","background-repeat":"repeat","background-position":"center center","background-size":"auto","background-attachment":"scroll","background-type":"","background-media":"","overlay-type":"","overlay-color":"","overlay-opacity":"","overlay-gradient":""}},"ast-content-background-meta":{"desktop":{"background-color":"var(--ast-global-color-5)","background-image":"","background-repeat":"repeat","background-position":"center center","background-size":"auto","background-attachment":"scroll","background-type":"","background-media":"","overlay-type":"","overlay-color":"","overlay-opacity":"","overlay-gradient":""},"tablet":{"background-color":"var(--ast-global-color-5)","background-image":"","background-repeat":"repeat","background-position":"center center","background-size":"auto","background-attachment":"scroll","background-type":"","background-media":"","overlay-type":"","overlay-color":"","overlay-opacity":"","overlay-gradient":""},"mobile":{"background-color":"var(--ast-global-color-5)","background-image":"","background-repeat":"repeat","background-position":"center center","background-size":"auto","background-attachment":"scroll","background-type":"","background-media":"","overlay-type":"","overlay-color":"","overlay-opacity":"","overlay-gradient":""}},"footnotes":""},"class_list":["post-905","page","type-page","status-publish","hentry"],"post_mailing_queue_ids":[],"_links":{"self":[{"href":"https:\/\/agora.xtec.cat\/ceiprocafonda\/wp-json\/wp\/v2\/pages\/905","targetHints":{"allow":["GET"]}}],"collection":[{"href":"https:\/\/agora.xtec.cat\/ceiprocafonda\/wp-json\/wp\/v2\/pages"}],"about":[{"href":"https:\/\/agora.xtec.cat\/ceiprocafonda\/wp-json\/wp\/v2\/types\/page"}],"author":[{"embeddable":true,"href":"https:\/\/agora.xtec.cat\/ceiprocafonda\/wp-json\/wp\/v2\/users\/1"}],"replies":[{"embeddable":true,"href":"https:\/\/agora.xtec.cat\/ceiprocafonda\/wp-json\/wp\/v2\/comments?post=905"}],"version-history":[{"count":5,"href":"https:\/\/agora.xtec.cat\/ceiprocafonda\/wp-json\/wp\/v2\/pages\/905\/revisions"}],"predecessor-version":[{"id":18806,"href":"https:\/\/agora.xtec.cat\/ceiprocafonda\/wp-json\/wp\/v2\/pages\/905\/revisions\/18806"}],"up":[{"embeddable":true,"href":"https:\/\/agora.xtec.cat\/ceiprocafonda\/wp-json\/wp\/v2\/pages\/64"}],"wp:attachment":[{"href":"https:\/\/agora.xtec.cat\/ceiprocafonda\/wp-json\/wp\/v2\/media?parent=905"}],"curies":[{"name":"wp","href":"https:\/\/api.w.org\/{rel}","templated":true}]}}