{"id":885,"date":"2020-04-07T09:29:49","date_gmt":"2020-04-07T07:29:49","guid":{"rendered":"https:\/\/agora.xtec.cat\/ceiprocafonda\/?page_id=885"},"modified":"2020-04-19T19:55:39","modified_gmt":"2020-04-19T17:55:39","slug":"batucada","status":"publish","type":"page","link":"https:\/\/agora.xtec.cat\/ceiprocafonda\/afa\/batucada\/","title":{"rendered":"Batucada"},"content":{"rendered":"<p><a href=\"https:\/\/agora.xtec.cat\/ceiprocafonda\/wp-content\/uploads\/usu416\/2020\/04\/64817448_2192614747470467_7521528289907703808_o.jpg\"><img loading=\"lazy\" decoding=\"async\" class=\"wp-image-1309 alignright\" src=\"https:\/\/agora.xtec.cat\/ceiprocafonda\/wp-content\/uploads\/usu416\/2020\/04\/64817448_2192614747470467_7521528289907703808_o.jpg\" alt=\"\" width=\"256\" height=\"192\" srcset=\"https:\/\/agora.xtec.cat\/ceiprocafonda\/wp-content\/uploads\/usu416\/2020\/04\/64817448_2192614747470467_7521528289907703808_o.jpg 960w, https:\/\/agora.xtec.cat\/ceiprocafonda\/wp-content\/uploads\/usu416\/2020\/04\/64817448_2192614747470467_7521528289907703808_o-300x225.jpg 300w, https:\/\/agora.xtec.cat\/ceiprocafonda\/wp-content\/uploads\/usu416\/2020\/04\/64817448_2192614747470467_7521528289907703808_o-768x576.jpg 768w, https:\/\/agora.xtec.cat\/ceiprocafonda\/wp-content\/uploads\/usu416\/2020\/04\/64817448_2192614747470467_7521528289907703808_o-200x150.jpg 200w\" sizes=\"auto, (max-width: 256px) 100vw, 256px\" \/><\/a>L\u2019activitat de Batucada, dirigida a familiars, consisteix en la creaci\u00f3 d\u2019una agrupaci\u00f3 de percussi\u00f3 pr\u00f2pia de l\u2019escola, basada en aquest popular ritme brasiler i que acostuma a acompanyar a la Rocaina a tot arreu.<\/p>\n<p>Els seus eixos vertebradors s\u00f3n: el ritme, com a representaci\u00f3 musical directa; el grup, com a eina indiscutible de treball en equip i cooperatiu; i l\u2019oci.<\/p>\n<p>En definitiva, \u00e9s una eina excel\u00b7lent per a que qualsevol persona pugui fer m\u00fasica de manera activa, l\u00fadica i divertida.<\/p>\n<p><a href=\"https:\/\/agora.xtec.cat\/ceiprocafonda\/wp-content\/uploads\/usu416\/2020\/04\/78344306_2505273752871230_1583417582902312960_n.jpg\"><img loading=\"lazy\" decoding=\"async\" class=\"alignnone wp-image-1138\" src=\"https:\/\/agora.xtec.cat\/ceiprocafonda\/wp-content\/uploads\/usu416\/2020\/04\/78344306_2505273752871230_1583417582902312960_n.jpg\" alt=\"\" width=\"369\" height=\"277\" srcset=\"https:\/\/agora.xtec.cat\/ceiprocafonda\/wp-content\/uploads\/usu416\/2020\/04\/78344306_2505273752871230_1583417582902312960_n.jpg 960w, https:\/\/agora.xtec.cat\/ceiprocafonda\/wp-content\/uploads\/usu416\/2020\/04\/78344306_2505273752871230_1583417582902312960_n-300x225.jpg 300w, https:\/\/agora.xtec.cat\/ceiprocafonda\/wp-content\/uploads\/usu416\/2020\/04\/78344306_2505273752871230_1583417582902312960_n-768x576.jpg 768w, https:\/\/agora.xtec.cat\/ceiprocafonda\/wp-content\/uploads\/usu416\/2020\/04\/78344306_2505273752871230_1583417582902312960_n-200x150.jpg 200w\" sizes=\"auto, (max-width: 369px) 100vw, 369px\" \/><\/a><a href=\"https:\/\/agora.xtec.cat\/ceiprocafonda\/wp-content\/uploads\/usu416\/2020\/04\/8.jpg\"><img loading=\"lazy\" decoding=\"async\" class=\"alignnone wp-image-1137\" src=\"https:\/\/agora.xtec.cat\/ceiprocafonda\/wp-content\/uploads\/usu416\/2020\/04\/8-1024x768.jpg\" alt=\"\" width=\"368\" height=\"276\" srcset=\"https:\/\/agora.xtec.cat\/ceiprocafonda\/wp-content\/uploads\/usu416\/2020\/04\/8-1024x768.jpg 1024w, https:\/\/agora.xtec.cat\/ceiprocafonda\/wp-content\/uploads\/usu416\/2020\/04\/8-300x225.jpg 300w, https:\/\/agora.xtec.cat\/ceiprocafonda\/wp-content\/uploads\/usu416\/2020\/04\/8-768x576.jpg 768w, https:\/\/agora.xtec.cat\/ceiprocafonda\/wp-content\/uploads\/usu416\/2020\/04\/8-200x150.jpg 200w, https:\/\/agora.xtec.cat\/ceiprocafonda\/wp-content\/uploads\/usu416\/2020\/04\/8.jpg 1600w\" sizes=\"auto, (max-width: 368px) 100vw, 368px\" \/><\/a><a href=\"https:\/\/agora.xtec.cat\/ceiprocafonda\/wp-content\/uploads\/usu416\/2020\/04\/64525184_2192614760803799_520206438891520000_o.jpg\"><img loading=\"lazy\" decoding=\"async\" class=\"wp-image-1308 alignleft\" src=\"https:\/\/agora.xtec.cat\/ceiprocafonda\/wp-content\/uploads\/usu416\/2020\/04\/64525184_2192614760803799_520206438891520000_o.jpg\" alt=\"\" width=\"763\" height=\"572\" srcset=\"https:\/\/agora.xtec.cat\/ceiprocafonda\/wp-content\/uploads\/usu416\/2020\/04\/64525184_2192614760803799_520206438891520000_o.jpg 960w, https:\/\/agora.xtec.cat\/ceiprocafonda\/wp-content\/uploads\/usu416\/2020\/04\/64525184_2192614760803799_520206438891520000_o-300x225.jpg 300w, https:\/\/agora.xtec.cat\/ceiprocafonda\/wp-content\/uploads\/usu416\/2020\/04\/64525184_2192614760803799_520206438891520000_o-768x576.jpg 768w, https:\/\/agora.xtec.cat\/ceiprocafonda\/wp-content\/uploads\/usu416\/2020\/04\/64525184_2192614760803799_520206438891520000_o-200x150.jpg 200w\" sizes=\"auto, (max-width: 763px) 100vw, 763px\" \/><\/a><\/p>\n<p>&nbsp;<\/p>\n","protected":false},"excerpt":{"rendered":"<p>L\u2019activitat de Batucada, dirigida a familiars, consisteix en la creaci\u00f3 d\u2019una agrupaci\u00f3 de percussi\u00f3 pr\u00f2pia de l\u2019escola, basada en aquest popular ritme brasiler i que acostuma a acompanyar a la Rocaina a tot arreu. Els seus eixos vertebradors s\u00f3n: el ritme, com a representaci\u00f3 musical directa; el grup, com a eina indiscutible de treball en [&hellip;]<\/p>\n","protected":false},"author":1,"featured_media":0,"parent":877,"menu_order":4,"comment_status":"closed","ping_status":"closed","template":"page-templates\/side-menu.php","meta":{"_bbp_topic_count":0,"_bbp_reply_count":0,"_bbp_total_topic_count":0,"_bbp_total_reply_count":0,"_bbp_voice_count":0,"_bbp_anonymous_reply_count":0,"_bbp_topic_count_hidden":0,"_bbp_reply_count_hidden":0,"_bbp_forum_subforum_count":0,"site-sidebar-layout":"default","site-content-layout":"","ast-site-content-layout":"","site-content-style":"default","site-sidebar-style":"default","ast-global-header-display":"","ast-banner-title-visibility":"","ast-main-header-display":"","ast-hfb-above-header-display":"","ast-hfb-below-header-display":"","ast-hfb-mobile-header-display":"","site-post-title":"","ast-breadcrumbs-content":"","ast-featured-img":"","footer-sml-layout":"","theme-transparent-header-meta":"","adv-header-id-meta":"","stick-header-meta":"","header-above-stick-meta":"","header-main-stick-meta":"","header-below-stick-meta":"","astra-migrate-meta-layouts":"default","ast-page-background-enabled":"default","ast-page-background-meta":{"desktop":{"background-color":"var(--ast-global-color-4)","background-image":"","background-repeat":"repeat","background-position":"center center","background-size":"auto","background-attachment":"scroll","background-type":"","background-media":"","overlay-type":"","overlay-color":"","overlay-opacity":"","overlay-gradient":""},"tablet":{"background-color":"","background-image":"","background-repeat":"repeat","background-position":"center center","background-size":"auto","background-attachment":"scroll","background-type":"","background-media":"","overlay-type":"","overlay-color":"","overlay-opacity":"","overlay-gradient":""},"mobile":{"background-color":"","background-image":"","background-repeat":"repeat","background-position":"center center","background-size":"auto","background-attachment":"scroll","background-type":"","background-media":"","overlay-type":"","overlay-color":"","overlay-opacity":"","overlay-gradient":""}},"ast-content-background-meta":{"desktop":{"background-color":"var(--ast-global-color-5)","background-image":"","background-repeat":"repeat","background-position":"center center","background-size":"auto","background-attachment":"scroll","background-type":"","background-media":"","overlay-type":"","overlay-color":"","overlay-opacity":"","overlay-gradient":""},"tablet":{"background-color":"var(--ast-global-color-5)","background-image":"","background-repeat":"repeat","background-position":"center center","background-size":"auto","background-attachment":"scroll","background-type":"","background-media":"","overlay-type":"","overlay-color":"","overlay-opacity":"","overlay-gradient":""},"mobile":{"background-color":"var(--ast-global-color-5)","background-image":"","background-repeat":"repeat","background-position":"center center","background-size":"auto","background-attachment":"scroll","background-type":"","background-media":"","overlay-type":"","overlay-color":"","overlay-opacity":"","overlay-gradient":""}},"footnotes":""},"class_list":["post-885","page","type-page","status-publish","hentry"],"post_mailing_queue_ids":[],"_links":{"self":[{"href":"https:\/\/agora.xtec.cat\/ceiprocafonda\/wp-json\/wp\/v2\/pages\/885","targetHints":{"allow":["GET"]}}],"collection":[{"href":"https:\/\/agora.xtec.cat\/ceiprocafonda\/wp-json\/wp\/v2\/pages"}],"about":[{"href":"https:\/\/agora.xtec.cat\/ceiprocafonda\/wp-json\/wp\/v2\/types\/page"}],"author":[{"embeddable":true,"href":"https:\/\/agora.xtec.cat\/ceiprocafonda\/wp-json\/wp\/v2\/users\/1"}],"replies":[{"embeddable":true,"href":"https:\/\/agora.xtec.cat\/ceiprocafonda\/wp-json\/wp\/v2\/comments?post=885"}],"version-history":[{"count":4,"href":"https:\/\/agora.xtec.cat\/ceiprocafonda\/wp-json\/wp\/v2\/pages\/885\/revisions"}],"predecessor-version":[{"id":1311,"href":"https:\/\/agora.xtec.cat\/ceiprocafonda\/wp-json\/wp\/v2\/pages\/885\/revisions\/1311"}],"up":[{"embeddable":true,"href":"https:\/\/agora.xtec.cat\/ceiprocafonda\/wp-json\/wp\/v2\/pages\/877"}],"wp:attachment":[{"href":"https:\/\/agora.xtec.cat\/ceiprocafonda\/wp-json\/wp\/v2\/media?parent=885"}],"curies":[{"name":"wp","href":"https:\/\/api.w.org\/{rel}","templated":true}]}}