{"id":844,"date":"2020-04-06T22:37:47","date_gmt":"2020-04-06T20:37:47","guid":{"rendered":"https:\/\/agora.xtec.cat\/ceiprocafonda\/?page_id=844"},"modified":"2025-12-16T12:34:03","modified_gmt":"2025-12-16T11:34:03","slug":"projecte-cos-en-moviment","status":"publish","type":"page","link":"https:\/\/agora.xtec.cat\/ceiprocafonda\/projectes-de-lescola\/projecte-cos-en-moviment\/","title":{"rendered":"Projecte Cos en moviment"},"content":{"rendered":"<p><img loading=\"lazy\" decoding=\"async\" class=\" wp-image-3351\" src=\"https:\/\/agora.xtec.cat\/ceiprocafonda\/wp-content\/uploads\/usu416\/2021\/03\/InkedCos-en-moviment_LI.jpg\" alt=\"\" width=\"80\" height=\"95\" \/><\/p>\n<p>A l\u2019escola Rocafonda amb el projecte <a href=\"https:\/\/agora.xtec.cat\/ceiprocafonda\/wp-content\/uploads\/usu416\/2020\/05\/Projecte-Esportiu-de-Centre_EscolaRocafonda2020.pdf\">Cos en moviment<\/a>,\u00a0 promocionem l\u2019activitat f\u00edsica, el moviment i l\u2019esport des de les classes d\u2019educaci\u00f3 f\u00edsica, a les hores del pati i ho fomentem perqu\u00e8 l\u2019alumnat esdevingui actiu durant el seu temps de lleure, implicant quan es pot a la resta de la comunitat educativa.<\/p>\n<p>A partir d\u2019organitzar jornades d\u2019activitat f\u00edsica, trobades esportives amb altres escoles, activitats extraescolars i participaci\u00f3 en activitats esportives organitzades per la ciutat, volem que l\u2019alumnat esdevingui responsable, cr\u00edtic, lliure i conscient del seu desenvolupament hum\u00e0 a trav\u00e9s de l\u2019esport.<\/p>\n<p>Cal tenir en compte que la Generalitat elabora uns consells sobre els h\u00e0bits saludables que tot infant hauria d\u2019obtenir, partint des de l\u2019alimentaci\u00f3, la higiene, el descans fins a arribar a l\u2019activitat f\u00edsica. \u00c9s per aix\u00f2 que des de l\u2019escola vetllarem per a l\u2019adquisici\u00f3 d\u2019aquests h\u00e0bits i ho fem a trav\u00e9s de la nostra participaci\u00f3 en diferents programes com \u00e9s el de \u201cconsum de fruita\u201d, revisions bucodentals, etc.<\/p>\n<p>Les classes d\u2019educaci\u00f3 f\u00edsica, les fem en angl\u00e8s: comencem introduint vocabulari en llengua anglesa a P4, a l\u2019hora de psicomotricitat, per a 1r ja fer les classes \u00edntegrament en angl\u00e8s. D\u2019aquesta man<span style=\"font-family: inherit; font-size: 1em;\">era, busquem que els alumnes mostrin m\u00e9s curiositat i inter\u00e8s per l\u2019aprenentatge de les lleng\u00fces estrangeres, que puguin aconseguir una millora en la seva compet\u00e8ncia comunicativa oral,\u00a0 i \u00a0que<\/span><span style=\"font-family: inherit; font-size: 1em;\"> s\u2019il\u00b7lusionin.<\/span><\/p>\n","protected":false},"excerpt":{"rendered":"<p>A l\u2019escola Rocafonda amb el projecte Cos en moviment,\u00a0 promocionem l\u2019activitat f\u00edsica, el moviment i l\u2019esport des de les classes d\u2019educaci\u00f3 f\u00edsica, a les hores del pati i ho fomentem perqu\u00e8 l\u2019alumnat esdevingui actiu durant el seu temps de lleure, implicant quan es pot a la resta de la comunitat educativa. A partir d\u2019organitzar jornades [&hellip;]<\/p>\n","protected":false},"author":1,"featured_media":0,"parent":64,"menu_order":11,"comment_status":"closed","ping_status":"closed","template":"","meta":{"_bbp_topic_count":0,"_bbp_reply_count":0,"_bbp_total_topic_count":0,"_bbp_total_reply_count":0,"_bbp_voice_count":0,"_bbp_anonymous_reply_count":0,"_bbp_topic_count_hidden":0,"_bbp_reply_count_hidden":0,"_bbp_forum_subforum_count":0,"site-sidebar-layout":"default","site-content-layout":"","ast-site-content-layout":"default","site-content-style":"default","site-sidebar-style":"default","ast-global-header-display":"","ast-banner-title-visibility":"","ast-main-header-display":"","ast-hfb-above-header-display":"","ast-hfb-below-header-display":"","ast-hfb-mobile-header-display":"","site-post-title":"","ast-breadcrumbs-content":"","ast-featured-img":"","footer-sml-layout":"","theme-transparent-header-meta":"default","adv-header-id-meta":"","stick-header-meta":"","header-above-stick-meta":"","header-main-stick-meta":"","header-below-stick-meta":"","astra-migrate-meta-layouts":"set","ast-page-background-enabled":"default","ast-page-background-meta":{"desktop":{"background-color":"var(--ast-global-color-4)","background-image":"","background-repeat":"repeat","background-position":"center center","background-size":"auto","background-attachment":"scroll","background-type":"","background-media":"","overlay-type":"","overlay-color":"","overlay-opacity":"","overlay-gradient":""},"tablet":{"background-color":"","background-image":"","background-repeat":"repeat","background-position":"center center","background-size":"auto","background-attachment":"scroll","background-type":"","background-media":"","overlay-type":"","overlay-color":"","overlay-opacity":"","overlay-gradient":""},"mobile":{"background-color":"","background-image":"","background-repeat":"repeat","background-position":"center center","background-size":"auto","background-attachment":"scroll","background-type":"","background-media":"","overlay-type":"","overlay-color":"","overlay-opacity":"","overlay-gradient":""}},"ast-content-background-meta":{"desktop":{"background-color":"var(--ast-global-color-5)","background-image":"","background-repeat":"repeat","background-position":"center center","background-size":"auto","background-attachment":"scroll","background-type":"","background-media":"","overlay-type":"","overlay-color":"","overlay-opacity":"","overlay-gradient":""},"tablet":{"background-color":"var(--ast-global-color-5)","background-image":"","background-repeat":"repeat","background-position":"center center","background-size":"auto","background-attachment":"scroll","background-type":"","background-media":"","overlay-type":"","overlay-color":"","overlay-opacity":"","overlay-gradient":""},"mobile":{"background-color":"var(--ast-global-color-5)","background-image":"","background-repeat":"repeat","background-position":"center center","background-size":"auto","background-attachment":"scroll","background-type":"","background-media":"","overlay-type":"","overlay-color":"","overlay-opacity":"","overlay-gradient":""}},"footnotes":""},"class_list":["post-844","page","type-page","status-publish","hentry"],"post_mailing_queue_ids":[],"_links":{"self":[{"href":"https:\/\/agora.xtec.cat\/ceiprocafonda\/wp-json\/wp\/v2\/pages\/844","targetHints":{"allow":["GET"]}}],"collection":[{"href":"https:\/\/agora.xtec.cat\/ceiprocafonda\/wp-json\/wp\/v2\/pages"}],"about":[{"href":"https:\/\/agora.xtec.cat\/ceiprocafonda\/wp-json\/wp\/v2\/types\/page"}],"author":[{"embeddable":true,"href":"https:\/\/agora.xtec.cat\/ceiprocafonda\/wp-json\/wp\/v2\/users\/1"}],"replies":[{"embeddable":true,"href":"https:\/\/agora.xtec.cat\/ceiprocafonda\/wp-json\/wp\/v2\/comments?post=844"}],"version-history":[{"count":5,"href":"https:\/\/agora.xtec.cat\/ceiprocafonda\/wp-json\/wp\/v2\/pages\/844\/revisions"}],"predecessor-version":[{"id":18805,"href":"https:\/\/agora.xtec.cat\/ceiprocafonda\/wp-json\/wp\/v2\/pages\/844\/revisions\/18805"}],"up":[{"embeddable":true,"href":"https:\/\/agora.xtec.cat\/ceiprocafonda\/wp-json\/wp\/v2\/pages\/64"}],"wp:attachment":[{"href":"https:\/\/agora.xtec.cat\/ceiprocafonda\/wp-json\/wp\/v2\/media?parent=844"}],"curies":[{"name":"wp","href":"https:\/\/api.w.org\/{rel}","templated":true}]}}