{"id":825,"date":"2020-04-06T22:16:06","date_gmt":"2020-04-06T20:16:06","guid":{"rendered":"https:\/\/agora.xtec.cat\/ceiprocafonda\/?page_id=825"},"modified":"2025-12-16T12:33:21","modified_gmt":"2025-12-16T11:33:21","slug":"programa-innovamat","status":"publish","type":"page","link":"https:\/\/agora.xtec.cat\/ceiprocafonda\/projectes-de-lescola\/programa-innovamat\/","title":{"rendered":"Innovamat"},"content":{"rendered":"<p><a href=\"https:\/\/innovamat.com\/ca\/\"><img loading=\"lazy\" decoding=\"async\" class=\"alignnone size-full wp-image-826\" src=\"https:\/\/agora.xtec.cat\/ceiprocafonda\/wp-content\/uploads\/usu416\/2020\/04\/logo-innovamat.png\" alt=\"\" width=\"73\" height=\"73\" \/><\/a>\u00a0 Apostem per un aprenentatge competencial de les matem\u00e0tiques a partir del di\u00e0leg i la manipulaci\u00f3. Sense mecanitzaci\u00f3, sin\u00f3 que apostem per treballar amb reptes vivencials, desenvolupament d\u2019estrat\u00e8gies i la manipulaci\u00f3 de material divers.<\/p>\n<div class=\"ast-oembed-container \" style=\"height: 100%;\"><iframe loading=\"lazy\" title=\"Innovamat: qu\u00e8 \u00e9s fer matem\u00e0tiques?\" width=\"500\" height=\"281\" src=\"https:\/\/www.youtube.com\/embed\/pERXXiZjS14?feature=oembed\" frameborder=\"0\" allow=\"accelerometer; autoplay; clipboard-write; encrypted-media; gyroscope; picture-in-picture; web-share\" referrerpolicy=\"strict-origin-when-cross-origin\" allowfullscreen><\/iframe><\/div>\n<p>L\u2019aula de matem\u00e0tiques, per a l\u2019alumnat, ha de ser un entorn inspirador que el convidi a aprendre i a <a href=\"https:\/\/agora.xtec.cat\/ceiprocafonda\/wp-content\/uploads\/usu416\/2020\/04\/imatge-innovamat.png\"><img loading=\"lazy\" decoding=\"async\" class=\"wp-image-828 alignright\" src=\"https:\/\/agora.xtec.cat\/ceiprocafonda\/wp-content\/uploads\/usu416\/2020\/04\/imatge-innovamat-1024x576.png\" alt=\"\" width=\"288\" height=\"162\" srcset=\"https:\/\/agora.xtec.cat\/ceiprocafonda\/wp-content\/uploads\/usu416\/2020\/04\/imatge-innovamat-1024x576.png 1024w, https:\/\/agora.xtec.cat\/ceiprocafonda\/wp-content\/uploads\/usu416\/2020\/04\/imatge-innovamat-300x169.png 300w, https:\/\/agora.xtec.cat\/ceiprocafonda\/wp-content\/uploads\/usu416\/2020\/04\/imatge-innovamat-768x432.png 768w, https:\/\/agora.xtec.cat\/ceiprocafonda\/wp-content\/uploads\/usu416\/2020\/04\/imatge-innovamat.png 1280w\" sizes=\"auto, (max-width: 288px) 100vw, 288px\" \/><\/a>desenvolupar tot el seu potencial. I per aconseguir-ho ser\u00e0 clau:<\/p>\n<ul>\n<li>La presentaci\u00f3 dels continguts i les destreses matem\u00e0tiques amb criteri did\u00e0ctic.<\/li>\n<li>Respectar els diferents ritmes d\u2019aprenentatge dels nens i les nenes.<\/li>\n<li>Donar valor als processos matem\u00e0tics: resoldre problemes, raonar, connectar, comunicar-se i representar, sense oblidar els continguts.<\/li>\n<\/ul>\n","protected":false},"excerpt":{"rendered":"<p>\u00a0 Apostem per un aprenentatge competencial de les matem\u00e0tiques a partir del di\u00e0leg i la manipulaci\u00f3. Sense mecanitzaci\u00f3, sin\u00f3 que apostem per treballar amb reptes vivencials, desenvolupament d\u2019estrat\u00e8gies i la manipulaci\u00f3 de material divers. L\u2019aula de matem\u00e0tiques, per a l\u2019alumnat, ha de ser un entorn inspirador que el convidi a aprendre i a desenvolupar tot [&hellip;]<\/p>\n","protected":false},"author":1,"featured_media":0,"parent":64,"menu_order":7,"comment_status":"closed","ping_status":"closed","template":"","meta":{"_bbp_topic_count":0,"_bbp_reply_count":0,"_bbp_total_topic_count":0,"_bbp_total_reply_count":0,"_bbp_voice_count":0,"_bbp_anonymous_reply_count":0,"_bbp_topic_count_hidden":0,"_bbp_reply_count_hidden":0,"_bbp_forum_subforum_count":0,"site-sidebar-layout":"default","site-content-layout":"","ast-site-content-layout":"default","site-content-style":"default","site-sidebar-style":"default","ast-global-header-display":"","ast-banner-title-visibility":"","ast-main-header-display":"","ast-hfb-above-header-display":"","ast-hfb-below-header-display":"","ast-hfb-mobile-header-display":"","site-post-title":"","ast-breadcrumbs-content":"","ast-featured-img":"","footer-sml-layout":"","theme-transparent-header-meta":"default","adv-header-id-meta":"","stick-header-meta":"","header-above-stick-meta":"","header-main-stick-meta":"","header-below-stick-meta":"","astra-migrate-meta-layouts":"set","ast-page-background-enabled":"default","ast-page-background-meta":{"desktop":{"background-color":"var(--ast-global-color-4)","background-image":"","background-repeat":"repeat","background-position":"center center","background-size":"auto","background-attachment":"scroll","background-type":"","background-media":"","overlay-type":"","overlay-color":"","overlay-opacity":"","overlay-gradient":""},"tablet":{"background-color":"","background-image":"","background-repeat":"repeat","background-position":"center center","background-size":"auto","background-attachment":"scroll","background-type":"","background-media":"","overlay-type":"","overlay-color":"","overlay-opacity":"","overlay-gradient":""},"mobile":{"background-color":"","background-image":"","background-repeat":"repeat","background-position":"center center","background-size":"auto","background-attachment":"scroll","background-type":"","background-media":"","overlay-type":"","overlay-color":"","overlay-opacity":"","overlay-gradient":""}},"ast-content-background-meta":{"desktop":{"background-color":"var(--ast-global-color-5)","background-image":"","background-repeat":"repeat","background-position":"center center","background-size":"auto","background-attachment":"scroll","background-type":"","background-media":"","overlay-type":"","overlay-color":"","overlay-opacity":"","overlay-gradient":""},"tablet":{"background-color":"var(--ast-global-color-5)","background-image":"","background-repeat":"repeat","background-position":"center center","background-size":"auto","background-attachment":"scroll","background-type":"","background-media":"","overlay-type":"","overlay-color":"","overlay-opacity":"","overlay-gradient":""},"mobile":{"background-color":"var(--ast-global-color-5)","background-image":"","background-repeat":"repeat","background-position":"center center","background-size":"auto","background-attachment":"scroll","background-type":"","background-media":"","overlay-type":"","overlay-color":"","overlay-opacity":"","overlay-gradient":""}},"footnotes":""},"class_list":["post-825","page","type-page","status-publish","hentry"],"post_mailing_queue_ids":[],"_links":{"self":[{"href":"https:\/\/agora.xtec.cat\/ceiprocafonda\/wp-json\/wp\/v2\/pages\/825","targetHints":{"allow":["GET"]}}],"collection":[{"href":"https:\/\/agora.xtec.cat\/ceiprocafonda\/wp-json\/wp\/v2\/pages"}],"about":[{"href":"https:\/\/agora.xtec.cat\/ceiprocafonda\/wp-json\/wp\/v2\/types\/page"}],"author":[{"embeddable":true,"href":"https:\/\/agora.xtec.cat\/ceiprocafonda\/wp-json\/wp\/v2\/users\/1"}],"replies":[{"embeddable":true,"href":"https:\/\/agora.xtec.cat\/ceiprocafonda\/wp-json\/wp\/v2\/comments?post=825"}],"version-history":[{"count":6,"href":"https:\/\/agora.xtec.cat\/ceiprocafonda\/wp-json\/wp\/v2\/pages\/825\/revisions"}],"predecessor-version":[{"id":18803,"href":"https:\/\/agora.xtec.cat\/ceiprocafonda\/wp-json\/wp\/v2\/pages\/825\/revisions\/18803"}],"up":[{"embeddable":true,"href":"https:\/\/agora.xtec.cat\/ceiprocafonda\/wp-json\/wp\/v2\/pages\/64"}],"wp:attachment":[{"href":"https:\/\/agora.xtec.cat\/ceiprocafonda\/wp-json\/wp\/v2\/media?parent=825"}],"curies":[{"name":"wp","href":"https:\/\/api.w.org\/{rel}","templated":true}]}}