{"id":822,"date":"2020-04-06T22:10:40","date_gmt":"2020-04-06T20:10:40","guid":{"rendered":"https:\/\/agora.xtec.cat\/ceiprocafonda\/?page_id=822"},"modified":"2025-12-16T12:33:02","modified_gmt":"2025-12-16T11:33:02","slug":"projecte-impuls-de-la-lectura","status":"publish","type":"page","link":"https:\/\/agora.xtec.cat\/ceiprocafonda\/projectes-de-lescola\/projecte-impuls-de-la-lectura\/","title":{"rendered":"Pla Lector"},"content":{"rendered":"<p><a href=\"https:\/\/agora.xtec.cat\/ceiprocafonda\/wp-content\/uploads\/usu416\/2020\/04\/un-mon-llibre-un-mon-millor.jpg\"><img loading=\"lazy\" decoding=\"async\" class=\"wp-image-1365 alignright\" src=\"https:\/\/agora.xtec.cat\/ceiprocafonda\/wp-content\/uploads\/usu416\/2020\/04\/un-mon-llibre-un-mon-millor.jpg\" alt=\"\" width=\"149\" height=\"149\" srcset=\"https:\/\/agora.xtec.cat\/ceiprocafonda\/wp-content\/uploads\/usu416\/2020\/04\/un-mon-llibre-un-mon-millor.jpg 600w, https:\/\/agora.xtec.cat\/ceiprocafonda\/wp-content\/uploads\/usu416\/2020\/04\/un-mon-llibre-un-mon-millor-150x150.jpg 150w, https:\/\/agora.xtec.cat\/ceiprocafonda\/wp-content\/uploads\/usu416\/2020\/04\/un-mon-llibre-un-mon-millor-300x300.jpg 300w\" sizes=\"auto, (max-width: 149px) 100vw, 149px\" \/><\/a><a href=\"https:\/\/agora.xtec.cat\/ceiprocafonda\/wp-content\/uploads\/usu416\/2021\/03\/Pla-dimpuls-lectura.jpg\"><img loading=\"lazy\" decoding=\"async\" class=\"alignnone wp-image-3346\" src=\"https:\/\/agora.xtec.cat\/ceiprocafonda\/wp-content\/uploads\/usu416\/2021\/03\/Pla-dimpuls-lectura.jpg\" alt=\"\" width=\"109\" height=\"48\" \/><\/a><\/p>\n<p>El <a href=\"https:\/\/agora.xtec.cat\/ceiprocafonda\/wp-content\/uploads\/usu416\/2021\/04\/Pla-lector-20_21-en-revisi\u00f3.pdf\">Pla lector 20_21 en revisi\u00f3<\/a>\u00a0t\u00e9 com a objectiu estrat\u00e8gic la millora de l&#8217;\u00e8xit escolar de tot l&#8217;alumnat i la formaci\u00f3 de bons lectors i lectores. I ho fa potenciant la lectura sistem\u00e0tica en totes les \u00e0rees i mat\u00e8ries del curr\u00edculum al llarg de tota l&#8217;escolaritat b\u00e0sica per augmentar la compet\u00e8ncia comunicativa ling\u00fc\u00edstica i el desenvolupament de l&#8217;h\u00e0bit lector dels infants i joves. La compet\u00e8ncia lectora \u00e9s la base de molts aprenentatges i un requisit per participar amb \u00e8xit en bona part dels \u00e0mbits de la vida adulta.<\/p>\n<p>Es tracta que, al llarg de la seva formaci\u00f3 educativa, els nostres alumnes esdevinguin lectors competents, cr\u00edtics i capa\u00e7os de gaudir del plaer de la lectura.\u00a0 El projecte\u00a0 potencia estrat\u00e8gies i recursos per a la dinamitzaci\u00f3 de la lectura, de manera que s\u2019afavoreixi el desenvolupament de les compet\u00e8ncies liter\u00e0ria i ciutadana.<\/p>\n<p>Tot plegat, ho aconseguim a partir de diferents activitats com s\u00f3n: les bosses viatgeres, apadrinament lector entre P5 i 6\u00e8, lectura en parella, lectura en veu alta, 20 minuts de lectura diaris, tert\u00falies liter\u00e0ries, explicaci\u00f3 de contes per part de les fam\u00edlies, etc.<\/p>\n","protected":false},"excerpt":{"rendered":"<p>El Pla lector 20_21 en revisi\u00f3\u00a0t\u00e9 com a objectiu estrat\u00e8gic la millora de l&#8217;\u00e8xit escolar de tot l&#8217;alumnat i la formaci\u00f3 de bons lectors i lectores. I ho fa potenciant la lectura sistem\u00e0tica en totes les \u00e0rees i mat\u00e8ries del curr\u00edculum al llarg de tota l&#8217;escolaritat b\u00e0sica per augmentar la compet\u00e8ncia comunicativa ling\u00fc\u00edstica i el [&hellip;]<\/p>\n","protected":false},"author":1,"featured_media":0,"parent":64,"menu_order":6,"comment_status":"closed","ping_status":"closed","template":"","meta":{"_bbp_topic_count":0,"_bbp_reply_count":0,"_bbp_total_topic_count":0,"_bbp_total_reply_count":0,"_bbp_voice_count":0,"_bbp_anonymous_reply_count":0,"_bbp_topic_count_hidden":0,"_bbp_reply_count_hidden":0,"_bbp_forum_subforum_count":0,"site-sidebar-layout":"default","site-content-layout":"","ast-site-content-layout":"default","site-content-style":"default","site-sidebar-style":"default","ast-global-header-display":"","ast-banner-title-visibility":"","ast-main-header-display":"","ast-hfb-above-header-display":"","ast-hfb-below-header-display":"","ast-hfb-mobile-header-display":"","site-post-title":"","ast-breadcrumbs-content":"","ast-featured-img":"","footer-sml-layout":"","theme-transparent-header-meta":"default","adv-header-id-meta":"","stick-header-meta":"","header-above-stick-meta":"","header-main-stick-meta":"","header-below-stick-meta":"","astra-migrate-meta-layouts":"set","ast-page-background-enabled":"default","ast-page-background-meta":{"desktop":{"background-color":"var(--ast-global-color-4)","background-image":"","background-repeat":"repeat","background-position":"center center","background-size":"auto","background-attachment":"scroll","background-type":"","background-media":"","overlay-type":"","overlay-color":"","overlay-opacity":"","overlay-gradient":""},"tablet":{"background-color":"","background-image":"","background-repeat":"repeat","background-position":"center center","background-size":"auto","background-attachment":"scroll","background-type":"","background-media":"","overlay-type":"","overlay-color":"","overlay-opacity":"","overlay-gradient":""},"mobile":{"background-color":"","background-image":"","background-repeat":"repeat","background-position":"center center","background-size":"auto","background-attachment":"scroll","background-type":"","background-media":"","overlay-type":"","overlay-color":"","overlay-opacity":"","overlay-gradient":""}},"ast-content-background-meta":{"desktop":{"background-color":"var(--ast-global-color-5)","background-image":"","background-repeat":"repeat","background-position":"center center","background-size":"auto","background-attachment":"scroll","background-type":"","background-media":"","overlay-type":"","overlay-color":"","overlay-opacity":"","overlay-gradient":""},"tablet":{"background-color":"var(--ast-global-color-5)","background-image":"","background-repeat":"repeat","background-position":"center center","background-size":"auto","background-attachment":"scroll","background-type":"","background-media":"","overlay-type":"","overlay-color":"","overlay-opacity":"","overlay-gradient":""},"mobile":{"background-color":"var(--ast-global-color-5)","background-image":"","background-repeat":"repeat","background-position":"center center","background-size":"auto","background-attachment":"scroll","background-type":"","background-media":"","overlay-type":"","overlay-color":"","overlay-opacity":"","overlay-gradient":""}},"footnotes":""},"class_list":["post-822","page","type-page","status-publish","hentry"],"post_mailing_queue_ids":[],"_links":{"self":[{"href":"https:\/\/agora.xtec.cat\/ceiprocafonda\/wp-json\/wp\/v2\/pages\/822","targetHints":{"allow":["GET"]}}],"collection":[{"href":"https:\/\/agora.xtec.cat\/ceiprocafonda\/wp-json\/wp\/v2\/pages"}],"about":[{"href":"https:\/\/agora.xtec.cat\/ceiprocafonda\/wp-json\/wp\/v2\/types\/page"}],"author":[{"embeddable":true,"href":"https:\/\/agora.xtec.cat\/ceiprocafonda\/wp-json\/wp\/v2\/users\/1"}],"replies":[{"embeddable":true,"href":"https:\/\/agora.xtec.cat\/ceiprocafonda\/wp-json\/wp\/v2\/comments?post=822"}],"version-history":[{"count":5,"href":"https:\/\/agora.xtec.cat\/ceiprocafonda\/wp-json\/wp\/v2\/pages\/822\/revisions"}],"predecessor-version":[{"id":18802,"href":"https:\/\/agora.xtec.cat\/ceiprocafonda\/wp-json\/wp\/v2\/pages\/822\/revisions\/18802"}],"up":[{"embeddable":true,"href":"https:\/\/agora.xtec.cat\/ceiprocafonda\/wp-json\/wp\/v2\/pages\/64"}],"wp:attachment":[{"href":"https:\/\/agora.xtec.cat\/ceiprocafonda\/wp-json\/wp\/v2\/media?parent=822"}],"curies":[{"name":"wp","href":"https:\/\/api.w.org\/{rel}","templated":true}]}}