{"id":73,"date":"2014-09-18T14:01:51","date_gmt":"2014-09-18T13:01:51","guid":{"rendered":"http:\/\/agora.xtec.cat\/ceiprocafonda\/?page_id=73"},"modified":"2026-04-07T09:17:07","modified_gmt":"2026-04-07T07:17:07","slug":"menjador-escolar","status":"publish","type":"page","link":"https:\/\/agora.xtec.cat\/ceiprocafonda\/serveis\/menjador-escolar\/","title":{"rendered":"Menjador escolar"},"content":{"rendered":"<div id=\"comp-j0rwx6lf\" class=\"txtNew\" data-packed=\"true\">\n<p>\u203c\ufe0f<a href=\"https:\/\/agora.xtec.cat\/ceiprocafonda\/wp-content\/uploads\/usu416\/2026\/04\/Rocafonda-Abril-26.pdf\">Rocafonda Abril 26<\/a>\u00a0 \u00a0 \u00a0 \u00a0 \u00a0 \u00a0 \u00a0 \u00a0 \u00a0 \u00a0 \u00a0 \u00a0 \u00a0 \u00a0 \u00a0 \u00a0 \u00a0 \u00a0 \u00a0 \u00a0 \u00a0 \u00a0 \u00a0 \u00a0 \u00a0 \u00a0 \u00a0 \u00a0\u203c\ufe0f<a href=\"https:\/\/agora.xtec.cat\/ceiprocafonda\/wp-content\/uploads\/usu416\/2026\/04\/Rocafonda-halal-Abril-26.pdf\">Rocafonda halal Abril 26<\/a><\/p>\n<p>A l\u2019escola entenem i vivim l\u2019estona del migdia amb el mateix tarann\u00e0 i pautes educatives que durant la resta de la jornada lectiva. Volem que el menjador sigui un espai de relacions i tranquil\u00b7litat.<\/p>\n<p>El monitoratge que acompanya aquests infants ho fa des del respecte i alhora marcant uns l\u00edmits clars que possibiliten la seguretat i autonomia dels infants. A l\u2019hora de dinar, poden apar\u00e8ixer emocions diferents que les que els infants han manifestat al llarg del mat\u00ed, aquestes situacions s\u2019aborden amb cura i sense pressionar els infants, per tal que, de mica en mica vagin adquirint confian\u00e7a i benestar en aquest temps i espai amb referents adults diferents de la tutora.<\/p>\n<p>L\u2019alimentaci\u00f3, important en la salut, i\u00a0 els h\u00e0bits alimentaris i de conviv\u00e8ncia establerts entorn del menjador, fan d\u2019aquest servei una activitat educativa. Des del menjador de l\u2019escola volem: establir uns men\u00fas equilibrats, variats i adequats a l\u2019edat dels nens; a la vegada que oferim activitats complement\u00e0ries seguint la l\u00ednia pedag\u00f2gica de l\u2019escola. \u00c9s per aix\u00f2 que es realitzen torns per dinar i per les altres activitats en funci\u00f3 del nombre d\u2019alumnes.<\/p>\n<p>A l\u2019escola tenim <strong>cuina pr\u00f2pia, <\/strong>on cada mat\u00ed s\u2019elabora el menjar dels infants. L\u2019empresa Natural Cuina assegura u<a class=\"https:\/\/9naturalcuina.cat\/9_natural_cuina.php\" href=\"https:\/\/9naturalcuina.cat\/9_natural_cuina.php\" target=\"_blank\" rel=\"https:\/\/9naturalcuina.cat\/9_natural_cuina.php noopener noreferrer\"><img loading=\"lazy\" decoding=\"async\" class=\"wp-image-949 alignleft\" src=\"https:\/\/agora.xtec.cat\/ceiprocafonda\/wp-content\/uploads\/usu416\/2020\/04\/natural-cuina-logo-1024x369.png\" alt=\"\" width=\"200\" height=\"72\" srcset=\"https:\/\/agora.xtec.cat\/ceiprocafonda\/wp-content\/uploads\/usu416\/2020\/04\/natural-cuina-logo-1024x369.png 1024w, https:\/\/agora.xtec.cat\/ceiprocafonda\/wp-content\/uploads\/usu416\/2020\/04\/natural-cuina-logo-300x108.png 300w, https:\/\/agora.xtec.cat\/ceiprocafonda\/wp-content\/uploads\/usu416\/2020\/04\/natural-cuina-logo-768x277.png 768w, https:\/\/agora.xtec.cat\/ceiprocafonda\/wp-content\/uploads\/usu416\/2020\/04\/natural-cuina-logo.png 1257w\" sizes=\"auto, (max-width: 200px) 100vw, 200px\" \/><\/a>na alimentaci\u00f3 ecol\u00f2gica, de proximitat, de temporada, natural i sostenible.\u00a0Els men\u00fas s\u2019elaboren mensualment (hi ha la possibilitat de men\u00fas amb carn Halal) i estan exposats en un lloc visible de l\u2019escola, a la p\u00e0gina web i al Facebook.<\/p>\n<p>Continuarem el <strong>raspallat de les dents<\/strong> despr\u00e9s de dinar, amb els alumnes que les fam\u00edlies ho sol\u00b7licitin. Per fer-ho, el material necessari \u00e9s: un estoig, raspall de dents i dent\u00edfric, tot marcat amb el nom del nen\/a.<\/p>\n<p>La coordinadora, <strong>Roser Iglesias<\/strong>, us informar\u00e0 i us atendr\u00e0 en tot el que fa refer\u00e8ncia a l\u2019\u00fas del menjador de <strong>9 a\u00a0 9:30 h<\/strong>.\u00a0 telef\u00f2nicament\u00a0 al <strong>657941448<\/strong> i tamb\u00e9 al correu electr\u00f2nic : <strong><u>menjadorrocafondasereduca@gmail.com<\/u><\/strong><strong>.<\/strong><\/p>\n<p>El servei de menjador del centre t\u00e9 una normativa que est\u00e0 a disposici\u00f3 de pares, mares i alumnes. Tant si sou beneficiaris de beca com si no, <strong>heu de notificar obligat\u00f2riament l\u2019abs\u00e8ncia en cas de no fer \u00fas del servei de menjador abans de les 9:30<\/strong>. No notificar-ho comporta conseq\u00fc\u00e8ncies d\u2019organitzaci\u00f3 i econ\u00f2miques.<\/p>\n<p>El <strong>preu<\/strong> del servei de menjador \u00e9s de: <strong>7,98\u20ac<\/strong> el tiquet diari i <strong>73,80<\/strong>\u20ac el paquet de 10 tiquets.<\/p>\n<p>El protocol a seguir en cas d\u2019urg\u00e8ncia o malaltia \u00e9s el mateix que el preceptiu per a l\u2019escola, aix\u00ed com el referent a l\u2019autoritzaci\u00f3 per administrar medicaments. Cal notificar qualsevol tipus d\u2019al\u00b7l\u00e8rgia aliment\u00e0ria o trastorn que hagi de ser tingut en compte.<\/p>\n<p>Aquest any, a causa de la pand\u00e8mia que estem vivint, s&#8217;aplicar\u00e0 el seg\u00fcent protocol:<\/p>\n<p><a href=\"https:\/\/agora.xtec.cat\/ceiprocafonda\/wp-content\/uploads\/usu416\/2025\/12\/Butlleti-ESPAI-DE-MIGDIA-ACOLLIDA-25-26_compressed-1.pdf\">Butllet\u00ed ESPAI DE MIGDIA &#8211; ACOLLIDA 25-26<\/a><\/p>\n<\/div>\n","protected":false},"excerpt":{"rendered":"<p>\u203c\ufe0fRocafonda Abril 26\u00a0 \u00a0 \u00a0 \u00a0 \u00a0 \u00a0 \u00a0 \u00a0 \u00a0 \u00a0 \u00a0 \u00a0 \u00a0 \u00a0 \u00a0 \u00a0 \u00a0 \u00a0 \u00a0 \u00a0 \u00a0 \u00a0 \u00a0 \u00a0 \u00a0 \u00a0 \u00a0 \u00a0\u203c\ufe0fRocafonda halal Abril 26 A l\u2019escola entenem i vivim l\u2019estona del migdia amb el mateix tarann\u00e0 i pautes educatives que durant la resta de la jornada [&hellip;]<\/p>\n","protected":false},"author":1,"featured_media":0,"parent":66,"menu_order":3,"comment_status":"closed","ping_status":"closed","template":"","meta":{"_bbp_topic_count":0,"_bbp_reply_count":0,"_bbp_total_topic_count":0,"_bbp_total_reply_count":0,"_bbp_voice_count":0,"_bbp_anonymous_reply_count":0,"_bbp_topic_count_hidden":0,"_bbp_reply_count_hidden":0,"_bbp_forum_subforum_count":0,"site-sidebar-layout":"default","site-content-layout":"","ast-site-content-layout":"default","site-content-style":"default","site-sidebar-style":"default","ast-global-header-display":"","ast-banner-title-visibility":"","ast-main-header-display":"","ast-hfb-above-header-display":"","ast-hfb-below-header-display":"","ast-hfb-mobile-header-display":"","site-post-title":"","ast-breadcrumbs-content":"","ast-featured-img":"","footer-sml-layout":"","theme-transparent-header-meta":"default","adv-header-id-meta":"","stick-header-meta":"","header-above-stick-meta":"","header-main-stick-meta":"","header-below-stick-meta":"","astra-migrate-meta-layouts":"set","ast-page-background-enabled":"default","ast-page-background-meta":{"desktop":{"background-color":"var(--ast-global-color-4)","background-image":"","background-repeat":"repeat","background-position":"center center","background-size":"auto","background-attachment":"scroll","background-type":"","background-media":"","overlay-type":"","overlay-color":"","overlay-opacity":"","overlay-gradient":""},"tablet":{"background-color":"","background-image":"","background-repeat":"repeat","background-position":"center center","background-size":"auto","background-attachment":"scroll","background-type":"","background-media":"","overlay-type":"","overlay-color":"","overlay-opacity":"","overlay-gradient":""},"mobile":{"background-color":"","background-image":"","background-repeat":"repeat","background-position":"center center","background-size":"auto","background-attachment":"scroll","background-type":"","background-media":"","overlay-type":"","overlay-color":"","overlay-opacity":"","overlay-gradient":""}},"ast-content-background-meta":{"desktop":{"background-color":"var(--ast-global-color-5)","background-image":"","background-repeat":"repeat","background-position":"center center","background-size":"auto","background-attachment":"scroll","background-type":"","background-media":"","overlay-type":"","overlay-color":"","overlay-opacity":"","overlay-gradient":""},"tablet":{"background-color":"var(--ast-global-color-5)","background-image":"","background-repeat":"repeat","background-position":"center center","background-size":"auto","background-attachment":"scroll","background-type":"","background-media":"","overlay-type":"","overlay-color":"","overlay-opacity":"","overlay-gradient":""},"mobile":{"background-color":"var(--ast-global-color-5)","background-image":"","background-repeat":"repeat","background-position":"center center","background-size":"auto","background-attachment":"scroll","background-type":"","background-media":"","overlay-type":"","overlay-color":"","overlay-opacity":"","overlay-gradient":""}},"footnotes":""},"class_list":["post-73","page","type-page","status-publish","hentry"],"post_mailing_queue_ids":[],"_links":{"self":[{"href":"https:\/\/agora.xtec.cat\/ceiprocafonda\/wp-json\/wp\/v2\/pages\/73","targetHints":{"allow":["GET"]}}],"collection":[{"href":"https:\/\/agora.xtec.cat\/ceiprocafonda\/wp-json\/wp\/v2\/pages"}],"about":[{"href":"https:\/\/agora.xtec.cat\/ceiprocafonda\/wp-json\/wp\/v2\/types\/page"}],"author":[{"embeddable":true,"href":"https:\/\/agora.xtec.cat\/ceiprocafonda\/wp-json\/wp\/v2\/users\/1"}],"replies":[{"embeddable":true,"href":"https:\/\/agora.xtec.cat\/ceiprocafonda\/wp-json\/wp\/v2\/comments?post=73"}],"version-history":[{"count":7,"href":"https:\/\/agora.xtec.cat\/ceiprocafonda\/wp-json\/wp\/v2\/pages\/73\/revisions"}],"predecessor-version":[{"id":19118,"href":"https:\/\/agora.xtec.cat\/ceiprocafonda\/wp-json\/wp\/v2\/pages\/73\/revisions\/19118"}],"up":[{"embeddable":true,"href":"https:\/\/agora.xtec.cat\/ceiprocafonda\/wp-json\/wp\/v2\/pages\/66"}],"wp:attachment":[{"href":"https:\/\/agora.xtec.cat\/ceiprocafonda\/wp-json\/wp\/v2\/media?parent=73"}],"curies":[{"name":"wp","href":"https:\/\/api.w.org\/{rel}","templated":true}]}}