{"id":71,"date":"2014-09-18T12:44:56","date_gmt":"2014-09-18T11:44:56","guid":{"rendered":"http:\/\/agora.xtec.cat\/ceiprocafonda\/?page_id=71"},"modified":"2021-02-16T21:31:36","modified_gmt":"2021-02-16T20:31:36","slug":"serveis-digitals","status":"publish","type":"page","link":"https:\/\/agora.xtec.cat\/ceiprocafonda\/serveis\/serveis-digitals\/","title":{"rendered":"Serveis digitals"},"content":{"rendered":"<p>L&#8217;oferta de <strong>serveis\u00a0digitals<\/strong>\u00a0constitueix un element\u00a0molt important de l&#8217;engranatge d&#8217;un centre educatiu.<\/p>\n<p>En aquesta p\u00e0gina trobareu referenciats altres serveis en l\u00ednia que ofereix l&#8217;escola, com tamb\u00e9 enlla\u00e7os a p\u00e0gines educatives que considerem interessants i van en l\u00ednia amb el Projecte educatiu de centre.<\/p>\n<p><a href=\"http:\/\/Panel de control (google.com)\"><img loading=\"lazy\" decoding=\"async\" class=\"aligncenter wp-image-2907 size-full\" src=\"https:\/\/agora.xtec.cat\/ceiprocafonda\/wp-content\/uploads\/usu416\/2021\/02\/g-suite-for-education-1.png\" alt=\"\" width=\"500\" height=\"275\" srcset=\"https:\/\/agora.xtec.cat\/ceiprocafonda\/wp-content\/uploads\/usu416\/2021\/02\/g-suite-for-education-1.png 500w, https:\/\/agora.xtec.cat\/ceiprocafonda\/wp-content\/uploads\/usu416\/2021\/02\/g-suite-for-education-1-300x165.png 300w\" sizes=\"auto, (max-width: 500px) 100vw, 500px\" \/><\/a><\/p>\n<p>A tota l&#8217;escola fem servir &#8220;G-suite for education&#8221;, amb el domini de @rocafonda.cat. On tothom t\u00e9 un correu electr\u00f2nic amb aquest domini.<\/p>\n<table class=\" aligncenter\">\n<tbody>\n<tr>\n<td style=\"width: 357px;\"><a href=\"https:\/\/sites.google.com\/xtec.cat\/gsuite\/classroom?authuser=1\"><img loading=\"lazy\" decoding=\"async\" class=\"wp-image-1854 aligncenter\" src=\"https:\/\/agora.xtec.cat\/ceiprocafonda\/wp-content\/uploads\/usu416\/2020\/10\/OIP.jpg\" alt=\"\" width=\"298\" height=\"211\" \/><\/a>A l&#8217;escola, de P3 fins a 6\u00e8 fem servir el google classroom<\/td>\n<td style=\"width: 374px;\"><a href=\"https:\/\/sites.google.com\/xtec.cat\/gsuite\/hangouts-met?authuser=1\"><img loading=\"lazy\" decoding=\"async\" class=\"wp-image-2906 aligncenter\" src=\"https:\/\/agora.xtec.cat\/ceiprocafonda\/wp-content\/uploads\/usu416\/2021\/02\/Google-Meet-logo-1024x791.jpg\" alt=\"\" width=\"232\" height=\"179\" srcset=\"https:\/\/agora.xtec.cat\/ceiprocafonda\/wp-content\/uploads\/usu416\/2021\/02\/Google-Meet-logo-1024x791.jpg 1024w, https:\/\/agora.xtec.cat\/ceiprocafonda\/wp-content\/uploads\/usu416\/2021\/02\/Google-Meet-logo-300x232.jpg 300w, https:\/\/agora.xtec.cat\/ceiprocafonda\/wp-content\/uploads\/usu416\/2021\/02\/Google-Meet-logo-768x593.jpg 768w, https:\/\/agora.xtec.cat\/ceiprocafonda\/wp-content\/uploads\/usu416\/2021\/02\/Google-Meet-logo.jpg 1160w\" sizes=\"auto, (max-width: 232px) 100vw, 232px\" \/><\/a><\/p>\n<p><span style=\"font-family: inherit; font-size: 1em;\">Per a les entrevistes i videotrucades amb els alumnes, utilitzem el meet<\/span><\/td>\n<\/tr>\n<\/tbody>\n<\/table>\n<h4><\/h4>\n<h4 style=\"text-align: left;\"><span style=\"font-family: inherit; font-size: 1em;\">\ufffc<\/span>Enlla\u00e7os educatius:<\/h4>\n<table>\n<tbody>\n<tr>\n<td><a style=\"color: #2795b6; font-size: 16px;\" href=\"http:\/\/educacio.gencat.cat\/ca\/inici\"><img loading=\"lazy\" decoding=\"async\" class=\"wp-image-2881 aligncenter\" src=\"https:\/\/agora.xtec.cat\/ceiprocafonda\/wp-content\/uploads\/usu416\/2021\/02\/gencat_logo.png\" alt=\"\" width=\"90\" height=\"90\" srcset=\"https:\/\/agora.xtec.cat\/ceiprocafonda\/wp-content\/uploads\/usu416\/2021\/02\/gencat_logo.png 400w, https:\/\/agora.xtec.cat\/ceiprocafonda\/wp-content\/uploads\/usu416\/2021\/02\/gencat_logo-150x150.png 150w, https:\/\/agora.xtec.cat\/ceiprocafonda\/wp-content\/uploads\/usu416\/2021\/02\/gencat_logo-300x300.png 300w\" sizes=\"auto, (max-width: 90px) 100vw, 90px\" \/><\/a><\/td>\n<td><a style=\"color: #2795b6; font-size: 16px;\" href=\"http:\/\/xtec.gencat.cat\/ca\/inici\"><img loading=\"lazy\" decoding=\"async\" class=\"wp-image-2882 aligncenter\" src=\"https:\/\/agora.xtec.cat\/ceiprocafonda\/wp-content\/uploads\/usu416\/2021\/02\/xtec-icon.png\" alt=\"\" width=\"89\" height=\"67\" \/><\/a><\/td>\n<td><a style=\"color: #2795b6; font-size: 16px;\" href=\"http:\/\/xtec.gencat.cat\/ca\/inici\"><img loading=\"lazy\" decoding=\"async\" class=\"wp-image-2883 aligncenter\" src=\"https:\/\/agora.xtec.cat\/ceiprocafonda\/wp-content\/uploads\/usu416\/2021\/02\/R511122c5cdbf77c700817cbe969c0343.png\" alt=\"\" width=\"158\" height=\"53\" \/><\/a><\/td>\n<td><a style=\"color: #2795b6; font-size: 16px;\" href=\"http:\/\/www.edu3.cat\/\"><img loading=\"lazy\" decoding=\"async\" class=\"wp-image-2884 aligncenter\" src=\"https:\/\/agora.xtec.cat\/ceiprocafonda\/wp-content\/uploads\/usu416\/2021\/02\/logo.png\" alt=\"\" width=\"83\" height=\"74\" \/><\/a><\/td>\n<\/tr>\n<tr>\n<td><a href=\"https:\/\/www.ccma.cat\/tv3\/super3\/infok\/\"><img loading=\"lazy\" decoding=\"async\" class=\"wp-image-2912 aligncenter\" src=\"https:\/\/agora.xtec.cat\/ceiprocafonda\/wp-content\/uploads\/usu416\/2021\/02\/infok-1024x583.jpg\" alt=\"\" width=\"102\" height=\"58\" srcset=\"https:\/\/agora.xtec.cat\/ceiprocafonda\/wp-content\/uploads\/usu416\/2021\/02\/infok-1024x583.jpg 1024w, https:\/\/agora.xtec.cat\/ceiprocafonda\/wp-content\/uploads\/usu416\/2021\/02\/infok-300x171.jpg 300w, https:\/\/agora.xtec.cat\/ceiprocafonda\/wp-content\/uploads\/usu416\/2021\/02\/infok-768x437.jpg 768w, https:\/\/agora.xtec.cat\/ceiprocafonda\/wp-content\/uploads\/usu416\/2021\/02\/infok.jpg 1063w\" sizes=\"auto, (max-width: 102px) 100vw, 102px\" \/><\/a><\/td>\n<td><a href=\"http:\/\/www.ceip-diputacio.com\/la%20motxilla.htm\"><img loading=\"lazy\" decoding=\"async\" class=\"alignnone wp-image-2910\" src=\"https:\/\/agora.xtec.cat\/ceiprocafonda\/wp-content\/uploads\/usu416\/2021\/02\/la-motxilla.jpg\" alt=\"\" width=\"91\" height=\"105\" \/><\/a><\/td>\n<td><a href=\"https:\/\/www.ccma.cat\/tv3\/super3\/una-ma-de-contes\/\"><img loading=\"lazy\" decoding=\"async\" class=\"wp-image-2911 aligncenter\" src=\"https:\/\/agora.xtec.cat\/ceiprocafonda\/wp-content\/uploads\/usu416\/2021\/02\/una-ma-de-contes-gran1.png\" alt=\"\" width=\"156\" height=\"33\" srcset=\"https:\/\/agora.xtec.cat\/ceiprocafonda\/wp-content\/uploads\/usu416\/2021\/02\/una-ma-de-contes-gran1.png 550w, https:\/\/agora.xtec.cat\/ceiprocafonda\/wp-content\/uploads\/usu416\/2021\/02\/una-ma-de-contes-gran1-300x64.png 300w\" sizes=\"auto, (max-width: 156px) 100vw, 156px\" \/><\/a><\/td>\n<td><a href=\"http:\/\/www.recercaenaccio.cat\/\"><img loading=\"lazy\" decoding=\"async\" class=\"wp-image-2913 aligncenter\" src=\"https:\/\/agora.xtec.cat\/ceiprocafonda\/wp-content\/uploads\/usu416\/2021\/02\/recercaen-acci\u00f3.png\" alt=\"\" width=\"127\" height=\"35\" srcset=\"https:\/\/agora.xtec.cat\/ceiprocafonda\/wp-content\/uploads\/usu416\/2021\/02\/recercaen-acci\u00f3.png 522w, https:\/\/agora.xtec.cat\/ceiprocafonda\/wp-content\/uploads\/usu416\/2021\/02\/recercaen-acci\u00f3-300x82.png 300w\" sizes=\"auto, (max-width: 127px) 100vw, 127px\" \/><\/a><\/td>\n<\/tr>\n<\/tbody>\n<\/table>\n<h4><\/h4>\n<h4><strong>Enlla\u00e7os Rob\u00f2tica:<\/strong><\/h4>\n<table>\n<tbody>\n<tr>\n<td><a href=\"https:\/\/www.programoergosum.com\/cursos-online\/robotica-educativa\/199-robotica-educativa-con-bee-bot-para-maestros-desde-infantil\/que-es-beebot\"><img loading=\"lazy\" decoding=\"async\" class=\"wp-image-2908 aligncenter\" src=\"https:\/\/agora.xtec.cat\/ceiprocafonda\/wp-content\/uploads\/usu416\/2021\/02\/R214a2482b93d34dac6ee835bcbd3a7c3.png\" alt=\"\" width=\"102\" height=\"102\" srcset=\"https:\/\/agora.xtec.cat\/ceiprocafonda\/wp-content\/uploads\/usu416\/2021\/02\/R214a2482b93d34dac6ee835bcbd3a7c3.png 265w, https:\/\/agora.xtec.cat\/ceiprocafonda\/wp-content\/uploads\/usu416\/2021\/02\/R214a2482b93d34dac6ee835bcbd3a7c3-150x150.png 150w\" sizes=\"auto, (max-width: 102px) 100vw, 102px\" \/><\/a><\/td>\n<td><a href=\"https:\/\/youtu.be\/LA9py48X6_o\"><img loading=\"lazy\" decoding=\"async\" class=\"wp-image-2909 aligncenter\" src=\"https:\/\/agora.xtec.cat\/ceiprocafonda\/wp-content\/uploads\/usu416\/2021\/02\/dash-OIP-1.jpg\" alt=\"\" width=\"101\" height=\"101\" srcset=\"https:\/\/agora.xtec.cat\/ceiprocafonda\/wp-content\/uploads\/usu416\/2021\/02\/dash-OIP-1.jpg 1000w, https:\/\/agora.xtec.cat\/ceiprocafonda\/wp-content\/uploads\/usu416\/2021\/02\/dash-OIP-1-150x150.jpg 150w, https:\/\/agora.xtec.cat\/ceiprocafonda\/wp-content\/uploads\/usu416\/2021\/02\/dash-OIP-1-300x300.jpg 300w, https:\/\/agora.xtec.cat\/ceiprocafonda\/wp-content\/uploads\/usu416\/2021\/02\/dash-OIP-1-768x768.jpg 768w\" sizes=\"auto, (max-width: 101px) 100vw, 101px\" \/><\/a><\/td>\n<td><a style=\"font-family: inherit; font-size: 1em; font-weight: normal;\" href=\"https:\/\/www.scratchjr.org\/about\/info\"><img loading=\"lazy\" decoding=\"async\" class=\"wp-image-2888 aligncenter\" src=\"https:\/\/agora.xtec.cat\/ceiprocafonda\/wp-content\/uploads\/usu416\/2021\/02\/R931b20cba24e63cb8e62889cda44c4c0.png\" alt=\"\" width=\"104\" height=\"59\" srcset=\"https:\/\/agora.xtec.cat\/ceiprocafonda\/wp-content\/uploads\/usu416\/2021\/02\/R931b20cba24e63cb8e62889cda44c4c0.png 800w, https:\/\/agora.xtec.cat\/ceiprocafonda\/wp-content\/uploads\/usu416\/2021\/02\/R931b20cba24e63cb8e62889cda44c4c0-300x169.png 300w, https:\/\/agora.xtec.cat\/ceiprocafonda\/wp-content\/uploads\/usu416\/2021\/02\/R931b20cba24e63cb8e62889cda44c4c0-768x432.png 768w\" sizes=\"auto, (max-width: 104px) 100vw, 104px\" \/><\/a><\/td>\n<td><a style=\"color: #2795b6; font-size: 16px;\" href=\"https:\/\/scratch.mit.edu\/\"><img loading=\"lazy\" decoding=\"async\" class=\"wp-image-2885 aligncenter\" src=\"https:\/\/agora.xtec.cat\/ceiprocafonda\/wp-content\/uploads\/usu416\/2021\/02\/36a3db023c7d3ef1bc92d22a295dd1cfx200x200x7.png\" alt=\"\" width=\"82\" height=\"82\" srcset=\"https:\/\/agora.xtec.cat\/ceiprocafonda\/wp-content\/uploads\/usu416\/2021\/02\/36a3db023c7d3ef1bc92d22a295dd1cfx200x200x7.png 200w, https:\/\/agora.xtec.cat\/ceiprocafonda\/wp-content\/uploads\/usu416\/2021\/02\/36a3db023c7d3ef1bc92d22a295dd1cfx200x200x7-150x150.png 150w\" sizes=\"auto, (max-width: 82px) 100vw, 82px\" \/><\/a><\/td>\n<\/tr>\n<tr>\n<td><a href=\"https:\/\/makeymakey.com\/\"><img loading=\"lazy\" decoding=\"async\" class=\"wp-image-2891 aligncenter\" src=\"https:\/\/agora.xtec.cat\/ceiprocafonda\/wp-content\/uploads\/usu416\/2021\/02\/R8e1115d3785107207b1d5ff652ebd1b3.png\" alt=\"\" width=\"107\" height=\"49\" srcset=\"https:\/\/agora.xtec.cat\/ceiprocafonda\/wp-content\/uploads\/usu416\/2021\/02\/R8e1115d3785107207b1d5ff652ebd1b3.png 366w, https:\/\/agora.xtec.cat\/ceiprocafonda\/wp-content\/uploads\/usu416\/2021\/02\/R8e1115d3785107207b1d5ff652ebd1b3-300x139.png 300w\" sizes=\"auto, (max-width: 107px) 100vw, 107px\" \/><\/a><\/td>\n<td><a href=\"https:\/\/education.lego.com\/es-es\/\"><img loading=\"lazy\" decoding=\"async\" class=\"wp-image-2889 aligncenter\" src=\"https:\/\/agora.xtec.cat\/ceiprocafonda\/wp-content\/uploads\/usu416\/2021\/02\/R0bd4a6c059e84b0dc649d0bebdb8ca7d.jpg\" alt=\"\" width=\"101\" height=\"101\" srcset=\"https:\/\/agora.xtec.cat\/ceiprocafonda\/wp-content\/uploads\/usu416\/2021\/02\/R0bd4a6c059e84b0dc649d0bebdb8ca7d.jpg 526w, https:\/\/agora.xtec.cat\/ceiprocafonda\/wp-content\/uploads\/usu416\/2021\/02\/R0bd4a6c059e84b0dc649d0bebdb8ca7d-150x150.jpg 150w, https:\/\/agora.xtec.cat\/ceiprocafonda\/wp-content\/uploads\/usu416\/2021\/02\/R0bd4a6c059e84b0dc649d0bebdb8ca7d-300x300.jpg 300w\" sizes=\"auto, (max-width: 101px) 100vw, 101px\" \/><\/a><\/td>\n<td><a href=\"https:\/\/makecode.microbit.org\/projects\/\"><img loading=\"lazy\" decoding=\"async\" class=\"wp-image-2890 aligncenter\" src=\"https:\/\/agora.xtec.cat\/ceiprocafonda\/wp-content\/uploads\/usu416\/2021\/02\/Microbit-logo-stacked.png\" alt=\"\" width=\"103\" height=\"49\" srcset=\"https:\/\/agora.xtec.cat\/ceiprocafonda\/wp-content\/uploads\/usu416\/2021\/02\/Microbit-logo-stacked.png 350w, https:\/\/agora.xtec.cat\/ceiprocafonda\/wp-content\/uploads\/usu416\/2021\/02\/Microbit-logo-stacked-300x144.png 300w\" sizes=\"auto, (max-width: 103px) 100vw, 103px\" \/><\/a><\/td>\n<td><a href=\"https:\/\/agora.xtec.cat\/ceiprocafonda\/wp-content\/uploads\/usu416\/2021\/02\/kit-imagina-scratch-3dbot.jpg\"><img loading=\"lazy\" decoding=\"async\" class=\"wp-image-2914 aligncenter\" src=\"https:\/\/agora.xtec.cat\/ceiprocafonda\/wp-content\/uploads\/usu416\/2021\/02\/kit-imagina-scratch-3dbot-1024x1024.jpg\" alt=\"\" width=\"96\" height=\"96\" srcset=\"https:\/\/agora.xtec.cat\/ceiprocafonda\/wp-content\/uploads\/usu416\/2021\/02\/kit-imagina-scratch-3dbot-1024x1024.jpg 1024w, https:\/\/agora.xtec.cat\/ceiprocafonda\/wp-content\/uploads\/usu416\/2021\/02\/kit-imagina-scratch-3dbot-150x150.jpg 150w, https:\/\/agora.xtec.cat\/ceiprocafonda\/wp-content\/uploads\/usu416\/2021\/02\/kit-imagina-scratch-3dbot-300x300.jpg 300w, https:\/\/agora.xtec.cat\/ceiprocafonda\/wp-content\/uploads\/usu416\/2021\/02\/kit-imagina-scratch-3dbot-768x768.jpg 768w, https:\/\/agora.xtec.cat\/ceiprocafonda\/wp-content\/uploads\/usu416\/2021\/02\/kit-imagina-scratch-3dbot.jpg 1100w\" sizes=\"auto, (max-width: 96px) 100vw, 96px\" \/><\/a><\/td>\n<\/tr>\n<\/tbody>\n<\/table>\n<p>&nbsp;<\/p>\n","protected":false},"excerpt":{"rendered":"<p>L&#8217;oferta de serveis\u00a0digitals\u00a0constitueix un element\u00a0molt important de l&#8217;engranatge d&#8217;un centre educatiu. En aquesta p\u00e0gina trobareu referenciats altres serveis en l\u00ednia que ofereix l&#8217;escola, com tamb\u00e9 enlla\u00e7os a p\u00e0gines educatives que considerem interessants i van en l\u00ednia amb el Projecte educatiu de centre. A tota l&#8217;escola fem servir &#8220;G-suite for education&#8221;, amb el domini de @rocafonda.cat. [&hellip;]<\/p>\n","protected":false},"author":1,"featured_media":0,"parent":66,"menu_order":1,"comment_status":"closed","ping_status":"closed","template":"page-templates\/side-menu.php","meta":{"_bbp_topic_count":0,"_bbp_reply_count":0,"_bbp_total_topic_count":0,"_bbp_total_reply_count":0,"_bbp_voice_count":0,"_bbp_anonymous_reply_count":0,"_bbp_topic_count_hidden":0,"_bbp_reply_count_hidden":0,"_bbp_forum_subforum_count":0,"site-sidebar-layout":"default","site-content-layout":"","ast-site-content-layout":"","site-content-style":"default","site-sidebar-style":"default","ast-global-header-display":"","ast-banner-title-visibility":"","ast-main-header-display":"","ast-hfb-above-header-display":"","ast-hfb-below-header-display":"","ast-hfb-mobile-header-display":"","site-post-title":"","ast-breadcrumbs-content":"","ast-featured-img":"","footer-sml-layout":"","theme-transparent-header-meta":"","adv-header-id-meta":"","stick-header-meta":"","header-above-stick-meta":"","header-main-stick-meta":"","header-below-stick-meta":"","astra-migrate-meta-layouts":"default","ast-page-background-enabled":"default","ast-page-background-meta":{"desktop":{"background-color":"var(--ast-global-color-4)","background-image":"","background-repeat":"repeat","background-position":"center center","background-size":"auto","background-attachment":"scroll","background-type":"","background-media":"","overlay-type":"","overlay-color":"","overlay-opacity":"","overlay-gradient":""},"tablet":{"background-color":"","background-image":"","background-repeat":"repeat","background-position":"center center","background-size":"auto","background-attachment":"scroll","background-type":"","background-media":"","overlay-type":"","overlay-color":"","overlay-opacity":"","overlay-gradient":""},"mobile":{"background-color":"","background-image":"","background-repeat":"repeat","background-position":"center center","background-size":"auto","background-attachment":"scroll","background-type":"","background-media":"","overlay-type":"","overlay-color":"","overlay-opacity":"","overlay-gradient":""}},"ast-content-background-meta":{"desktop":{"background-color":"var(--ast-global-color-5)","background-image":"","background-repeat":"repeat","background-position":"center center","background-size":"auto","background-attachment":"scroll","background-type":"","background-media":"","overlay-type":"","overlay-color":"","overlay-opacity":"","overlay-gradient":""},"tablet":{"background-color":"var(--ast-global-color-5)","background-image":"","background-repeat":"repeat","background-position":"center center","background-size":"auto","background-attachment":"scroll","background-type":"","background-media":"","overlay-type":"","overlay-color":"","overlay-opacity":"","overlay-gradient":""},"mobile":{"background-color":"var(--ast-global-color-5)","background-image":"","background-repeat":"repeat","background-position":"center center","background-size":"auto","background-attachment":"scroll","background-type":"","background-media":"","overlay-type":"","overlay-color":"","overlay-opacity":"","overlay-gradient":""}},"footnotes":""},"class_list":["post-71","page","type-page","status-publish","hentry"],"post_mailing_queue_ids":[],"_links":{"self":[{"href":"https:\/\/agora.xtec.cat\/ceiprocafonda\/wp-json\/wp\/v2\/pages\/71","targetHints":{"allow":["GET"]}}],"collection":[{"href":"https:\/\/agora.xtec.cat\/ceiprocafonda\/wp-json\/wp\/v2\/pages"}],"about":[{"href":"https:\/\/agora.xtec.cat\/ceiprocafonda\/wp-json\/wp\/v2\/types\/page"}],"author":[{"embeddable":true,"href":"https:\/\/agora.xtec.cat\/ceiprocafonda\/wp-json\/wp\/v2\/users\/1"}],"replies":[{"embeddable":true,"href":"https:\/\/agora.xtec.cat\/ceiprocafonda\/wp-json\/wp\/v2\/comments?post=71"}],"version-history":[{"count":3,"href":"https:\/\/agora.xtec.cat\/ceiprocafonda\/wp-json\/wp\/v2\/pages\/71\/revisions"}],"predecessor-version":[{"id":2916,"href":"https:\/\/agora.xtec.cat\/ceiprocafonda\/wp-json\/wp\/v2\/pages\/71\/revisions\/2916"}],"up":[{"embeddable":true,"href":"https:\/\/agora.xtec.cat\/ceiprocafonda\/wp-json\/wp\/v2\/pages\/66"}],"wp:attachment":[{"href":"https:\/\/agora.xtec.cat\/ceiprocafonda\/wp-json\/wp\/v2\/media?parent=71"}],"curies":[{"name":"wp","href":"https:\/\/api.w.org\/{rel}","templated":true}]}}