{"id":26,"date":"2014-09-18T12:24:32","date_gmt":"2014-09-18T10:24:32","guid":{"rendered":"http:\/\/agora.xtec.cat\/ceiprocafonda\/?page_id=26"},"modified":"2020-04-07T08:45:40","modified_gmt":"2020-04-07T06:45:40","slug":"historia","status":"publish","type":"page","link":"https:\/\/agora.xtec.cat\/ceiprocafonda\/lescola\/historia\/","title":{"rendered":"Qui som?"},"content":{"rendered":"<p>Rocafonda \u00e9s una <strong>escola compromesa amb l\u2019educaci\u00f3 del seu alumnat<\/strong>, que treballa en estreta col\u00b7laboraci\u00f3 amb les fam\u00edlies i amb una clara <strong>consci\u00e8ncia de col\u00b7lectivitat<\/strong>.<\/p>\n<p>L\u2019escola \u00e9s de tots i per a tots. \u00c9s una <strong>escola integradora, catalana\u00a0 i de qualitat<\/strong> que vol donar resposta a les inquietuds i necessitats educatives del moment mitjan\u00e7ant un Projecte Educatiu coherent, din\u00e0mic i global.<\/p>\n<p>Treballem a partir de diferents <strong>projectes innovadors<\/strong> per continuar essent un referent en el m\u00f3n educatiu de la nostra ciutat i entorn.<\/p>\n<p>Partint de la pr\u00f2pia realitat dels alumnes,<strong> eduquem els nens i les nenes en la conviv\u00e8ncia i el coneixement del m\u00f3n que els envolta<\/strong>, marcant-nos els seg\u00fcents objectius:<\/p>\n<ul style=\"list-style-type: disc;\">\n<li>Utilitzar les sortides, excursions, col\u00f2nies i festes populars com un mitj\u00e0 per afavorir l\u2019autonomia personal i l\u2019arrelament en l\u2019entorn m\u00e9s proper i a Catalunya en general.<\/li>\n<li>Aconseguir que la relaci\u00f3 de les fam\u00edlies i l\u2019escola sigui flu\u00efda unint esfor\u00e7os per tal de millorar l\u2019oferta de serveis i la qualitat de l\u2019ensenyament.<\/li>\n<li>Potenciar la participaci\u00f3 de tots els col\u00b7lectius (alumnes, pares i mestres) en la gesti\u00f3 democr\u00e0tica del centre ja que \u00e9s patrimoni de tots.<\/li>\n<li>Educar als nostres alumnes vers el valor d\u2019un desenvolupament sostenible.<\/li>\n<\/ul>\n<p><a href=\"https:\/\/agora.xtec.cat\/ceiprocafonda\/wp-content\/uploads\/usu416\/2019\/04\/foto-escola.jpg\"><img loading=\"lazy\" decoding=\"async\" class=\"size-large wp-image-505 aligncenter\" src=\"https:\/\/agora.xtec.cat\/ceiprocafonda\/wp-content\/uploads\/usu416\/2019\/04\/foto-escola-1024x768.jpg\" alt=\"\" width=\"1024\" height=\"768\" srcset=\"https:\/\/agora.xtec.cat\/ceiprocafonda\/wp-content\/uploads\/usu416\/2019\/04\/foto-escola-1024x768.jpg 1024w, https:\/\/agora.xtec.cat\/ceiprocafonda\/wp-content\/uploads\/usu416\/2019\/04\/foto-escola-300x225.jpg 300w, https:\/\/agora.xtec.cat\/ceiprocafonda\/wp-content\/uploads\/usu416\/2019\/04\/foto-escola-768x576.jpg 768w, https:\/\/agora.xtec.cat\/ceiprocafonda\/wp-content\/uploads\/usu416\/2019\/04\/foto-escola-200x150.jpg 200w, https:\/\/agora.xtec.cat\/ceiprocafonda\/wp-content\/uploads\/usu416\/2019\/04\/foto-escola.jpg 1280w\" sizes=\"auto, (max-width: 1024px) 100vw, 1024px\" \/><\/a><\/p>\n","protected":false},"excerpt":{"rendered":"<p>Rocafonda \u00e9s una escola compromesa amb l\u2019educaci\u00f3 del seu alumnat, que treballa en estreta col\u00b7laboraci\u00f3 amb les fam\u00edlies i amb una clara consci\u00e8ncia de col\u00b7lectivitat. L\u2019escola \u00e9s de tots i per a tots. \u00c9s una escola integradora, catalana\u00a0 i de qualitat que vol donar resposta a les inquietuds i necessitats educatives del moment mitjan\u00e7ant un [&hellip;]<\/p>\n","protected":false},"author":1,"featured_media":0,"parent":22,"menu_order":1,"comment_status":"closed","ping_status":"closed","template":"page-templates\/side-menu.php","meta":{"_bbp_topic_count":0,"_bbp_reply_count":0,"_bbp_total_topic_count":0,"_bbp_total_reply_count":0,"_bbp_voice_count":0,"_bbp_anonymous_reply_count":0,"_bbp_topic_count_hidden":0,"_bbp_reply_count_hidden":0,"_bbp_forum_subforum_count":0,"site-sidebar-layout":"default","site-content-layout":"","ast-site-content-layout":"","site-content-style":"default","site-sidebar-style":"default","ast-global-header-display":"","ast-banner-title-visibility":"","ast-main-header-display":"","ast-hfb-above-header-display":"","ast-hfb-below-header-display":"","ast-hfb-mobile-header-display":"","site-post-title":"","ast-breadcrumbs-content":"","ast-featured-img":"","footer-sml-layout":"","theme-transparent-header-meta":"","adv-header-id-meta":"","stick-header-meta":"","header-above-stick-meta":"","header-main-stick-meta":"","header-below-stick-meta":"","astra-migrate-meta-layouts":"default","ast-page-background-enabled":"default","ast-page-background-meta":{"desktop":{"background-color":"var(--ast-global-color-4)","background-image":"","background-repeat":"repeat","background-position":"center center","background-size":"auto","background-attachment":"scroll","background-type":"","background-media":"","overlay-type":"","overlay-color":"","overlay-opacity":"","overlay-gradient":""},"tablet":{"background-color":"","background-image":"","background-repeat":"repeat","background-position":"center center","background-size":"auto","background-attachment":"scroll","background-type":"","background-media":"","overlay-type":"","overlay-color":"","overlay-opacity":"","overlay-gradient":""},"mobile":{"background-color":"","background-image":"","background-repeat":"repeat","background-position":"center center","background-size":"auto","background-attachment":"scroll","background-type":"","background-media":"","overlay-type":"","overlay-color":"","overlay-opacity":"","overlay-gradient":""}},"ast-content-background-meta":{"desktop":{"background-color":"var(--ast-global-color-5)","background-image":"","background-repeat":"repeat","background-position":"center center","background-size":"auto","background-attachment":"scroll","background-type":"","background-media":"","overlay-type":"","overlay-color":"","overlay-opacity":"","overlay-gradient":""},"tablet":{"background-color":"var(--ast-global-color-5)","background-image":"","background-repeat":"repeat","background-position":"center center","background-size":"auto","background-attachment":"scroll","background-type":"","background-media":"","overlay-type":"","overlay-color":"","overlay-opacity":"","overlay-gradient":""},"mobile":{"background-color":"var(--ast-global-color-5)","background-image":"","background-repeat":"repeat","background-position":"center center","background-size":"auto","background-attachment":"scroll","background-type":"","background-media":"","overlay-type":"","overlay-color":"","overlay-opacity":"","overlay-gradient":""}},"footnotes":""},"class_list":["post-26","page","type-page","status-publish","hentry"],"post_mailing_queue_ids":[],"_links":{"self":[{"href":"https:\/\/agora.xtec.cat\/ceiprocafonda\/wp-json\/wp\/v2\/pages\/26","targetHints":{"allow":["GET"]}}],"collection":[{"href":"https:\/\/agora.xtec.cat\/ceiprocafonda\/wp-json\/wp\/v2\/pages"}],"about":[{"href":"https:\/\/agora.xtec.cat\/ceiprocafonda\/wp-json\/wp\/v2\/types\/page"}],"author":[{"embeddable":true,"href":"https:\/\/agora.xtec.cat\/ceiprocafonda\/wp-json\/wp\/v2\/users\/1"}],"replies":[{"embeddable":true,"href":"https:\/\/agora.xtec.cat\/ceiprocafonda\/wp-json\/wp\/v2\/comments?post=26"}],"version-history":[{"count":4,"href":"https:\/\/agora.xtec.cat\/ceiprocafonda\/wp-json\/wp\/v2\/pages\/26\/revisions"}],"predecessor-version":[{"id":797,"href":"https:\/\/agora.xtec.cat\/ceiprocafonda\/wp-json\/wp\/v2\/pages\/26\/revisions\/797"}],"up":[{"embeddable":true,"href":"https:\/\/agora.xtec.cat\/ceiprocafonda\/wp-json\/wp\/v2\/pages\/22"}],"wp:attachment":[{"href":"https:\/\/agora.xtec.cat\/ceiprocafonda\/wp-json\/wp\/v2\/media?parent=26"}],"curies":[{"name":"wp","href":"https:\/\/api.w.org\/{rel}","templated":true}]}}