{"id":24,"date":"2014-09-18T12:23:15","date_gmt":"2014-09-18T10:23:15","guid":{"rendered":"http:\/\/agora.xtec.cat\/ceiprocafonda\/?page_id=24"},"modified":"2020-04-10T11:29:18","modified_gmt":"2020-04-10T09:29:18","slug":"on-som","status":"publish","type":"page","link":"https:\/\/agora.xtec.cat\/ceiprocafonda\/lescola\/on-som\/","title":{"rendered":"On som?"},"content":{"rendered":"<h3 style=\"color: #666666;\"><strong><br \/>\n<a href=\"https:\/\/agora.xtec.cat\/ceiprocafonda\/wp-content\/uploads\/usu416\/2019\/04\/foto-escola.jpg\"><img loading=\"lazy\" decoding=\"async\" class=\"wp-image-505 alignright\" src=\"https:\/\/agora.xtec.cat\/ceiprocafonda\/wp-content\/uploads\/usu416\/2019\/04\/foto-escola-1024x768.jpg\" alt=\"\" width=\"459\" height=\"345\" srcset=\"https:\/\/agora.xtec.cat\/ceiprocafonda\/wp-content\/uploads\/usu416\/2019\/04\/foto-escola-1024x768.jpg 1024w, https:\/\/agora.xtec.cat\/ceiprocafonda\/wp-content\/uploads\/usu416\/2019\/04\/foto-escola-300x225.jpg 300w, https:\/\/agora.xtec.cat\/ceiprocafonda\/wp-content\/uploads\/usu416\/2019\/04\/foto-escola-768x576.jpg 768w, https:\/\/agora.xtec.cat\/ceiprocafonda\/wp-content\/uploads\/usu416\/2019\/04\/foto-escola-200x150.jpg 200w, https:\/\/agora.xtec.cat\/ceiprocafonda\/wp-content\/uploads\/usu416\/2019\/04\/foto-escola.jpg 1280w\" sizes=\"auto, (max-width: 459px) 100vw, 459px\" \/><\/a><\/strong><strong>Escola Rocafonda<\/strong><\/h3>\n<h6 style=\"color: #666666;\"><strong>C. T\u00e0rrega, 41<\/strong><br \/>\n<strong>08304 Matar\u00f3<\/strong><\/h6>\n<h6><strong>Tel. 790 37 51<\/strong><\/h6>\n<h6><strong>M\u00f2bil: 639411181<\/strong><br \/>\n<strong>a8034746@xtec.cat<\/strong><\/h6>\n<p><strong>\u00a0 \u00a0 \u00a0 \u00a0 \u00a0 \u00a0 \u00a0 \u00a0 \u00a0 \u00a0 \u00a0 \u00a0 \u00a0 \u00a0 \u00a0 \u00a0\u00a0<\/strong><\/p>\n<table style=\"height: 812px; width: 83.7268%; border-collapse: collapse; border-style: none;\" border=\"0\">\n<tbody>\n<tr style=\"height: 483px;\">\n<td style=\"width: 70.9727%; height: 483px; text-align: center;\">\n<h3 style=\"text-align: left;\"><strong>Com arribar-hi:<\/strong><\/h3>\n<p style=\"text-align: left;\"><strong>Tren:<\/strong> Estaci\u00f3 Matar\u00f3<\/p>\n<p style=\"text-align: left;\"><span style=\"font-family: inherit; font-size: 1em;\">\u00a0Rodalies RENFE R1<\/span><\/p>\n<p style=\"text-align: left;\"><strong>Matar\u00f3 Bus:<\/strong>\u00a0L\u00ednies<strong> L1, L3 i\/o L6<\/strong> parada Per\u00fa o Els caputxins,<\/p>\n<p style=\"text-align: left;\"><strong>L2<\/strong> parada Per\u00fa o Escola Vista Alegre<\/p>\n<p style=\"text-align: left;\"><strong>Bus<\/strong>: <strong>Linia E11.2<\/strong> Matar\u00f3 (Nord) &#8211; Barcelona (per autopista) parada: Riera de la figuera major<\/p>\n<\/td>\n<td style=\"width: 38.5333%; height: 483px; text-align: center;\"><iframe loading=\"lazy\" src=\"https:\/\/www.google.com\/maps\/embed?pb=!1m18!1m12!1m3!1d11943.814546266563!2d2.443593786094021!3d41.54860109199966!2m3!1f0!2f0!3f0!3m2!1i1024!2i768!4f13.1!3m3!1m2!1s0x12a4b539642d3a93%3A0xb12933a2b4023490!2sEscola+P%C3%BAblica+Rocafonda!5e0!3m2!1sca!2sus!4v1556622377404!5m2!1sca!2sus\" width=\"600\" height=\"450\" frameborder=\"0\"><\/iframe><\/td>\n<\/tr>\n<\/tbody>\n<\/table>\n<p>&nbsp;<\/p>\n","protected":false},"excerpt":{"rendered":"<p>Escola Rocafonda C. T\u00e0rrega, 41 08304 Matar\u00f3 Tel. 790 37 51 M\u00f2bil: 639411181 a8034746@xtec.cat \u00a0 \u00a0 \u00a0 \u00a0 \u00a0 \u00a0 \u00a0 \u00a0 \u00a0 \u00a0 \u00a0 \u00a0 \u00a0 \u00a0 \u00a0 \u00a0\u00a0 Com arribar-hi: Tren: Estaci\u00f3 Matar\u00f3 \u00a0Rodalies RENFE R1 Matar\u00f3 Bus:\u00a0L\u00ednies L1, L3 i\/o L6 parada Per\u00fa o Els caputxins, L2 parada Per\u00fa o Escola Vista [&hellip;]<\/p>\n","protected":false},"author":1,"featured_media":0,"parent":22,"menu_order":5,"comment_status":"closed","ping_status":"closed","template":"page-templates\/side-menu.php","meta":{"_bbp_topic_count":0,"_bbp_reply_count":0,"_bbp_total_topic_count":0,"_bbp_total_reply_count":0,"_bbp_voice_count":0,"_bbp_anonymous_reply_count":0,"_bbp_topic_count_hidden":0,"_bbp_reply_count_hidden":0,"_bbp_forum_subforum_count":0,"site-sidebar-layout":"default","site-content-layout":"","ast-site-content-layout":"","site-content-style":"default","site-sidebar-style":"default","ast-global-header-display":"","ast-banner-title-visibility":"","ast-main-header-display":"","ast-hfb-above-header-display":"","ast-hfb-below-header-display":"","ast-hfb-mobile-header-display":"","site-post-title":"","ast-breadcrumbs-content":"","ast-featured-img":"","footer-sml-layout":"","theme-transparent-header-meta":"","adv-header-id-meta":"","stick-header-meta":"","header-above-stick-meta":"","header-main-stick-meta":"","header-below-stick-meta":"","astra-migrate-meta-layouts":"default","ast-page-background-enabled":"default","ast-page-background-meta":{"desktop":{"background-color":"var(--ast-global-color-4)","background-image":"","background-repeat":"repeat","background-position":"center center","background-size":"auto","background-attachment":"scroll","background-type":"","background-media":"","overlay-type":"","overlay-color":"","overlay-opacity":"","overlay-gradient":""},"tablet":{"background-color":"","background-image":"","background-repeat":"repeat","background-position":"center center","background-size":"auto","background-attachment":"scroll","background-type":"","background-media":"","overlay-type":"","overlay-color":"","overlay-opacity":"","overlay-gradient":""},"mobile":{"background-color":"","background-image":"","background-repeat":"repeat","background-position":"center center","background-size":"auto","background-attachment":"scroll","background-type":"","background-media":"","overlay-type":"","overlay-color":"","overlay-opacity":"","overlay-gradient":""}},"ast-content-background-meta":{"desktop":{"background-color":"var(--ast-global-color-5)","background-image":"","background-repeat":"repeat","background-position":"center center","background-size":"auto","background-attachment":"scroll","background-type":"","background-media":"","overlay-type":"","overlay-color":"","overlay-opacity":"","overlay-gradient":""},"tablet":{"background-color":"var(--ast-global-color-5)","background-image":"","background-repeat":"repeat","background-position":"center center","background-size":"auto","background-attachment":"scroll","background-type":"","background-media":"","overlay-type":"","overlay-color":"","overlay-opacity":"","overlay-gradient":""},"mobile":{"background-color":"var(--ast-global-color-5)","background-image":"","background-repeat":"repeat","background-position":"center center","background-size":"auto","background-attachment":"scroll","background-type":"","background-media":"","overlay-type":"","overlay-color":"","overlay-opacity":"","overlay-gradient":""}},"footnotes":""},"class_list":["post-24","page","type-page","status-publish","hentry"],"post_mailing_queue_ids":[],"_links":{"self":[{"href":"https:\/\/agora.xtec.cat\/ceiprocafonda\/wp-json\/wp\/v2\/pages\/24","targetHints":{"allow":["GET"]}}],"collection":[{"href":"https:\/\/agora.xtec.cat\/ceiprocafonda\/wp-json\/wp\/v2\/pages"}],"about":[{"href":"https:\/\/agora.xtec.cat\/ceiprocafonda\/wp-json\/wp\/v2\/types\/page"}],"author":[{"embeddable":true,"href":"https:\/\/agora.xtec.cat\/ceiprocafonda\/wp-json\/wp\/v2\/users\/1"}],"replies":[{"embeddable":true,"href":"https:\/\/agora.xtec.cat\/ceiprocafonda\/wp-json\/wp\/v2\/comments?post=24"}],"version-history":[{"count":4,"href":"https:\/\/agora.xtec.cat\/ceiprocafonda\/wp-json\/wp\/v2\/pages\/24\/revisions"}],"predecessor-version":[{"id":1002,"href":"https:\/\/agora.xtec.cat\/ceiprocafonda\/wp-json\/wp\/v2\/pages\/24\/revisions\/1002"}],"up":[{"embeddable":true,"href":"https:\/\/agora.xtec.cat\/ceiprocafonda\/wp-json\/wp\/v2\/pages\/22"}],"wp:attachment":[{"href":"https:\/\/agora.xtec.cat\/ceiprocafonda\/wp-json\/wp\/v2\/media?parent=24"}],"curies":[{"name":"wp","href":"https:\/\/api.w.org\/{rel}","templated":true}]}}